{"id":27138,"date":"2025-05-13T03:25:58","date_gmt":"2025-05-13T03:25:58","guid":{"rendered":"https:\/\/www.logistictool.com\/unkategorisiert\/waschkaefig-aus-metall-mit-raedern\/"},"modified":"2025-11-25T08:45:52","modified_gmt":"2025-11-25T08:45:52","slug":"waschkaefig-aus-metall-mit-raedern","status":"publish","type":"product","link":"https:\/\/www.logistictool.com\/de\/waschkafig\/waschkaefig-aus-metall-mit-raedern\/","title":{"rendered":"Waschk\u00e4fig aus Metall mit R\u00e4dern"},"content":{"rendered":"\t\t<div data-elementor-type=\"product-post\" data-elementor-id=\"27138\" class=\"elementor elementor-27138 elementor-3118\" data-elementor-post-type=\"product\">\n\t\t\t\t<div class=\"elementor-element elementor-element-6ab83fcf e-flex e-con-boxed e-con e-parent\" data-id=\"6ab83fcf\" data-element_type=\"container\" data-e-type=\"container\">\n\t\t\t\t\t<div class=\"e-con-inner\">\n\t\t\t\t<div class=\"elementor-element elementor-element-62566aa7 elementor-widget elementor-widget-spacer\" data-id=\"62566aa7\" data-element_type=\"widget\" data-e-type=\"widget\" data-widget_type=\"spacer.default\">\n\t\t\t\t\t\t\t<div class=\"elementor-spacer\">\n\t\t\t<div class=\"elementor-spacer-inner\"><\/div>\n\t\t<\/div>\n\t\t\t\t\t\t<\/div>\n\t\t\t\t\t<\/div>\n\t\t\t\t<\/div>\n\t\t<div class=\"elementor-element elementor-element-5573c472 e-flex e-con-boxed e-con e-parent\" data-id=\"5573c472\" data-element_type=\"container\" data-e-type=\"container\">\n\t\t\t\t\t<div class=\"e-con-inner\">\n\t\t\t\t<div class=\"elementor-element elementor-element-4a5b40fd elementor-widget elementor-widget-text-editor\" data-id=\"4a5b40fd\" data-element_type=\"widget\" data-e-type=\"widget\" data-widget_type=\"text-editor.default\">\n\t\t\t\t\t\t\t\t\t<p>Beschreibung<\/p>\n\t\t\t\t\t\t\t\t<\/div>\n\t\t\t\t<div class=\"elementor-element elementor-element-3c1abe68 elementor-widget-divider--view-line elementor-widget elementor-widget-divider\" data-id=\"3c1abe68\" data-element_type=\"widget\" data-e-type=\"widget\" data-widget_type=\"divider.default\">\n\t\t\t\t\t\t\t<div class=\"elementor-divider\">\n\t\t\t<span class=\"elementor-divider-separator\">\n\t\t\t\t\t\t<\/span>\n\t\t<\/div>\n\t\t\t\t\t\t<\/div>\n\t\t\t\t<div class=\"elementor-element elementor-element-7cbbdd03 elementor-widget elementor-widget-text-editor\" data-id=\"7cbbdd03\" data-element_type=\"widget\" data-e-type=\"widget\" data-widget_type=\"text-editor.default\">\n\t\t\t\t\t\t\t\t\t<p>Metallwaschk\u00e4fig mit R\u00e4dern Eigenschaften<\/p>\n<p>1. Design: abnehmbar, verschachtelbar, beweglich. 2, 3 oder 4 Seitenw\u00e4nde, 2. Sparen Sie mehr Stauraum. 3. Einfach zu montieren und zu zerlegen. Verwenden Sie intelligente und hohe Tragf\u00e4higkeit, PP\/Nylon PA6, Gummirollen usw. Es kann intelligent und bequem genutzt werden, was Ihren Lager- und Logistikl\u00f6sungen noch hilfreicher ist. Die Oberfl\u00e4chenbehandlung kann Pulverbeschichtung, Elektrogalvanisierung und Hei\u00dfverzinkung sein, 3 Arten sind verf\u00fcgbar.<\/p>\n\t\t\t\t\t\t\t\t<\/div>\n\t\t\t\t\t<\/div>\n\t\t\t\t<\/div>\n\t\t<div class=\"elementor-element elementor-element-7dd313f9 e-flex e-con-boxed e-con e-parent\" data-id=\"7dd313f9\" data-element_type=\"container\" data-e-type=\"container\">\n\t\t\t\t\t<div class=\"e-con-inner\">\n\t\t\t\t<div class=\"elementor-element elementor-element-b9195fe elementor-widget elementor-widget-heading\" data-id=\"b9195fe\" data-element_type=\"widget\" data-e-type=\"widget\" data-widget_type=\"heading.default\">\n\t\t\t\t\t<h3 class=\"elementor-heading-title elementor-size-default\">Produktparameter<\/h3>\t\t\t\t<\/div>\n\t\t\t\t<div class=\"elementor-element elementor-element-f51f669 elementor-widget-divider--view-line elementor-widget elementor-widget-divider\" data-id=\"f51f669\" data-element_type=\"widget\" data-e-type=\"widget\" data-widget_type=\"divider.default\">\n\t\t\t\t\t\t\t<div class=\"elementor-divider\">\n\t\t\t<span class=\"elementor-divider-separator\">\n\t\t\t\t\t\t<\/span>\n\t\t<\/div>\n\t\t\t\t\t\t<\/div>\n\t\t<div class=\"elementor-element elementor-element-5177a4b0 e-con-full e-flex e-con e-child\" data-id=\"5177a4b0\" data-element_type=\"container\" data-e-type=\"container\">\n\t\t\t\t<div class=\"elementor-element elementor-element-31531284 elementor-widget__width-initial elementor-widget elementor-widget-text-editor\" data-id=\"31531284\" data-element_type=\"widget\" data-e-type=\"widget\" data-widget_type=\"text-editor.default\">\n\t\t\t\t\t\t\t\t\t<p>Produktbezeichnung<\/p>\n\t\t\t\t\t\t\t\t<\/div>\n\t\t\t\t<div class=\"elementor-element elementor-element-189c6b2c elementor-widget__width-initial elementor-widget elementor-widget-text-editor\" data-id=\"189c6b2c\" data-element_type=\"widget\" data-e-type=\"widget\" data-widget_type=\"text-editor.default\">\n\t\t\t\t\t\t\t\t\t<p>Waschk\u00e4fig aus Metall mit R\u00e4dern<\/p>\n\t\t\t\t\t\t\t\t<\/div>\n\t\t\t\t<\/div>\n\t\t<div class=\"elementor-element elementor-element-4747ac9f e-con-full e-flex e-con e-child\" data-id=\"4747ac9f\" data-element_type=\"container\" data-e-type=\"container\">\n\t\t\t\t<div class=\"elementor-element elementor-element-2d7b89f7 elementor-widget__width-initial elementor-widget elementor-widget-text-editor\" data-id=\"2d7b89f7\" data-element_type=\"widget\" data-e-type=\"widget\" data-widget_type=\"text-editor.default\">\n\t\t\t\t\t\t\t\t\t<p>Gesamtma\u00dfe<\/p>\n\t\t\t\t\t\t\t\t<\/div>\n\t\t\t\t<div class=\"elementor-element elementor-element-3efe1a70 elementor-widget__width-initial elementor-widget elementor-widget-text-editor\" data-id=\"3efe1a70\" data-element_type=\"widget\" data-e-type=\"widget\" data-widget_type=\"text-editor.default\">\n\t\t\t\t\t\t\t\t\t<p>850*600*1750MM<\/p>\n\t\t\t\t\t\t\t\t<\/div>\n\t\t\t\t<\/div>\n\t\t<div class=\"elementor-element elementor-element-6e8aa678 e-con-full e-flex e-con e-child\" data-id=\"6e8aa678\" data-element_type=\"container\" data-e-type=\"container\">\n\t\t\t\t<div class=\"elementor-element elementor-element-34873233 elementor-widget__width-initial elementor-widget elementor-widget-text-editor\" data-id=\"34873233\" data-element_type=\"widget\" data-e-type=\"widget\" data-widget_type=\"text-editor.default\">\n\t\t\t\t\t\t\t\t\t<p>Nordwesten<\/p>\n\t\t\t\t\t\t\t\t<\/div>\n\t\t\t\t<div class=\"elementor-element elementor-element-470e69bf elementor-widget__width-initial elementor-widget elementor-widget-text-editor\" data-id=\"470e69bf\" data-element_type=\"widget\" data-e-type=\"widget\" data-widget_type=\"text-editor.default\">\n\t\t\t\t\t\t\t\t\t<p>30 kg<\/p>\n\t\t\t\t\t\t\t\t<\/div>\n\t\t\t\t<\/div>\n\t\t<div class=\"elementor-element elementor-element-11249edc e-con-full e-flex e-con e-child\" data-id=\"11249edc\" data-element_type=\"container\" data-e-type=\"container\">\n\t\t\t\t<div class=\"elementor-element elementor-element-7d181e2d elementor-widget__width-initial elementor-widget elementor-widget-text-editor\" data-id=\"7d181e2d\" data-element_type=\"widget\" data-e-type=\"widget\" data-widget_type=\"text-editor.default\">\n\t\t\t\t\t\t\t\t\t<p>Maximale Belastung<\/p>\n\t\t\t\t\t\t\t\t<\/div>\n\t\t\t\t<div class=\"elementor-element elementor-element-37bd68d6 elementor-widget__width-initial elementor-widget elementor-widget-text-editor\" data-id=\"37bd68d6\" data-element_type=\"widget\" data-e-type=\"widget\" data-widget_type=\"text-editor.default\">\n\t\t\t\t\t\t\t\t\t<p>600 kg<\/p>\n\t\t\t\t\t\t\t\t<\/div>\n\t\t\t\t<\/div>\n\t\t<div class=\"elementor-element elementor-element-5cb067ec e-con-full e-flex e-con e-child\" data-id=\"5cb067ec\" data-element_type=\"container\" data-e-type=\"container\">\n\t\t\t\t<div class=\"elementor-element elementor-element-21fe1833 elementor-widget__width-initial elementor-widget elementor-widget-text-editor\" data-id=\"21fe1833\" data-element_type=\"widget\" data-e-type=\"widget\" data-widget_type=\"text-editor.default\">\n\t\t\t\t\t\t\t\t\t<p>Materialien<\/p>\n\t\t\t\t\t\t\t\t<\/div>\n\t\t\t\t<div class=\"elementor-element elementor-element-2ae4fb4 elementor-widget__width-initial elementor-widget elementor-widget-text-editor\" data-id=\"2ae4fb4\" data-element_type=\"widget\" data-e-type=\"widget\" data-widget_type=\"text-editor.default\">\n\t\t\t\t\t\t\t\t\t<p>Kohlenstoffarmer Stahl Q235<\/p>\n\t\t\t\t\t\t\t\t<\/div>\n\t\t\t\t<\/div>\n\t\t<div class=\"elementor-element elementor-element-39f30cd0 e-con-full e-flex e-con e-child\" data-id=\"39f30cd0\" data-element_type=\"container\" data-e-type=\"container\">\n\t\t\t\t<div class=\"elementor-element elementor-element-234fa19c elementor-widget__width-initial elementor-widget elementor-widget-text-editor\" data-id=\"234fa19c\" data-element_type=\"widget\" data-e-type=\"widget\" data-widget_type=\"text-editor.default\">\n\t\t\t\t\t\t\t\t\t<p>Abgeschlossen<\/p>\n\t\t\t\t\t\t\t\t<\/div>\n\t\t\t\t<div class=\"elementor-element elementor-element-950b9e elementor-widget__width-initial elementor-widget elementor-widget-text-editor\" data-id=\"950b9e\" data-element_type=\"widget\" data-e-type=\"widget\" data-widget_type=\"text-editor.default\">\n\t\t\t\t\t\t\t\t\t<p>Zink\/Feuerverzinkt\/Pulverbeschichtung<\/p>\n\t\t\t\t\t\t\t\t<\/div>\n\t\t\t\t<\/div>\n\t\t<div class=\"elementor-element elementor-element-7807c519 e-con-full e-flex e-con e-child\" data-id=\"7807c519\" data-element_type=\"container\" data-e-type=\"container\">\n\t\t\t\t<div class=\"elementor-element elementor-element-39607186 elementor-widget__width-initial elementor-widget elementor-widget-text-editor\" data-id=\"39607186\" data-element_type=\"widget\" data-e-type=\"widget\" data-widget_type=\"text-editor.default\">\n\t\t\t\t\t\t\t\t\t<p>Mass angefertigt<\/p>\n\t\t\t\t\t\t\t\t<\/div>\n\t\t\t\t<div class=\"elementor-element elementor-element-5d87ead5 elementor-widget__width-initial elementor-widget elementor-widget-text-editor\" data-id=\"5d87ead5\" data-element_type=\"widget\" data-e-type=\"widget\" data-widget_type=\"text-editor.default\">\n\t\t\t\t\t\t\t\t\t<p>ODM &#038; OEM<\/p>\n\t\t\t\t\t\t\t\t<\/div>\n\t\t\t\t<\/div>\n\t\t<div class=\"elementor-element elementor-element-54acde58 e-con-full e-flex e-con e-child\" data-id=\"54acde58\" data-element_type=\"container\" data-e-type=\"container\">\n\t\t\t\t<div class=\"elementor-element elementor-element-57c9f0d6 elementor-widget__width-initial elementor-widget elementor-widget-text-editor\" data-id=\"57c9f0d6\" data-element_type=\"widget\" data-e-type=\"widget\" data-widget_type=\"text-editor.default\">\n\t\t\t\t\t\t\t\t\t<p>Herkunft<\/p>\n\t\t\t\t\t\t\t\t<\/div>\n\t\t\t\t<div class=\"elementor-element elementor-element-62c1896e elementor-widget__width-initial elementor-widget elementor-widget-text-editor\" data-id=\"62c1896e\" data-element_type=\"widget\" data-e-type=\"widget\" data-widget_type=\"text-editor.default\">\n\t\t\t\t\t\t\t\t\t<p>Qingdao, China<\/p>\n\t\t\t\t\t\t\t\t<\/div>\n\t\t\t\t<\/div>\n\t\t\t\t\t<\/div>\n\t\t\t\t<\/div>\n\t\t<div class=\"elementor-element elementor-element-1bfb3e8c e-flex e-con-boxed e-con e-parent\" data-id=\"1bfb3e8c\" data-element_type=\"container\" data-e-type=\"container\">\n\t\t\t\t\t<div class=\"e-con-inner\">\n\t\t<div class=\"elementor-element elementor-element-5bc0eaee e-con-full e-flex e-con e-child\" data-id=\"5bc0eaee\" data-element_type=\"container\" data-e-type=\"container\">\n\t\t\t\t<div class=\"elementor-element elementor-element-3e8fb79d elementor-widget-divider--view-line_icon elementor-widget-divider--element-align-left elementor-view-default elementor-widget elementor-widget-divider\" data-id=\"3e8fb79d\" data-element_type=\"widget\" data-e-type=\"widget\" data-widget_type=\"divider.default\">\n\t\t\t\t\t\t\t<div class=\"elementor-divider\">\n\t\t\t<span class=\"elementor-divider-separator\">\n\t\t\t\t\t\t\t<div class=\"elementor-icon elementor-divider__element\">\n\t\t\t\t\t<svg aria-hidden=\"true\" class=\"e-font-icon-svg e-fas-square\" viewBox=\"0 0 448 512\" xmlns=\"http:\/\/www.w3.org\/2000\/svg\"><path d=\"M400 32H48C21.5 32 0 53.5 0 80v352c0 26.5 21.5 48 48 48h352c26.5 0 48-21.5 48-48V80c0-26.5-21.5-48-48-48z\"><\/path><\/svg><\/div>\n\t\t\t\t\t\t<\/span>\n\t\t<\/div>\n\t\t\t\t\t\t<\/div>\n\t\t\t\t<div class=\"elementor-element elementor-element-6a96f90f elementor-widget elementor-widget-text-editor\" data-id=\"6a96f90f\" data-element_type=\"widget\" data-e-type=\"widget\" data-widget_type=\"text-editor.default\">\n\t\t\t\t\t\t\t\t\t<p>1. Tragbarer Metall-W\u00e4schek\u00e4fig-einfach zu falten und mit Hand oder Roboter zu bewegen-sparen Sie mehr Lagerplatz, verwenden Sie intelligent und hohe Effizienz<\/p>\n<p>2. Faltbare S\u00e4ulen-reduzieren die Transportkosten, sparen Sie Platz in langsameren Zeiten-80% des Lagerplatzes k\u00f6nnen zur\u00fcckgewinnen, wenn zusammengefaltet\/entfernt wird<\/p>\n<p>3. Hochwertige galvanisierte Oberfl\u00e4chenbehandlung, l\u00e4ngere Lebensdauer.<\/p>\n<p>&#8212;Gro\u00dfe gebogene spezielle Gr\u00f6\u00dfenrohre und Maschenstruktur machen den Stahlrahmen langlebig und stabil..<\/p>\n<\/p>\n<p>Unser Unternehmen besch\u00e4ftigt sich haupts\u00e4chlich mit der Produktion, Entwicklung und Herstellung von Logistikumsatzger\u00e4ten und verf\u00fcgt \u00fcber mehr als zehn Jahre Produktionserfahrung. Das Unternehmen verf\u00fcgt \u00fcber eine Produktionsfl\u00e4che von 5.000 Quadratmetern und mehr als 60 S\u00e4tze verschiedener Ausr\u00fcstung.<\/p>\n<p>Wir sind bestrebt, Ihnen die besten L\u00f6sungen f\u00fcr Materialhandling und Logistik-Lagerhaltung anzubieten.<\/p>\n\t\t\t\t\t\t\t\t<\/div>\n\t\t\t\t<\/div>\n\t\t<div class=\"elementor-element elementor-element-48c77b7f e-con-full e-flex e-con e-child\" data-id=\"48c77b7f\" data-element_type=\"container\" data-e-type=\"container\">\n\t\t\t\t<div class=\"elementor-element elementor-element-1945083 e-transform elementor-widget elementor-widget-image\" data-id=\"1945083\" data-element_type=\"widget\" data-e-type=\"widget\" data-settings=\"{&quot;_transform_scale_effect_hover&quot;:{&quot;unit&quot;:&quot;px&quot;,&quot;size&quot;:1.05,&quot;sizes&quot;:[]},&quot;_transform_scale_effect_hover_tablet&quot;:{&quot;unit&quot;:&quot;px&quot;,&quot;size&quot;:&quot;&quot;,&quot;sizes&quot;:[]},&quot;_transform_scale_effect_hover_mobile&quot;:{&quot;unit&quot;:&quot;px&quot;,&quot;size&quot;:&quot;&quot;,&quot;sizes&quot;:[]}}\" data-widget_type=\"image.default\">\n\t\t\t\t\t\t\t\t\t\t\t\t\t\t\t<img fetchpriority=\"high\" decoding=\"async\" width=\"601\" height=\"395\" src=\"https:\/\/www.logistictool.com\/wp-content\/uploads\/2025\/05\/Metal-Laundry-Cage-With-Wheels-1.jpg\" class=\"attachment-full size-full wp-image-14412\" alt=\"\" srcset=\"https:\/\/www.logistictool.com\/wp-content\/uploads\/2025\/05\/Metal-Laundry-Cage-With-Wheels-1.jpg 601w, https:\/\/www.logistictool.com\/wp-content\/uploads\/2025\/05\/Metal-Laundry-Cage-With-Wheels-1-300x197.jpg 300w\" sizes=\"(max-width: 601px) 100vw, 601px\" \/>\t\t\t\t\t\t\t\t\t\t\t\t\t\t\t<\/div>\n\t\t\t\t<\/div>\n\t\t\t\t\t<\/div>\n\t\t\t\t<\/div>\n\t\t\t\t<\/div>\n\t\t","protected":false},"excerpt":{"rendered":"<p>Beschreibung Metallwaschk\u00e4fig mit R\u00e4dern Eigenschaften 1. Design: abnehmbar, verschachtelbar, beweglich. 2, 3 oder 4 Seitenw\u00e4nde, 2. Sparen Sie mehr Stauraum. 3. Einfach zu montieren und zu zerlegen. Verwenden Sie intelligente und hohe Tragf\u00e4higkeit, PP\/Nylon PA6, Gummirollen usw. Es kann intelligent und bequem genutzt werden, was Ihren Lager- und Logistikl\u00f6sungen noch hilfreicher ist. Die Oberfl\u00e4chenbehandlung kann [&hellip;]<\/p>\n","protected":false},"featured_media":3535,"comment_status":"closed","ping_status":"closed","template":"","meta":[],"product_brand":[],"product_cat":[159],"product_tag":[],"class_list":{"0":"post-27138","1":"product","2":"type-product","3":"status-publish","4":"has-post-thumbnail","6":"product_cat-waschkafig","8":"first","9":"instock","10":"shipping-taxable","11":"product-type-simple"},"_links":{"self":[{"href":"https:\/\/www.logistictool.com\/de\/wp-json\/wp\/v2\/product\/27138","targetHints":{"allow":["GET"]}}],"collection":[{"href":"https:\/\/www.logistictool.com\/de\/wp-json\/wp\/v2\/product"}],"about":[{"href":"https:\/\/www.logistictool.com\/de\/wp-json\/wp\/v2\/types\/product"}],"replies":[{"embeddable":true,"href":"https:\/\/www.logistictool.com\/de\/wp-json\/wp\/v2\/comments?post=27138"}],"version-history":[{"count":0,"href":"https:\/\/www.logistictool.com\/de\/wp-json\/wp\/v2\/product\/27138\/revisions"}],"wp:featuredmedia":[{"embeddable":true,"href":"https:\/\/www.logistictool.com\/de\/wp-json\/wp\/v2\/media\/3535"}],"wp:attachment":[{"href":"https:\/\/www.logistictool.com\/de\/wp-json\/wp\/v2\/media?parent=27138"}],"wp:term":[{"taxonomy":"product_brand","embeddable":true,"href":"https:\/\/www.logistictool.com\/de\/wp-json\/wp\/v2\/product_brand?post=27138"},{"taxonomy":"product_cat","embeddable":true,"href":"https:\/\/www.logistictool.com\/de\/wp-json\/wp\/v2\/product_cat?post=27138"},{"taxonomy":"product_tag","embeddable":true,"href":"https:\/\/www.logistictool.com\/de\/wp-json\/wp\/v2\/product_tag?post=27138"}],"curies":[{"name":"wp","href":"https:\/\/api.w.org\/{rel}","templated":true}]}}