{"id":28285,"date":"2025-05-12T06:15:21","date_gmt":"2025-05-12T06:15:21","guid":{"rendered":"https:\/\/www.logistictool.com\/unkategorisiert\/rollkaefigwagen-fuer-lagerhaeuser\/"},"modified":"2025-12-31T15:44:45","modified_gmt":"2025-12-31T15:44:45","slug":"rollkaefigwagen-fuer-lagerhaeuser","status":"publish","type":"product","link":"https:\/\/www.logistictool.com\/de\/3-seitiger-rollenbehalter\/rollkaefigwagen-fuer-lagerhaeuser\/","title":{"rendered":"Rollk\u00e4figwagen f\u00fcr Lagerh\u00e4user"},"content":{"rendered":"\t\t<div data-elementor-type=\"product-post\" data-elementor-id=\"28285\" class=\"elementor elementor-28285 elementor-3059\" data-elementor-post-type=\"product\">\n\t\t\t\t<div class=\"elementor-element elementor-element-2bcd7ba0 e-flex e-con-boxed e-con e-parent\" data-id=\"2bcd7ba0\" data-element_type=\"container\" data-e-type=\"container\">\n\t\t\t\t\t<div class=\"e-con-inner\">\n\t\t\t\t<div class=\"elementor-element elementor-element-1a2efbdb elementor-widget elementor-widget-spacer\" data-id=\"1a2efbdb\" data-element_type=\"widget\" data-e-type=\"widget\" data-widget_type=\"spacer.default\">\n\t\t\t\t\t\t\t<div class=\"elementor-spacer\">\n\t\t\t<div class=\"elementor-spacer-inner\"><\/div>\n\t\t<\/div>\n\t\t\t\t\t\t<\/div>\n\t\t\t\t\t<\/div>\n\t\t\t\t<\/div>\n\t\t<div class=\"elementor-element elementor-element-68b058f0 e-flex e-con-boxed e-con e-parent\" data-id=\"68b058f0\" data-element_type=\"container\" data-e-type=\"container\">\n\t\t\t\t\t<div class=\"e-con-inner\">\n\t\t\t\t<div class=\"elementor-element elementor-element-34ca3831 elementor-widget elementor-widget-text-editor\" data-id=\"34ca3831\" data-element_type=\"widget\" data-e-type=\"widget\" data-widget_type=\"text-editor.default\">\n\t\t\t\t\t\t\t\t\t<p>Beschreibung<\/p>\n\t\t\t\t\t\t\t\t<\/div>\n\t\t\t\t<div class=\"elementor-element elementor-element-644956d9 elementor-widget-divider--view-line elementor-widget elementor-widget-divider\" data-id=\"644956d9\" data-element_type=\"widget\" data-e-type=\"widget\" data-widget_type=\"divider.default\">\n\t\t\t\t\t\t\t<div class=\"elementor-divider\">\n\t\t\t<span class=\"elementor-divider-separator\">\n\t\t\t\t\t\t<\/span>\n\t\t<\/div>\n\t\t\t\t\t\t<\/div>\n\t\t\t\t<div class=\"elementor-element elementor-element-70c1661a elementor-widget elementor-widget-text-editor\" data-id=\"70c1661a\" data-element_type=\"widget\" data-e-type=\"widget\" data-widget_type=\"text-editor.default\">\n\t\t\t\t\t\t\t\t\t<p>Stapelbarer verzinkter Metalldrahtgitterbeh\u00e4lter, auch Sicherheits-Rollk\u00e4fig, dreiseitiger \u00dcberrollk\u00e4fig oder dreiseitiger Rollbeh\u00e4lter genannt, ist eine n\u00fctzliche Ausr\u00fcstung, um Ihre Waren oder Waren von einem Ort zum anderen zu transportieren. Das ist eine gute Idee f\u00fcr das Einzelhandelsgesch\u00e4ft und das Vertriebszentrum. Rollcontainer k\u00f6nnen in jeder Industrie verwendet werden, wie zum Beispiel Supermarkt, Lager, Lager, Werkstatt usw. <\/p>\n<p>Wenn der K\u00e4fig nicht benutzt wird, klappt man ihn einfach zusammen und stapelt sie in ein Rohr, wodurch der Stauraum um ein Viertel minimiert wird. Die K\u00e4fige sind sehr schnell und einfach zu bedienen und k\u00f6nnen f\u00fcr viel mehr als nur die \u00e4u\u00dfere Verteilung des Produkts in Betracht gezogen werden. Diese sind hervorragend f\u00fcr den internen Transport von Waren und Produkten und helfen Ihnen auch, mehr Lagerraum in \u00fcberf\u00fcllten Lagerr\u00e4umen zu erh\u00f6hen. Die K\u00e4fige k\u00f6nnen auch dazu dienen, \u00fcbersch\u00fcssigen Abfall und Karton zu sammeln und den Transport von Ausstellungsausr\u00fcstung schnell, sicher und gesch\u00fctzt zu gestalten. <\/p>\n\t\t\t\t\t\t\t\t<\/div>\n\t\t\t\t\t<\/div>\n\t\t\t\t<\/div>\n\t\t<div class=\"elementor-element elementor-element-42d0aae3 e-flex e-con-boxed e-con e-parent\" data-id=\"42d0aae3\" data-element_type=\"container\" data-e-type=\"container\">\n\t\t\t\t\t<div class=\"e-con-inner\">\n\t\t\t\t<div class=\"elementor-element elementor-element-678003c0 elementor-widget elementor-widget-heading\" data-id=\"678003c0\" data-element_type=\"widget\" data-e-type=\"widget\" data-widget_type=\"heading.default\">\n\t\t\t\t\t<h3 class=\"elementor-heading-title elementor-size-default\">Produktparameter<\/h3>\t\t\t\t<\/div>\n\t\t\t\t<div class=\"elementor-element elementor-element-4a6adfa0 elementor-widget-divider--view-line elementor-widget elementor-widget-divider\" data-id=\"4a6adfa0\" data-element_type=\"widget\" data-e-type=\"widget\" data-widget_type=\"divider.default\">\n\t\t\t\t\t\t\t<div class=\"elementor-divider\">\n\t\t\t<span class=\"elementor-divider-separator\">\n\t\t\t\t\t\t<\/span>\n\t\t<\/div>\n\t\t\t\t\t\t<\/div>\n\t\t<div class=\"elementor-element elementor-element-3a42ba9b e-con-full e-flex e-con e-child\" data-id=\"3a42ba9b\" data-element_type=\"container\" data-e-type=\"container\">\n\t\t\t\t<div class=\"elementor-element elementor-element-6bbd3195 elementor-widget__width-initial elementor-widget elementor-widget-text-editor\" data-id=\"6bbd3195\" data-element_type=\"widget\" data-e-type=\"widget\" data-widget_type=\"text-editor.default\">\n\t\t\t\t\t\t\t\t\t<p>Produktname<\/p>\n\t\t\t\t\t\t\t\t<\/div>\n\t\t\t\t<div class=\"elementor-element elementor-element-4ad661c5 elementor-widget__width-initial elementor-widget elementor-widget-text-editor\" data-id=\"4ad661c5\" data-element_type=\"widget\" data-e-type=\"widget\" data-widget_type=\"text-editor.default\">\n\t\t\t\t\t\t\t\t\t<p>Rollk\u00e4figwagen f\u00fcr Lagerh\u00e4user<\/p>\n\t\t\t\t\t\t\t\t<\/div>\n\t\t\t\t<\/div>\n\t\t<div class=\"elementor-element elementor-element-5aaae473 e-con-full e-flex e-con e-child\" data-id=\"5aaae473\" data-element_type=\"container\" data-e-type=\"container\">\n\t\t\t\t<div class=\"elementor-element elementor-element-1b166e37 elementor-widget__width-initial elementor-widget elementor-widget-text-editor\" data-id=\"1b166e37\" data-element_type=\"widget\" data-e-type=\"widget\" data-widget_type=\"text-editor.default\">\n\t\t\t\t\t\t\t\t\t<p>Au\u00dfendimension<\/p>\n\t\t\t\t\t\t\t\t<\/div>\n\t\t\t\t<div class=\"elementor-element elementor-element-270e83bb elementor-widget__width-initial elementor-widget elementor-widget-text-editor\" data-id=\"270e83bb\" data-element_type=\"widget\" data-e-type=\"widget\" data-widget_type=\"text-editor.default\">\n\t\t\t\t\t\t\t\t\t<p>735*840*1750MM<\/p>\n\t\t\t\t\t\t\t\t<\/div>\n\t\t\t\t<\/div>\n\t\t<div class=\"elementor-element elementor-element-75a6be89 e-con-full e-flex e-con e-child\" data-id=\"75a6be89\" data-element_type=\"container\" data-e-type=\"container\">\n\t\t\t\t<div class=\"elementor-element elementor-element-c3a44ff elementor-widget__width-initial elementor-widget elementor-widget-text-editor\" data-id=\"c3a44ff\" data-element_type=\"widget\" data-e-type=\"widget\" data-widget_type=\"text-editor.default\">\n\t\t\t\t\t\t\t\t\t<p>N.W<\/p>\n\t\t\t\t\t\t\t\t<\/div>\n\t\t\t\t<div class=\"elementor-element elementor-element-5b7f277b elementor-widget__width-initial elementor-widget elementor-widget-text-editor\" data-id=\"5b7f277b\" data-element_type=\"widget\" data-e-type=\"widget\" data-widget_type=\"text-editor.default\">\n\t\t\t\t\t\t\t\t\t<p>40kg<\/p>\n\t\t\t\t\t\t\t\t<\/div>\n\t\t\t\t<\/div>\n\t\t<div class=\"elementor-element elementor-element-6fb97219 e-con-full e-flex e-con e-child\" data-id=\"6fb97219\" data-element_type=\"container\" data-e-type=\"container\">\n\t\t\t\t<div class=\"elementor-element elementor-element-3865f547 elementor-widget__width-initial elementor-widget elementor-widget-text-editor\" data-id=\"3865f547\" data-element_type=\"widget\" data-e-type=\"widget\" data-widget_type=\"text-editor.default\">\n\t\t\t\t\t\t\t\t\t<p>maximale Last<\/p>\n\t\t\t\t\t\t\t\t<\/div>\n\t\t\t\t<div class=\"elementor-element elementor-element-4c2bc729 elementor-widget__width-initial elementor-widget elementor-widget-text-editor\" data-id=\"4c2bc729\" data-element_type=\"widget\" data-e-type=\"widget\" data-widget_type=\"text-editor.default\">\n\t\t\t\t\t\t\t\t\t<p>500kg<\/p>\n\t\t\t\t\t\t\t\t<\/div>\n\t\t\t\t<\/div>\n\t\t<div class=\"elementor-element elementor-element-2ca2b6ff e-con-full e-flex e-con e-child\" data-id=\"2ca2b6ff\" data-element_type=\"container\" data-e-type=\"container\">\n\t\t\t\t<div class=\"elementor-element elementor-element-ade2ce9 elementor-widget__width-initial elementor-widget elementor-widget-text-editor\" data-id=\"ade2ce9\" data-element_type=\"widget\" data-e-type=\"widget\" data-widget_type=\"text-editor.default\">\n\t\t\t\t\t\t\t\t\t<p>Material<\/p>\n\t\t\t\t\t\t\t\t<\/div>\n\t\t\t\t<div class=\"elementor-element elementor-element-64dcf1b0 elementor-widget__width-initial elementor-widget elementor-widget-text-editor\" data-id=\"64dcf1b0\" data-element_type=\"widget\" data-e-type=\"widget\" data-widget_type=\"text-editor.default\">\n\t\t\t\t\t\t\t\t\t<p>Weichstahl Q235<\/p>\n\t\t\t\t\t\t\t\t<\/div>\n\t\t\t\t<\/div>\n\t\t<div class=\"elementor-element elementor-element-6c9833cb e-con-full e-flex e-con e-child\" data-id=\"6c9833cb\" data-element_type=\"container\" data-e-type=\"container\">\n\t\t\t\t<div class=\"elementor-element elementor-element-121c7051 elementor-widget__width-initial elementor-widget elementor-widget-text-editor\" data-id=\"121c7051\" data-element_type=\"widget\" data-e-type=\"widget\" data-widget_type=\"text-editor.default\">\n\t\t\t\t\t\t\t\t\t<p>Finish<\/p>\n\t\t\t\t\t\t\t\t<\/div>\n\t\t\t\t<div class=\"elementor-element elementor-element-36a7b2d8 elementor-widget__width-initial elementor-widget elementor-widget-text-editor\" data-id=\"36a7b2d8\" data-element_type=\"widget\" data-e-type=\"widget\" data-widget_type=\"text-editor.default\">\n\t\t\t\t\t\t\t\t\t<p>Zink-\/hei\u00dfverzinkt\/Pulverbeschichtung<\/p>\n\t\t\t\t\t\t\t\t<\/div>\n\t\t\t\t<\/div>\n\t\t<div class=\"elementor-element elementor-element-1866a438 e-con-full e-flex e-con e-child\" data-id=\"1866a438\" data-element_type=\"container\" data-e-type=\"container\">\n\t\t\t\t<div class=\"elementor-element elementor-element-14476d75 elementor-widget__width-initial elementor-widget elementor-widget-text-editor\" data-id=\"14476d75\" data-element_type=\"widget\" data-e-type=\"widget\" data-widget_type=\"text-editor.default\">\n\t\t\t\t\t\t\t\t\t<p>Anpassung<\/p>\n\t\t\t\t\t\t\t\t<\/div>\n\t\t\t\t<div class=\"elementor-element elementor-element-7ec1b006 elementor-widget__width-initial elementor-widget elementor-widget-text-editor\" data-id=\"7ec1b006\" data-element_type=\"widget\" data-e-type=\"widget\" data-widget_type=\"text-editor.default\">\n\t\t\t\t\t\t\t\t\t<p>ODM&amp;OEM<\/p>\n\t\t\t\t\t\t\t\t<\/div>\n\t\t\t\t<\/div>\n\t\t<div class=\"elementor-element elementor-element-59a89bb6 e-con-full e-flex e-con e-child\" data-id=\"59a89bb6\" data-element_type=\"container\" data-e-type=\"container\">\n\t\t\t\t<div class=\"elementor-element elementor-element-14acfd4b elementor-widget__width-initial elementor-widget elementor-widget-text-editor\" data-id=\"14acfd4b\" data-element_type=\"widget\" data-e-type=\"widget\" data-widget_type=\"text-editor.default\">\n\t\t\t\t\t\t\t\t\t<p>Herkunftsort <\/p>\n\t\t\t\t\t\t\t\t<\/div>\n\t\t\t\t<div class=\"elementor-element elementor-element-50871f3e elementor-widget__width-initial elementor-widget elementor-widget-text-editor\" data-id=\"50871f3e\" data-element_type=\"widget\" data-e-type=\"widget\" data-widget_type=\"text-editor.default\">\n\t\t\t\t\t\t\t\t\t<p>Qingdao, China<\/p>\n\t\t\t\t\t\t\t\t<\/div>\n\t\t\t\t<\/div>\n\t\t\t\t\t<\/div>\n\t\t\t\t<\/div>\n\t\t<div class=\"elementor-element elementor-element-6e474e2 e-flex e-con-boxed e-con e-parent\" data-id=\"6e474e2\" data-element_type=\"container\" data-e-type=\"container\">\n\t\t\t\t\t<div class=\"e-con-inner\">\n\t\t\t\t<div class=\"elementor-element elementor-element-d0f366d elementor-widget elementor-widget-heading\" data-id=\"d0f366d\" data-element_type=\"widget\" data-e-type=\"widget\" data-widget_type=\"heading.default\">\n\t\t\t\t\t<h3 class=\"elementor-heading-title elementor-size-default\">Details<\/h3>\t\t\t\t<\/div>\n\t\t\t\t<div class=\"elementor-element elementor-element-853dd47 elementor-widget elementor-widget-image\" data-id=\"853dd47\" data-element_type=\"widget\" data-e-type=\"widget\" data-widget_type=\"image.default\">\n\t\t\t\t\t\t\t\t\t\t\t\t\t\t\t<img fetchpriority=\"high\" decoding=\"async\" width=\"821\" height=\"717\" src=\"https:\/\/www.logistictool.com\/wp-content\/uploads\/2025\/05\/Roll-Cage-Trolleys-For-Warehouses-1.jpg\" class=\"attachment-full size-full wp-image-14126\" alt=\"\" srcset=\"https:\/\/www.logistictool.com\/wp-content\/uploads\/2025\/05\/Roll-Cage-Trolleys-For-Warehouses-1.jpg 821w, https:\/\/www.logistictool.com\/wp-content\/uploads\/2025\/05\/Roll-Cage-Trolleys-For-Warehouses-1-300x262.jpg 300w, https:\/\/www.logistictool.com\/wp-content\/uploads\/2025\/05\/Roll-Cage-Trolleys-For-Warehouses-1-768x671.jpg 768w, https:\/\/www.logistictool.com\/wp-content\/uploads\/2025\/05\/Roll-Cage-Trolleys-For-Warehouses-1-600x524.jpg 600w\" sizes=\"(max-width: 821px) 100vw, 821px\" \/>\t\t\t\t\t\t\t\t\t\t\t\t\t\t\t<\/div>\n\t\t\t\t<div class=\"elementor-element elementor-element-5ce08ba elementor-widget elementor-widget-image\" data-id=\"5ce08ba\" data-element_type=\"widget\" data-e-type=\"widget\" data-widget_type=\"image.default\">\n\t\t\t\t\t\t\t\t\t\t\t\t\t\t\t<img decoding=\"async\" width=\"817\" height=\"666\" src=\"https:\/\/www.logistictool.com\/wp-content\/uploads\/2025\/05\/Roll-Cage-Trolleys-For-Warehouses-2.jpg\" class=\"attachment-full size-full wp-image-14139\" alt=\"\" srcset=\"https:\/\/www.logistictool.com\/wp-content\/uploads\/2025\/05\/Roll-Cage-Trolleys-For-Warehouses-2.jpg 817w, https:\/\/www.logistictool.com\/wp-content\/uploads\/2025\/05\/Roll-Cage-Trolleys-For-Warehouses-2-300x245.jpg 300w, https:\/\/www.logistictool.com\/wp-content\/uploads\/2025\/05\/Roll-Cage-Trolleys-For-Warehouses-2-768x626.jpg 768w, https:\/\/www.logistictool.com\/wp-content\/uploads\/2025\/05\/Roll-Cage-Trolleys-For-Warehouses-2-600x489.jpg 600w\" sizes=\"(max-width: 817px) 100vw, 817px\" \/>\t\t\t\t\t\t\t\t\t\t\t\t\t\t\t<\/div>\n\t\t\t\t\t<\/div>\n\t\t\t\t<\/div>\n\t\t<div class=\"elementor-element elementor-element-2c7394f6 e-flex e-con-boxed e-con e-parent\" data-id=\"2c7394f6\" data-element_type=\"container\" data-e-type=\"container\">\n\t\t\t\t\t<div class=\"e-con-inner\">\n\t\t<div class=\"elementor-element elementor-element-5681fa9f e-con-full e-flex e-con e-child\" data-id=\"5681fa9f\" data-element_type=\"container\" data-e-type=\"container\">\n\t\t\t\t<div class=\"elementor-element elementor-element-2e2a8178 elementor-widget-divider--view-line_icon elementor-widget-divider--element-align-left elementor-view-default elementor-widget elementor-widget-divider\" data-id=\"2e2a8178\" data-element_type=\"widget\" data-e-type=\"widget\" data-widget_type=\"divider.default\">\n\t\t\t\t\t\t\t<div class=\"elementor-divider\">\n\t\t\t<span class=\"elementor-divider-separator\">\n\t\t\t\t\t\t\t<div class=\"elementor-icon elementor-divider__element\">\n\t\t\t\t\t<svg aria-hidden=\"true\" class=\"e-font-icon-svg e-fas-square\" viewBox=\"0 0 448 512\" xmlns=\"http:\/\/www.w3.org\/2000\/svg\"><path d=\"M400 32H48C21.5 32 0 53.5 0 80v352c0 26.5 21.5 48 48 48h352c26.5 0 48-21.5 48-48V80c0-26.5-21.5-48-48-48z\"><\/path><\/svg><\/div>\n\t\t\t\t\t\t<\/span>\n\t\t<\/div>\n\t\t\t\t\t\t<\/div>\n\t\t\t\t<div class=\"elementor-element elementor-element-4a7a6c1e elementor-widget elementor-widget-text-editor\" data-id=\"4a7a6c1e\" data-element_type=\"widget\" data-e-type=\"widget\" data-widget_type=\"text-editor.default\">\n\t\t\t\t\t\t\t\t\t<p>Hier kommt der perfekte K\u00e4fig, der alle Waren im Lager sicher und gesch\u00fctzt h\u00e4lt und sich auch als hervorragende Transportl\u00f6sung im Lager erweist. <\/p>\n<p>Dieser Rollk\u00e4fig ist das Mittel zur sicheren Aufbewahrung. Dadurch erhalten Sie neben Effizienz auch Sicherheit f\u00fcr alle gelagerten G\u00fcter, was sie au\u00dfergew\u00f6hnlich macht. Es ist au\u00dferdem \u00e4u\u00dferst langlebig und erh\u00e4ltlich in erschwinglichen Angeboten. <\/p>\n<p>\u00a0<\/p>\n<p>Die Au\u00dfengr\u00f6\u00dfe betr\u00e4gt W735 x D840 x H1700 mm. Die Ladekapazit\u00e4t betr\u00e4gt bis zu 500 kg. Seine zinkbeschichtete Oberfl\u00e4che sorgt daf\u00fcr, dass es frisch und korrosionsbest\u00e4ndig aussieht. Sie k\u00f6nnen auch eine pulverbeschichtete Beschichtung w\u00e4hlen, sogar beide Finishing-Behandlungen. <\/p>\n<p>HT bietet viele Optionen, um den unterschiedlichen Anforderungen von Individualed gerecht zu werden. <\/p>\n<p>Mit ein oder zwei zus\u00e4tzlichen Regalen<\/p>\n<p>Die T\u00fcr mit einem Schlie\u00dffachsystem und vorderer Stahlplatte <\/p>\n<p>R\u00e4der: PU, Nylon<\/p>\n\t\t\t\t\t\t\t\t<\/div>\n\t\t\t\t<\/div>\n\t\t<div class=\"elementor-element elementor-element-6ed7fc14 e-con-full e-flex e-con e-child\" data-id=\"6ed7fc14\" data-element_type=\"container\" data-e-type=\"container\">\n\t\t\t\t<div class=\"elementor-element elementor-element-5855defc e-transform elementor-widget elementor-widget-image\" data-id=\"5855defc\" data-element_type=\"widget\" data-e-type=\"widget\" data-settings=\"{&quot;_transform_scale_effect_hover&quot;:{&quot;unit&quot;:&quot;px&quot;,&quot;size&quot;:1.05,&quot;sizes&quot;:[]},&quot;_transform_scale_effect_hover_tablet&quot;:{&quot;unit&quot;:&quot;px&quot;,&quot;size&quot;:&quot;&quot;,&quot;sizes&quot;:[]},&quot;_transform_scale_effect_hover_mobile&quot;:{&quot;unit&quot;:&quot;px&quot;,&quot;size&quot;:&quot;&quot;,&quot;sizes&quot;:[]}}\" data-widget_type=\"image.default\">\n\t\t\t\t\t\t\t\t\t\t\t\t\t\t\t<img decoding=\"async\" width=\"811\" height=\"771\" src=\"https:\/\/www.logistictool.com\/wp-content\/uploads\/2025\/05\/Roll-Cage-Trolleys-For-Warehouses-4.jpg\" class=\"attachment-full size-full wp-image-14113\" alt=\"\" srcset=\"https:\/\/www.logistictool.com\/wp-content\/uploads\/2025\/05\/Roll-Cage-Trolleys-For-Warehouses-4.jpg 811w, https:\/\/www.logistictool.com\/wp-content\/uploads\/2025\/05\/Roll-Cage-Trolleys-For-Warehouses-4-300x285.jpg 300w, https:\/\/www.logistictool.com\/wp-content\/uploads\/2025\/05\/Roll-Cage-Trolleys-For-Warehouses-4-768x730.jpg 768w, https:\/\/www.logistictool.com\/wp-content\/uploads\/2025\/05\/Roll-Cage-Trolleys-For-Warehouses-4-600x570.jpg 600w\" sizes=\"(max-width: 811px) 100vw, 811px\" \/>\t\t\t\t\t\t\t\t\t\t\t\t\t\t\t<\/div>\n\t\t\t\t<\/div>\n\t\t\t\t\t<\/div>\n\t\t\t\t<\/div>\n\t\t\t\t<\/div>\n\t\t","protected":false},"excerpt":{"rendered":"<p>Beschreibung Stapelbarer verzinkter Metalldrahtgitterbeh\u00e4lter, auch Sicherheits-Rollk\u00e4fig, dreiseitiger \u00dcberrollk\u00e4fig oder dreiseitiger Rollbeh\u00e4lter genannt, ist eine n\u00fctzliche Ausr\u00fcstung, um Ihre Waren oder Waren von einem Ort zum anderen zu transportieren. Das ist eine gute Idee f\u00fcr das Einzelhandelsgesch\u00e4ft und das Vertriebszentrum. Rollcontainer k\u00f6nnen in jeder Industrie verwendet werden, wie zum Beispiel Supermarkt, Lager, Lager, Werkstatt usw. Wenn [&hellip;]<\/p>\n","protected":false},"featured_media":3512,"comment_status":"closed","ping_status":"closed","template":"","meta":[],"product_brand":[],"product_cat":[239],"product_tag":[],"class_list":{"0":"post-28285","1":"product","2":"type-product","3":"status-publish","4":"has-post-thumbnail","6":"product_cat-3-seitiger-rollenbehalter","8":"first","9":"instock","10":"shipping-taxable","11":"product-type-simple"},"_links":{"self":[{"href":"https:\/\/www.logistictool.com\/de\/wp-json\/wp\/v2\/product\/28285","targetHints":{"allow":["GET"]}}],"collection":[{"href":"https:\/\/www.logistictool.com\/de\/wp-json\/wp\/v2\/product"}],"about":[{"href":"https:\/\/www.logistictool.com\/de\/wp-json\/wp\/v2\/types\/product"}],"replies":[{"embeddable":true,"href":"https:\/\/www.logistictool.com\/de\/wp-json\/wp\/v2\/comments?post=28285"}],"version-history":[{"count":0,"href":"https:\/\/www.logistictool.com\/de\/wp-json\/wp\/v2\/product\/28285\/revisions"}],"wp:featuredmedia":[{"embeddable":true,"href":"https:\/\/www.logistictool.com\/de\/wp-json\/wp\/v2\/media\/3512"}],"wp:attachment":[{"href":"https:\/\/www.logistictool.com\/de\/wp-json\/wp\/v2\/media?parent=28285"}],"wp:term":[{"taxonomy":"product_brand","embeddable":true,"href":"https:\/\/www.logistictool.com\/de\/wp-json\/wp\/v2\/product_brand?post=28285"},{"taxonomy":"product_cat","embeddable":true,"href":"https:\/\/www.logistictool.com\/de\/wp-json\/wp\/v2\/product_cat?post=28285"},{"taxonomy":"product_tag","embeddable":true,"href":"https:\/\/www.logistictool.com\/de\/wp-json\/wp\/v2\/product_tag?post=28285"}],"curies":[{"name":"wp","href":"https:\/\/api.w.org\/{rel}","templated":true}]}}