{"id":28316,"date":"2025-05-13T03:17:26","date_gmt":"2025-05-13T03:17:26","guid":{"rendered":"https:\/\/www.logistictool.com\/unkategorisiert\/metallwaesche-kaefig-mit-rad\/"},"modified":"2025-12-31T15:50:13","modified_gmt":"2025-12-31T15:50:13","slug":"metallwaesche-kaefig-mit-rad","status":"publish","type":"product","link":"https:\/\/www.logistictool.com\/de\/waschkafig\/metallwaesche-kaefig-mit-rad\/","title":{"rendered":"Metallw\u00e4sche-K\u00e4fig mit Rad"},"content":{"rendered":"\t\t<div data-elementor-type=\"product-post\" data-elementor-id=\"28316\" class=\"elementor elementor-28316 elementor-3107\" data-elementor-post-type=\"product\">\n\t\t\t\t<div class=\"elementor-element elementor-element-436e5b17 e-flex e-con-boxed e-con e-parent\" data-id=\"436e5b17\" data-element_type=\"container\" data-e-type=\"container\">\n\t\t\t\t\t<div class=\"e-con-inner\">\n\t\t\t\t<div class=\"elementor-element elementor-element-19b4f96a elementor-widget elementor-widget-spacer\" data-id=\"19b4f96a\" data-element_type=\"widget\" data-e-type=\"widget\" data-widget_type=\"spacer.default\">\n\t\t\t\t\t\t\t<div class=\"elementor-spacer\">\n\t\t\t<div class=\"elementor-spacer-inner\"><\/div>\n\t\t<\/div>\n\t\t\t\t\t\t<\/div>\n\t\t\t\t\t<\/div>\n\t\t\t\t<\/div>\n\t\t<div class=\"elementor-element elementor-element-65d3276e e-flex e-con-boxed e-con e-parent\" data-id=\"65d3276e\" data-element_type=\"container\" data-e-type=\"container\">\n\t\t\t\t\t<div class=\"e-con-inner\">\n\t\t\t\t<div class=\"elementor-element elementor-element-11bfc9dd elementor-widget elementor-widget-text-editor\" data-id=\"11bfc9dd\" data-element_type=\"widget\" data-e-type=\"widget\" data-widget_type=\"text-editor.default\">\n\t\t\t\t\t\t\t\t\t<p>Beschreibung<\/p>\n\t\t\t\t\t\t\t\t<\/div>\n\t\t\t\t<div class=\"elementor-element elementor-element-56ac60b1 elementor-widget-divider--view-line elementor-widget elementor-widget-divider\" data-id=\"56ac60b1\" data-element_type=\"widget\" data-e-type=\"widget\" data-widget_type=\"divider.default\">\n\t\t\t\t\t\t\t<div class=\"elementor-divider\">\n\t\t\t<span class=\"elementor-divider-separator\">\n\t\t\t\t\t\t<\/span>\n\t\t<\/div>\n\t\t\t\t\t\t<\/div>\n\t\t\t\t<div class=\"elementor-element elementor-element-3c8e351b elementor-widget elementor-widget-text-editor\" data-id=\"3c8e351b\" data-element_type=\"widget\" data-e-type=\"widget\" data-widget_type=\"text-editor.default\">\n\t\t\t\t\t\t\t\t\t<p>Ein Metall-Waschk\u00e4fig mit R\u00e4dern ist ein wesentlicher Bestandteil jeder Krankenhaus- oder Waschereiindustrie. Sie bestehen typischerweise aus Metall und haben ein PP-Blechfutter, um Kleidungsst\u00fccke vor H\u00e4ngen oder Rissen zu sch\u00fctzen. Der Wagen hat typischerweise vier R\u00e4der f\u00fcr eine einfache Man\u00f6vrierf\u00e4higkeit. Voll verzinkter Stahl-Waschraumbeh\u00e4lter mit einem halb klappbaren Vordergate. Der Metallwaschk\u00e4fig mit R\u00e4dern steht auf R\u00e4dern und ist daher leicht zu transportieren. Die Abmessungen des rollenden Containers betragen 800x720x1800 mm. Die Innenabmessungen betragen 740x660x1640 mm. Dieser Beh\u00e4lter wird mit 4 drehbaren Rollen geliefert. <\/p>\n<p>Vollst\u00e4ndig aus elektroverzinktem Metall bestehend, ist dieser weniger rostanf\u00e4llig<\/p>\n<p>}Dieser \u00dcberrollk\u00e4figbeh\u00e4lter kann auf Wunsch mit jedem Rad aus unserem Sortiment ausgestattet werden, wie z. B. einer Bremse, geeignet f\u00fcr den Gefrierschrank oder beides. Sehen Sie sich unser Rad f\u00fcr die M\u00f6glichkeiten an. <\/p>\n\t\t\t\t\t\t\t\t<\/div>\n\t\t\t\t<div class=\"elementor-element elementor-element-a836d90 elementor-widget elementor-widget-image\" data-id=\"a836d90\" data-element_type=\"widget\" data-e-type=\"widget\" data-widget_type=\"image.default\">\n\t\t\t\t\t\t\t\t\t\t\t\t\t\t\t<img fetchpriority=\"high\" decoding=\"async\" width=\"800\" height=\"652\" src=\"https:\/\/www.logistictool.com\/wp-content\/uploads\/2025\/05\/Metal-Laundry-Cage-With-Wheel-3.jpg\" class=\"attachment-large size-large wp-image-14360\" alt=\"\" srcset=\"https:\/\/www.logistictool.com\/wp-content\/uploads\/2025\/05\/Metal-Laundry-Cage-With-Wheel-3.jpg 817w, https:\/\/www.logistictool.com\/wp-content\/uploads\/2025\/05\/Metal-Laundry-Cage-With-Wheel-3-300x245.jpg 300w, https:\/\/www.logistictool.com\/wp-content\/uploads\/2025\/05\/Metal-Laundry-Cage-With-Wheel-3-768x626.jpg 768w, https:\/\/www.logistictool.com\/wp-content\/uploads\/2025\/05\/Metal-Laundry-Cage-With-Wheel-3-600x489.jpg 600w\" sizes=\"(max-width: 800px) 100vw, 800px\" \/>\t\t\t\t\t\t\t\t\t\t\t\t\t\t\t<\/div>\n\t\t\t\t<div class=\"elementor-element elementor-element-b9f3d73 elementor-widget elementor-widget-image\" data-id=\"b9f3d73\" data-element_type=\"widget\" data-e-type=\"widget\" data-widget_type=\"image.default\">\n\t\t\t\t\t\t\t\t\t\t\t\t\t\t\t<img decoding=\"async\" width=\"800\" height=\"606\" src=\"https:\/\/www.logistictool.com\/wp-content\/uploads\/2025\/05\/Metal-Laundry-Cage-With-Wheel-2.jpg\" class=\"attachment-large size-large wp-image-14373\" alt=\"\" srcset=\"https:\/\/www.logistictool.com\/wp-content\/uploads\/2025\/05\/Metal-Laundry-Cage-With-Wheel-2.jpg 867w, https:\/\/www.logistictool.com\/wp-content\/uploads\/2025\/05\/Metal-Laundry-Cage-With-Wheel-2-300x227.jpg 300w, https:\/\/www.logistictool.com\/wp-content\/uploads\/2025\/05\/Metal-Laundry-Cage-With-Wheel-2-768x582.jpg 768w, https:\/\/www.logistictool.com\/wp-content\/uploads\/2025\/05\/Metal-Laundry-Cage-With-Wheel-2-600x455.jpg 600w\" sizes=\"(max-width: 800px) 100vw, 800px\" \/>\t\t\t\t\t\t\t\t\t\t\t\t\t\t\t<\/div>\n\t\t\t\t<div class=\"elementor-element elementor-element-1879cb8 elementor-widget elementor-widget-image\" data-id=\"1879cb8\" data-element_type=\"widget\" data-e-type=\"widget\" data-widget_type=\"image.default\">\n\t\t\t\t\t\t\t\t\t\t\t\t\t\t\t<img decoding=\"async\" width=\"800\" height=\"706\" src=\"https:\/\/www.logistictool.com\/wp-content\/uploads\/2025\/05\/Metal-Laundry-Cage-With-Wheel-1.jpg\" class=\"attachment-large size-large wp-image-14386\" alt=\"\" srcset=\"https:\/\/www.logistictool.com\/wp-content\/uploads\/2025\/05\/Metal-Laundry-Cage-With-Wheel-1.jpg 866w, https:\/\/www.logistictool.com\/wp-content\/uploads\/2025\/05\/Metal-Laundry-Cage-With-Wheel-1-300x265.jpg 300w, https:\/\/www.logistictool.com\/wp-content\/uploads\/2025\/05\/Metal-Laundry-Cage-With-Wheel-1-768x678.jpg 768w, https:\/\/www.logistictool.com\/wp-content\/uploads\/2025\/05\/Metal-Laundry-Cage-With-Wheel-1-600x529.jpg 600w\" sizes=\"(max-width: 800px) 100vw, 800px\" \/>\t\t\t\t\t\t\t\t\t\t\t\t\t\t\t<\/div>\n\t\t\t\t\t<\/div>\n\t\t\t\t<\/div>\n\t\t<div class=\"elementor-element elementor-element-47f99c4c e-flex e-con-boxed e-con e-parent\" data-id=\"47f99c4c\" data-element_type=\"container\" data-e-type=\"container\">\n\t\t\t\t\t<div class=\"e-con-inner\">\n\t\t\t\t<div class=\"elementor-element elementor-element-18dfb9b0 elementor-widget elementor-widget-heading\" data-id=\"18dfb9b0\" data-element_type=\"widget\" data-e-type=\"widget\" data-widget_type=\"heading.default\">\n\t\t\t\t\t<h3 class=\"elementor-heading-title elementor-size-default\">Produktspezifikation<\/h3>\t\t\t\t<\/div>\n\t\t\t\t<div class=\"elementor-element elementor-element-3c4c367c elementor-widget-divider--view-line elementor-widget elementor-widget-divider\" data-id=\"3c4c367c\" data-element_type=\"widget\" data-e-type=\"widget\" data-widget_type=\"divider.default\">\n\t\t\t\t\t\t\t<div class=\"elementor-divider\">\n\t\t\t<span class=\"elementor-divider-separator\">\n\t\t\t\t\t\t<\/span>\n\t\t<\/div>\n\t\t\t\t\t\t<\/div>\n\t\t<div class=\"elementor-element elementor-element-206def85 e-con-full e-flex e-con e-child\" data-id=\"206def85\" data-element_type=\"container\" data-e-type=\"container\">\n\t\t\t\t<div class=\"elementor-element elementor-element-477f7d8f elementor-widget__width-initial elementor-widget elementor-widget-text-editor\" data-id=\"477f7d8f\" data-element_type=\"widget\" data-e-type=\"widget\" data-widget_type=\"text-editor.default\">\n\t\t\t\t\t\t\t\t\t<p>Produktname<\/p>\n\t\t\t\t\t\t\t\t<\/div>\n\t\t\t\t<div class=\"elementor-element elementor-element-e846183 elementor-widget__width-initial elementor-widget elementor-widget-text-editor\" data-id=\"e846183\" data-element_type=\"widget\" data-e-type=\"widget\" data-widget_type=\"text-editor.default\">\n\t\t\t\t\t\t\t\t\t<p>Metallw\u00e4sche-K\u00e4fig mit R\u00e4dern <\/p>\n\t\t\t\t\t\t\t\t<\/div>\n\t\t\t\t<\/div>\n\t\t<div class=\"elementor-element elementor-element-538d7a05 e-con-full e-flex e-con e-child\" data-id=\"538d7a05\" data-element_type=\"container\" data-e-type=\"container\">\n\t\t\t\t<div class=\"elementor-element elementor-element-2bedd5f1 elementor-widget__width-initial elementor-widget elementor-widget-text-editor\" data-id=\"2bedd5f1\" data-element_type=\"widget\" data-e-type=\"widget\" data-widget_type=\"text-editor.default\">\n\t\t\t\t\t\t\t\t\t<p>Au\u00dfendimension<\/p>\n\t\t\t\t\t\t\t\t<\/div>\n\t\t\t\t<div class=\"elementor-element elementor-element-6b00d308 elementor-widget__width-initial elementor-widget elementor-widget-text-editor\" data-id=\"6b00d308\" data-element_type=\"widget\" data-e-type=\"widget\" data-widget_type=\"text-editor.default\">\n\t\t\t\t\t\t\t\t\t<p>800x720x1800MM<\/p>\n\t\t\t\t\t\t\t\t<\/div>\n\t\t\t\t<\/div>\n\t\t<div class=\"elementor-element elementor-element-211aa366 e-con-full e-flex e-con e-child\" data-id=\"211aa366\" data-element_type=\"container\" data-e-type=\"container\">\n\t\t\t\t<div class=\"elementor-element elementor-element-14df8c93 elementor-widget__width-initial elementor-widget elementor-widget-text-editor\" data-id=\"14df8c93\" data-element_type=\"widget\" data-e-type=\"widget\" data-widget_type=\"text-editor.default\">\n\t\t\t\t\t\t\t\t\t<p>N.W<\/p>\n\t\t\t\t\t\t\t\t<\/div>\n\t\t\t\t<div class=\"elementor-element elementor-element-376f78a2 elementor-widget__width-initial elementor-widget elementor-widget-text-editor\" data-id=\"376f78a2\" data-element_type=\"widget\" data-e-type=\"widget\" data-widget_type=\"text-editor.default\">\n\t\t\t\t\t\t\t\t\t<p>40kg<\/p>\n\t\t\t\t\t\t\t\t<\/div>\n\t\t\t\t<\/div>\n\t\t<div class=\"elementor-element elementor-element-40cd5ca3 e-con-full e-flex e-con e-child\" data-id=\"40cd5ca3\" data-element_type=\"container\" data-e-type=\"container\">\n\t\t\t\t<div class=\"elementor-element elementor-element-76da1003 elementor-widget__width-initial elementor-widget elementor-widget-text-editor\" data-id=\"76da1003\" data-element_type=\"widget\" data-e-type=\"widget\" data-widget_type=\"text-editor.default\">\n\t\t\t\t\t\t\t\t\t<p>maximale Last<\/p>\n\t\t\t\t\t\t\t\t<\/div>\n\t\t\t\t<div class=\"elementor-element elementor-element-2b8cbf96 elementor-widget__width-initial elementor-widget elementor-widget-text-editor\" data-id=\"2b8cbf96\" data-element_type=\"widget\" data-e-type=\"widget\" data-widget_type=\"text-editor.default\">\n\t\t\t\t\t\t\t\t\t<p>800kg<\/p>\n\t\t\t\t\t\t\t\t<\/div>\n\t\t\t\t<\/div>\n\t\t<div class=\"elementor-element elementor-element-2fb62b4c e-con-full e-flex e-con e-child\" data-id=\"2fb62b4c\" data-element_type=\"container\" data-e-type=\"container\">\n\t\t\t\t<div class=\"elementor-element elementor-element-74519220 elementor-widget__width-initial elementor-widget elementor-widget-text-editor\" data-id=\"74519220\" data-element_type=\"widget\" data-e-type=\"widget\" data-widget_type=\"text-editor.default\">\n\t\t\t\t\t\t\t\t\t<p>Material<\/p>\n\t\t\t\t\t\t\t\t<\/div>\n\t\t\t\t<div class=\"elementor-element elementor-element-5fccb798 elementor-widget__width-initial elementor-widget elementor-widget-text-editor\" data-id=\"5fccb798\" data-element_type=\"widget\" data-e-type=\"widget\" data-widget_type=\"text-editor.default\">\n\t\t\t\t\t\t\t\t\t<p>Weichstahl Q235<\/p>\n\t\t\t\t\t\t\t\t<\/div>\n\t\t\t\t<\/div>\n\t\t<div class=\"elementor-element elementor-element-35722b45 e-con-full e-flex e-con e-child\" data-id=\"35722b45\" data-element_type=\"container\" data-e-type=\"container\">\n\t\t\t\t<div class=\"elementor-element elementor-element-28e8eb6f elementor-widget__width-initial elementor-widget elementor-widget-text-editor\" data-id=\"28e8eb6f\" data-element_type=\"widget\" data-e-type=\"widget\" data-widget_type=\"text-editor.default\">\n\t\t\t\t\t\t\t\t\t<p>Finish<\/p>\n\t\t\t\t\t\t\t\t<\/div>\n\t\t\t\t<div class=\"elementor-element elementor-element-7c698fae elementor-widget__width-initial elementor-widget elementor-widget-text-editor\" data-id=\"7c698fae\" data-element_type=\"widget\" data-e-type=\"widget\" data-widget_type=\"text-editor.default\">\n\t\t\t\t\t\t\t\t\t<p>Zink-\/hei\u00dfverzinkt\/Pulverbeschichtung<\/p>\n\t\t\t\t\t\t\t\t<\/div>\n\t\t\t\t<\/div>\n\t\t\t\t\t<\/div>\n\t\t\t\t<\/div>\n\t\t<div class=\"elementor-element elementor-element-7cb1211 e-flex e-con-boxed e-con e-parent\" data-id=\"7cb1211\" data-element_type=\"container\" data-e-type=\"container\">\n\t\t\t\t\t<div class=\"e-con-inner\">\n\t\t<div class=\"elementor-element elementor-element-673abf79 e-con-full e-flex e-con e-child\" data-id=\"673abf79\" data-element_type=\"container\" data-e-type=\"container\">\n\t\t\t\t<div class=\"elementor-element elementor-element-e24dacd elementor-widget elementor-widget-heading\" data-id=\"e24dacd\" data-element_type=\"widget\" data-e-type=\"widget\" data-widget_type=\"heading.default\">\n\t\t\t\t\t<h3 class=\"elementor-heading-title elementor-size-default\">Unternehmensinformationen<\/h3>\t\t\t\t<\/div>\n\t\t\t\t<div class=\"elementor-element elementor-element-20391d43 elementor-widget-divider--view-line_icon elementor-widget-divider--element-align-left elementor-view-default elementor-widget elementor-widget-divider\" data-id=\"20391d43\" data-element_type=\"widget\" data-e-type=\"widget\" data-widget_type=\"divider.default\">\n\t\t\t\t\t\t\t<div class=\"elementor-divider\">\n\t\t\t<span class=\"elementor-divider-separator\">\n\t\t\t\t\t\t\t<div class=\"elementor-icon elementor-divider__element\">\n\t\t\t\t\t<svg aria-hidden=\"true\" class=\"e-font-icon-svg e-fas-square\" viewBox=\"0 0 448 512\" xmlns=\"http:\/\/www.w3.org\/2000\/svg\"><path d=\"M400 32H48C21.5 32 0 53.5 0 80v352c0 26.5 21.5 48 48 48h352c26.5 0 48-21.5 48-48V80c0-26.5-21.5-48-48-48z\"><\/path><\/svg><\/div>\n\t\t\t\t\t\t<\/span>\n\t\t<\/div>\n\t\t\t\t\t\t<\/div>\n\t\t\t\t<div class=\"elementor-element elementor-element-2bd67c3c elementor-widget elementor-widget-text-editor\" data-id=\"2bd67c3c\" data-element_type=\"widget\" data-e-type=\"widget\" data-widget_type=\"text-editor.default\">\n\t\t\t\t\t\t\t\t\t<p>Wir sind Lieferant verschiedener Metallprodukte, darunter Logistikwagen, rollende Container, W\u00e4schek\u00e4fige, Drahtgitterbeh\u00e4lter, Posttabletts usw., die sich in den Vereinigten Staaten, Europa und mehr als 100 L\u00e4ndern und Regionen der Welt, wie Japan, S\u00fcdostasien, Ozeanien, Afrika usw. gut verkaufen und auf dem internationalen Markt einen hohen Ruf genie\u00dfen, hohe Qualit\u00e4t und g\u00fcnstige Preise genie\u00dfen. <\/p>\n<p>Wie Sie wissen, sind alle unsere Produkte individuell angepasst, daher m\u00fcssen Sie uns w\u00e4hrend des Produktionsprozesses Zeichnungen zur Best\u00e4tigung vorlegen, oder wir geben Ihnen Zeichnungen oder Muster zur Best\u00e4tigung der Produkte, daher stehen der Verkauf im Mittelpunkt und andere Die zus\u00e4tzlichen professionellen Dienstleistungen der Abteilung werden Ihnen kostenlos angeboten. Du musst dir keine Sorgen um deine Zeichnungen machen und dich nicht um deine neuen Produkte oder Ideen k\u00fcmmern. Wir k\u00f6nnen Ihnen die gew\u00fcnschten L\u00f6sungen besser bieten. <\/p>\n<p>Wir wissen, dass der Kern der langfristigen Entwicklung eines Unternehmens die Qualit\u00e4t des Kundenservices, der Produktqualit\u00e4t und der Preis ist. Wir bieten Ihnen professionelle und kostenlose Dienstleistungen an, was nicht bedeutet, dass unsere Preise hoch sind. Du kannst uns deine Bestellung anvertrauen. Wir bieten mehr als 10 Jahre Qualit\u00e4tssicherung f\u00fcr unsere Produkte an. Wenn Sie Fragen haben, k\u00f6nnen Sie kommen und uns kontaktieren. <\/p>\n<p>Unser Unternehmen h\u00e4lt sich an das Prinzip von Kunden zuerst und Qualit\u00e4t zuerst, bietet Kunden gute Produktentwicklung und zugeh\u00f6rige Dienstleistungen an, macht gemeinsam mit den Kunden Fortschritte und entwickelt den Markt. Seit seiner Gr\u00fcndung hat das Unternehmen stets der Gesch\u00e4ftsphilosophie der Integrit\u00e4t verfolgt und die Verkaufsleistung ist weiter gestiegen, was zu schnellen und stabilen Entwicklungen f\u00fchrt. Das Unternehmen besteht stets darauf, Kunden zuverl\u00e4ssige Produkte zu bieten, legt gro\u00dfen Wert auf Qualit\u00e4tsmanagement und Sicherheitsleistung der Produkte. Schaffen Sie Vorteile mit Management, f\u00f6rdern Sie Entwicklung durch Innovation, \u00fcberleben Sie mit Qualit\u00e4t und streben Sie mit den Menschen zuerst nach der Zukunft. <\/p>\n<p>Wir haben ein sehr professionelles und strenges Team sowie Techniker. W\u00e4hrend des Produktionsprozesses werden unsere Techniker die Formel und den Prozess streng kontrollieren, um die Qualit\u00e4t des Produkts zu gew\u00e4hrleisten. Wir werden es w\u00e4hrend der Produktion und vor der Verpackung nach der Produktion haben. Sehr strenge Produktinspektion. Qualit\u00e4t ist unser Leben. Der gesamte Produktions-, Verpackungs- und Transportprozess wird sehr streng zur Kontrolle der Produktqualit\u00e4t erfolgen. <\/p>\n\t\t\t\t\t\t\t\t<\/div>\n\t\t\t\t<\/div>\n\t\t<div class=\"elementor-element elementor-element-3f4e9fb3 e-con-full e-flex e-con e-child\" data-id=\"3f4e9fb3\" data-element_type=\"container\" data-e-type=\"container\">\n\t\t\t\t<div class=\"elementor-element elementor-element-bc326bb e-transform elementor-widget elementor-widget-image\" data-id=\"bc326bb\" data-element_type=\"widget\" data-e-type=\"widget\" data-settings=\"{&quot;_transform_scale_effect_hover&quot;:{&quot;unit&quot;:&quot;px&quot;,&quot;size&quot;:1.05,&quot;sizes&quot;:[]},&quot;_transform_scale_effect_hover_tablet&quot;:{&quot;unit&quot;:&quot;px&quot;,&quot;size&quot;:&quot;&quot;,&quot;sizes&quot;:[]},&quot;_transform_scale_effect_hover_mobile&quot;:{&quot;unit&quot;:&quot;px&quot;,&quot;size&quot;:&quot;&quot;,&quot;sizes&quot;:[]}}\" data-widget_type=\"image.default\">\n\t\t\t\t\t\t\t\t\t\t\t\t\t\t\t<img loading=\"lazy\" decoding=\"async\" width=\"821\" height=\"717\" src=\"https:\/\/www.logistictool.com\/wp-content\/uploads\/2025\/05\/Metal-Laundry-Cage-With-Wheel-4.jpg\" class=\"attachment-full size-full wp-image-14347\" alt=\"\" srcset=\"https:\/\/www.logistictool.com\/wp-content\/uploads\/2025\/05\/Metal-Laundry-Cage-With-Wheel-4.jpg 821w, https:\/\/www.logistictool.com\/wp-content\/uploads\/2025\/05\/Metal-Laundry-Cage-With-Wheel-4-300x262.jpg 300w, https:\/\/www.logistictool.com\/wp-content\/uploads\/2025\/05\/Metal-Laundry-Cage-With-Wheel-4-768x671.jpg 768w, https:\/\/www.logistictool.com\/wp-content\/uploads\/2025\/05\/Metal-Laundry-Cage-With-Wheel-4-600x524.jpg 600w\" sizes=\"(max-width: 821px) 100vw, 821px\" \/>\t\t\t\t\t\t\t\t\t\t\t\t\t\t\t<\/div>\n\t\t\t\t<\/div>\n\t\t\t\t\t<\/div>\n\t\t\t\t<\/div>\n\t\t\t\t<\/div>\n\t\t","protected":false},"excerpt":{"rendered":"<p>Beschreibung Ein Metall-Waschk\u00e4fig mit R\u00e4dern ist ein wesentlicher Bestandteil jeder Krankenhaus- oder Waschereiindustrie. Sie bestehen typischerweise aus Metall und haben ein PP-Blechfutter, um Kleidungsst\u00fccke vor H\u00e4ngen oder Rissen zu sch\u00fctzen. Der Wagen hat typischerweise vier R\u00e4der f\u00fcr eine einfache Man\u00f6vrierf\u00e4higkeit. Voll verzinkter Stahl-Waschraumbeh\u00e4lter mit einem halb klappbaren Vordergate. Der Metallwaschk\u00e4fig mit R\u00e4dern steht auf R\u00e4dern [&hellip;]<\/p>\n","protected":false},"featured_media":3534,"comment_status":"closed","ping_status":"closed","template":"","meta":[],"product_brand":[],"product_cat":[159],"product_tag":[],"class_list":{"0":"post-28316","1":"product","2":"type-product","3":"status-publish","4":"has-post-thumbnail","6":"product_cat-waschkafig","8":"first","9":"instock","10":"shipping-taxable","11":"product-type-simple"},"_links":{"self":[{"href":"https:\/\/www.logistictool.com\/de\/wp-json\/wp\/v2\/product\/28316","targetHints":{"allow":["GET"]}}],"collection":[{"href":"https:\/\/www.logistictool.com\/de\/wp-json\/wp\/v2\/product"}],"about":[{"href":"https:\/\/www.logistictool.com\/de\/wp-json\/wp\/v2\/types\/product"}],"replies":[{"embeddable":true,"href":"https:\/\/www.logistictool.com\/de\/wp-json\/wp\/v2\/comments?post=28316"}],"version-history":[{"count":0,"href":"https:\/\/www.logistictool.com\/de\/wp-json\/wp\/v2\/product\/28316\/revisions"}],"wp:featuredmedia":[{"embeddable":true,"href":"https:\/\/www.logistictool.com\/de\/wp-json\/wp\/v2\/media\/3534"}],"wp:attachment":[{"href":"https:\/\/www.logistictool.com\/de\/wp-json\/wp\/v2\/media?parent=28316"}],"wp:term":[{"taxonomy":"product_brand","embeddable":true,"href":"https:\/\/www.logistictool.com\/de\/wp-json\/wp\/v2\/product_brand?post=28316"},{"taxonomy":"product_cat","embeddable":true,"href":"https:\/\/www.logistictool.com\/de\/wp-json\/wp\/v2\/product_cat?post=28316"},{"taxonomy":"product_tag","embeddable":true,"href":"https:\/\/www.logistictool.com\/de\/wp-json\/wp\/v2\/product_tag?post=28316"}],"curies":[{"name":"wp","href":"https:\/\/api.w.org\/{rel}","templated":true}]}}