{"id":28336,"date":"2025-05-13T03:34:58","date_gmt":"2025-05-13T03:34:58","guid":{"rendered":"https:\/\/www.logistictool.com\/unkategorisiert\/metall-palettenkaefig\/"},"modified":"2025-12-31T15:52:33","modified_gmt":"2025-12-31T15:52:33","slug":"metall-palettenkaefig","status":"publish","type":"product","link":"https:\/\/www.logistictool.com\/de\/nicht-kategorisiert\/metall-palettenkaefig\/","title":{"rendered":"Metall-Palettenk\u00e4fig"},"content":{"rendered":"\t\t<div data-elementor-type=\"product-post\" data-elementor-id=\"28336\" class=\"elementor elementor-28336 elementor-3130\" data-elementor-post-type=\"product\">\n\t\t\t\t<div class=\"elementor-element elementor-element-5360cd08 e-flex e-con-boxed e-con e-parent\" data-id=\"5360cd08\" data-element_type=\"container\" data-e-type=\"container\">\n\t\t\t\t\t<div class=\"e-con-inner\">\n\t\t\t\t<div class=\"elementor-element elementor-element-2e743caa elementor-widget elementor-widget-spacer\" data-id=\"2e743caa\" data-element_type=\"widget\" data-e-type=\"widget\" data-widget_type=\"spacer.default\">\n\t\t\t\t\t\t\t<div class=\"elementor-spacer\">\n\t\t\t<div class=\"elementor-spacer-inner\"><\/div>\n\t\t<\/div>\n\t\t\t\t\t\t<\/div>\n\t\t\t\t\t<\/div>\n\t\t\t\t<\/div>\n\t\t<div class=\"elementor-element elementor-element-33c27e5a e-flex e-con-boxed e-con e-parent\" data-id=\"33c27e5a\" data-element_type=\"container\" data-e-type=\"container\">\n\t\t\t\t\t<div class=\"e-con-inner\">\n\t\t\t\t<div class=\"elementor-element elementor-element-7cc288b0 elementor-widget elementor-widget-text-editor\" data-id=\"7cc288b0\" data-element_type=\"widget\" data-e-type=\"widget\" data-widget_type=\"text-editor.default\">\n\t\t\t\t\t\t\t\t\t<p>Beschreibung<\/p>\n\t\t\t\t\t\t\t\t<\/div>\n\t\t\t\t<div class=\"elementor-element elementor-element-2fd69eec elementor-widget-divider--view-line elementor-widget elementor-widget-divider\" data-id=\"2fd69eec\" data-element_type=\"widget\" data-e-type=\"widget\" data-widget_type=\"divider.default\">\n\t\t\t\t\t\t\t<div class=\"elementor-divider\">\n\t\t\t<span class=\"elementor-divider-separator\">\n\t\t\t\t\t\t<\/span>\n\t\t<\/div>\n\t\t\t\t\t\t<\/div>\n\t\t\t\t<div class=\"elementor-element elementor-element-21b2e7f9 elementor-widget elementor-widget-text-editor\" data-id=\"21b2e7f9\" data-element_type=\"widget\" data-e-type=\"widget\" data-widget_type=\"text-editor.default\">\n\t\t\t\t\t\t\t\t\t<p>Der Metall-Palettenk\u00e4fig ist ein Beh\u00e4lter mit einem Z-Kanal zur Aufbewahrung von Gegenst\u00e4nden. Perfekt zur Aufbewahrung, und die Gr\u00f6\u00dfe l\u00e4sst sich an Ihr unteres Tablett anpassen, sodass wir Ihnen jede gew\u00fcnschte Gr\u00f6\u00dfe anbieten k\u00f6nnen! Die Z-Kanal-Struktur dieses K\u00e4figs sorgt daf\u00fcr, dass er stabiler und in mehreren Schichten gestapelt werden kann, um die Platznutzung zu erh\u00f6hen. Allerdings m\u00fcssen Sie sich keine Sorgen um das Aufheben von Gegenst\u00e4nden durch das Stapeln machen, da das halbe T\u00fcr-Design den Zugang zu Gegenst\u00e4nden erleichtert. <\/p>\n\t\t\t\t\t\t\t\t<\/div>\n\t\t\t\t\t<\/div>\n\t\t\t\t<\/div>\n\t\t<div class=\"elementor-element elementor-element-4439ce7e e-flex e-con-boxed e-con e-parent\" data-id=\"4439ce7e\" data-element_type=\"container\" data-e-type=\"container\">\n\t\t\t\t\t<div class=\"e-con-inner\">\n\t\t\t\t<div class=\"elementor-element elementor-element-ba1a9a5 elementor-widget elementor-widget-heading\" data-id=\"ba1a9a5\" data-element_type=\"widget\" data-e-type=\"widget\" data-widget_type=\"heading.default\">\n\t\t\t\t\t<h3 class=\"elementor-heading-title elementor-size-default\">Produktparameter<\/h3>\t\t\t\t<\/div>\n\t\t\t\t<div class=\"elementor-element elementor-element-942a115 elementor-widget-divider--view-line elementor-widget elementor-widget-divider\" data-id=\"942a115\" data-element_type=\"widget\" data-e-type=\"widget\" data-widget_type=\"divider.default\">\n\t\t\t\t\t\t\t<div class=\"elementor-divider\">\n\t\t\t<span class=\"elementor-divider-separator\">\n\t\t\t\t\t\t<\/span>\n\t\t<\/div>\n\t\t\t\t\t\t<\/div>\n\t\t<div class=\"elementor-element elementor-element-a3034d0 e-con-full e-flex e-con e-child\" data-id=\"a3034d0\" data-element_type=\"container\" data-e-type=\"container\">\n\t\t\t\t<div class=\"elementor-element elementor-element-10f64973 elementor-widget__width-initial elementor-widget elementor-widget-text-editor\" data-id=\"10f64973\" data-element_type=\"widget\" data-e-type=\"widget\" data-widget_type=\"text-editor.default\">\n\t\t\t\t\t\t\t\t\t<p>Produktname<\/p>\n\t\t\t\t\t\t\t\t<\/div>\n\t\t\t\t<div class=\"elementor-element elementor-element-463573f0 elementor-widget__width-initial elementor-widget elementor-widget-text-editor\" data-id=\"463573f0\" data-element_type=\"widget\" data-e-type=\"widget\" data-widget_type=\"text-editor.default\">\n\t\t\t\t\t\t\t\t\t<p>Metall-Palettenk\u00e4fig<\/p>\n\t\t\t\t\t\t\t\t<\/div>\n\t\t\t\t<\/div>\n\t\t<div class=\"elementor-element elementor-element-6f30efed e-con-full e-flex e-con e-child\" data-id=\"6f30efed\" data-element_type=\"container\" data-e-type=\"container\">\n\t\t\t\t<div class=\"elementor-element elementor-element-49290e58 elementor-widget__width-initial elementor-widget elementor-widget-text-editor\" data-id=\"49290e58\" data-element_type=\"widget\" data-e-type=\"widget\" data-widget_type=\"text-editor.default\">\n\t\t\t\t\t\t\t\t\t<p>Au\u00dfendimension<\/p>\n\t\t\t\t\t\t\t\t<\/div>\n\t\t\t\t<div class=\"elementor-element elementor-element-53cf4b5d elementor-widget__width-initial elementor-widget elementor-widget-text-editor\" data-id=\"53cf4b5d\" data-element_type=\"widget\" data-e-type=\"widget\" data-widget_type=\"text-editor.default\">\n\t\t\t\t\t\t\t\t\t<p>1200x800x1000MM<\/p>\n\t\t\t\t\t\t\t\t<\/div>\n\t\t\t\t<\/div>\n\t\t<div class=\"elementor-element elementor-element-d1ad1af e-con-full e-flex e-con e-child\" data-id=\"d1ad1af\" data-element_type=\"container\" data-e-type=\"container\">\n\t\t\t\t<div class=\"elementor-element elementor-element-67016ba8 elementor-widget__width-initial elementor-widget elementor-widget-text-editor\" data-id=\"67016ba8\" data-element_type=\"widget\" data-e-type=\"widget\" data-widget_type=\"text-editor.default\">\n\t\t\t\t\t\t\t\t\t<p>N.W<\/p>\n\t\t\t\t\t\t\t\t<\/div>\n\t\t\t\t<div class=\"elementor-element elementor-element-4f3d9ac4 elementor-widget__width-initial elementor-widget elementor-widget-text-editor\" data-id=\"4f3d9ac4\" data-element_type=\"widget\" data-e-type=\"widget\" data-widget_type=\"text-editor.default\">\n\t\t\t\t\t\t\t\t\t<p>40kg<\/p>\n\t\t\t\t\t\t\t\t<\/div>\n\t\t\t\t<\/div>\n\t\t<div class=\"elementor-element elementor-element-29c954b0 e-con-full e-flex e-con e-child\" data-id=\"29c954b0\" data-element_type=\"container\" data-e-type=\"container\">\n\t\t\t\t<div class=\"elementor-element elementor-element-23254e32 elementor-widget__width-initial elementor-widget elementor-widget-text-editor\" data-id=\"23254e32\" data-element_type=\"widget\" data-e-type=\"widget\" data-widget_type=\"text-editor.default\">\n\t\t\t\t\t\t\t\t\t<p>maximale Last<\/p>\n\t\t\t\t\t\t\t\t<\/div>\n\t\t\t\t<div class=\"elementor-element elementor-element-3e038625 elementor-widget__width-initial elementor-widget elementor-widget-text-editor\" data-id=\"3e038625\" data-element_type=\"widget\" data-e-type=\"widget\" data-widget_type=\"text-editor.default\">\n\t\t\t\t\t\t\t\t\t<p>800kg<\/p>\n\t\t\t\t\t\t\t\t<\/div>\n\t\t\t\t<\/div>\n\t\t<div class=\"elementor-element elementor-element-68c93830 e-con-full e-flex e-con e-child\" data-id=\"68c93830\" data-element_type=\"container\" data-e-type=\"container\">\n\t\t\t\t<div class=\"elementor-element elementor-element-3fadf657 elementor-widget__width-initial elementor-widget elementor-widget-text-editor\" data-id=\"3fadf657\" data-element_type=\"widget\" data-e-type=\"widget\" data-widget_type=\"text-editor.default\">\n\t\t\t\t\t\t\t\t\t<p>Material<\/p>\n\t\t\t\t\t\t\t\t<\/div>\n\t\t\t\t<div class=\"elementor-element elementor-element-35fbaa8 elementor-widget__width-initial elementor-widget elementor-widget-text-editor\" data-id=\"35fbaa8\" data-element_type=\"widget\" data-e-type=\"widget\" data-widget_type=\"text-editor.default\">\n\t\t\t\t\t\t\t\t\t<p>Weichstahl Q235<\/p>\n\t\t\t\t\t\t\t\t<\/div>\n\t\t\t\t<\/div>\n\t\t<div class=\"elementor-element elementor-element-55a7e40 e-con-full e-flex e-con e-child\" data-id=\"55a7e40\" data-element_type=\"container\" data-e-type=\"container\">\n\t\t\t\t<div class=\"elementor-element elementor-element-36c7c50a elementor-widget__width-initial elementor-widget elementor-widget-text-editor\" data-id=\"36c7c50a\" data-element_type=\"widget\" data-e-type=\"widget\" data-widget_type=\"text-editor.default\">\n\t\t\t\t\t\t\t\t\t<p>Finish<\/p>\n\t\t\t\t\t\t\t\t<\/div>\n\t\t\t\t<div class=\"elementor-element elementor-element-1a4240a7 elementor-widget__width-initial elementor-widget elementor-widget-text-editor\" data-id=\"1a4240a7\" data-element_type=\"widget\" data-e-type=\"widget\" data-widget_type=\"text-editor.default\">\n\t\t\t\t\t\t\t\t\t<p>Zink-\/hei\u00dfverzinkt\/Pulverbeschichtung<\/p>\n\t\t\t\t\t\t\t\t<\/div>\n\t\t\t\t<\/div>\n\t\t<div class=\"elementor-element elementor-element-b4b1d8a e-con-full e-flex e-con e-child\" data-id=\"b4b1d8a\" data-element_type=\"container\" data-e-type=\"container\">\n\t\t\t\t<div class=\"elementor-element elementor-element-5789728c elementor-widget__width-initial elementor-widget elementor-widget-text-editor\" data-id=\"5789728c\" data-element_type=\"widget\" data-e-type=\"widget\" data-widget_type=\"text-editor.default\">\n\t\t\t\t\t\t\t\t\t<p>Anpassung<\/p>\n\t\t\t\t\t\t\t\t<\/div>\n\t\t\t\t<div class=\"elementor-element elementor-element-7f0c913 elementor-widget__width-initial elementor-widget elementor-widget-text-editor\" data-id=\"7f0c913\" data-element_type=\"widget\" data-e-type=\"widget\" data-widget_type=\"text-editor.default\">\n\t\t\t\t\t\t\t\t\t<p>ODM&amp;OEM<\/p>\n\t\t\t\t\t\t\t\t<\/div>\n\t\t\t\t<\/div>\n\t\t<div class=\"elementor-element elementor-element-52db57f7 e-con-full e-flex e-con e-child\" data-id=\"52db57f7\" data-element_type=\"container\" data-e-type=\"container\">\n\t\t\t\t<div class=\"elementor-element elementor-element-787611bd elementor-widget__width-initial elementor-widget elementor-widget-text-editor\" data-id=\"787611bd\" data-element_type=\"widget\" data-e-type=\"widget\" data-widget_type=\"text-editor.default\">\n\t\t\t\t\t\t\t\t\t<p>Herkunftsort <\/p>\n\t\t\t\t\t\t\t\t<\/div>\n\t\t\t\t<div class=\"elementor-element elementor-element-55e55d96 elementor-widget__width-initial elementor-widget elementor-widget-text-editor\" data-id=\"55e55d96\" data-element_type=\"widget\" data-e-type=\"widget\" data-widget_type=\"text-editor.default\">\n\t\t\t\t\t\t\t\t\t<p>Qingdao, China<\/p>\n\t\t\t\t\t\t\t\t<\/div>\n\t\t\t\t<\/div>\n\t\t\t\t\t<\/div>\n\t\t\t\t<\/div>\n\t\t<div class=\"elementor-element elementor-element-544e41c8 e-flex e-con-boxed e-con e-parent\" data-id=\"544e41c8\" data-element_type=\"container\" data-e-type=\"container\">\n\t\t\t\t\t<div class=\"e-con-inner\">\n\t\t\t\t<div class=\"elementor-element elementor-element-38565d47 elementor-widget elementor-widget-heading\" data-id=\"38565d47\" data-element_type=\"widget\" data-e-type=\"widget\" data-widget_type=\"heading.default\">\n\t\t\t\t\t<h2 class=\"elementor-heading-title elementor-size-default\">Funktionen<\/h2>\t\t\t\t<\/div>\n\t\t\t\t<div class=\"elementor-element elementor-element-64bc254f elementor-widget-divider--view-line elementor-widget elementor-widget-divider\" data-id=\"64bc254f\" data-element_type=\"widget\" data-e-type=\"widget\" data-widget_type=\"divider.default\">\n\t\t\t\t\t\t\t<div class=\"elementor-divider\">\n\t\t\t<span class=\"elementor-divider-separator\">\n\t\t\t\t\t\t<\/span>\n\t\t<\/div>\n\t\t\t\t\t\t<\/div>\n\t\t\t\t\t<\/div>\n\t\t\t\t<\/div>\n\t\t<div class=\"elementor-element elementor-element-59de345e e-flex e-con-boxed e-con e-parent\" data-id=\"59de345e\" data-element_type=\"container\" data-e-type=\"container\">\n\t\t\t\t\t<div class=\"e-con-inner\">\n\t\t<div class=\"elementor-element elementor-element-2527c255 e-con-full e-flex e-con e-child\" data-id=\"2527c255\" data-element_type=\"container\" data-e-type=\"container\">\n\t\t<div class=\"elementor-element elementor-element-6d84e248 e-con-full e-flex e-con e-child\" data-id=\"6d84e248\" data-element_type=\"container\" data-e-type=\"container\">\n\t\t\t\t<div class=\"elementor-element elementor-element-46aeb65c elementor-widget elementor-widget-heading\" data-id=\"46aeb65c\" data-element_type=\"widget\" data-e-type=\"widget\" data-widget_type=\"heading.default\">\n\t\t\t\t\t<h2 class=\"elementor-heading-title elementor-size-default\">1<\/h2>\t\t\t\t<\/div>\n\t\t\t\t<div class=\"elementor-element elementor-element-580e05f4 elementor-widget elementor-widget-heading\" data-id=\"580e05f4\" data-element_type=\"widget\" data-e-type=\"widget\" data-widget_type=\"heading.default\">\n\t\t\t\t\t<h3 class=\"elementor-heading-title elementor-size-default\">Haltbar<\/h3>\t\t\t\t<\/div>\n\t\t\t\t<\/div>\n\t\t<div class=\"elementor-element elementor-element-41cefcee e-con-full e-flex e-con e-child\" data-id=\"41cefcee\" data-element_type=\"container\" data-e-type=\"container\">\n\t\t\t\t<div class=\"elementor-element elementor-element-2ca3fddd elementor-widget elementor-widget-text-editor\" data-id=\"2ca3fddd\" data-element_type=\"widget\" data-e-type=\"widget\" data-widget_type=\"text-editor.default\">\n\t\t\t\t\t\t\t\t\t<p>Dieser Metallpalettenk\u00e4fig wird mit hochwertigen Rohstoffen hergestellt und w\u00e4hrend des Produktionsprozesses gr\u00fcndlich inspiziert. Die endg\u00fcltige Beschichtung sorgt daf\u00fcr, dass sie stets ihr urspr\u00fcngliches Aussehen beh\u00e4lt, sodass sie viele Jahre h\u00e4lt, solange Sie sie sinnvoll verwenden. <\/p>\n\t\t\t\t\t\t\t\t<\/div>\n\t\t\t\t<\/div>\n\t\t\t\t<\/div>\n\t\t<div class=\"elementor-element elementor-element-5c9c1145 e-con-full e-flex e-con e-child\" data-id=\"5c9c1145\" data-element_type=\"container\" data-e-type=\"container\">\n\t\t<div class=\"elementor-element elementor-element-ef0b2da e-con-full e-flex e-con e-child\" data-id=\"ef0b2da\" data-element_type=\"container\" data-e-type=\"container\">\n\t\t\t\t<div class=\"elementor-element elementor-element-42ead87a elementor-widget elementor-widget-heading\" data-id=\"42ead87a\" data-element_type=\"widget\" data-e-type=\"widget\" data-widget_type=\"heading.default\">\n\t\t\t\t\t<h2 class=\"elementor-heading-title elementor-size-default\">2<\/h2>\t\t\t\t<\/div>\n\t\t\t\t<div class=\"elementor-element elementor-element-3999ee59 elementor-widget elementor-widget-heading\" data-id=\"3999ee59\" data-element_type=\"widget\" data-e-type=\"widget\" data-widget_type=\"heading.default\">\n\t\t\t\t\t<h3 class=\"elementor-heading-title elementor-size-default\">Zusammenklappbar<\/h3>\t\t\t\t<\/div>\n\t\t\t\t<\/div>\n\t\t<div class=\"elementor-element elementor-element-7d9423da e-con-full e-flex e-con e-child\" data-id=\"7d9423da\" data-element_type=\"container\" data-e-type=\"container\">\n\t\t\t\t<div class=\"elementor-element elementor-element-4f0ce441 elementor-widget elementor-widget-text-editor\" data-id=\"4f0ce441\" data-element_type=\"widget\" data-e-type=\"widget\" data-widget_type=\"text-editor.default\">\n\t\t\t\t\t\t\t\t\t<p>Die faltbare Funktion macht es einfach, es zu verstauen, wenn du es nicht benutzt, und nimmt nicht zu viel Platz weg. <\/p>\n\t\t\t\t\t\t\t\t<\/div>\n\t\t\t\t<\/div>\n\t\t\t\t<\/div>\n\t\t<div class=\"elementor-element elementor-element-62016b29 e-con-full e-flex e-con e-child\" data-id=\"62016b29\" data-element_type=\"container\" data-e-type=\"container\">\n\t\t<div class=\"elementor-element elementor-element-bff14fd e-con-full e-flex e-con e-child\" data-id=\"bff14fd\" data-element_type=\"container\" data-e-type=\"container\">\n\t\t\t\t<div class=\"elementor-element elementor-element-52eb0471 elementor-widget elementor-widget-heading\" data-id=\"52eb0471\" data-element_type=\"widget\" data-e-type=\"widget\" data-widget_type=\"heading.default\">\n\t\t\t\t\t<h2 class=\"elementor-heading-title elementor-size-default\">3<\/h2>\t\t\t\t<\/div>\n\t\t\t\t<div class=\"elementor-element elementor-element-7fcf32d5 elementor-widget elementor-widget-heading\" data-id=\"7fcf32d5\" data-element_type=\"widget\" data-e-type=\"widget\" data-widget_type=\"heading.default\">\n\t\t\t\t\t<h3 class=\"elementor-heading-title elementor-size-default\">Erh\u00f6hung der Speicherkapazit\u00e4t<\/h3>\t\t\t\t<\/div>\n\t\t\t\t<\/div>\n\t\t<div class=\"elementor-element elementor-element-4248c5cc e-con-full e-flex e-con e-child\" data-id=\"4248c5cc\" data-element_type=\"container\" data-e-type=\"container\">\n\t\t\t\t<div class=\"elementor-element elementor-element-46d3928e elementor-widget elementor-widget-text-editor\" data-id=\"46d3928e\" data-element_type=\"widget\" data-e-type=\"widget\" data-widget_type=\"text-editor.default\">\n\t\t\t\t\t\t\t\t\t<p>Es kann eine gro\u00dfe Anzahl von Gegenst\u00e4nden in deinem Lager lagern, und du kannst es stapeln und nutzen, was den Lagerplatz deines Lagers erheblich erh\u00f6ht. <\/p>\n\t\t\t\t\t\t\t\t<\/div>\n\t\t\t\t<\/div>\n\t\t\t\t<\/div>\n\t\t<div class=\"elementor-element elementor-element-7c4a6ab6 e-con-full e-flex e-con e-child\" data-id=\"7c4a6ab6\" data-element_type=\"container\" data-e-type=\"container\">\n\t\t<div class=\"elementor-element elementor-element-6682fc4a e-con-full e-flex e-con e-child\" data-id=\"6682fc4a\" data-element_type=\"container\" data-e-type=\"container\">\n\t\t\t\t<div class=\"elementor-element elementor-element-3b952c42 elementor-widget elementor-widget-heading\" data-id=\"3b952c42\" data-element_type=\"widget\" data-e-type=\"widget\" data-widget_type=\"heading.default\">\n\t\t\t\t\t<h2 class=\"elementor-heading-title elementor-size-default\">4<\/h2>\t\t\t\t<\/div>\n\t\t\t\t<div class=\"elementor-element elementor-element-42f83032 elementor-widget elementor-widget-heading\" data-id=\"42f83032\" data-element_type=\"widget\" data-e-type=\"widget\" data-widget_type=\"heading.default\">\n\t\t\t\t\t<h3 class=\"elementor-heading-title elementor-size-default\">Verschiedene Designs<\/h3>\t\t\t\t<\/div>\n\t\t\t\t<\/div>\n\t\t<div class=\"elementor-element elementor-element-31638906 e-con-full e-flex e-con e-child\" data-id=\"31638906\" data-element_type=\"container\" data-e-type=\"container\">\n\t\t\t\t<div class=\"elementor-element elementor-element-6aac9269 elementor-widget elementor-widget-text-editor\" data-id=\"6aac9269\" data-element_type=\"widget\" data-e-type=\"widget\" data-widget_type=\"text-editor.default\">\n\t\t\t\t\t\t\t\t\t<p>Neben Gr\u00f6\u00dfen, Farben und Oberfl\u00e4chen, die individuell angepasst und angepasst werden k\u00f6nnen, haben wir eine Reihe weiterer Designs zur Auswahl. <\/p>\n\t\t\t\t\t\t\t\t<\/div>\n\t\t\t\t<\/div>\n\t\t\t\t<\/div>\n\t\t\t\t\t<\/div>\n\t\t\t\t<\/div>\n\t\t<div class=\"elementor-element elementor-element-6521547a e-flex e-con-boxed e-con e-parent\" data-id=\"6521547a\" data-element_type=\"container\" data-e-type=\"container\">\n\t\t\t\t\t<div class=\"e-con-inner\">\n\t\t<div class=\"elementor-element elementor-element-3eb4d317 e-con-full e-flex e-con e-child\" data-id=\"3eb4d317\" data-element_type=\"container\" data-e-type=\"container\">\n\t\t\t\t<div class=\"elementor-element elementor-element-5cd38877 elementor-widget elementor-widget-heading\" data-id=\"5cd38877\" data-element_type=\"widget\" data-e-type=\"widget\" data-widget_type=\"heading.default\">\n\t\t\t\t\t<h3 class=\"elementor-heading-title elementor-size-default\">Anwendungsgebiet<\/h3>\t\t\t\t<\/div>\n\t\t\t\t<div class=\"elementor-element elementor-element-786f6cf8 elementor-widget-divider--view-line elementor-widget elementor-widget-divider\" data-id=\"786f6cf8\" data-element_type=\"widget\" data-e-type=\"widget\" data-widget_type=\"divider.default\">\n\t\t\t\t\t\t\t<div class=\"elementor-divider\">\n\t\t\t<span class=\"elementor-divider-separator\">\n\t\t\t\t\t\t<\/span>\n\t\t<\/div>\n\t\t\t\t\t\t<\/div>\n\t\t\t\t<div class=\"elementor-element elementor-element-28a7c39c elementor-widget elementor-widget-spacer\" data-id=\"28a7c39c\" data-element_type=\"widget\" data-e-type=\"widget\" data-widget_type=\"spacer.default\">\n\t\t\t\t\t\t\t<div class=\"elementor-spacer\">\n\t\t\t<div class=\"elementor-spacer-inner\"><\/div>\n\t\t<\/div>\n\t\t\t\t\t\t<\/div>\n\t\t\t\t<div class=\"elementor-element elementor-element-69503aee elementor-widget elementor-widget-text-editor\" data-id=\"69503aee\" data-element_type=\"widget\" data-e-type=\"widget\" data-widget_type=\"text-editor.default\">\n\t\t\t\t\t\t\t\t\t<p>Der Metallpalettenk\u00e4fig wird in einer Vielzahl von Anwendungen eingesetzt, nicht nur im Einzelhandel zur Pr\u00e4sentation von Waren, sondern auch in der Logistikbranche und der Landwirtschaft zur Lagerung von Expresspost und Gem\u00fcse. Es ist eine sehr bequeme M\u00f6glichkeit, alles zu lagern. <\/p>\n\t\t\t\t\t\t\t\t<\/div>\n\t\t\t\t<\/div>\n\t\t\t\t\t<\/div>\n\t\t\t\t<\/div>\n\t\t\t\t<\/div>\n\t\t","protected":false},"excerpt":{"rendered":"<p>Beschreibung Der Metall-Palettenk\u00e4fig ist ein Beh\u00e4lter mit einem Z-Kanal zur Aufbewahrung von Gegenst\u00e4nden. Perfekt zur Aufbewahrung, und die Gr\u00f6\u00dfe l\u00e4sst sich an Ihr unteres Tablett anpassen, sodass wir Ihnen jede gew\u00fcnschte Gr\u00f6\u00dfe anbieten k\u00f6nnen! Die Z-Kanal-Struktur dieses K\u00e4figs sorgt daf\u00fcr, dass er stabiler und in mehreren Schichten gestapelt werden kann, um die Platznutzung zu erh\u00f6hen. [&hellip;]<\/p>\n","protected":false},"featured_media":3536,"comment_status":"closed","ping_status":"closed","template":"","meta":[],"product_brand":[],"product_cat":[128],"product_tag":[],"class_list":{"0":"post-28336","1":"product","2":"type-product","3":"status-publish","4":"has-post-thumbnail","6":"product_cat-nicht-kategorisiert","8":"first","9":"instock","10":"shipping-taxable","11":"product-type-simple"},"_links":{"self":[{"href":"https:\/\/www.logistictool.com\/de\/wp-json\/wp\/v2\/product\/28336","targetHints":{"allow":["GET"]}}],"collection":[{"href":"https:\/\/www.logistictool.com\/de\/wp-json\/wp\/v2\/product"}],"about":[{"href":"https:\/\/www.logistictool.com\/de\/wp-json\/wp\/v2\/types\/product"}],"replies":[{"embeddable":true,"href":"https:\/\/www.logistictool.com\/de\/wp-json\/wp\/v2\/comments?post=28336"}],"version-history":[{"count":0,"href":"https:\/\/www.logistictool.com\/de\/wp-json\/wp\/v2\/product\/28336\/revisions"}],"wp:featuredmedia":[{"embeddable":true,"href":"https:\/\/www.logistictool.com\/de\/wp-json\/wp\/v2\/media\/3536"}],"wp:attachment":[{"href":"https:\/\/www.logistictool.com\/de\/wp-json\/wp\/v2\/media?parent=28336"}],"wp:term":[{"taxonomy":"product_brand","embeddable":true,"href":"https:\/\/www.logistictool.com\/de\/wp-json\/wp\/v2\/product_brand?post=28336"},{"taxonomy":"product_cat","embeddable":true,"href":"https:\/\/www.logistictool.com\/de\/wp-json\/wp\/v2\/product_cat?post=28336"},{"taxonomy":"product_tag","embeddable":true,"href":"https:\/\/www.logistictool.com\/de\/wp-json\/wp\/v2\/product_tag?post=28336"}],"curies":[{"name":"wp","href":"https:\/\/api.w.org\/{rel}","templated":true}]}}