{"id":27133,"date":"2025-05-13T03:25:58","date_gmt":"2025-05-13T03:25:58","guid":{"rendered":"https:\/\/www.logistictool.com\/sin%20categor\u00eda\/jaula-de-lavanderia-metalica-con-ruedas\/"},"modified":"2025-11-25T08:44:00","modified_gmt":"2025-11-25T08:44:00","slug":"jaula-de-lavanderia-metalica-con-ruedas","status":"publish","type":"product","link":"https:\/\/www.logistictool.com\/es\/jaulas-de-lavanderia\/jaula-de-lavanderia-metalica-con-ruedas\/","title":{"rendered":"Jaula de lavander\u00eda met\u00e1lica con ruedas"},"content":{"rendered":"\t\t<div data-elementor-type=\"product-post\" data-elementor-id=\"27133\" class=\"elementor elementor-27133 elementor-3118\" data-elementor-post-type=\"product\">\n\t\t\t\t<div class=\"elementor-element elementor-element-6ab83fcf e-flex e-con-boxed e-con e-parent\" data-id=\"6ab83fcf\" data-element_type=\"container\" data-e-type=\"container\">\n\t\t\t\t\t<div class=\"e-con-inner\">\n\t\t\t\t<div class=\"elementor-element elementor-element-62566aa7 elementor-widget elementor-widget-spacer\" data-id=\"62566aa7\" data-element_type=\"widget\" data-e-type=\"widget\" data-widget_type=\"spacer.default\">\n\t\t\t\t\t\t\t<div class=\"elementor-spacer\">\n\t\t\t<div class=\"elementor-spacer-inner\"><\/div>\n\t\t<\/div>\n\t\t\t\t\t\t<\/div>\n\t\t\t\t\t<\/div>\n\t\t\t\t<\/div>\n\t\t<div class=\"elementor-element elementor-element-5573c472 e-flex e-con-boxed e-con e-parent\" data-id=\"5573c472\" data-element_type=\"container\" data-e-type=\"container\">\n\t\t\t\t\t<div class=\"e-con-inner\">\n\t\t\t\t<div class=\"elementor-element elementor-element-4a5b40fd elementor-widget elementor-widget-text-editor\" data-id=\"4a5b40fd\" data-element_type=\"widget\" data-e-type=\"widget\" data-widget_type=\"text-editor.default\">\n\t\t\t\t\t\t\t\t\t<p>Descripci\u00f3n<\/p>\n\t\t\t\t\t\t\t\t<\/div>\n\t\t\t\t<div class=\"elementor-element elementor-element-3c1abe68 elementor-widget-divider--view-line elementor-widget elementor-widget-divider\" data-id=\"3c1abe68\" data-element_type=\"widget\" data-e-type=\"widget\" data-widget_type=\"divider.default\">\n\t\t\t\t\t\t\t<div class=\"elementor-divider\">\n\t\t\t<span class=\"elementor-divider-separator\">\n\t\t\t\t\t\t<\/span>\n\t\t<\/div>\n\t\t\t\t\t\t<\/div>\n\t\t\t\t<div class=\"elementor-element elementor-element-7cbbdd03 elementor-widget elementor-widget-text-editor\" data-id=\"7cbbdd03\" data-element_type=\"widget\" data-e-type=\"widget\" data-widget_type=\"text-editor.default\">\n\t\t\t\t\t\t\t\t\t<p>Caracter\u00edsticas de la jaula de lavander\u00eda de metal con ruedas<\/p>\n<p>1. Dise\u00f1o: desmontable, anidable y m\u00f3vil. 2, 3 \u00f3 4 paredes laterales, 2. Ahorre m\u00e1s espacio de almacenamiento. 3. F\u00e1cil de montar y desmontar. Uso inteligente y alta capacidad de carga, PP\/nylon PA6, ruedas de goma, etc. Puede ser utilizado de manera inteligente y conveniente, m\u00e1s \u00fatil para sus soluciones de almacenamiento y log\u00edstica. El tratamiento de la superficie puede ser revestido en polvo, galvanizado el\u00e9ctrico y galvanizado por inmersi\u00f3n en caliente, 3 tipos est\u00e1n disponibles.<\/p>\n\t\t\t\t\t\t\t\t<\/div>\n\t\t\t\t\t<\/div>\n\t\t\t\t<\/div>\n\t\t<div class=\"elementor-element elementor-element-7dd313f9 e-flex e-con-boxed e-con e-parent\" data-id=\"7dd313f9\" data-element_type=\"container\" data-e-type=\"container\">\n\t\t\t\t\t<div class=\"e-con-inner\">\n\t\t\t\t<div class=\"elementor-element elementor-element-b9195fe elementor-widget elementor-widget-heading\" data-id=\"b9195fe\" data-element_type=\"widget\" data-e-type=\"widget\" data-widget_type=\"heading.default\">\n\t\t\t\t\t<h3 class=\"elementor-heading-title elementor-size-default\">Par\u00e1metros del producto<\/h3>\t\t\t\t<\/div>\n\t\t\t\t<div class=\"elementor-element elementor-element-f51f669 elementor-widget-divider--view-line elementor-widget elementor-widget-divider\" data-id=\"f51f669\" data-element_type=\"widget\" data-e-type=\"widget\" data-widget_type=\"divider.default\">\n\t\t\t\t\t\t\t<div class=\"elementor-divider\">\n\t\t\t<span class=\"elementor-divider-separator\">\n\t\t\t\t\t\t<\/span>\n\t\t<\/div>\n\t\t\t\t\t\t<\/div>\n\t\t<div class=\"elementor-element elementor-element-5177a4b0 e-con-full e-flex e-con e-child\" data-id=\"5177a4b0\" data-element_type=\"container\" data-e-type=\"container\">\n\t\t\t\t<div class=\"elementor-element elementor-element-31531284 elementor-widget__width-initial elementor-widget elementor-widget-text-editor\" data-id=\"31531284\" data-element_type=\"widget\" data-e-type=\"widget\" data-widget_type=\"text-editor.default\">\n\t\t\t\t\t\t\t\t\t<p>Nombre del producto<\/p>\n\t\t\t\t\t\t\t\t<\/div>\n\t\t\t\t<div class=\"elementor-element elementor-element-189c6b2c elementor-widget__width-initial elementor-widget elementor-widget-text-editor\" data-id=\"189c6b2c\" data-element_type=\"widget\" data-e-type=\"widget\" data-widget_type=\"text-editor.default\">\n\t\t\t\t\t\t\t\t\t<p>Jaula de lavander\u00eda met\u00e1lica con ruedas<\/p>\n\t\t\t\t\t\t\t\t<\/div>\n\t\t\t\t<\/div>\n\t\t<div class=\"elementor-element elementor-element-4747ac9f e-con-full e-flex e-con e-child\" data-id=\"4747ac9f\" data-element_type=\"container\" data-e-type=\"container\">\n\t\t\t\t<div class=\"elementor-element elementor-element-2d7b89f7 elementor-widget__width-initial elementor-widget elementor-widget-text-editor\" data-id=\"2d7b89f7\" data-element_type=\"widget\" data-e-type=\"widget\" data-widget_type=\"text-editor.default\">\n\t\t\t\t\t\t\t\t\t<p>Dimensiones exteriores<\/p>\n\t\t\t\t\t\t\t\t<\/div>\n\t\t\t\t<div class=\"elementor-element elementor-element-3efe1a70 elementor-widget__width-initial elementor-widget elementor-widget-text-editor\" data-id=\"3efe1a70\" data-element_type=\"widget\" data-e-type=\"widget\" data-widget_type=\"text-editor.default\">\n\t\t\t\t\t\t\t\t\t<p>850*600*1750MM<\/p>\n\t\t\t\t\t\t\t\t<\/div>\n\t\t\t\t<\/div>\n\t\t<div class=\"elementor-element elementor-element-6e8aa678 e-con-full e-flex e-con e-child\" data-id=\"6e8aa678\" data-element_type=\"container\" data-e-type=\"container\">\n\t\t\t\t<div class=\"elementor-element elementor-element-34873233 elementor-widget__width-initial elementor-widget elementor-widget-text-editor\" data-id=\"34873233\" data-element_type=\"widget\" data-e-type=\"widget\" data-widget_type=\"text-editor.default\">\n\t\t\t\t\t\t\t\t\t<p>Noroeste<\/p>\n\t\t\t\t\t\t\t\t<\/div>\n\t\t\t\t<div class=\"elementor-element elementor-element-470e69bf elementor-widget__width-initial elementor-widget elementor-widget-text-editor\" data-id=\"470e69bf\" data-element_type=\"widget\" data-e-type=\"widget\" data-widget_type=\"text-editor.default\">\n\t\t\t\t\t\t\t\t\t<p>30 kg<\/p>\n\t\t\t\t\t\t\t\t<\/div>\n\t\t\t\t<\/div>\n\t\t<div class=\"elementor-element elementor-element-11249edc e-con-full e-flex e-con e-child\" data-id=\"11249edc\" data-element_type=\"container\" data-e-type=\"container\">\n\t\t\t\t<div class=\"elementor-element elementor-element-7d181e2d elementor-widget__width-initial elementor-widget elementor-widget-text-editor\" data-id=\"7d181e2d\" data-element_type=\"widget\" data-e-type=\"widget\" data-widget_type=\"text-editor.default\">\n\t\t\t\t\t\t\t\t\t<p>Carga m\u00e1xima<\/p>\n\t\t\t\t\t\t\t\t<\/div>\n\t\t\t\t<div class=\"elementor-element elementor-element-37bd68d6 elementor-widget__width-initial elementor-widget elementor-widget-text-editor\" data-id=\"37bd68d6\" data-element_type=\"widget\" data-e-type=\"widget\" data-widget_type=\"text-editor.default\">\n\t\t\t\t\t\t\t\t\t<p>600 kg<\/p>\n\t\t\t\t\t\t\t\t<\/div>\n\t\t\t\t<\/div>\n\t\t<div class=\"elementor-element elementor-element-5cb067ec e-con-full e-flex e-con e-child\" data-id=\"5cb067ec\" data-element_type=\"container\" data-e-type=\"container\">\n\t\t\t\t<div class=\"elementor-element elementor-element-21fe1833 elementor-widget__width-initial elementor-widget elementor-widget-text-editor\" data-id=\"21fe1833\" data-element_type=\"widget\" data-e-type=\"widget\" data-widget_type=\"text-editor.default\">\n\t\t\t\t\t\t\t\t\t<p>Materiales<\/p>\n\t\t\t\t\t\t\t\t<\/div>\n\t\t\t\t<div class=\"elementor-element elementor-element-2ae4fb4 elementor-widget__width-initial elementor-widget elementor-widget-text-editor\" data-id=\"2ae4fb4\" data-element_type=\"widget\" data-e-type=\"widget\" data-widget_type=\"text-editor.default\">\n\t\t\t\t\t\t\t\t\t<p>Acero bajo Q235<\/p>\n\t\t\t\t\t\t\t\t<\/div>\n\t\t\t\t<\/div>\n\t\t<div class=\"elementor-element elementor-element-39f30cd0 e-con-full e-flex e-con e-child\" data-id=\"39f30cd0\" data-element_type=\"container\" data-e-type=\"container\">\n\t\t\t\t<div class=\"elementor-element elementor-element-234fa19c elementor-widget__width-initial elementor-widget elementor-widget-text-editor\" data-id=\"234fa19c\" data-element_type=\"widget\" data-e-type=\"widget\" data-widget_type=\"text-editor.default\">\n\t\t\t\t\t\t\t\t\t<p>Completar<\/p>\n\t\t\t\t\t\t\t\t<\/div>\n\t\t\t\t<div class=\"elementor-element elementor-element-950b9e elementor-widget__width-initial elementor-widget elementor-widget-text-editor\" data-id=\"950b9e\" data-element_type=\"widget\" data-e-type=\"widget\" data-widget_type=\"text-editor.default\">\n\t\t\t\t\t\t\t\t\t<p>Zinc\/caliente galvanizado\/revestimiento en polvo<\/p>\n\t\t\t\t\t\t\t\t<\/div>\n\t\t\t\t<\/div>\n\t\t<div class=\"elementor-element elementor-element-7807c519 e-con-full e-flex e-con e-child\" data-id=\"7807c519\" data-element_type=\"container\" data-e-type=\"container\">\n\t\t\t\t<div class=\"elementor-element elementor-element-39607186 elementor-widget__width-initial elementor-widget elementor-widget-text-editor\" data-id=\"39607186\" data-element_type=\"widget\" data-e-type=\"widget\" data-widget_type=\"text-editor.default\">\n\t\t\t\t\t\t\t\t\t<p>Personalizado<\/p>\n\t\t\t\t\t\t\t\t<\/div>\n\t\t\t\t<div class=\"elementor-element elementor-element-5d87ead5 elementor-widget__width-initial elementor-widget elementor-widget-text-editor\" data-id=\"5d87ead5\" data-element_type=\"widget\" data-e-type=\"widget\" data-widget_type=\"text-editor.default\">\n\t\t\t\t\t\t\t\t\t<p>ODM y OEM<\/p>\n\t\t\t\t\t\t\t\t<\/div>\n\t\t\t\t<\/div>\n\t\t<div class=\"elementor-element elementor-element-54acde58 e-con-full e-flex e-con e-child\" data-id=\"54acde58\" data-element_type=\"container\" data-e-type=\"container\">\n\t\t\t\t<div class=\"elementor-element elementor-element-57c9f0d6 elementor-widget__width-initial elementor-widget elementor-widget-text-editor\" data-id=\"57c9f0d6\" data-element_type=\"widget\" data-e-type=\"widget\" data-widget_type=\"text-editor.default\">\n\t\t\t\t\t\t\t\t\t<p>Origen de origen<\/p>\n\t\t\t\t\t\t\t\t<\/div>\n\t\t\t\t<div class=\"elementor-element elementor-element-62c1896e elementor-widget__width-initial elementor-widget elementor-widget-text-editor\" data-id=\"62c1896e\" data-element_type=\"widget\" data-e-type=\"widget\" data-widget_type=\"text-editor.default\">\n\t\t\t\t\t\t\t\t\t<p>Qingdao, China<\/p>\n\t\t\t\t\t\t\t\t<\/div>\n\t\t\t\t<\/div>\n\t\t\t\t\t<\/div>\n\t\t\t\t<\/div>\n\t\t<div class=\"elementor-element elementor-element-1bfb3e8c e-flex e-con-boxed e-con e-parent\" data-id=\"1bfb3e8c\" data-element_type=\"container\" data-e-type=\"container\">\n\t\t\t\t\t<div class=\"e-con-inner\">\n\t\t<div class=\"elementor-element elementor-element-5bc0eaee e-con-full e-flex e-con e-child\" data-id=\"5bc0eaee\" data-element_type=\"container\" data-e-type=\"container\">\n\t\t\t\t<div class=\"elementor-element elementor-element-3e8fb79d elementor-widget-divider--view-line_icon elementor-widget-divider--element-align-left elementor-view-default elementor-widget elementor-widget-divider\" data-id=\"3e8fb79d\" data-element_type=\"widget\" data-e-type=\"widget\" data-widget_type=\"divider.default\">\n\t\t\t\t\t\t\t<div class=\"elementor-divider\">\n\t\t\t<span class=\"elementor-divider-separator\">\n\t\t\t\t\t\t\t<div class=\"elementor-icon elementor-divider__element\">\n\t\t\t\t\t<svg aria-hidden=\"true\" class=\"e-font-icon-svg e-fas-square\" viewBox=\"0 0 448 512\" xmlns=\"http:\/\/www.w3.org\/2000\/svg\"><path d=\"M400 32H48C21.5 32 0 53.5 0 80v352c0 26.5 21.5 48 48 48h352c26.5 0 48-21.5 48-48V80c0-26.5-21.5-48-48-48z\"><\/path><\/svg><\/div>\n\t\t\t\t\t\t<\/span>\n\t\t<\/div>\n\t\t\t\t\t\t<\/div>\n\t\t\t\t<div class=\"elementor-element elementor-element-6a96f90f elementor-widget elementor-widget-text-editor\" data-id=\"6a96f90f\" data-element_type=\"widget\" data-e-type=\"widget\" data-widget_type=\"text-editor.default\">\n\t\t\t\t\t\t\t\t\t<p>1. Jaula de lavander\u00eda met\u00e1lica port\u00e1til-f\u00e1cil de plegar y mover con la mano o el robot-ahorra m\u00e1s espacio de almac\u00e9n, utilice inteligencia y alta eficiencia<\/p>\n<p>2. Columna plegable-reduce los costos de env\u00edo y ahorra espacio en per\u00edodos m\u00e1s lentos-recupera el 80% del espacio de almacenamiento cuando se plega\/desmonta<\/p>\n<p>3. Tratamiento de superficie galvanizado de alta calidad para una vida \u00fatil m\u00e1s larga.<\/p>\n<p>&#8212;El gran tubo de tama\u00f1o especial curvo y la estructura de malla hacen que el marco de acero sea duradero y estable..<\/p>\n<\/p>\n<p>Nuestra empresa se dedica principalmente a la producci\u00f3n, desarrollo y fabricaci\u00f3n de equipos de rotaci\u00f3n log\u00edstica, con m\u00e1s de diez a\u00f1os de experiencia en producci\u00f3n. La compa\u00f1\u00eda tiene un \u00e1rea de producci\u00f3n de 5000 metros cuadrados y m\u00e1s de 60 conjuntos de diversos tipos de equipos.<\/p>\n<p>Estamos comprometidos a ofrecerle las mejores soluciones para la manipulaci\u00f3n de materiales y el almacenamiento log\u00edstico.<\/p>\n\t\t\t\t\t\t\t\t<\/div>\n\t\t\t\t<\/div>\n\t\t<div class=\"elementor-element elementor-element-48c77b7f e-con-full e-flex e-con e-child\" data-id=\"48c77b7f\" data-element_type=\"container\" data-e-type=\"container\">\n\t\t\t\t<div class=\"elementor-element elementor-element-1945083 e-transform elementor-widget elementor-widget-image\" data-id=\"1945083\" data-element_type=\"widget\" data-e-type=\"widget\" data-settings=\"{&quot;_transform_scale_effect_hover&quot;:{&quot;unit&quot;:&quot;px&quot;,&quot;size&quot;:1.05,&quot;sizes&quot;:[]},&quot;_transform_scale_effect_hover_tablet&quot;:{&quot;unit&quot;:&quot;px&quot;,&quot;size&quot;:&quot;&quot;,&quot;sizes&quot;:[]},&quot;_transform_scale_effect_hover_mobile&quot;:{&quot;unit&quot;:&quot;px&quot;,&quot;size&quot;:&quot;&quot;,&quot;sizes&quot;:[]}}\" data-widget_type=\"image.default\">\n\t\t\t\t\t\t\t\t\t\t\t\t\t\t\t<img fetchpriority=\"high\" decoding=\"async\" width=\"601\" height=\"395\" src=\"https:\/\/www.logistictool.com\/wp-content\/uploads\/2025\/05\/Metal-Laundry-Cage-With-Wheels-1.jpg?wsr\" class=\"attachment-full size-full wp-image-14419\" alt=\"\" srcset=\"https:\/\/www.logistictool.com\/wp-content\/uploads\/2025\/05\/Metal-Laundry-Cage-With-Wheels-1.jpg 601w, https:\/\/www.logistictool.com\/wp-content\/uploads\/2025\/05\/Metal-Laundry-Cage-With-Wheels-1-300x197.jpg 300w\" sizes=\"(max-width: 601px) 100vw, 601px\" \/>\t\t\t\t\t\t\t\t\t\t\t\t\t\t\t<\/div>\n\t\t\t\t<\/div>\n\t\t\t\t\t<\/div>\n\t\t\t\t<\/div>\n\t\t\t\t<\/div>\n\t\t","protected":false},"excerpt":{"rendered":"<p>Descripci\u00f3n Caracter\u00edsticas de la jaula de lavander\u00eda de metal con ruedas 1. Dise\u00f1o: desmontable, anidable y m\u00f3vil. 2, 3 \u00f3 4 paredes laterales, 2. Ahorre m\u00e1s espacio de almacenamiento. 3. F\u00e1cil de montar y desmontar. Uso inteligente y alta capacidad de carga, PP\/nylon PA6, ruedas de goma, etc. Puede ser utilizado de manera inteligente y [&hellip;]<\/p>\n","protected":false},"featured_media":3535,"comment_status":"closed","ping_status":"closed","template":"","meta":[],"product_brand":[],"product_cat":[154],"product_tag":[],"class_list":{"0":"post-27133","1":"product","2":"type-product","3":"status-publish","4":"has-post-thumbnail","6":"product_cat-jaulas-de-lavanderia","8":"first","9":"instock","10":"shipping-taxable","11":"product-type-simple"},"_links":{"self":[{"href":"https:\/\/www.logistictool.com\/es\/wp-json\/wp\/v2\/product\/27133","targetHints":{"allow":["GET"]}}],"collection":[{"href":"https:\/\/www.logistictool.com\/es\/wp-json\/wp\/v2\/product"}],"about":[{"href":"https:\/\/www.logistictool.com\/es\/wp-json\/wp\/v2\/types\/product"}],"replies":[{"embeddable":true,"href":"https:\/\/www.logistictool.com\/es\/wp-json\/wp\/v2\/comments?post=27133"}],"version-history":[{"count":0,"href":"https:\/\/www.logistictool.com\/es\/wp-json\/wp\/v2\/product\/27133\/revisions"}],"wp:featuredmedia":[{"embeddable":true,"href":"https:\/\/www.logistictool.com\/es\/wp-json\/wp\/v2\/media\/3535"}],"wp:attachment":[{"href":"https:\/\/www.logistictool.com\/es\/wp-json\/wp\/v2\/media?parent=27133"}],"wp:term":[{"taxonomy":"product_brand","embeddable":true,"href":"https:\/\/www.logistictool.com\/es\/wp-json\/wp\/v2\/product_brand?post=27133"},{"taxonomy":"product_cat","embeddable":true,"href":"https:\/\/www.logistictool.com\/es\/wp-json\/wp\/v2\/product_cat?post=27133"},{"taxonomy":"product_tag","embeddable":true,"href":"https:\/\/www.logistictool.com\/es\/wp-json\/wp\/v2\/product_tag?post=27133"}],"curies":[{"name":"wp","href":"https:\/\/api.w.org\/{rel}","templated":true}]}}