{"id":28192,"date":"2025-05-12T06:04:52","date_gmt":"2025-05-12T06:04:52","guid":{"rendered":"https:\/\/www.logistictool.com\/sin%20categor\u00eda\/tranvia-de-jaula-antivuelco-logistica\/"},"modified":"2025-12-31T15:29:43","modified_gmt":"2025-12-31T15:29:43","slug":"tranvia-de-jaula-antivuelco-logistica","status":"publish","type":"product","link":"https:\/\/www.logistictool.com\/es\/contenedor-rodante-de-3-lados\/tranvia-de-jaula-antivuelco-logistica\/","title":{"rendered":"Tranv\u00eda de jaula antivuelco log\u00edstica"},"content":{"rendered":"\t\t<div data-elementor-type=\"product-post\" data-elementor-id=\"28192\" class=\"elementor elementor-28192 elementor-3050\" data-elementor-post-type=\"product\">\n\t\t\t\t<div class=\"elementor-element elementor-element-16933bb2 e-flex e-con-boxed e-con e-parent\" data-id=\"16933bb2\" data-element_type=\"container\" data-e-type=\"container\">\n\t\t\t\t\t<div class=\"e-con-inner\">\n\t\t\t\t<div class=\"elementor-element elementor-element-6866e546 elementor-widget elementor-widget-spacer\" data-id=\"6866e546\" data-element_type=\"widget\" data-e-type=\"widget\" data-widget_type=\"spacer.default\">\n\t\t\t\t\t\t\t<div class=\"elementor-spacer\">\n\t\t\t<div class=\"elementor-spacer-inner\"><\/div>\n\t\t<\/div>\n\t\t\t\t\t\t<\/div>\n\t\t\t\t\t<\/div>\n\t\t\t\t<\/div>\n\t\t<div class=\"elementor-element elementor-element-4d5f580c e-flex e-con-boxed e-con e-parent\" data-id=\"4d5f580c\" data-element_type=\"container\" data-e-type=\"container\">\n\t\t\t\t\t<div class=\"e-con-inner\">\n\t\t\t\t<div class=\"elementor-element elementor-element-22e2f095 elementor-widget elementor-widget-text-editor\" data-id=\"22e2f095\" data-element_type=\"widget\" data-e-type=\"widget\" data-widget_type=\"text-editor.default\">\n\t\t\t\t\t\t\t\t\t<p>Description<\/p>\n\t\t\t\t\t\t\t\t<\/div>\n\t\t\t\t<div class=\"elementor-element elementor-element-76847d55 elementor-widget-divider--view-line elementor-widget elementor-widget-divider\" data-id=\"76847d55\" data-element_type=\"widget\" data-e-type=\"widget\" data-widget_type=\"divider.default\">\n\t\t\t\t\t\t\t<div class=\"elementor-divider\">\n\t\t\t<span class=\"elementor-divider-separator\">\n\t\t\t\t\t\t<\/span>\n\t\t<\/div>\n\t\t\t\t\t\t<\/div>\n\t\t\t\t<div class=\"elementor-element elementor-element-7235377e elementor-widget elementor-widget-text-editor\" data-id=\"7235377e\" data-element_type=\"widget\" data-e-type=\"widget\" data-widget_type=\"text-editor.default\">\n\t\t\t\t\t\t\t\t\t<p>El Carro de Jaula Log\u00edstica es un contenedor vers\u00e1til, similar a una jaula, sobre ruedas. Es m\u00e1s conocido por su capacidad para almacenar y transportar mercanc\u00edas de forma eficiente por el almac\u00e9n. Son f\u00e1ciles de usar y un ahorro de espacio ideal, ya que el carro puede instalarse o desmontarse en segundos cuando no se usa. Los carritos log\u00edsticos de jaula antivuelco son algunos de los productos m\u00e1s codiciados en la industria minorista y de supermercados. <\/p>\n\t\t\t\t\t\t\t\t<\/div>\n\t\t\t\t\t<\/div>\n\t\t\t\t<\/div>\n\t\t<div class=\"elementor-element elementor-element-1c163075 e-flex e-con-boxed e-con e-parent\" data-id=\"1c163075\" data-element_type=\"container\" data-e-type=\"container\">\n\t\t\t\t\t<div class=\"e-con-inner\">\n\t\t\t\t<div class=\"elementor-element elementor-element-1d2fb6f1 elementor-widget elementor-widget-heading\" data-id=\"1d2fb6f1\" data-element_type=\"widget\" data-e-type=\"widget\" data-widget_type=\"heading.default\">\n\t\t\t\t\t<h3 class=\"elementor-heading-title elementor-size-default\">Par\u00e1metros del producto<\/h3>\t\t\t\t<\/div>\n\t\t\t\t<div class=\"elementor-element elementor-element-74535800 elementor-widget-divider--view-line elementor-widget elementor-widget-divider\" data-id=\"74535800\" data-element_type=\"widget\" data-e-type=\"widget\" data-widget_type=\"divider.default\">\n\t\t\t\t\t\t\t<div class=\"elementor-divider\">\n\t\t\t<span class=\"elementor-divider-separator\">\n\t\t\t\t\t\t<\/span>\n\t\t<\/div>\n\t\t\t\t\t\t<\/div>\n\t\t<div class=\"elementor-element elementor-element-1a3bf34b e-con-full e-flex e-con e-child\" data-id=\"1a3bf34b\" data-element_type=\"container\" data-e-type=\"container\">\n\t\t\t\t<div class=\"elementor-element elementor-element-7ec60b6a elementor-widget__width-initial elementor-widget elementor-widget-text-editor\" data-id=\"7ec60b6a\" data-element_type=\"widget\" data-e-type=\"widget\" data-widget_type=\"text-editor.default\">\n\t\t\t\t\t\t\t\t\t<p>Nombre del producto<\/p>\n\t\t\t\t\t\t\t\t<\/div>\n\t\t\t\t<div class=\"elementor-element elementor-element-57ca6fbf elementor-widget__width-initial elementor-widget elementor-widget-text-editor\" data-id=\"57ca6fbf\" data-element_type=\"widget\" data-e-type=\"widget\" data-widget_type=\"text-editor.default\">\n\t\t\t\t\t\t\t\t\t<p>Tranv\u00eda de jaula antivuelco log\u00edstica<\/p>\n\t\t\t\t\t\t\t\t<\/div>\n\t\t\t\t<\/div>\n\t\t<div class=\"elementor-element elementor-element-6d799b31 e-con-full e-flex e-con e-child\" data-id=\"6d799b31\" data-element_type=\"container\" data-e-type=\"container\">\n\t\t\t\t<div class=\"elementor-element elementor-element-3ceef929 elementor-widget__width-initial elementor-widget elementor-widget-text-editor\" data-id=\"3ceef929\" data-element_type=\"widget\" data-e-type=\"widget\" data-widget_type=\"text-editor.default\">\n\t\t\t\t\t\t\t\t\t<p>Dimensi\u00f3n exterior<\/p>\n\t\t\t\t\t\t\t\t<\/div>\n\t\t\t\t<div class=\"elementor-element elementor-element-3d185292 elementor-widget__width-initial elementor-widget elementor-widget-text-editor\" data-id=\"3d185292\" data-element_type=\"widget\" data-e-type=\"widget\" data-widget_type=\"text-editor.default\">\n\t\t\t\t\t\t\t\t\t<p>810*720*1730MM<\/p>\n\t\t\t\t\t\t\t\t<\/div>\n\t\t\t\t<\/div>\n\t\t<div class=\"elementor-element elementor-element-5b587b2d e-con-full e-flex e-con e-child\" data-id=\"5b587b2d\" data-element_type=\"container\" data-e-type=\"container\">\n\t\t\t\t<div class=\"elementor-element elementor-element-57a5ad1 elementor-widget__width-initial elementor-widget elementor-widget-text-editor\" data-id=\"57a5ad1\" data-element_type=\"widget\" data-e-type=\"widget\" data-widget_type=\"text-editor.default\">\n\t\t\t\t\t\t\t\t\t<p>N.W<\/p>\n\t\t\t\t\t\t\t\t<\/div>\n\t\t\t\t<div class=\"elementor-element elementor-element-7184edb7 elementor-widget__width-initial elementor-widget elementor-widget-text-editor\" data-id=\"7184edb7\" data-element_type=\"widget\" data-e-type=\"widget\" data-widget_type=\"text-editor.default\">\n\t\t\t\t\t\t\t\t\t<p>50kg<\/p>\n\t\t\t\t\t\t\t\t<\/div>\n\t\t\t\t<\/div>\n\t\t<div class=\"elementor-element elementor-element-6c97aec2 e-con-full e-flex e-con e-child\" data-id=\"6c97aec2\" data-element_type=\"container\" data-e-type=\"container\">\n\t\t\t\t<div class=\"elementor-element elementor-element-79ab1a03 elementor-widget__width-initial elementor-widget elementor-widget-text-editor\" data-id=\"79ab1a03\" data-element_type=\"widget\" data-e-type=\"widget\" data-widget_type=\"text-editor.default\">\n\t\t\t\t\t\t\t\t\t<p>carga m\u00e1xima<\/p>\n\t\t\t\t\t\t\t\t<\/div>\n\t\t\t\t<div class=\"elementor-element elementor-element-78c5861b elementor-widget__width-initial elementor-widget elementor-widget-text-editor\" data-id=\"78c5861b\" data-element_type=\"widget\" data-e-type=\"widget\" data-widget_type=\"text-editor.default\">\n\t\t\t\t\t\t\t\t\t<p>350kg<\/p>\n\t\t\t\t\t\t\t\t<\/div>\n\t\t\t\t<\/div>\n\t\t<div class=\"elementor-element elementor-element-552e3898 e-con-full e-flex e-con e-child\" data-id=\"552e3898\" data-element_type=\"container\" data-e-type=\"container\">\n\t\t\t\t<div class=\"elementor-element elementor-element-61341daf elementor-widget__width-initial elementor-widget elementor-widget-text-editor\" data-id=\"61341daf\" data-element_type=\"widget\" data-e-type=\"widget\" data-widget_type=\"text-editor.default\">\n\t\t\t\t\t\t\t\t\t<p>Material<\/p>\n\t\t\t\t\t\t\t\t<\/div>\n\t\t\t\t<div class=\"elementor-element elementor-element-4ed4843 elementor-widget__width-initial elementor-widget elementor-widget-text-editor\" data-id=\"4ed4843\" data-element_type=\"widget\" data-e-type=\"widget\" data-widget_type=\"text-editor.default\">\n\t\t\t\t\t\t\t\t\t<p>Acero dulce Q235<\/p>\n\t\t\t\t\t\t\t\t<\/div>\n\t\t\t\t<\/div>\n\t\t<div class=\"elementor-element elementor-element-232c66bd e-con-full e-flex e-con e-child\" data-id=\"232c66bd\" data-element_type=\"container\" data-e-type=\"container\">\n\t\t\t\t<div class=\"elementor-element elementor-element-16535821 elementor-widget__width-initial elementor-widget elementor-widget-text-editor\" data-id=\"16535821\" data-element_type=\"widget\" data-e-type=\"widget\" data-widget_type=\"text-editor.default\">\n\t\t\t\t\t\t\t\t\t<p>Material de la rueda<\/p>\n\t\t\t\t\t\t\t\t<\/div>\n\t\t\t\t<div class=\"elementor-element elementor-element-6e7e2d27 elementor-widget__width-initial elementor-widget elementor-widget-text-editor\" data-id=\"6e7e2d27\" data-element_type=\"widget\" data-e-type=\"widget\" data-widget_type=\"text-editor.default\">\n\t\t\t\t\t\t\t\t\t<p>Nylon<\/p>\n\t\t\t\t\t\t\t\t<\/div>\n\t\t\t\t<\/div>\n\t\t<div class=\"elementor-element elementor-element-1ac0bae6 e-con-full e-flex e-con e-child\" data-id=\"1ac0bae6\" data-element_type=\"container\" data-e-type=\"container\">\n\t\t\t\t<div class=\"elementor-element elementor-element-26889a0c elementor-widget__width-initial elementor-widget elementor-widget-text-editor\" data-id=\"26889a0c\" data-element_type=\"widget\" data-e-type=\"widget\" data-widget_type=\"text-editor.default\">\n\t\t\t\t\t\t\t\t\t<p>Personalizaci\u00f3n<\/p>\n\t\t\t\t\t\t\t\t<\/div>\n\t\t\t\t<div class=\"elementor-element elementor-element-22a8f53f elementor-widget__width-initial elementor-widget elementor-widget-text-editor\" data-id=\"22a8f53f\" data-element_type=\"widget\" data-e-type=\"widget\" data-widget_type=\"text-editor.default\">\n\t\t\t\t\t\t\t\t\t<p>ODM&amp;OEM<\/p>\n\t\t\t\t\t\t\t\t<\/div>\n\t\t\t\t<\/div>\n\t\t<div class=\"elementor-element elementor-element-1364aeb4 e-con-full e-flex e-con e-child\" data-id=\"1364aeb4\" data-element_type=\"container\" data-e-type=\"container\">\n\t\t\t\t<div class=\"elementor-element elementor-element-6dcae25e elementor-widget__width-initial elementor-widget elementor-widget-text-editor\" data-id=\"6dcae25e\" data-element_type=\"widget\" data-e-type=\"widget\" data-widget_type=\"text-editor.default\">\n\t\t\t\t\t\t\t\t\t<p>Lugar de origen<\/p>\n\t\t\t\t\t\t\t\t<\/div>\n\t\t\t\t<div class=\"elementor-element elementor-element-62d71538 elementor-widget__width-initial elementor-widget elementor-widget-text-editor\" data-id=\"62d71538\" data-element_type=\"widget\" data-e-type=\"widget\" data-widget_type=\"text-editor.default\">\n\t\t\t\t\t\t\t\t\t<p>Qingdao, China<\/p>\n\t\t\t\t\t\t\t\t<\/div>\n\t\t\t\t<\/div>\n\t\t\t\t\t<\/div>\n\t\t\t\t<\/div>\n\t\t<div class=\"elementor-element elementor-element-460bd32b e-flex e-con-boxed e-con e-parent\" data-id=\"460bd32b\" data-element_type=\"container\" data-e-type=\"container\">\n\t\t\t\t\t<div class=\"e-con-inner\">\n\t\t<div class=\"elementor-element elementor-element-667146c5 e-con-full e-flex e-con e-child\" data-id=\"667146c5\" data-element_type=\"container\" data-e-type=\"container\">\n\t\t\t\t<div class=\"elementor-element elementor-element-768896c8 elementor-widget-divider--view-line_icon elementor-widget-divider--element-align-left elementor-view-default elementor-widget elementor-widget-divider\" data-id=\"768896c8\" data-element_type=\"widget\" data-e-type=\"widget\" data-widget_type=\"divider.default\">\n\t\t\t\t\t\t\t<div class=\"elementor-divider\">\n\t\t\t<span class=\"elementor-divider-separator\">\n\t\t\t\t\t\t\t<div class=\"elementor-icon elementor-divider__element\">\n\t\t\t\t\t<svg aria-hidden=\"true\" class=\"e-font-icon-svg e-fas-square\" viewBox=\"0 0 448 512\" xmlns=\"http:\/\/www.w3.org\/2000\/svg\"><path d=\"M400 32H48C21.5 32 0 53.5 0 80v352c0 26.5 21.5 48 48 48h352c26.5 0 48-21.5 48-48V80c0-26.5-21.5-48-48-48z\"><\/path><\/svg><\/div>\n\t\t\t\t\t\t<\/span>\n\t\t<\/div>\n\t\t\t\t\t\t<\/div>\n\t\t\t\t<div class=\"elementor-element elementor-element-c000873 elementor-widget elementor-widget-text-editor\" data-id=\"c000873\" data-element_type=\"widget\" data-e-type=\"widget\" data-widget_type=\"text-editor.default\">\n\t\t\t\t\t\t\t\t\t<p>Nuestros productos son personalizados y dise\u00f1ados seg\u00fan tus necesidades, y Logistics Roll Cage Trolley es de confianza para clientes de todo el pa\u00eds. Ofrecemos un servicio integral desde la soluci\u00f3n hasta la fabricaci\u00f3n hasta la entrega. Con una excelente calidad de servicio y una solidez t\u00e9cnica profesional y segura, ofreceremos servicios superiores y mejores a usuarios de diferentes grupos, y apoyaremos ODM y OEM. <\/p>\n\t\t\t\t\t\t\t\t<\/div>\n\t\t\t\t<\/div>\n\t\t<div class=\"elementor-element elementor-element-343de819 e-con-full e-flex e-con e-child\" data-id=\"343de819\" data-element_type=\"container\" data-e-type=\"container\">\n\t\t\t\t<div class=\"elementor-element elementor-element-6737668e e-transform elementor-widget elementor-widget-image\" data-id=\"6737668e\" data-element_type=\"widget\" data-e-type=\"widget\" data-settings=\"{&quot;_transform_scale_effect_hover&quot;:{&quot;unit&quot;:&quot;px&quot;,&quot;size&quot;:1.05,&quot;sizes&quot;:[]},&quot;_transform_scale_effect_hover_tablet&quot;:{&quot;unit&quot;:&quot;px&quot;,&quot;size&quot;:&quot;&quot;,&quot;sizes&quot;:[]},&quot;_transform_scale_effect_hover_mobile&quot;:{&quot;unit&quot;:&quot;px&quot;,&quot;size&quot;:&quot;&quot;,&quot;sizes&quot;:[]}}\" data-widget_type=\"image.default\">\n\t\t\t\t\t\t\t\t\t\t\t\t\t\t\t<img fetchpriority=\"high\" decoding=\"async\" width=\"850\" height=\"1000\" src=\"https:\/\/www.logistictool.com\/wp-content\/uploads\/2025\/05\/Logistics-Roll-Cage-Trolley-1-1.jpg\" class=\"attachment-full size-full wp-image-16382\" alt=\"\" srcset=\"https:\/\/www.logistictool.com\/wp-content\/uploads\/2025\/05\/Logistics-Roll-Cage-Trolley-1-1.jpg 850w, https:\/\/www.logistictool.com\/wp-content\/uploads\/2025\/05\/Logistics-Roll-Cage-Trolley-1-1-255x300.jpg 255w, https:\/\/www.logistictool.com\/wp-content\/uploads\/2025\/05\/Logistics-Roll-Cage-Trolley-1-1-768x904.jpg 768w, https:\/\/www.logistictool.com\/wp-content\/uploads\/2025\/05\/Logistics-Roll-Cage-Trolley-1-1-600x706.jpg 600w\" sizes=\"(max-width: 850px) 100vw, 850px\" \/>\t\t\t\t\t\t\t\t\t\t\t\t\t\t\t<\/div>\n\t\t\t\t<\/div>\n\t\t\t\t\t<\/div>\n\t\t\t\t<\/div>\n\t\t\t\t<\/div>\n\t\t","protected":false},"excerpt":{"rendered":"<p>Description El Carro de Jaula Log\u00edstica es un contenedor vers\u00e1til, similar a una jaula, sobre ruedas. Es m\u00e1s conocido por su capacidad para almacenar y transportar mercanc\u00edas de forma eficiente por el almac\u00e9n. Son f\u00e1ciles de usar y un ahorro de espacio ideal, ya que el carro puede instalarse o desmontarse en segundos cuando no [&hellip;]<\/p>\n","protected":false},"featured_media":3528,"comment_status":"closed","ping_status":"closed","template":"","meta":[],"product_brand":[],"product_cat":[232],"product_tag":[],"class_list":{"0":"post-28192","1":"product","2":"type-product","3":"status-publish","4":"has-post-thumbnail","6":"product_cat-contenedor-rodante-de-3-lados","8":"first","9":"instock","10":"shipping-taxable","11":"product-type-simple"},"_links":{"self":[{"href":"https:\/\/www.logistictool.com\/es\/wp-json\/wp\/v2\/product\/28192","targetHints":{"allow":["GET"]}}],"collection":[{"href":"https:\/\/www.logistictool.com\/es\/wp-json\/wp\/v2\/product"}],"about":[{"href":"https:\/\/www.logistictool.com\/es\/wp-json\/wp\/v2\/types\/product"}],"replies":[{"embeddable":true,"href":"https:\/\/www.logistictool.com\/es\/wp-json\/wp\/v2\/comments?post=28192"}],"version-history":[{"count":0,"href":"https:\/\/www.logistictool.com\/es\/wp-json\/wp\/v2\/product\/28192\/revisions"}],"wp:featuredmedia":[{"embeddable":true,"href":"https:\/\/www.logistictool.com\/es\/wp-json\/wp\/v2\/media\/3528"}],"wp:attachment":[{"href":"https:\/\/www.logistictool.com\/es\/wp-json\/wp\/v2\/media?parent=28192"}],"wp:term":[{"taxonomy":"product_brand","embeddable":true,"href":"https:\/\/www.logistictool.com\/es\/wp-json\/wp\/v2\/product_brand?post=28192"},{"taxonomy":"product_cat","embeddable":true,"href":"https:\/\/www.logistictool.com\/es\/wp-json\/wp\/v2\/product_cat?post=28192"},{"taxonomy":"product_tag","embeddable":true,"href":"https:\/\/www.logistictool.com\/es\/wp-json\/wp\/v2\/product_tag?post=28192"}],"curies":[{"name":"wp","href":"https:\/\/api.w.org\/{rel}","templated":true}]}}