{"id":28204,"date":"2025-05-13T03:17:26","date_gmt":"2025-05-13T03:17:26","guid":{"rendered":"https:\/\/www.logistictool.com\/sin%20categor\u00eda\/jaula-metalica-para-lavanderia-con-rueda\/"},"modified":"2025-12-31T15:31:54","modified_gmt":"2025-12-31T15:31:54","slug":"jaula-metalica-para-lavanderia-con-rueda","status":"publish","type":"product","link":"https:\/\/www.logistictool.com\/es\/jaulas-de-lavanderia\/jaula-metalica-para-lavanderia-con-rueda\/","title":{"rendered":"Jaula met\u00e1lica para lavander\u00eda con rueda"},"content":{"rendered":"\t\t<div data-elementor-type=\"product-post\" data-elementor-id=\"28204\" class=\"elementor elementor-28204 elementor-3107\" data-elementor-post-type=\"product\">\n\t\t\t\t<div class=\"elementor-element elementor-element-436e5b17 e-flex e-con-boxed e-con e-parent\" data-id=\"436e5b17\" data-element_type=\"container\" data-e-type=\"container\">\n\t\t\t\t\t<div class=\"e-con-inner\">\n\t\t\t\t<div class=\"elementor-element elementor-element-19b4f96a elementor-widget elementor-widget-spacer\" data-id=\"19b4f96a\" data-element_type=\"widget\" data-e-type=\"widget\" data-widget_type=\"spacer.default\">\n\t\t\t\t\t\t\t<div class=\"elementor-spacer\">\n\t\t\t<div class=\"elementor-spacer-inner\"><\/div>\n\t\t<\/div>\n\t\t\t\t\t\t<\/div>\n\t\t\t\t\t<\/div>\n\t\t\t\t<\/div>\n\t\t<div class=\"elementor-element elementor-element-65d3276e e-flex e-con-boxed e-con e-parent\" data-id=\"65d3276e\" data-element_type=\"container\" data-e-type=\"container\">\n\t\t\t\t\t<div class=\"e-con-inner\">\n\t\t\t\t<div class=\"elementor-element elementor-element-11bfc9dd elementor-widget elementor-widget-text-editor\" data-id=\"11bfc9dd\" data-element_type=\"widget\" data-e-type=\"widget\" data-widget_type=\"text-editor.default\">\n\t\t\t\t\t\t\t\t\t<p>Description<\/p>\n\t\t\t\t\t\t\t\t<\/div>\n\t\t\t\t<div class=\"elementor-element elementor-element-56ac60b1 elementor-widget-divider--view-line elementor-widget elementor-widget-divider\" data-id=\"56ac60b1\" data-element_type=\"widget\" data-e-type=\"widget\" data-widget_type=\"divider.default\">\n\t\t\t\t\t\t\t<div class=\"elementor-divider\">\n\t\t\t<span class=\"elementor-divider-separator\">\n\t\t\t\t\t\t<\/span>\n\t\t<\/div>\n\t\t\t\t\t\t<\/div>\n\t\t\t\t<div class=\"elementor-element elementor-element-3c8e351b elementor-widget elementor-widget-text-editor\" data-id=\"3c8e351b\" data-element_type=\"widget\" data-e-type=\"widget\" data-widget_type=\"text-editor.default\">\n\t\t\t\t\t\t\t\t\t<p>La jaula met\u00e1lica de lavander\u00eda con ruedas es una parte esencial de cualquier operaci\u00f3n hospitalaria o de la industria de lavander\u00eda. Normalmente est\u00e1n hechos de metal y tienen un forro de l\u00e1mina de PP para proteger las prendas de engancharse o desgarros. El carro suele tener cuatro ruedas para facilitar la maniobrabilidad. Contenedor de jaula de lavander\u00eda totalmente galvanizado de acero con una puerta frontal articulada que es medio plegable. La jaula met\u00e1lica de la lavander\u00eda con ruedas es sobre ruedas y, por tanto, es f\u00e1cil de transportar. Las dimensiones del contenedor rodante son 800x720x1800mm. Las dimensiones interiores son 740x660x1640mm. Este recipiente viene con 4 ruedas giratorias. <\/p>\n<p>Completamente compuesto de metal electrogalvanizado, es menos susceptible al \u00f3xido<\/p>\n<p>Este contenedor de jaula antivuelco puede equiparse con cualquier rueda de nuestra gama a petici\u00f3n, como un freno, adecuado para congelar o ambos. Consulta nuestra gama de ruedas para conocer las opciones. <\/p>\n\t\t\t\t\t\t\t\t<\/div>\n\t\t\t\t<div class=\"elementor-element elementor-element-a836d90 elementor-widget elementor-widget-image\" data-id=\"a836d90\" data-element_type=\"widget\" data-e-type=\"widget\" data-widget_type=\"image.default\">\n\t\t\t\t\t\t\t\t\t\t\t\t\t\t\t<img fetchpriority=\"high\" decoding=\"async\" width=\"800\" height=\"652\" src=\"https:\/\/www.logistictool.com\/wp-content\/uploads\/2025\/05\/Metal-Laundry-Cage-With-Wheel-3.jpg\" class=\"attachment-large size-large wp-image-14367\" alt=\"\" srcset=\"https:\/\/www.logistictool.com\/wp-content\/uploads\/2025\/05\/Metal-Laundry-Cage-With-Wheel-3.jpg 817w, https:\/\/www.logistictool.com\/wp-content\/uploads\/2025\/05\/Metal-Laundry-Cage-With-Wheel-3-300x245.jpg 300w, https:\/\/www.logistictool.com\/wp-content\/uploads\/2025\/05\/Metal-Laundry-Cage-With-Wheel-3-768x626.jpg 768w, https:\/\/www.logistictool.com\/wp-content\/uploads\/2025\/05\/Metal-Laundry-Cage-With-Wheel-3-600x489.jpg 600w\" sizes=\"(max-width: 800px) 100vw, 800px\" \/>\t\t\t\t\t\t\t\t\t\t\t\t\t\t\t<\/div>\n\t\t\t\t<div class=\"elementor-element elementor-element-b9f3d73 elementor-widget elementor-widget-image\" data-id=\"b9f3d73\" data-element_type=\"widget\" data-e-type=\"widget\" data-widget_type=\"image.default\">\n\t\t\t\t\t\t\t\t\t\t\t\t\t\t\t<img decoding=\"async\" width=\"800\" height=\"606\" src=\"https:\/\/www.logistictool.com\/wp-content\/uploads\/2025\/05\/Metal-Laundry-Cage-With-Wheel-2.jpg\" class=\"attachment-large size-large wp-image-14380\" alt=\"\" srcset=\"https:\/\/www.logistictool.com\/wp-content\/uploads\/2025\/05\/Metal-Laundry-Cage-With-Wheel-2.jpg 867w, https:\/\/www.logistictool.com\/wp-content\/uploads\/2025\/05\/Metal-Laundry-Cage-With-Wheel-2-300x227.jpg 300w, https:\/\/www.logistictool.com\/wp-content\/uploads\/2025\/05\/Metal-Laundry-Cage-With-Wheel-2-768x582.jpg 768w, https:\/\/www.logistictool.com\/wp-content\/uploads\/2025\/05\/Metal-Laundry-Cage-With-Wheel-2-600x455.jpg 600w\" sizes=\"(max-width: 800px) 100vw, 800px\" \/>\t\t\t\t\t\t\t\t\t\t\t\t\t\t\t<\/div>\n\t\t\t\t<div class=\"elementor-element elementor-element-1879cb8 elementor-widget elementor-widget-image\" data-id=\"1879cb8\" data-element_type=\"widget\" data-e-type=\"widget\" data-widget_type=\"image.default\">\n\t\t\t\t\t\t\t\t\t\t\t\t\t\t\t<img decoding=\"async\" width=\"800\" height=\"706\" src=\"https:\/\/www.logistictool.com\/wp-content\/uploads\/2025\/05\/Metal-Laundry-Cage-With-Wheel-1.jpg\" class=\"attachment-large size-large wp-image-14393\" alt=\"\" srcset=\"https:\/\/www.logistictool.com\/wp-content\/uploads\/2025\/05\/Metal-Laundry-Cage-With-Wheel-1.jpg 866w, https:\/\/www.logistictool.com\/wp-content\/uploads\/2025\/05\/Metal-Laundry-Cage-With-Wheel-1-300x265.jpg 300w, https:\/\/www.logistictool.com\/wp-content\/uploads\/2025\/05\/Metal-Laundry-Cage-With-Wheel-1-768x678.jpg 768w, https:\/\/www.logistictool.com\/wp-content\/uploads\/2025\/05\/Metal-Laundry-Cage-With-Wheel-1-600x529.jpg 600w\" sizes=\"(max-width: 800px) 100vw, 800px\" \/>\t\t\t\t\t\t\t\t\t\t\t\t\t\t\t<\/div>\n\t\t\t\t\t<\/div>\n\t\t\t\t<\/div>\n\t\t<div class=\"elementor-element elementor-element-47f99c4c e-flex e-con-boxed e-con e-parent\" data-id=\"47f99c4c\" data-element_type=\"container\" data-e-type=\"container\">\n\t\t\t\t\t<div class=\"e-con-inner\">\n\t\t\t\t<div class=\"elementor-element elementor-element-18dfb9b0 elementor-widget elementor-widget-heading\" data-id=\"18dfb9b0\" data-element_type=\"widget\" data-e-type=\"widget\" data-widget_type=\"heading.default\">\n\t\t\t\t\t<h3 class=\"elementor-heading-title elementor-size-default\">Especificaciones de productos<\/h3>\t\t\t\t<\/div>\n\t\t\t\t<div class=\"elementor-element elementor-element-3c4c367c elementor-widget-divider--view-line elementor-widget elementor-widget-divider\" data-id=\"3c4c367c\" data-element_type=\"widget\" data-e-type=\"widget\" data-widget_type=\"divider.default\">\n\t\t\t\t\t\t\t<div class=\"elementor-divider\">\n\t\t\t<span class=\"elementor-divider-separator\">\n\t\t\t\t\t\t<\/span>\n\t\t<\/div>\n\t\t\t\t\t\t<\/div>\n\t\t<div class=\"elementor-element elementor-element-206def85 e-con-full e-flex e-con e-child\" data-id=\"206def85\" data-element_type=\"container\" data-e-type=\"container\">\n\t\t\t\t<div class=\"elementor-element elementor-element-477f7d8f elementor-widget__width-initial elementor-widget elementor-widget-text-editor\" data-id=\"477f7d8f\" data-element_type=\"widget\" data-e-type=\"widget\" data-widget_type=\"text-editor.default\">\n\t\t\t\t\t\t\t\t\t<p>Nombre del producto<\/p>\n\t\t\t\t\t\t\t\t<\/div>\n\t\t\t\t<div class=\"elementor-element elementor-element-e846183 elementor-widget__width-initial elementor-widget elementor-widget-text-editor\" data-id=\"e846183\" data-element_type=\"widget\" data-e-type=\"widget\" data-widget_type=\"text-editor.default\">\n\t\t\t\t\t\t\t\t\t<p>Jaula met\u00e1lica de lavander\u00eda con ruedas <\/p>\n\t\t\t\t\t\t\t\t<\/div>\n\t\t\t\t<\/div>\n\t\t<div class=\"elementor-element elementor-element-538d7a05 e-con-full e-flex e-con e-child\" data-id=\"538d7a05\" data-element_type=\"container\" data-e-type=\"container\">\n\t\t\t\t<div class=\"elementor-element elementor-element-2bedd5f1 elementor-widget__width-initial elementor-widget elementor-widget-text-editor\" data-id=\"2bedd5f1\" data-element_type=\"widget\" data-e-type=\"widget\" data-widget_type=\"text-editor.default\">\n\t\t\t\t\t\t\t\t\t<p>Dimensi\u00f3n exterior<\/p>\n\t\t\t\t\t\t\t\t<\/div>\n\t\t\t\t<div class=\"elementor-element elementor-element-6b00d308 elementor-widget__width-initial elementor-widget elementor-widget-text-editor\" data-id=\"6b00d308\" data-element_type=\"widget\" data-e-type=\"widget\" data-widget_type=\"text-editor.default\">\n\t\t\t\t\t\t\t\t\t<p>800x720x1800MM<\/p>\n\t\t\t\t\t\t\t\t<\/div>\n\t\t\t\t<\/div>\n\t\t<div class=\"elementor-element elementor-element-211aa366 e-con-full e-flex e-con e-child\" data-id=\"211aa366\" data-element_type=\"container\" data-e-type=\"container\">\n\t\t\t\t<div class=\"elementor-element elementor-element-14df8c93 elementor-widget__width-initial elementor-widget elementor-widget-text-editor\" data-id=\"14df8c93\" data-element_type=\"widget\" data-e-type=\"widget\" data-widget_type=\"text-editor.default\">\n\t\t\t\t\t\t\t\t\t<p>N.W<\/p>\n\t\t\t\t\t\t\t\t<\/div>\n\t\t\t\t<div class=\"elementor-element elementor-element-376f78a2 elementor-widget__width-initial elementor-widget elementor-widget-text-editor\" data-id=\"376f78a2\" data-element_type=\"widget\" data-e-type=\"widget\" data-widget_type=\"text-editor.default\">\n\t\t\t\t\t\t\t\t\t<p>40kg<\/p>\n\t\t\t\t\t\t\t\t<\/div>\n\t\t\t\t<\/div>\n\t\t<div class=\"elementor-element elementor-element-40cd5ca3 e-con-full e-flex e-con e-child\" data-id=\"40cd5ca3\" data-element_type=\"container\" data-e-type=\"container\">\n\t\t\t\t<div class=\"elementor-element elementor-element-76da1003 elementor-widget__width-initial elementor-widget elementor-widget-text-editor\" data-id=\"76da1003\" data-element_type=\"widget\" data-e-type=\"widget\" data-widget_type=\"text-editor.default\">\n\t\t\t\t\t\t\t\t\t<p>carga m\u00e1xima<\/p>\n\t\t\t\t\t\t\t\t<\/div>\n\t\t\t\t<div class=\"elementor-element elementor-element-2b8cbf96 elementor-widget__width-initial elementor-widget elementor-widget-text-editor\" data-id=\"2b8cbf96\" data-element_type=\"widget\" data-e-type=\"widget\" data-widget_type=\"text-editor.default\">\n\t\t\t\t\t\t\t\t\t<p>800kg<\/p>\n\t\t\t\t\t\t\t\t<\/div>\n\t\t\t\t<\/div>\n\t\t<div class=\"elementor-element elementor-element-2fb62b4c e-con-full e-flex e-con e-child\" data-id=\"2fb62b4c\" data-element_type=\"container\" data-e-type=\"container\">\n\t\t\t\t<div class=\"elementor-element elementor-element-74519220 elementor-widget__width-initial elementor-widget elementor-widget-text-editor\" data-id=\"74519220\" data-element_type=\"widget\" data-e-type=\"widget\" data-widget_type=\"text-editor.default\">\n\t\t\t\t\t\t\t\t\t<p>Material<\/p>\n\t\t\t\t\t\t\t\t<\/div>\n\t\t\t\t<div class=\"elementor-element elementor-element-5fccb798 elementor-widget__width-initial elementor-widget elementor-widget-text-editor\" data-id=\"5fccb798\" data-element_type=\"widget\" data-e-type=\"widget\" data-widget_type=\"text-editor.default\">\n\t\t\t\t\t\t\t\t\t<p>Acero dulce Q235<\/p>\n\t\t\t\t\t\t\t\t<\/div>\n\t\t\t\t<\/div>\n\t\t<div class=\"elementor-element elementor-element-35722b45 e-con-full e-flex e-con e-child\" data-id=\"35722b45\" data-element_type=\"container\" data-e-type=\"container\">\n\t\t\t\t<div class=\"elementor-element elementor-element-28e8eb6f elementor-widget__width-initial elementor-widget elementor-widget-text-editor\" data-id=\"28e8eb6f\" data-element_type=\"widget\" data-e-type=\"widget\" data-widget_type=\"text-editor.default\">\n\t\t\t\t\t\t\t\t\t<p>Finish<\/p>\n\t\t\t\t\t\t\t\t<\/div>\n\t\t\t\t<div class=\"elementor-element elementor-element-7c698fae elementor-widget__width-initial elementor-widget elementor-widget-text-editor\" data-id=\"7c698fae\" data-element_type=\"widget\" data-e-type=\"widget\" data-widget_type=\"text-editor.default\">\n\t\t\t\t\t\t\t\t\t<p>Recubrimiento galvanizado\/en polvo de zinc\/inmersi\u00f3n en caliente<\/p>\n\t\t\t\t\t\t\t\t<\/div>\n\t\t\t\t<\/div>\n\t\t\t\t\t<\/div>\n\t\t\t\t<\/div>\n\t\t<div class=\"elementor-element elementor-element-7cb1211 e-flex e-con-boxed e-con e-parent\" data-id=\"7cb1211\" data-element_type=\"container\" data-e-type=\"container\">\n\t\t\t\t\t<div class=\"e-con-inner\">\n\t\t<div class=\"elementor-element elementor-element-673abf79 e-con-full e-flex e-con e-child\" data-id=\"673abf79\" data-element_type=\"container\" data-e-type=\"container\">\n\t\t\t\t<div class=\"elementor-element elementor-element-e24dacd elementor-widget elementor-widget-heading\" data-id=\"e24dacd\" data-element_type=\"widget\" data-e-type=\"widget\" data-widget_type=\"heading.default\">\n\t\t\t\t\t<h3 class=\"elementor-heading-title elementor-size-default\">Informaci\u00f3n de la empresa<\/h3>\t\t\t\t<\/div>\n\t\t\t\t<div class=\"elementor-element elementor-element-20391d43 elementor-widget-divider--view-line_icon elementor-widget-divider--element-align-left elementor-view-default elementor-widget elementor-widget-divider\" data-id=\"20391d43\" data-element_type=\"widget\" data-e-type=\"widget\" data-widget_type=\"divider.default\">\n\t\t\t\t\t\t\t<div class=\"elementor-divider\">\n\t\t\t<span class=\"elementor-divider-separator\">\n\t\t\t\t\t\t\t<div class=\"elementor-icon elementor-divider__element\">\n\t\t\t\t\t<svg aria-hidden=\"true\" class=\"e-font-icon-svg e-fas-square\" viewBox=\"0 0 448 512\" xmlns=\"http:\/\/www.w3.org\/2000\/svg\"><path d=\"M400 32H48C21.5 32 0 53.5 0 80v352c0 26.5 21.5 48 48 48h352c26.5 0 48-21.5 48-48V80c0-26.5-21.5-48-48-48z\"><\/path><\/svg><\/div>\n\t\t\t\t\t\t<\/span>\n\t\t<\/div>\n\t\t\t\t\t\t<\/div>\n\t\t\t\t<div class=\"elementor-element elementor-element-2bd67c3c elementor-widget elementor-widget-text-editor\" data-id=\"2bd67c3c\" data-element_type=\"widget\" data-e-type=\"widget\" data-widget_type=\"text-editor.default\">\n\t\t\t\t\t\t\t\t\t<p>Somos proveedores de diversos productos met\u00e1licos, incluyendo carros log\u00edsticos, contenedores con rodajes, jaulas para lavander\u00eda, contenedores de malla met\u00e1lica, bandejas postales, etc., que se venden bien en Estados Unidos, Europa y m\u00e1s de 100 pa\u00edses y regiones del mundo, como Jap\u00f3n, el sudeste asi\u00e1tico, Ocean\u00eda, \u00c1frica, etc., disfrutando de gran reputaci\u00f3n en el mercado internacional, alta calidad y bajo precio. <\/p>\n<p>Como ya sabes, todos nuestros productos est\u00e1n personalizados, por lo que necesitas proporcionarnos planos para confirmaci\u00f3n durante el proceso de producci\u00f3n, o te daremos planos o muestras para confirmar los productos, por lo que las ventas son el foco principal, y los servicios profesionales auxiliares del departamento te son proporcionados de forma gratuita. No tienes que preocuparte por tus dibujos, ni por tus nuevos productos o ideas. Podemos ofrecerte mejor las soluciones que deseas. <\/p>\n<p>Sabemos que el n\u00facleo del desarrollo a largo plazo de una empresa es la calidad del servicio al cliente, la calidad del producto y el precio. Te ofrecemos servicios profesionales y gratuitos, lo que no significa que nuestros precios sean elevados. Puedes confiar en nosotros para tu pedido. Ofrecemos m\u00e1s de 10 a\u00f1os de servicio de aseguramiento de calidad para nuestros productos. Si tienes alguna pregunta, puedes venir a comunicarte con nosotros. <\/p>\n<p>Nuestra empresa se adhiere al principio de prioridad y calidad primero, ofrece a los clientes un buen desarrollo de productos nuevos y servicios relacionados, avanza junto con los clientes y desarrolla el mercado. Desde su fundaci\u00f3n, la empresa siempre ha seguido la filosof\u00eda empresarial basada en la integridad, y su rendimiento en ventas ha seguido aumentando, logrando un desarrollo r\u00e1pido y estable. La empresa siempre insiste en ofrecer a los clientes productos fiables, otorga gran importancia a la gesti\u00f3n de la calidad y al desempe\u00f1o en seguridad de los productos. Crea beneficios con la direcci\u00f3n, promueve el desarrollo con innovaci\u00f3n, sobrevive con calidad y lucha por el futuro con las personas en primer lugar. <\/p>\n<p>Contamos con un equipo y t\u00e9cnicos muy profesionales y estrictos. Durante el proceso de producci\u00f3n, nuestros t\u00e9cnicos controlar\u00e1n estrictamente la f\u00f3rmula y el proceso para controlar la calidad del producto. Lo tendremos durante la producci\u00f3n y antes del empaquetado tras la producci\u00f3n. Inspecci\u00f3n de productos muy estricta. La calidad es nuestra vida. Todo el proceso de producci\u00f3n, envasado y transporte tendr\u00e1 un proceso muy estricto para controlar la calidad del producto. <\/p>\n\t\t\t\t\t\t\t\t<\/div>\n\t\t\t\t<\/div>\n\t\t<div class=\"elementor-element elementor-element-3f4e9fb3 e-con-full e-flex e-con e-child\" data-id=\"3f4e9fb3\" data-element_type=\"container\" data-e-type=\"container\">\n\t\t\t\t<div class=\"elementor-element elementor-element-bc326bb e-transform elementor-widget elementor-widget-image\" data-id=\"bc326bb\" data-element_type=\"widget\" data-e-type=\"widget\" data-settings=\"{&quot;_transform_scale_effect_hover&quot;:{&quot;unit&quot;:&quot;px&quot;,&quot;size&quot;:1.05,&quot;sizes&quot;:[]},&quot;_transform_scale_effect_hover_tablet&quot;:{&quot;unit&quot;:&quot;px&quot;,&quot;size&quot;:&quot;&quot;,&quot;sizes&quot;:[]},&quot;_transform_scale_effect_hover_mobile&quot;:{&quot;unit&quot;:&quot;px&quot;,&quot;size&quot;:&quot;&quot;,&quot;sizes&quot;:[]}}\" data-widget_type=\"image.default\">\n\t\t\t\t\t\t\t\t\t\t\t\t\t\t\t<img loading=\"lazy\" decoding=\"async\" width=\"821\" height=\"717\" src=\"https:\/\/www.logistictool.com\/wp-content\/uploads\/2025\/05\/Metal-Laundry-Cage-With-Wheel-4.jpg\" class=\"attachment-full size-full wp-image-14354\" alt=\"\" srcset=\"https:\/\/www.logistictool.com\/wp-content\/uploads\/2025\/05\/Metal-Laundry-Cage-With-Wheel-4.jpg 821w, https:\/\/www.logistictool.com\/wp-content\/uploads\/2025\/05\/Metal-Laundry-Cage-With-Wheel-4-300x262.jpg 300w, https:\/\/www.logistictool.com\/wp-content\/uploads\/2025\/05\/Metal-Laundry-Cage-With-Wheel-4-768x671.jpg 768w, https:\/\/www.logistictool.com\/wp-content\/uploads\/2025\/05\/Metal-Laundry-Cage-With-Wheel-4-600x524.jpg 600w\" sizes=\"(max-width: 821px) 100vw, 821px\" \/>\t\t\t\t\t\t\t\t\t\t\t\t\t\t\t<\/div>\n\t\t\t\t<\/div>\n\t\t\t\t\t<\/div>\n\t\t\t\t<\/div>\n\t\t\t\t<\/div>\n\t\t","protected":false},"excerpt":{"rendered":"<p>Description La jaula met\u00e1lica de lavander\u00eda con ruedas es una parte esencial de cualquier operaci\u00f3n hospitalaria o de la industria de lavander\u00eda. Normalmente est\u00e1n hechos de metal y tienen un forro de l\u00e1mina de PP para proteger las prendas de engancharse o desgarros. El carro suele tener cuatro ruedas para facilitar la maniobrabilidad. Contenedor de [&hellip;]<\/p>\n","protected":false},"featured_media":3534,"comment_status":"closed","ping_status":"closed","template":"","meta":[],"product_brand":[],"product_cat":[154],"product_tag":[],"class_list":{"0":"post-28204","1":"product","2":"type-product","3":"status-publish","4":"has-post-thumbnail","6":"product_cat-jaulas-de-lavanderia","8":"first","9":"instock","10":"shipping-taxable","11":"product-type-simple"},"_links":{"self":[{"href":"https:\/\/www.logistictool.com\/es\/wp-json\/wp\/v2\/product\/28204","targetHints":{"allow":["GET"]}}],"collection":[{"href":"https:\/\/www.logistictool.com\/es\/wp-json\/wp\/v2\/product"}],"about":[{"href":"https:\/\/www.logistictool.com\/es\/wp-json\/wp\/v2\/types\/product"}],"replies":[{"embeddable":true,"href":"https:\/\/www.logistictool.com\/es\/wp-json\/wp\/v2\/comments?post=28204"}],"version-history":[{"count":0,"href":"https:\/\/www.logistictool.com\/es\/wp-json\/wp\/v2\/product\/28204\/revisions"}],"wp:featuredmedia":[{"embeddable":true,"href":"https:\/\/www.logistictool.com\/es\/wp-json\/wp\/v2\/media\/3534"}],"wp:attachment":[{"href":"https:\/\/www.logistictool.com\/es\/wp-json\/wp\/v2\/media?parent=28204"}],"wp:term":[{"taxonomy":"product_brand","embeddable":true,"href":"https:\/\/www.logistictool.com\/es\/wp-json\/wp\/v2\/product_brand?post=28204"},{"taxonomy":"product_cat","embeddable":true,"href":"https:\/\/www.logistictool.com\/es\/wp-json\/wp\/v2\/product_cat?post=28204"},{"taxonomy":"product_tag","embeddable":true,"href":"https:\/\/www.logistictool.com\/es\/wp-json\/wp\/v2\/product_tag?post=28204"}],"curies":[{"name":"wp","href":"https:\/\/api.w.org\/{rel}","templated":true}]}}