{"id":28207,"date":"2025-05-13T02:25:15","date_gmt":"2025-05-13T02:25:15","guid":{"rendered":"https:\/\/www.logistictool.com\/sin%20categor\u00eda\/carro-plegable-de-jaula-antivuelco-para-almacen\/"},"modified":"2025-12-31T15:31:54","modified_gmt":"2025-12-31T15:31:54","slug":"carro-plegable-de-jaula-antivuelco-para-almacen","status":"publish","type":"product","link":"https:\/\/www.logistictool.com\/es\/contenedor-rodante-de-4-lados\/carro-plegable-de-jaula-antivuelco-para-almacen\/","title":{"rendered":"Carro plegable de jaula antivuelco para almac\u00e9n"},"content":{"rendered":"\t\t<div data-elementor-type=\"product-post\" data-elementor-id=\"28207\" class=\"elementor elementor-28207 elementor-3092\" data-elementor-post-type=\"product\">\n\t\t\t\t<div class=\"elementor-element elementor-element-711acf35 e-flex e-con-boxed e-con e-parent\" data-id=\"711acf35\" data-element_type=\"container\" data-e-type=\"container\">\n\t\t\t\t\t<div class=\"e-con-inner\">\n\t\t\t\t<div class=\"elementor-element elementor-element-339ccaf8 elementor-widget elementor-widget-spacer\" data-id=\"339ccaf8\" data-element_type=\"widget\" data-e-type=\"widget\" data-widget_type=\"spacer.default\">\n\t\t\t\t\t\t\t<div class=\"elementor-spacer\">\n\t\t\t<div class=\"elementor-spacer-inner\"><\/div>\n\t\t<\/div>\n\t\t\t\t\t\t<\/div>\n\t\t\t\t\t<\/div>\n\t\t\t\t<\/div>\n\t\t<div class=\"elementor-element elementor-element-6c21c5fc e-flex e-con-boxed e-con e-parent\" data-id=\"6c21c5fc\" data-element_type=\"container\" data-e-type=\"container\">\n\t\t\t\t\t<div class=\"e-con-inner\">\n\t\t\t\t<div class=\"elementor-element elementor-element-26ed5299 elementor-widget elementor-widget-text-editor\" data-id=\"26ed5299\" data-element_type=\"widget\" data-e-type=\"widget\" data-widget_type=\"text-editor.default\">\n\t\t\t\t\t\t\t\t\t<p>Description<\/p>\n\t\t\t\t\t\t\t\t<\/div>\n\t\t\t\t<div class=\"elementor-element elementor-element-6bb03937 elementor-widget-divider--view-line elementor-widget elementor-widget-divider\" data-id=\"6bb03937\" data-element_type=\"widget\" data-e-type=\"widget\" data-widget_type=\"divider.default\">\n\t\t\t\t\t\t\t<div class=\"elementor-divider\">\n\t\t\t<span class=\"elementor-divider-separator\">\n\t\t\t\t\t\t<\/span>\n\t\t<\/div>\n\t\t\t\t\t\t<\/div>\n\t\t\t\t<div class=\"elementor-element elementor-element-713abc6b elementor-widget elementor-widget-text-editor\" data-id=\"713abc6b\" data-element_type=\"widget\" data-e-type=\"widget\" data-widget_type=\"text-editor.default\">\n\t\t\t\t\t\t\t\t\t<p>El Carro de Jaula Plegable para Almac\u00e9n con un dise\u00f1o en forma de A nestable y puerta de apertura frontal. La jaula antivuelco puede anidarse f\u00e1cilmente para ahorrar espacio en el almacenamiento y durante el transporte cuando no se usa. Las paredes base y laterales est\u00e1n todas equipadas con un relleno de malla de 50&#215;50 mm. El contenedor de jaula antivuelco tiene asas para facilitar la maniobra y tambi\u00e9n viene con una balda integrada para poder separar el almacenamiento de productos. El contenedor rodante tiene 2 ruedas fijas y 2 giratorias, todas equipadas con ruedas blancas de PP de 125 mm. El peso de la jaula antivuelco es de 54 kg. <\/p>\n<p>Un marco (tambi\u00e9n conocido como marco \u00abH\u00bb) anida en l\u00ednea perfectamente recta. <\/p>\n<p>Gran ahorro de espacio cuando no se usa o durante el transporte descargado. <\/p>\n<p>Incluye 1 puerta abatible de tama\u00f1o completo y 2 puertas medias <\/p>\n<p>Bisagras de acero redondeadas de alta calidad en todas las puertas y pestillos para mejorar la resistencia y durabilidad<\/p>\n<p>Opci\u00f3n para instalar m\u00faltiples estantes fijos o extra\u00edbles<\/p>\n<p>Dise\u00f1o y fabricaci\u00f3n de alta calidad con acabado chapado en zinc. <\/p>\n<p>Maximiza el espacio interno con el marco soldado al exterior de la base. <\/p>\n<p>Suministrado completamente ensamblado<\/p>\n\t\t\t\t\t\t\t\t<\/div>\n\t\t\t\t<div class=\"elementor-element elementor-element-4152ff6 elementor-widget elementor-widget-image\" data-id=\"4152ff6\" data-element_type=\"widget\" data-e-type=\"widget\" data-widget_type=\"image.default\">\n\t\t\t\t\t\t\t\t\t\t\t\t\t\t\t<img fetchpriority=\"high\" decoding=\"async\" width=\"800\" height=\"706\" src=\"https:\/\/www.logistictool.com\/wp-content\/uploads\/2025\/05\/Folding-Roll-Cage-Trolley-For-Warehouse-2.jpg\" class=\"attachment-large size-large wp-image-14302\" alt=\"\" srcset=\"https:\/\/www.logistictool.com\/wp-content\/uploads\/2025\/05\/Folding-Roll-Cage-Trolley-For-Warehouse-2.jpg 866w, https:\/\/www.logistictool.com\/wp-content\/uploads\/2025\/05\/Folding-Roll-Cage-Trolley-For-Warehouse-2-300x265.jpg 300w, https:\/\/www.logistictool.com\/wp-content\/uploads\/2025\/05\/Folding-Roll-Cage-Trolley-For-Warehouse-2-768x678.jpg 768w, https:\/\/www.logistictool.com\/wp-content\/uploads\/2025\/05\/Folding-Roll-Cage-Trolley-For-Warehouse-2-600x529.jpg 600w\" sizes=\"(max-width: 800px) 100vw, 800px\" \/>\t\t\t\t\t\t\t\t\t\t\t\t\t\t\t<\/div>\n\t\t\t\t\t<\/div>\n\t\t\t\t<\/div>\n\t\t<div class=\"elementor-element elementor-element-7744eab2 e-flex e-con-boxed e-con e-parent\" data-id=\"7744eab2\" data-element_type=\"container\" data-e-type=\"container\">\n\t\t\t\t\t<div class=\"e-con-inner\">\n\t\t<div class=\"elementor-element elementor-element-61859cdb e-con-full e-flex e-con e-child\" data-id=\"61859cdb\" data-element_type=\"container\" data-e-type=\"container\">\n\t\t\t\t<div class=\"elementor-element elementor-element-c2279c2 elementor-widget elementor-widget-heading\" data-id=\"c2279c2\" data-element_type=\"widget\" data-e-type=\"widget\" data-widget_type=\"heading.default\">\n\t\t\t\t\t<h3 class=\"elementor-heading-title elementor-size-default\">NOTICIAS<\/h3>\t\t\t\t<\/div>\n\t\t\t\t<div class=\"elementor-element elementor-element-49617f1 elementor-widget-divider--view-line_icon elementor-widget-divider--element-align-left elementor-view-default elementor-widget elementor-widget-divider\" data-id=\"49617f1\" data-element_type=\"widget\" data-e-type=\"widget\" data-widget_type=\"divider.default\">\n\t\t\t\t\t\t\t<div class=\"elementor-divider\">\n\t\t\t<span class=\"elementor-divider-separator\">\n\t\t\t\t\t\t\t<div class=\"elementor-icon elementor-divider__element\">\n\t\t\t\t\t<svg aria-hidden=\"true\" class=\"e-font-icon-svg e-fas-square\" viewBox=\"0 0 448 512\" xmlns=\"http:\/\/www.w3.org\/2000\/svg\"><path d=\"M400 32H48C21.5 32 0 53.5 0 80v352c0 26.5 21.5 48 48 48h352c26.5 0 48-21.5 48-48V80c0-26.5-21.5-48-48-48z\"><\/path><\/svg><\/div>\n\t\t\t\t\t\t<\/span>\n\t\t<\/div>\n\t\t\t\t\t\t<\/div>\n\t\t\t\t<div class=\"elementor-element elementor-element-6a1f5393 elementor-widget elementor-widget-text-editor\" data-id=\"6a1f5393\" data-element_type=\"widget\" data-e-type=\"widget\" data-widget_type=\"text-editor.default\">\n\t\t\t\t\t\t\t\t\t<p>Soluci\u00f3n y Dise\u00f1o<\/p>\n<p>Nos tomamos el tiempo necesario para entender tus necesidades y ofrecemos varias soluciones que se ajustan a tu presupuesto y necesidades. Luego, discutimos el dise\u00f1o y confirmamos un dibujo antes de la producci\u00f3n. Todo el proceso suele durar unos tres d\u00edas, dependiendo de cu\u00e1ntas preguntas se planteen durante nuestras reuniones juntos. <\/p>\n<p>Informe de Proceso a Lo Largo de la Semana<\/p>\n<p>Entendemos que la comunicaci\u00f3n oportuna es esencial para mantener una buena relaci\u00f3n de trabajo, y estamos comprometidos a mantenerle informado sobre el estado de su pedido en cada paso del proceso. <\/p>\n<p>Adem\u00e1s, nos comunicaremos contigo de manera oportuna durante el proceso, sin importar los problemas que surjan, para asegurarnos de que est\u00e9s satisfecho con el producto. <\/p>\n\t\t\t\t\t\t\t\t<\/div>\n\t\t\t\t<\/div>\n\t\t<div class=\"elementor-element elementor-element-1e3eb92e e-con-full e-flex e-con e-child\" data-id=\"1e3eb92e\" data-element_type=\"container\" data-e-type=\"container\">\n\t\t\t\t<div class=\"elementor-element elementor-element-38be1636 e-transform elementor-widget elementor-widget-image\" data-id=\"38be1636\" data-element_type=\"widget\" data-e-type=\"widget\" data-settings=\"{&quot;_transform_scale_effect_hover&quot;:{&quot;unit&quot;:&quot;px&quot;,&quot;size&quot;:1.05,&quot;sizes&quot;:[]},&quot;_transform_scale_effect_hover_tablet&quot;:{&quot;unit&quot;:&quot;px&quot;,&quot;size&quot;:&quot;&quot;,&quot;sizes&quot;:[]},&quot;_transform_scale_effect_hover_mobile&quot;:{&quot;unit&quot;:&quot;px&quot;,&quot;size&quot;:&quot;&quot;,&quot;sizes&quot;:[]}}\" data-widget_type=\"image.default\">\n\t\t\t\t\t\t\t\t\t\t\t\t\t\t\t<img decoding=\"async\" width=\"811\" height=\"771\" src=\"https:\/\/www.logistictool.com\/wp-content\/uploads\/2025\/05\/Folding-Roll-Cage-Trolley-For-Warehouse-1.jpg\" class=\"attachment-full size-full wp-image-14289\" alt=\"\" srcset=\"https:\/\/www.logistictool.com\/wp-content\/uploads\/2025\/05\/Folding-Roll-Cage-Trolley-For-Warehouse-1.jpg 811w, https:\/\/www.logistictool.com\/wp-content\/uploads\/2025\/05\/Folding-Roll-Cage-Trolley-For-Warehouse-1-300x285.jpg 300w, https:\/\/www.logistictool.com\/wp-content\/uploads\/2025\/05\/Folding-Roll-Cage-Trolley-For-Warehouse-1-768x730.jpg 768w, https:\/\/www.logistictool.com\/wp-content\/uploads\/2025\/05\/Folding-Roll-Cage-Trolley-For-Warehouse-1-600x570.jpg 600w\" sizes=\"(max-width: 811px) 100vw, 811px\" \/>\t\t\t\t\t\t\t\t\t\t\t\t\t\t\t<\/div>\n\t\t\t\t<\/div>\n\t\t\t\t\t<\/div>\n\t\t\t\t<\/div>\n\t\t\t\t<\/div>\n\t\t","protected":false},"excerpt":{"rendered":"<p>Description El Carro de Jaula Plegable para Almac\u00e9n con un dise\u00f1o en forma de A nestable y puerta de apertura frontal. La jaula antivuelco puede anidarse f\u00e1cilmente para ahorrar espacio en el almacenamiento y durante el transporte cuando no se usa. Las paredes base y laterales est\u00e1n todas equipadas con un relleno de malla de [&hellip;]<\/p>\n","protected":false},"featured_media":3533,"comment_status":"closed","ping_status":"closed","template":"","meta":[],"product_brand":[],"product_cat":[219],"product_tag":[],"class_list":{"0":"post-28207","1":"product","2":"type-product","3":"status-publish","4":"has-post-thumbnail","6":"product_cat-contenedor-rodante-de-4-lados","8":"first","9":"instock","10":"shipping-taxable","11":"product-type-simple"},"_links":{"self":[{"href":"https:\/\/www.logistictool.com\/es\/wp-json\/wp\/v2\/product\/28207","targetHints":{"allow":["GET"]}}],"collection":[{"href":"https:\/\/www.logistictool.com\/es\/wp-json\/wp\/v2\/product"}],"about":[{"href":"https:\/\/www.logistictool.com\/es\/wp-json\/wp\/v2\/types\/product"}],"replies":[{"embeddable":true,"href":"https:\/\/www.logistictool.com\/es\/wp-json\/wp\/v2\/comments?post=28207"}],"version-history":[{"count":0,"href":"https:\/\/www.logistictool.com\/es\/wp-json\/wp\/v2\/product\/28207\/revisions"}],"wp:featuredmedia":[{"embeddable":true,"href":"https:\/\/www.logistictool.com\/es\/wp-json\/wp\/v2\/media\/3533"}],"wp:attachment":[{"href":"https:\/\/www.logistictool.com\/es\/wp-json\/wp\/v2\/media?parent=28207"}],"wp:term":[{"taxonomy":"product_brand","embeddable":true,"href":"https:\/\/www.logistictool.com\/es\/wp-json\/wp\/v2\/product_brand?post=28207"},{"taxonomy":"product_cat","embeddable":true,"href":"https:\/\/www.logistictool.com\/es\/wp-json\/wp\/v2\/product_cat?post=28207"},{"taxonomy":"product_tag","embeddable":true,"href":"https:\/\/www.logistictool.com\/es\/wp-json\/wp\/v2\/product_tag?post=28207"}],"curies":[{"name":"wp","href":"https:\/\/api.w.org\/{rel}","templated":true}]}}