{"id":26373,"date":"2025-04-01T07:37:13","date_gmt":"2025-04-01T07:37:13","guid":{"rendered":"https:\/\/www.logistictool.com\/produits\/"},"modified":"2025-08-05T07:43:07","modified_gmt":"2025-08-05T07:43:07","slug":"produits","status":"publish","type":"page","link":"https:\/\/www.logistictool.com\/fr\/produits\/","title":{"rendered":"Produits"},"content":{"rendered":"\t\t<div data-elementor-type=\"wp-page\" data-elementor-id=\"26373\" class=\"elementor elementor-26373 elementor-2183\" data-elementor-post-type=\"page\">\n\t\t\t\t<div class=\"elementor-element elementor-element-4b7fe0bf e-flex e-con-boxed e-con e-parent\" data-id=\"4b7fe0bf\" data-element_type=\"container\" data-e-type=\"container\">\n\t\t\t\t\t<div class=\"e-con-inner\">\n\t\t<div class=\"elementor-element elementor-element-63c7effc e-con-full elementor-hidden-mobile e-flex e-con e-child\" data-id=\"63c7effc\" data-element_type=\"container\" data-e-type=\"container\">\n\t\t\t\t<div class=\"elementor-element elementor-element-56c28150 elementor-widget elementor-widget-heading\" data-id=\"56c28150\" data-element_type=\"widget\" data-e-type=\"widget\" data-widget_type=\"heading.default\">\n\t\t\t\t\t<h3 class=\"elementor-heading-title elementor-size-default\">CAT\u00c9GORIES<\/h3>\t\t\t\t<\/div>\n\t\t\t\t<div class=\"elementor-element elementor-element-142f2a25 elementor-widget elementor-widget-template\" data-id=\"142f2a25\" data-element_type=\"widget\" data-e-type=\"widget\" data-widget_type=\"template.default\">\n\t\t\t\t<div class=\"elementor-widget-container\">\n\t\t\t\t\t\t\t<div class=\"elementor-template\">\n\t\t\t\t\t<div data-elementor-type=\"product-archive\" data-elementor-id=\"26034\" class=\"elementor elementor-26034 elementor-628 elementor-628 product\" data-elementor-post-type=\"elementor_library\">\n\t\t\t<div class=\"elementor-element elementor-element-03eb50b e-flex e-con-boxed e-con e-parent\" data-id=\"03eb50b\" data-element_type=\"container\" data-e-type=\"container\">\n\t\t\t\t\t<div class=\"e-con-inner\">\n\t\t\t\t<div class=\"elementor-element elementor-element-b725d9d elementor-widget__width-inherit elementor-nav-menu__text-align-aside elementor-widget elementor-widget-nav-menu\" data-id=\"b725d9d\" data-element_type=\"widget\" data-e-type=\"widget\" data-settings=\"{&quot;layout&quot;:&quot;dropdown&quot;,&quot;submenu_icon&quot;:{&quot;value&quot;:&quot;&lt;svg aria-hidden=\\&quot;true\\&quot; class=\\&quot;e-font-icon-svg e-fas-caret-down\\&quot; viewBox=\\&quot;0 0 320 512\\&quot; xmlns=\\&quot;http:\\\/\\\/www.w3.org\\\/2000\\\/svg\\&quot;&gt;&lt;path d=\\&quot;M31.3 192h257.3c17.8 0 26.7 21.5 14.1 34.1L174.1 354.8c-7.8 7.8-20.5 7.8-28.3 0L17.2 226.1C4.6 213.5 13.5 192 31.3 192z\\&quot;&gt;&lt;\\\/path&gt;&lt;\\\/svg&gt;&quot;,&quot;library&quot;:&quot;fa-solid&quot;}}\" data-widget_type=\"nav-menu.default\">\n\t\t\t\t\t\t\t\t<nav class=\"elementor-nav-menu--dropdown elementor-nav-menu__container\" aria-hidden=\"true\">\n\t\t\t\t<ul id=\"menu-2-b725d9d\" class=\"elementor-nav-menu\"><li class=\"menu-item menu-item-type-post_type menu-item-object-page menu-item-has-children menu-item-2683\"><a href=\"https:\/\/www.logistictool.com\/roll-container\/\" class=\"elementor-item\" tabindex=\"-1\">Conteneur \u00e0 roulettes<\/a>\n<ul class=\"sub-menu elementor-nav-menu--dropdown\">\n\t<li class=\"menu-item menu-item-type-post_type menu-item-object-page menu-item-2914\"><a href=\"https:\/\/www.logistictool.com\/roll-container\/2-sided-roll-container\/\" class=\"elementor-sub-item\" tabindex=\"-1\">Conteneur \u00e0 roulettes \u00e0 2 c\u00f4t\u00e9s<\/a><\/li>\n\t<li class=\"menu-item menu-item-type-post_type menu-item-object-page menu-item-2915\"><a href=\"https:\/\/www.logistictool.com\/roll-container\/3-sided-roll-container\/\" class=\"elementor-sub-item\" tabindex=\"-1\">Conteneur \u00e0 roulettes \u00e0 3 c\u00f4t\u00e9s<\/a><\/li>\n\t<li class=\"menu-item menu-item-type-post_type menu-item-object-page menu-item-2916\"><a href=\"https:\/\/www.logistictool.com\/roll-container\/4-sided-roll-container\/\" class=\"elementor-sub-item\" tabindex=\"-1\">Conteneur \u00e0 roulettes \u00e0 4 c\u00f4t\u00e9s<\/a><\/li>\n\t<li class=\"menu-item menu-item-type-post_type menu-item-object-page menu-item-2918\"><a href=\"https:\/\/www.logistictool.com\/roll-container\/security-roll-container\/\" class=\"elementor-sub-item\" tabindex=\"-1\">Conteneur roulant de s\u00e9curit\u00e9<\/a><\/li>\n\t<li class=\"menu-item menu-item-type-post_type menu-item-object-page menu-item-2917\"><a href=\"https:\/\/www.logistictool.com\/roll-container\/laundry-cage\/\" class=\"elementor-sub-item\" tabindex=\"-1\">Cage \u00e0 linge<\/a><\/li>\n<\/ul>\n<\/li>\n<li class=\"menu-item menu-item-type-post_type menu-item-object-page menu-item-2921\"><a href=\"https:\/\/www.logistictool.com\/wire-container\/\" class=\"elementor-item\" tabindex=\"-1\">Conteneur en fil m\u00e9tallique<\/a><\/li>\n<li class=\"menu-item menu-item-type-post_type menu-item-object-page menu-item-2911\"><a href=\"https:\/\/www.logistictool.com\/cage-pallet\/\" class=\"elementor-item\" tabindex=\"-1\">Palette-cage<\/a><\/li>\n<li class=\"menu-item menu-item-type-post_type menu-item-object-page menu-item-2919\"><a href=\"https:\/\/www.logistictool.com\/stillages\/\" class=\"elementor-item\" tabindex=\"-1\">Les estrades<\/a><\/li>\n<li class=\"menu-item menu-item-type-post_type menu-item-object-page menu-item-2913\"><a href=\"https:\/\/www.logistictool.com\/post-pallet\/\" class=\"elementor-item\" tabindex=\"-1\">Poste Palette<\/a><\/li>\n<li class=\"menu-item menu-item-type-post_type menu-item-object-page menu-item-2920\"><a href=\"https:\/\/www.logistictool.com\/tire-rack\/\" class=\"elementor-item\" tabindex=\"-1\">Porte-pneus<\/a><\/li>\n<li class=\"menu-item menu-item-type-post_type menu-item-object-page menu-item-2912\"><a href=\"https:\/\/www.logistictool.com\/glass-racking\/\" class=\"elementor-item\" tabindex=\"-1\">Rayonnage \u00e0 verre<\/a><\/li>\n<\/ul>\t\t\t<\/nav>\n\t\t\t\t\t\t<\/div>\n\t\t\t\t\t<\/div>\n\t\t\t\t<\/div>\n\t\t\t\t<\/div>\n\t\t\t\t<\/div>\n\t\t\t\t\t\t<\/div>\n\t\t\t\t<\/div>\n\t\t\t\t<\/div>\n\t\t<div class=\"elementor-element elementor-element-3b8916c3 e-con-full e-flex e-con e-child\" data-id=\"3b8916c3\" data-element_type=\"container\" data-e-type=\"container\">\n\t\t\t\t<div class=\"elementor-element elementor-element-3d97483e elementor-widget elementor-widget-heading\" data-id=\"3d97483e\" data-element_type=\"widget\" data-e-type=\"widget\" data-widget_type=\"heading.default\">\n\t\t\t\t\t<h2 class=\"elementor-heading-title elementor-size-default\">Produit<\/h2>\t\t\t\t<\/div>\n\t\t\t\t<div class=\"elementor-element elementor-element-103c671 elementor-widget elementor-widget-kevinchen_category_products\" data-id=\"103c671\" data-element_type=\"widget\" data-e-type=\"widget\" data-widget_type=\"kevinchen_category_products.default\">\n\t\t\t\t<div class=\"elementor-widget-container\">\n\t\t\t\t\t        <div class=\"kevinchen-category-products-widget\" data-widget-id=\"103c671\" data-current-page=\"1\" data-categories=\"59,60,61,62,63,64,65,66,67,68,69,70\" data-products-per-page=\"12\" data-columns=\"3\">\n            <div class=\"kcp-products-container\">\n                                    <div class=\"kcp-products-grid columns-3\">\n                                                                                <div class=\"kcp-product-item\">\n                                <a href=\"https:\/\/www.logistictool.com\/fr\/conteneur-en-fil-metallique\/cages-a-palettes-grillagees\/\" class=\"kcp-product-link\">\n                                    <div class=\"kcp-product-image-wrapper\">\n                                        <img decoding=\"async\" src=\"https:\/\/www.logistictool.com\/wp-content\/uploads\/2025\/06\/Wire-Pallet-Cages-1-300x300.jpg?wsr\" alt=\"Cages \u00e0 palettes grillag\u00e9es\" class=\"kcp-product-image\">\n                                    <\/div>\n                                    <h3 class=\"kcp-product-title\">Cages \u00e0 palettes grillag\u00e9es<\/h3>\n                                <\/a>\n                            <\/div>\n                                                                                <div class=\"kcp-product-item\">\n                                <a href=\"https:\/\/www.logistictool.com\/fr\/conteneur-en-fil-metallique\/caisse-palette-en-treillis-metallique\/\" class=\"kcp-product-link\">\n                                    <div class=\"kcp-product-image-wrapper\">\n                                        <img decoding=\"async\" src=\"https:\/\/www.logistictool.com\/wp-content\/uploads\/2025\/06\/Wire-Mesh-Pallet-Box-1-300x300.jpg?wsr\" alt=\"Caisse-palette en treillis m\u00e9tallique\" class=\"kcp-product-image\">\n                                    <\/div>\n                                    <h3 class=\"kcp-product-title\">Caisse-palette en treillis m\u00e9tallique<\/h3>\n                                <\/a>\n                            <\/div>\n                                                                                <div class=\"kcp-product-item\">\n                                <a href=\"https:\/\/www.logistictool.com\/fr\/conteneur-en-fil-metallique\/cages-de-stockage-de-conteneurs-en-fil-de-fer\/\" class=\"kcp-product-link\">\n                                    <div class=\"kcp-product-image-wrapper\">\n                                        <img decoding=\"async\" src=\"https:\/\/www.logistictool.com\/wp-content\/uploads\/2025\/06\/Wire-Container-Storage-Cages-300x300.jpg?wsr\" alt=\"Cages de stockage de conteneurs en fil de fer\" class=\"kcp-product-image\">\n                                    <\/div>\n                                    <h3 class=\"kcp-product-title\">Cages de stockage de conteneurs en fil de fer<\/h3>\n                                <\/a>\n                            <\/div>\n                                                                                <div class=\"kcp-product-item\">\n                                <a href=\"https:\/\/www.logistictool.com\/fr\/conteneur-en-fil-metallique\/conteneur-en-fil-de-preforme-pet\/\" class=\"kcp-product-link\">\n                                    <div class=\"kcp-product-image-wrapper\">\n                                        <img decoding=\"async\" src=\"https:\/\/www.logistictool.com\/wp-content\/uploads\/2025\/06\/PET-Preform-Wire-Container-1-300x300.jpg?wsr\" alt=\"Conteneur en fil de pr\u00e9forme PET\" class=\"kcp-product-image\">\n                                    <\/div>\n                                    <h3 class=\"kcp-product-title\">Conteneur en fil de pr\u00e9forme PET<\/h3>\n                                <\/a>\n                            <\/div>\n                                                                                <div class=\"kcp-product-item\">\n                                <a href=\"https:\/\/www.logistictool.com\/fr\/conteneur-en-fil-metallique\/boite-de-rangement-en-metal-pour-preformes-pour-animaux-de-compagnie\/\" class=\"kcp-product-link\">\n                                    <div class=\"kcp-product-image-wrapper\">\n                                        <img decoding=\"async\" src=\"https:\/\/www.logistictool.com\/wp-content\/uploads\/2025\/06\/Pet-Preform-Storage-Metal-Box-1-300x300.jpg?wsr\" alt=\"Bo\u00eete de rangement en m\u00e9tal pour pr\u00e9formes pour animaux de compagnie\" class=\"kcp-product-image\">\n                                    <\/div>\n                                    <h3 class=\"kcp-product-title\">Bo\u00eete de rangement en m\u00e9tal pour pr\u00e9formes pour animaux de compagnie<\/h3>\n                                <\/a>\n                            <\/div>\n                                                                                <div class=\"kcp-product-item\">\n                                <a href=\"https:\/\/www.logistictool.com\/fr\/conteneur-en-fil-metallique\/conteneur-en-treillis-metallique\/\" class=\"kcp-product-link\">\n                                    <div class=\"kcp-product-image-wrapper\">\n                                        <img decoding=\"async\" src=\"https:\/\/www.logistictool.com\/wp-content\/uploads\/2025\/06\/Metal-Wire-Mesh-Container-1-300x300.jpg?wsr\" alt=\"Conteneur en treillis m\u00e9tallique\" class=\"kcp-product-image\">\n                                    <\/div>\n                                    <h3 class=\"kcp-product-title\">Conteneur en treillis m\u00e9tallique<\/h3>\n                                <\/a>\n                            <\/div>\n                                                                                <div class=\"kcp-product-item\">\n                                <a href=\"https:\/\/www.logistictool.com\/fr\/conteneur-en-fil-metallique\/chariot-a-roulettes-grillage\/\" class=\"kcp-product-link\">\n                                    <div class=\"kcp-product-image-wrapper\">\n                                        <img decoding=\"async\" src=\"https:\/\/www.logistictool.com\/wp-content\/uploads\/2025\/06\/Mesh-Roll-Cage-Trolley-Rolling-Cart-Container-1-300x300.jpg?wsr\" alt=\"Chariot \u00e0 roulettes grillag\u00e9\" class=\"kcp-product-image\">\n                                    <\/div>\n                                    <h3 class=\"kcp-product-title\">Chariot \u00e0 roulettes grillag\u00e9<\/h3>\n                                <\/a>\n                            <\/div>\n                                                                                <div class=\"kcp-product-item\">\n                                <a href=\"https:\/\/www.logistictool.com\/fr\/conteneur-en-fil-metallique\/conteneurs-industriels-en-fil-metallique\/\" class=\"kcp-product-link\">\n                                    <div class=\"kcp-product-image-wrapper\">\n                                        <img decoding=\"async\" src=\"https:\/\/www.logistictool.com\/wp-content\/uploads\/2025\/06\/Industrial-Wire-Containers-1-300x300.jpg?wsr\" alt=\"Conteneurs industriels en fil m\u00e9tallique\" class=\"kcp-product-image\">\n                                    <\/div>\n                                    <h3 class=\"kcp-product-title\">Conteneurs industriels en fil m\u00e9tallique<\/h3>\n                                <\/a>\n                            <\/div>\n                                                                                <div class=\"kcp-product-item\">\n                                <a href=\"https:\/\/www.logistictool.com\/fr\/conteneur-en-fil-metallique\/conteneur-en-treillis-metallique-robuste\/\" class=\"kcp-product-link\">\n                                    <div class=\"kcp-product-image-wrapper\">\n                                        <img decoding=\"async\" src=\"https:\/\/www.logistictool.com\/wp-content\/uploads\/2025\/06\/Heavy-Duty-Wire-Mesh-Container-1-300x300.jpg?wsr\" alt=\"Conteneur en treillis m\u00e9tallique robuste\" class=\"kcp-product-image\">\n                                    <\/div>\n                                    <h3 class=\"kcp-product-title\">Conteneur en treillis m\u00e9tallique robuste<\/h3>\n                                <\/a>\n                            <\/div>\n                                                                                <div class=\"kcp-product-item\">\n                                <a href=\"https:\/\/www.logistictool.com\/fr\/conteneur-en-fil-metallique\/conteneur-en-fil-galvanise\/\" class=\"kcp-product-link\">\n                                    <div class=\"kcp-product-image-wrapper\">\n                                        <img decoding=\"async\" src=\"https:\/\/www.logistictool.com\/wp-content\/uploads\/2025\/06\/Galvanized-Wire-Container-1-300x300.jpg?wsr\" alt=\"Conteneur en fil galvanis\u00e9\" class=\"kcp-product-image\">\n                                    <\/div>\n                                    <h3 class=\"kcp-product-title\">Conteneur en fil galvanis\u00e9<\/h3>\n                                <\/a>\n                            <\/div>\n                                                                                <div class=\"kcp-product-item\">\n                                <a href=\"https:\/\/www.logistictool.com\/fr\/conteneur-en-fil-metallique\/conteneur-pliable-en-fil-galvanise-euro\/\" class=\"kcp-product-link\">\n                                    <div class=\"kcp-product-image-wrapper\">\n                                        <img decoding=\"async\" src=\"https:\/\/www.logistictool.com\/wp-content\/uploads\/2025\/06\/Galvanized-Foldable-Euro-Wire-Container-1-300x300.jpg?wsr\" alt=\"Conteneur pliable en fil galvanis\u00e9 Euro\" class=\"kcp-product-image\">\n                                    <\/div>\n                                    <h3 class=\"kcp-product-title\">Conteneur pliable en fil galvanis\u00e9 Euro<\/h3>\n                                <\/a>\n                            <\/div>\n                                                                                <div class=\"kcp-product-item\">\n                                <a href=\"https:\/\/www.logistictool.com\/fr\/conteneur-en-fil-metallique\/conteneur-pliable-en-treillis-metallique\/\" class=\"kcp-product-link\">\n                                    <div class=\"kcp-product-image-wrapper\">\n                                        <img decoding=\"async\" src=\"https:\/\/www.logistictool.com\/wp-content\/uploads\/2025\/06\/Folding-Wire-Mesh-Container-1-300x300.jpg?wsr\" alt=\"Conteneur pliable en treillis m\u00e9tallique\" class=\"kcp-product-image\">\n                                    <\/div>\n                                    <h3 class=\"kcp-product-title\">Conteneur pliable en treillis m\u00e9tallique<\/h3>\n                                <\/a>\n                            <\/div>\n                                            <\/div>\n                    \n                                            <div class=\"kcp-pagination\">\n                            <div class=\"kcp-pagination-numbers\"><span class=\"kcp-pagination-number current\">1<\/span><a href=\"#\" class=\"kcp-pagination-number\" data-page=\"2\">2<\/a><a href=\"#\" class=\"kcp-pagination-number\" data-page=\"3\">3<\/a><span class=\"kcp-pagination-dots\">&hellip;<\/span><a href=\"#\" class=\"kcp-pagination-number\" data-page=\"10\">10<\/a><\/div><a href=\"#\" class=\"kcp-pagination-next\" data-page=\"2\" aria-label=\"\u4e0b\u4e00\u9875\">&raquo;<\/a>                        <\/div>\n                                        \n                                \n                            <\/div>\n        <\/div>\n        \t\t\t\t<\/div>\n\t\t\t\t<\/div>\n\t\t\t\t<\/div>\n\t\t\t\t\t<\/div>\n\t\t\t\t<\/div>\n\t\t\t\t<\/div>\n\t\t","protected":false},"excerpt":{"rendered":"<p>CAT\u00c9GORIES Produit Wire Pallet Cages Wire Mesh Pallet Box Wire Container Storage Cages PET Preform Wire Container Pet Preform Storage Metal Box Metal Wire Mesh Container Mesh Roll Cage Trolley Rolling Cart Container Industrial Wire Containers Heavy Duty Wire Mesh Container Galvanized Wire Container Galvanized Foldable Euro Wire Container Folding Wire Mesh Container 123&hellip;10&raquo;<\/p>\n","protected":false},"author":2,"featured_media":0,"parent":0,"menu_order":0,"comment_status":"closed","ping_status":"closed","template":"","meta":{"footnotes":""},"class_list":["post-26373","page","type-page","status-publish","hentry"],"_links":{"self":[{"href":"https:\/\/www.logistictool.com\/fr\/wp-json\/wp\/v2\/pages\/26373","targetHints":{"allow":["GET"]}}],"collection":[{"href":"https:\/\/www.logistictool.com\/fr\/wp-json\/wp\/v2\/pages"}],"about":[{"href":"https:\/\/www.logistictool.com\/fr\/wp-json\/wp\/v2\/types\/page"}],"author":[{"embeddable":true,"href":"https:\/\/www.logistictool.com\/fr\/wp-json\/wp\/v2\/users\/2"}],"replies":[{"embeddable":true,"href":"https:\/\/www.logistictool.com\/fr\/wp-json\/wp\/v2\/comments?post=26373"}],"version-history":[{"count":0,"href":"https:\/\/www.logistictool.com\/fr\/wp-json\/wp\/v2\/pages\/26373\/revisions"}],"wp:attachment":[{"href":"https:\/\/www.logistictool.com\/fr\/wp-json\/wp\/v2\/media?parent=26373"}],"curies":[{"name":"wp","href":"https:\/\/api.w.org\/{rel}","templated":true}]}}