{"id":27139,"date":"2025-05-13T03:25:58","date_gmt":"2025-05-13T03:25:58","guid":{"rendered":"https:\/\/www.logistictool.com\/non%20class\u00e9\/cage-a-lessive-en-metal-avec-roues\/"},"modified":"2025-11-25T08:46:11","modified_gmt":"2025-11-25T08:46:11","slug":"cage-a-lessive-en-metal-avec-roues","status":"publish","type":"product","link":"https:\/\/www.logistictool.com\/fr\/cage-a-buanderie\/cage-a-lessive-en-metal-avec-roues\/","title":{"rendered":"Cage \u00e0 lessive en m\u00e9tal avec roues"},"content":{"rendered":"\t\t<div data-elementor-type=\"product-post\" data-elementor-id=\"27139\" class=\"elementor elementor-27139 elementor-3118\" data-elementor-post-type=\"product\">\n\t\t\t\t<div class=\"elementor-element elementor-element-6ab83fcf e-flex e-con-boxed e-con e-parent\" data-id=\"6ab83fcf\" data-element_type=\"container\" data-e-type=\"container\">\n\t\t\t\t\t<div class=\"e-con-inner\">\n\t\t\t\t<div class=\"elementor-element elementor-element-62566aa7 elementor-widget elementor-widget-spacer\" data-id=\"62566aa7\" data-element_type=\"widget\" data-e-type=\"widget\" data-widget_type=\"spacer.default\">\n\t\t\t\t\t\t\t<div class=\"elementor-spacer\">\n\t\t\t<div class=\"elementor-spacer-inner\"><\/div>\n\t\t<\/div>\n\t\t\t\t\t\t<\/div>\n\t\t\t\t\t<\/div>\n\t\t\t\t<\/div>\n\t\t<div class=\"elementor-element elementor-element-5573c472 e-flex e-con-boxed e-con e-parent\" data-id=\"5573c472\" data-element_type=\"container\" data-e-type=\"container\">\n\t\t\t\t\t<div class=\"e-con-inner\">\n\t\t\t\t<div class=\"elementor-element elementor-element-4a5b40fd elementor-widget elementor-widget-text-editor\" data-id=\"4a5b40fd\" data-element_type=\"widget\" data-e-type=\"widget\" data-widget_type=\"text-editor.default\">\n\t\t\t\t\t\t\t\t\t<p>Description<\/p>\n\t\t\t\t\t\t\t\t<\/div>\n\t\t\t\t<div class=\"elementor-element elementor-element-3c1abe68 elementor-widget-divider--view-line elementor-widget elementor-widget-divider\" data-id=\"3c1abe68\" data-element_type=\"widget\" data-e-type=\"widget\" data-widget_type=\"divider.default\">\n\t\t\t\t\t\t\t<div class=\"elementor-divider\">\n\t\t\t<span class=\"elementor-divider-separator\">\n\t\t\t\t\t\t<\/span>\n\t\t<\/div>\n\t\t\t\t\t\t<\/div>\n\t\t\t\t<div class=\"elementor-element elementor-element-7cbbdd03 elementor-widget elementor-widget-text-editor\" data-id=\"7cbbdd03\" data-element_type=\"widget\" data-e-type=\"widget\" data-widget_type=\"text-editor.default\">\n\t\t\t\t\t\t\t\t\t<p>Cage \u00e0 lessive en m\u00e9tal avec roues Caract\u00e9ristiques<\/p>\n<p>1. Conception: d\u00e9montable, embo\u00eetable et mobile. 2, 3 ou 4 parois lat\u00e9rales, 2. \u00c9conomisez plus d&rsquo;espace de stockage. 3. Facile \u00e0 assembler et \u00e0 d\u00e9monter. Utilisation de capacit\u00e9 de charge intelligente et \u00e9lev\u00e9e, PP\/nylon PA6, roulettes en caoutchouc, etc. Il peut \u00eatre utilis\u00e9 de mani\u00e8re intelligente et pratique, ce qui est plus utile pour vos solutions d&rsquo;entreposage et de logistique. Le traitement de surface peut \u00eatre rev\u00eatu en poudre, galvanis\u00e9 \u00e9lectrogalvanis\u00e9 et galvanis\u00e9 \u00e0 chaud, 3 types sont disponibles.<\/p>\n\t\t\t\t\t\t\t\t<\/div>\n\t\t\t\t\t<\/div>\n\t\t\t\t<\/div>\n\t\t<div class=\"elementor-element elementor-element-7dd313f9 e-flex e-con-boxed e-con e-parent\" data-id=\"7dd313f9\" data-element_type=\"container\" data-e-type=\"container\">\n\t\t\t\t\t<div class=\"e-con-inner\">\n\t\t\t\t<div class=\"elementor-element elementor-element-b9195fe elementor-widget elementor-widget-heading\" data-id=\"b9195fe\" data-element_type=\"widget\" data-e-type=\"widget\" data-widget_type=\"heading.default\">\n\t\t\t\t\t<h3 class=\"elementor-heading-title elementor-size-default\">Param\u00e8tres du produit<\/h3>\t\t\t\t<\/div>\n\t\t\t\t<div class=\"elementor-element elementor-element-f51f669 elementor-widget-divider--view-line elementor-widget elementor-widget-divider\" data-id=\"f51f669\" data-element_type=\"widget\" data-e-type=\"widget\" data-widget_type=\"divider.default\">\n\t\t\t\t\t\t\t<div class=\"elementor-divider\">\n\t\t\t<span class=\"elementor-divider-separator\">\n\t\t\t\t\t\t<\/span>\n\t\t<\/div>\n\t\t\t\t\t\t<\/div>\n\t\t<div class=\"elementor-element elementor-element-5177a4b0 e-con-full e-flex e-con e-child\" data-id=\"5177a4b0\" data-element_type=\"container\" data-e-type=\"container\">\n\t\t\t\t<div class=\"elementor-element elementor-element-31531284 elementor-widget__width-initial elementor-widget elementor-widget-text-editor\" data-id=\"31531284\" data-element_type=\"widget\" data-e-type=\"widget\" data-widget_type=\"text-editor.default\">\n\t\t\t\t\t\t\t\t\t<p>Nom du produit<\/p>\n\t\t\t\t\t\t\t\t<\/div>\n\t\t\t\t<div class=\"elementor-element elementor-element-189c6b2c elementor-widget__width-initial elementor-widget elementor-widget-text-editor\" data-id=\"189c6b2c\" data-element_type=\"widget\" data-e-type=\"widget\" data-widget_type=\"text-editor.default\">\n\t\t\t\t\t\t\t\t\t<p>Cage \u00e0 lessive en m\u00e9tal avec roues<\/p>\n\t\t\t\t\t\t\t\t<\/div>\n\t\t\t\t<\/div>\n\t\t<div class=\"elementor-element elementor-element-4747ac9f e-con-full e-flex e-con e-child\" data-id=\"4747ac9f\" data-element_type=\"container\" data-e-type=\"container\">\n\t\t\t\t<div class=\"elementor-element elementor-element-2d7b89f7 elementor-widget__width-initial elementor-widget elementor-widget-text-editor\" data-id=\"2d7b89f7\" data-element_type=\"widget\" data-e-type=\"widget\" data-widget_type=\"text-editor.default\">\n\t\t\t\t\t\t\t\t\t<p>Dimensions ext\u00e9rieures<\/p>\n\t\t\t\t\t\t\t\t<\/div>\n\t\t\t\t<div class=\"elementor-element elementor-element-3efe1a70 elementor-widget__width-initial elementor-widget elementor-widget-text-editor\" data-id=\"3efe1a70\" data-element_type=\"widget\" data-e-type=\"widget\" data-widget_type=\"text-editor.default\">\n\t\t\t\t\t\t\t\t\t<p>850*600*1750MM<\/p>\n\t\t\t\t\t\t\t\t<\/div>\n\t\t\t\t<\/div>\n\t\t<div class=\"elementor-element elementor-element-6e8aa678 e-con-full e-flex e-con e-child\" data-id=\"6e8aa678\" data-element_type=\"container\" data-e-type=\"container\">\n\t\t\t\t<div class=\"elementor-element elementor-element-34873233 elementor-widget__width-initial elementor-widget elementor-widget-text-editor\" data-id=\"34873233\" data-element_type=\"widget\" data-e-type=\"widget\" data-widget_type=\"text-editor.default\">\n\t\t\t\t\t\t\t\t\t<p>Nord-ouest<\/p>\n\t\t\t\t\t\t\t\t<\/div>\n\t\t\t\t<div class=\"elementor-element elementor-element-470e69bf elementor-widget__width-initial elementor-widget elementor-widget-text-editor\" data-id=\"470e69bf\" data-element_type=\"widget\" data-e-type=\"widget\" data-widget_type=\"text-editor.default\">\n\t\t\t\t\t\t\t\t\t<p>30 kg<\/p>\n\t\t\t\t\t\t\t\t<\/div>\n\t\t\t\t<\/div>\n\t\t<div class=\"elementor-element elementor-element-11249edc e-con-full e-flex e-con e-child\" data-id=\"11249edc\" data-element_type=\"container\" data-e-type=\"container\">\n\t\t\t\t<div class=\"elementor-element elementor-element-7d181e2d elementor-widget__width-initial elementor-widget elementor-widget-text-editor\" data-id=\"7d181e2d\" data-element_type=\"widget\" data-e-type=\"widget\" data-widget_type=\"text-editor.default\">\n\t\t\t\t\t\t\t\t\t<p>Charge maximale<\/p>\n\t\t\t\t\t\t\t\t<\/div>\n\t\t\t\t<div class=\"elementor-element elementor-element-37bd68d6 elementor-widget__width-initial elementor-widget elementor-widget-text-editor\" data-id=\"37bd68d6\" data-element_type=\"widget\" data-e-type=\"widget\" data-widget_type=\"text-editor.default\">\n\t\t\t\t\t\t\t\t\t<p>600 kg<\/p>\n\t\t\t\t\t\t\t\t<\/div>\n\t\t\t\t<\/div>\n\t\t<div class=\"elementor-element elementor-element-5cb067ec e-con-full e-flex e-con e-child\" data-id=\"5cb067ec\" data-element_type=\"container\" data-e-type=\"container\">\n\t\t\t\t<div class=\"elementor-element elementor-element-21fe1833 elementor-widget__width-initial elementor-widget elementor-widget-text-editor\" data-id=\"21fe1833\" data-element_type=\"widget\" data-e-type=\"widget\" data-widget_type=\"text-editor.default\">\n\t\t\t\t\t\t\t\t\t<p>Mat\u00e9riel<\/p>\n\t\t\t\t\t\t\t\t<\/div>\n\t\t\t\t<div class=\"elementor-element elementor-element-2ae4fb4 elementor-widget__width-initial elementor-widget elementor-widget-text-editor\" data-id=\"2ae4fb4\" data-element_type=\"widget\" data-e-type=\"widget\" data-widget_type=\"text-editor.default\">\n\t\t\t\t\t\t\t\t\t<p>Acier doux Q235<\/p>\n\t\t\t\t\t\t\t\t<\/div>\n\t\t\t\t<\/div>\n\t\t<div class=\"elementor-element elementor-element-39f30cd0 e-con-full e-flex e-con e-child\" data-id=\"39f30cd0\" data-element_type=\"container\" data-e-type=\"container\">\n\t\t\t\t<div class=\"elementor-element elementor-element-234fa19c elementor-widget__width-initial elementor-widget elementor-widget-text-editor\" data-id=\"234fa19c\" data-element_type=\"widget\" data-e-type=\"widget\" data-widget_type=\"text-editor.default\">\n\t\t\t\t\t\t\t\t\t<p>Accompli<\/p>\n\t\t\t\t\t\t\t\t<\/div>\n\t\t\t\t<div class=\"elementor-element elementor-element-950b9e elementor-widget__width-initial elementor-widget elementor-widget-text-editor\" data-id=\"950b9e\" data-element_type=\"widget\" data-e-type=\"widget\" data-widget_type=\"text-editor.default\">\n\t\t\t\t\t\t\t\t\t<p>Zinc\/galvanis\u00e9 \u00e0 chaud\/rev\u00eatement en poudre<\/p>\n\t\t\t\t\t\t\t\t<\/div>\n\t\t\t\t<\/div>\n\t\t<div class=\"elementor-element elementor-element-7807c519 e-con-full e-flex e-con e-child\" data-id=\"7807c519\" data-element_type=\"container\" data-e-type=\"container\">\n\t\t\t\t<div class=\"elementor-element elementor-element-39607186 elementor-widget__width-initial elementor-widget elementor-widget-text-editor\" data-id=\"39607186\" data-element_type=\"widget\" data-e-type=\"widget\" data-widget_type=\"text-editor.default\">\n\t\t\t\t\t\t\t\t\t<p>Personnalisation<\/p>\n\t\t\t\t\t\t\t\t<\/div>\n\t\t\t\t<div class=\"elementor-element elementor-element-5d87ead5 elementor-widget__width-initial elementor-widget elementor-widget-text-editor\" data-id=\"5d87ead5\" data-element_type=\"widget\" data-e-type=\"widget\" data-widget_type=\"text-editor.default\">\n\t\t\t\t\t\t\t\t\t<p>ODM &#038; OEM<\/p>\n\t\t\t\t\t\t\t\t<\/div>\n\t\t\t\t<\/div>\n\t\t<div class=\"elementor-element elementor-element-54acde58 e-con-full e-flex e-con e-child\" data-id=\"54acde58\" data-element_type=\"container\" data-e-type=\"container\">\n\t\t\t\t<div class=\"elementor-element elementor-element-57c9f0d6 elementor-widget__width-initial elementor-widget elementor-widget-text-editor\" data-id=\"57c9f0d6\" data-element_type=\"widget\" data-e-type=\"widget\" data-widget_type=\"text-editor.default\">\n\t\t\t\t\t\t\t\t\t<p>Origine<\/p>\n\t\t\t\t\t\t\t\t<\/div>\n\t\t\t\t<div class=\"elementor-element elementor-element-62c1896e elementor-widget__width-initial elementor-widget elementor-widget-text-editor\" data-id=\"62c1896e\" data-element_type=\"widget\" data-e-type=\"widget\" data-widget_type=\"text-editor.default\">\n\t\t\t\t\t\t\t\t\t<p>Qingdao, Chine<\/p>\n\t\t\t\t\t\t\t\t<\/div>\n\t\t\t\t<\/div>\n\t\t\t\t\t<\/div>\n\t\t\t\t<\/div>\n\t\t<div class=\"elementor-element elementor-element-1bfb3e8c e-flex e-con-boxed e-con e-parent\" data-id=\"1bfb3e8c\" data-element_type=\"container\" data-e-type=\"container\">\n\t\t\t\t\t<div class=\"e-con-inner\">\n\t\t<div class=\"elementor-element elementor-element-5bc0eaee e-con-full e-flex e-con e-child\" data-id=\"5bc0eaee\" data-element_type=\"container\" data-e-type=\"container\">\n\t\t\t\t<div class=\"elementor-element elementor-element-3e8fb79d elementor-widget-divider--view-line_icon elementor-widget-divider--element-align-left elementor-view-default elementor-widget elementor-widget-divider\" data-id=\"3e8fb79d\" data-element_type=\"widget\" data-e-type=\"widget\" data-widget_type=\"divider.default\">\n\t\t\t\t\t\t\t<div class=\"elementor-divider\">\n\t\t\t<span class=\"elementor-divider-separator\">\n\t\t\t\t\t\t\t<div class=\"elementor-icon elementor-divider__element\">\n\t\t\t\t\t<svg aria-hidden=\"true\" class=\"e-font-icon-svg e-fas-square\" viewBox=\"0 0 448 512\" xmlns=\"http:\/\/www.w3.org\/2000\/svg\"><path d=\"M400 32H48C21.5 32 0 53.5 0 80v352c0 26.5 21.5 48 48 48h352c26.5 0 48-21.5 48-48V80c0-26.5-21.5-48-48-48z\"><\/path><\/svg><\/div>\n\t\t\t\t\t\t<\/span>\n\t\t<\/div>\n\t\t\t\t\t\t<\/div>\n\t\t\t\t<div class=\"elementor-element elementor-element-6a96f90f elementor-widget elementor-widget-text-editor\" data-id=\"6a96f90f\" data-element_type=\"widget\" data-e-type=\"widget\" data-widget_type=\"text-editor.default\">\n\t\t\t\t\t\t\t\t\t<p>1. Cage de blanchisserie en m\u00e9tal portable-facile \u00e0 plier et \u00e0 d\u00e9placer avec la main ou le robot-\u00e9conomisez plus d&rsquo;espace d&rsquo;entrep\u00f4t, utilisez intelligemment et efficacement<\/p>\n<p>2. Colonne pliable-r\u00e9duisez les co\u00fbts de transport et \u00e9conomisez de l&rsquo;espace pendant les p\u00e9riodes plus lentes-retrouvez 80% de l&rsquo;espace de stockage lorsque vous pliez\/d\u00e9montez<\/p>\n<p>3. Traitement de surface galvanis\u00e9 \u00e9lectrogalvanis\u00e9 de haute qualit\u00e9, plus longue dur\u00e9e de vie.<\/p>\n<p>&#8211;Grand tube de taille sp\u00e9ciale incurv\u00e9 et structure de maille rendent le cadre en acier durable et stable..<\/p>\n<\/p>\n<p>Notre soci\u00e9t\u00e9 est principalement engag\u00e9e dans la production, le d\u00e9veloppement et la fabrication d&rsquo;\u00e9quipements de rotation logistique, avec plus de dix ans d&rsquo;exp\u00e9rience en production. L&rsquo;entreprise a une superficie de production de 5 000 m\u00e8tres carr\u00e9s et plus de 60 ensembles d&rsquo;\u00e9quipements de divers types.<\/p>\n<p>Nous nous engageons \u00e0 vous fournir les meilleures solutions pour la manutention de mat\u00e9riaux et l&rsquo;entreposage logistique.<\/p>\n\t\t\t\t\t\t\t\t<\/div>\n\t\t\t\t<\/div>\n\t\t<div class=\"elementor-element elementor-element-48c77b7f e-con-full e-flex e-con e-child\" data-id=\"48c77b7f\" data-element_type=\"container\" data-e-type=\"container\">\n\t\t\t\t<div class=\"elementor-element elementor-element-1945083 e-transform elementor-widget elementor-widget-image\" data-id=\"1945083\" data-element_type=\"widget\" data-e-type=\"widget\" data-settings=\"{&quot;_transform_scale_effect_hover&quot;:{&quot;unit&quot;:&quot;px&quot;,&quot;size&quot;:1.05,&quot;sizes&quot;:[]},&quot;_transform_scale_effect_hover_tablet&quot;:{&quot;unit&quot;:&quot;px&quot;,&quot;size&quot;:&quot;&quot;,&quot;sizes&quot;:[]},&quot;_transform_scale_effect_hover_mobile&quot;:{&quot;unit&quot;:&quot;px&quot;,&quot;size&quot;:&quot;&quot;,&quot;sizes&quot;:[]}}\" data-widget_type=\"image.default\">\n\t\t\t\t\t\t\t\t\t\t\t\t\t\t\t<img fetchpriority=\"high\" decoding=\"async\" width=\"601\" height=\"395\" src=\"https:\/\/www.logistictool.com\/wp-content\/uploads\/2025\/05\/Metal-Laundry-Cage-With-Wheels-1.jpg\" class=\"attachment-full size-full wp-image-14411\" alt=\"\" srcset=\"https:\/\/www.logistictool.com\/wp-content\/uploads\/2025\/05\/Metal-Laundry-Cage-With-Wheels-1.jpg 601w, https:\/\/www.logistictool.com\/wp-content\/uploads\/2025\/05\/Metal-Laundry-Cage-With-Wheels-1-300x197.jpg 300w\" sizes=\"(max-width: 601px) 100vw, 601px\" \/>\t\t\t\t\t\t\t\t\t\t\t\t\t\t\t<\/div>\n\t\t\t\t<\/div>\n\t\t\t\t\t<\/div>\n\t\t\t\t<\/div>\n\t\t\t\t<\/div>\n\t\t","protected":false},"excerpt":{"rendered":"<p>Description Cage \u00e0 lessive en m\u00e9tal avec roues Caract\u00e9ristiques 1. Conception: d\u00e9montable, embo\u00eetable et mobile. 2, 3 ou 4 parois lat\u00e9rales, 2. \u00c9conomisez plus d&rsquo;espace de stockage. 3. Facile \u00e0 assembler et \u00e0 d\u00e9monter. Utilisation de capacit\u00e9 de charge intelligente et \u00e9lev\u00e9e, PP\/nylon PA6, roulettes en caoutchouc, etc. Il peut \u00eatre utilis\u00e9 de mani\u00e8re intelligente [&hellip;]<\/p>\n","protected":false},"featured_media":3535,"comment_status":"closed","ping_status":"closed","template":"","meta":[],"product_brand":[],"product_cat":[160],"product_tag":[],"class_list":{"0":"post-27139","1":"product","2":"type-product","3":"status-publish","4":"has-post-thumbnail","6":"product_cat-cage-a-buanderie","8":"first","9":"instock","10":"shipping-taxable","11":"product-type-simple"},"_links":{"self":[{"href":"https:\/\/www.logistictool.com\/fr\/wp-json\/wp\/v2\/product\/27139","targetHints":{"allow":["GET"]}}],"collection":[{"href":"https:\/\/www.logistictool.com\/fr\/wp-json\/wp\/v2\/product"}],"about":[{"href":"https:\/\/www.logistictool.com\/fr\/wp-json\/wp\/v2\/types\/product"}],"replies":[{"embeddable":true,"href":"https:\/\/www.logistictool.com\/fr\/wp-json\/wp\/v2\/comments?post=27139"}],"version-history":[{"count":0,"href":"https:\/\/www.logistictool.com\/fr\/wp-json\/wp\/v2\/product\/27139\/revisions"}],"wp:featuredmedia":[{"embeddable":true,"href":"https:\/\/www.logistictool.com\/fr\/wp-json\/wp\/v2\/media\/3535"}],"wp:attachment":[{"href":"https:\/\/www.logistictool.com\/fr\/wp-json\/wp\/v2\/media?parent=27139"}],"wp:term":[{"taxonomy":"product_brand","embeddable":true,"href":"https:\/\/www.logistictool.com\/fr\/wp-json\/wp\/v2\/product_brand?post=27139"},{"taxonomy":"product_cat","embeddable":true,"href":"https:\/\/www.logistictool.com\/fr\/wp-json\/wp\/v2\/product_cat?post=27139"},{"taxonomy":"product_tag","embeddable":true,"href":"https:\/\/www.logistictool.com\/fr\/wp-json\/wp\/v2\/product_tag?post=27139"}],"curies":[{"name":"wp","href":"https:\/\/api.w.org\/{rel}","templated":true}]}}