{"id":28317,"date":"2025-05-13T03:17:26","date_gmt":"2025-05-13T03:17:26","guid":{"rendered":"https:\/\/www.logistictool.com\/non%20class\u00e9\/cage-a-linge-en-metal-avec-roue\/"},"modified":"2025-12-31T15:50:13","modified_gmt":"2025-12-31T15:50:13","slug":"cage-a-linge-en-metal-avec-roue","status":"publish","type":"product","link":"https:\/\/www.logistictool.com\/fr\/cage-a-buanderie\/cage-a-linge-en-metal-avec-roue\/","title":{"rendered":"Cage \u00e0 linge en m\u00e9tal avec roue"},"content":{"rendered":"\t\t<div data-elementor-type=\"product-post\" data-elementor-id=\"28317\" class=\"elementor elementor-28317 elementor-3107\" data-elementor-post-type=\"product\">\n\t\t\t\t<div class=\"elementor-element elementor-element-436e5b17 e-flex e-con-boxed e-con e-parent\" data-id=\"436e5b17\" data-element_type=\"container\" data-e-type=\"container\">\n\t\t\t\t\t<div class=\"e-con-inner\">\n\t\t\t\t<div class=\"elementor-element elementor-element-19b4f96a elementor-widget elementor-widget-spacer\" data-id=\"19b4f96a\" data-element_type=\"widget\" data-e-type=\"widget\" data-widget_type=\"spacer.default\">\n\t\t\t\t\t\t\t<div class=\"elementor-spacer\">\n\t\t\t<div class=\"elementor-spacer-inner\"><\/div>\n\t\t<\/div>\n\t\t\t\t\t\t<\/div>\n\t\t\t\t\t<\/div>\n\t\t\t\t<\/div>\n\t\t<div class=\"elementor-element elementor-element-65d3276e e-flex e-con-boxed e-con e-parent\" data-id=\"65d3276e\" data-element_type=\"container\" data-e-type=\"container\">\n\t\t\t\t\t<div class=\"e-con-inner\">\n\t\t\t\t<div class=\"elementor-element elementor-element-11bfc9dd elementor-widget elementor-widget-text-editor\" data-id=\"11bfc9dd\" data-element_type=\"widget\" data-e-type=\"widget\" data-widget_type=\"text-editor.default\">\n\t\t\t\t\t\t\t\t\t<p>Description<\/p>\n\t\t\t\t\t\t\t\t<\/div>\n\t\t\t\t<div class=\"elementor-element elementor-element-56ac60b1 elementor-widget-divider--view-line elementor-widget elementor-widget-divider\" data-id=\"56ac60b1\" data-element_type=\"widget\" data-e-type=\"widget\" data-widget_type=\"divider.default\">\n\t\t\t\t\t\t\t<div class=\"elementor-divider\">\n\t\t\t<span class=\"elementor-divider-separator\">\n\t\t\t\t\t\t<\/span>\n\t\t<\/div>\n\t\t\t\t\t\t<\/div>\n\t\t\t\t<div class=\"elementor-element elementor-element-3c8e351b elementor-widget elementor-widget-text-editor\" data-id=\"3c8e351b\" data-element_type=\"widget\" data-e-type=\"widget\" data-widget_type=\"text-editor.default\">\n\t\t\t\t\t\t\t\t\t<p>La cage \u00e0 linge m\u00e9tallique avec roues est une partie essentielle de toute activit\u00e9 hospitali\u00e8re ou de l\u2019industrie de la blanchisserie. Ils sont g\u00e9n\u00e9ralement fabriqu\u00e9s en m\u00e9tal et poss\u00e8dent une doublure en feuille de PP pour prot\u00e9ger les v\u00eatements contre les accrochages ou les d\u00e9chirures. La charrette a g\u00e9n\u00e9ralement quatre roues pour une maniabilit\u00e9 facile. Conteneur \u00e0 linge en acier enti\u00e8rement galvanis\u00e9 avec une porte avant articul\u00e9e \u00e0 moiti\u00e9 pliable. La cage \u00e0 linge en m\u00e9tal avec roues est sur roues et est donc facile \u00e0 transporter. Les dimensions du conteneur roulant sont 800x720x1800 mm. Les dimensions int\u00e9rieures sont 740x660x1640mm. Ce r\u00e9cipient est livr\u00e9 avec 4 roulettes pivotantes. <\/p>\n<p>Enti\u00e8rement compos\u00e9 de m\u00e9tal \u00e9lectro-galvanis\u00e9, il est moins sensible \u00e0 la rouille <\/p>\n<p> Ce r\u00e9servoir \u00e0 cage de s\u00e9curit\u00e9 peut \u00eatre \u00e9quip\u00e9 de n\u2019importe quelle roue de notre gamme \u00e0 votre demande, comme un frein, adapt\u00e9 au cong\u00e9lateur ou les deux. Consultez notre gamme de roues pour d\u00e9couvrir les possibilit\u00e9s. <\/p>\n\t\t\t\t\t\t\t\t<\/div>\n\t\t\t\t<div class=\"elementor-element elementor-element-a836d90 elementor-widget elementor-widget-image\" data-id=\"a836d90\" data-element_type=\"widget\" data-e-type=\"widget\" data-widget_type=\"image.default\">\n\t\t\t\t\t\t\t\t\t\t\t\t\t\t\t<img fetchpriority=\"high\" decoding=\"async\" width=\"800\" height=\"652\" src=\"https:\/\/www.logistictool.com\/wp-content\/uploads\/2025\/05\/Metal-Laundry-Cage-With-Wheel-3.jpg\" class=\"attachment-large size-large wp-image-14359\" alt=\"\" srcset=\"https:\/\/www.logistictool.com\/wp-content\/uploads\/2025\/05\/Metal-Laundry-Cage-With-Wheel-3.jpg 817w, https:\/\/www.logistictool.com\/wp-content\/uploads\/2025\/05\/Metal-Laundry-Cage-With-Wheel-3-300x245.jpg 300w, https:\/\/www.logistictool.com\/wp-content\/uploads\/2025\/05\/Metal-Laundry-Cage-With-Wheel-3-768x626.jpg 768w, https:\/\/www.logistictool.com\/wp-content\/uploads\/2025\/05\/Metal-Laundry-Cage-With-Wheel-3-600x489.jpg 600w\" sizes=\"(max-width: 800px) 100vw, 800px\" \/>\t\t\t\t\t\t\t\t\t\t\t\t\t\t\t<\/div>\n\t\t\t\t<div class=\"elementor-element elementor-element-b9f3d73 elementor-widget elementor-widget-image\" data-id=\"b9f3d73\" data-element_type=\"widget\" data-e-type=\"widget\" data-widget_type=\"image.default\">\n\t\t\t\t\t\t\t\t\t\t\t\t\t\t\t<img decoding=\"async\" width=\"800\" height=\"606\" src=\"https:\/\/www.logistictool.com\/wp-content\/uploads\/2025\/05\/Metal-Laundry-Cage-With-Wheel-2.jpg\" class=\"attachment-large size-large wp-image-14372\" alt=\"\" srcset=\"https:\/\/www.logistictool.com\/wp-content\/uploads\/2025\/05\/Metal-Laundry-Cage-With-Wheel-2.jpg 867w, https:\/\/www.logistictool.com\/wp-content\/uploads\/2025\/05\/Metal-Laundry-Cage-With-Wheel-2-300x227.jpg 300w, https:\/\/www.logistictool.com\/wp-content\/uploads\/2025\/05\/Metal-Laundry-Cage-With-Wheel-2-768x582.jpg 768w, https:\/\/www.logistictool.com\/wp-content\/uploads\/2025\/05\/Metal-Laundry-Cage-With-Wheel-2-600x455.jpg 600w\" sizes=\"(max-width: 800px) 100vw, 800px\" \/>\t\t\t\t\t\t\t\t\t\t\t\t\t\t\t<\/div>\n\t\t\t\t<div class=\"elementor-element elementor-element-1879cb8 elementor-widget elementor-widget-image\" data-id=\"1879cb8\" data-element_type=\"widget\" data-e-type=\"widget\" data-widget_type=\"image.default\">\n\t\t\t\t\t\t\t\t\t\t\t\t\t\t\t<img decoding=\"async\" width=\"800\" height=\"706\" src=\"https:\/\/www.logistictool.com\/wp-content\/uploads\/2025\/05\/Metal-Laundry-Cage-With-Wheel-1.jpg\" class=\"attachment-large size-large wp-image-14385\" alt=\"\" srcset=\"https:\/\/www.logistictool.com\/wp-content\/uploads\/2025\/05\/Metal-Laundry-Cage-With-Wheel-1.jpg 866w, https:\/\/www.logistictool.com\/wp-content\/uploads\/2025\/05\/Metal-Laundry-Cage-With-Wheel-1-300x265.jpg 300w, https:\/\/www.logistictool.com\/wp-content\/uploads\/2025\/05\/Metal-Laundry-Cage-With-Wheel-1-768x678.jpg 768w, https:\/\/www.logistictool.com\/wp-content\/uploads\/2025\/05\/Metal-Laundry-Cage-With-Wheel-1-600x529.jpg 600w\" sizes=\"(max-width: 800px) 100vw, 800px\" \/>\t\t\t\t\t\t\t\t\t\t\t\t\t\t\t<\/div>\n\t\t\t\t\t<\/div>\n\t\t\t\t<\/div>\n\t\t<div class=\"elementor-element elementor-element-47f99c4c e-flex e-con-boxed e-con e-parent\" data-id=\"47f99c4c\" data-element_type=\"container\" data-e-type=\"container\">\n\t\t\t\t\t<div class=\"e-con-inner\">\n\t\t\t\t<div class=\"elementor-element elementor-element-18dfb9b0 elementor-widget elementor-widget-heading\" data-id=\"18dfb9b0\" data-element_type=\"widget\" data-e-type=\"widget\" data-widget_type=\"heading.default\">\n\t\t\t\t\t<h3 class=\"elementor-heading-title elementor-size-default\">Sp\u00e9cification des produits<\/h3>\t\t\t\t<\/div>\n\t\t\t\t<div class=\"elementor-element elementor-element-3c4c367c elementor-widget-divider--view-line elementor-widget elementor-widget-divider\" data-id=\"3c4c367c\" data-element_type=\"widget\" data-e-type=\"widget\" data-widget_type=\"divider.default\">\n\t\t\t\t\t\t\t<div class=\"elementor-divider\">\n\t\t\t<span class=\"elementor-divider-separator\">\n\t\t\t\t\t\t<\/span>\n\t\t<\/div>\n\t\t\t\t\t\t<\/div>\n\t\t<div class=\"elementor-element elementor-element-206def85 e-con-full e-flex e-con e-child\" data-id=\"206def85\" data-element_type=\"container\" data-e-type=\"container\">\n\t\t\t\t<div class=\"elementor-element elementor-element-477f7d8f elementor-widget__width-initial elementor-widget elementor-widget-text-editor\" data-id=\"477f7d8f\" data-element_type=\"widget\" data-e-type=\"widget\" data-widget_type=\"text-editor.default\">\n\t\t\t\t\t\t\t\t\t<p>Nom du produit<\/p>\n\t\t\t\t\t\t\t\t<\/div>\n\t\t\t\t<div class=\"elementor-element elementor-element-e846183 elementor-widget__width-initial elementor-widget elementor-widget-text-editor\" data-id=\"e846183\" data-element_type=\"widget\" data-e-type=\"widget\" data-widget_type=\"text-editor.default\">\n\t\t\t\t\t\t\t\t\t<p>Cage \u00e0 linge en m\u00e9tal avec roues <\/p>\n\t\t\t\t\t\t\t\t<\/div>\n\t\t\t\t<\/div>\n\t\t<div class=\"elementor-element elementor-element-538d7a05 e-con-full e-flex e-con e-child\" data-id=\"538d7a05\" data-element_type=\"container\" data-e-type=\"container\">\n\t\t\t\t<div class=\"elementor-element elementor-element-2bedd5f1 elementor-widget__width-initial elementor-widget elementor-widget-text-editor\" data-id=\"2bedd5f1\" data-element_type=\"widget\" data-e-type=\"widget\" data-widget_type=\"text-editor.default\">\n\t\t\t\t\t\t\t\t\t<p>Dimension ext\u00e9rieure<\/p>\n\t\t\t\t\t\t\t\t<\/div>\n\t\t\t\t<div class=\"elementor-element elementor-element-6b00d308 elementor-widget__width-initial elementor-widget elementor-widget-text-editor\" data-id=\"6b00d308\" data-element_type=\"widget\" data-e-type=\"widget\" data-widget_type=\"text-editor.default\">\n\t\t\t\t\t\t\t\t\t<p>800x720x1800MM<\/p>\n\t\t\t\t\t\t\t\t<\/div>\n\t\t\t\t<\/div>\n\t\t<div class=\"elementor-element elementor-element-211aa366 e-con-full e-flex e-con e-child\" data-id=\"211aa366\" data-element_type=\"container\" data-e-type=\"container\">\n\t\t\t\t<div class=\"elementor-element elementor-element-14df8c93 elementor-widget__width-initial elementor-widget elementor-widget-text-editor\" data-id=\"14df8c93\" data-element_type=\"widget\" data-e-type=\"widget\" data-widget_type=\"text-editor.default\">\n\t\t\t\t\t\t\t\t\t<p>N.W<\/p>\n\t\t\t\t\t\t\t\t<\/div>\n\t\t\t\t<div class=\"elementor-element elementor-element-376f78a2 elementor-widget__width-initial elementor-widget elementor-widget-text-editor\" data-id=\"376f78a2\" data-element_type=\"widget\" data-e-type=\"widget\" data-widget_type=\"text-editor.default\">\n\t\t\t\t\t\t\t\t\t<p>40kg<\/p>\n\t\t\t\t\t\t\t\t<\/div>\n\t\t\t\t<\/div>\n\t\t<div class=\"elementor-element elementor-element-40cd5ca3 e-con-full e-flex e-con e-child\" data-id=\"40cd5ca3\" data-element_type=\"container\" data-e-type=\"container\">\n\t\t\t\t<div class=\"elementor-element elementor-element-76da1003 elementor-widget__width-initial elementor-widget elementor-widget-text-editor\" data-id=\"76da1003\" data-element_type=\"widget\" data-e-type=\"widget\" data-widget_type=\"text-editor.default\">\n\t\t\t\t\t\t\t\t\t<p>charge maximale<\/p>\n\t\t\t\t\t\t\t\t<\/div>\n\t\t\t\t<div class=\"elementor-element elementor-element-2b8cbf96 elementor-widget__width-initial elementor-widget elementor-widget-text-editor\" data-id=\"2b8cbf96\" data-element_type=\"widget\" data-e-type=\"widget\" data-widget_type=\"text-editor.default\">\n\t\t\t\t\t\t\t\t\t<p>800kg<\/p>\n\t\t\t\t\t\t\t\t<\/div>\n\t\t\t\t<\/div>\n\t\t<div class=\"elementor-element elementor-element-2fb62b4c e-con-full e-flex e-con e-child\" data-id=\"2fb62b4c\" data-element_type=\"container\" data-e-type=\"container\">\n\t\t\t\t<div class=\"elementor-element elementor-element-74519220 elementor-widget__width-initial elementor-widget elementor-widget-text-editor\" data-id=\"74519220\" data-element_type=\"widget\" data-e-type=\"widget\" data-widget_type=\"text-editor.default\">\n\t\t\t\t\t\t\t\t\t<p>Material<\/p>\n\t\t\t\t\t\t\t\t<\/div>\n\t\t\t\t<div class=\"elementor-element elementor-element-5fccb798 elementor-widget__width-initial elementor-widget elementor-widget-text-editor\" data-id=\"5fccb798\" data-element_type=\"widget\" data-e-type=\"widget\" data-widget_type=\"text-editor.default\">\n\t\t\t\t\t\t\t\t\t<p>Acier doux Q235<\/p>\n\t\t\t\t\t\t\t\t<\/div>\n\t\t\t\t<\/div>\n\t\t<div class=\"elementor-element elementor-element-35722b45 e-con-full e-flex e-con e-child\" data-id=\"35722b45\" data-element_type=\"container\" data-e-type=\"container\">\n\t\t\t\t<div class=\"elementor-element elementor-element-28e8eb6f elementor-widget__width-initial elementor-widget elementor-widget-text-editor\" data-id=\"28e8eb6f\" data-element_type=\"widget\" data-e-type=\"widget\" data-widget_type=\"text-editor.default\">\n\t\t\t\t\t\t\t\t\t<p>Finish<\/p>\n\t\t\t\t\t\t\t\t<\/div>\n\t\t\t\t<div class=\"elementor-element elementor-element-7c698fae elementor-widget__width-initial elementor-widget elementor-widget-text-editor\" data-id=\"7c698fae\" data-element_type=\"widget\" data-e-type=\"widget\" data-widget_type=\"text-editor.default\">\n\t\t\t\t\t\t\t\t\t<p>Rev\u00eatement galvanis\u00e9\/poudre zinc\/plong\u00e9e \u00e0 chaud <\/p>\n\t\t\t\t\t\t\t\t<\/div>\n\t\t\t\t<\/div>\n\t\t\t\t\t<\/div>\n\t\t\t\t<\/div>\n\t\t<div class=\"elementor-element elementor-element-7cb1211 e-flex e-con-boxed e-con e-parent\" data-id=\"7cb1211\" data-element_type=\"container\" data-e-type=\"container\">\n\t\t\t\t\t<div class=\"e-con-inner\">\n\t\t<div class=\"elementor-element elementor-element-673abf79 e-con-full e-flex e-con e-child\" data-id=\"673abf79\" data-element_type=\"container\" data-e-type=\"container\">\n\t\t\t\t<div class=\"elementor-element elementor-element-e24dacd elementor-widget elementor-widget-heading\" data-id=\"e24dacd\" data-element_type=\"widget\" data-e-type=\"widget\" data-widget_type=\"heading.default\">\n\t\t\t\t\t<h3 class=\"elementor-heading-title elementor-size-default\">Informations sur l\u2019entreprise<\/h3>\t\t\t\t<\/div>\n\t\t\t\t<div class=\"elementor-element elementor-element-20391d43 elementor-widget-divider--view-line_icon elementor-widget-divider--element-align-left elementor-view-default elementor-widget elementor-widget-divider\" data-id=\"20391d43\" data-element_type=\"widget\" data-e-type=\"widget\" data-widget_type=\"divider.default\">\n\t\t\t\t\t\t\t<div class=\"elementor-divider\">\n\t\t\t<span class=\"elementor-divider-separator\">\n\t\t\t\t\t\t\t<div class=\"elementor-icon elementor-divider__element\">\n\t\t\t\t\t<svg aria-hidden=\"true\" class=\"e-font-icon-svg e-fas-square\" viewBox=\"0 0 448 512\" xmlns=\"http:\/\/www.w3.org\/2000\/svg\"><path d=\"M400 32H48C21.5 32 0 53.5 0 80v352c0 26.5 21.5 48 48 48h352c26.5 0 48-21.5 48-48V80c0-26.5-21.5-48-48-48z\"><\/path><\/svg><\/div>\n\t\t\t\t\t\t<\/span>\n\t\t<\/div>\n\t\t\t\t\t\t<\/div>\n\t\t\t\t<div class=\"elementor-element elementor-element-2bd67c3c elementor-widget elementor-widget-text-editor\" data-id=\"2bd67c3c\" data-element_type=\"widget\" data-e-type=\"widget\" data-widget_type=\"text-editor.default\">\n\t\t\t\t\t\t\t\t\t<p>Nous sommes un fournisseur de divers produits m\u00e9talliques, notamment des chariots logistiques, des conteneurs roulants, des cages \u00e0 buanderie, des conteneurs en treillis m\u00e9talliques, des plateaux postaux, etc., qui se vendent bien aux \u00c9tats-Unis, en Europe et dans plus de 100 pays et r\u00e9gions du monde, tels que le Japon, l\u2019Asie du Sud-Est, l\u2019Oc\u00e9anie, l\u2019Afrique, etc., jouissant d\u2019une excellente r\u00e9putation sur le march\u00e9 international, d\u2019une grande qualit\u00e9 et de prix abordable. <\/p>\n<p>Comme vous le savez, tous nos produits sont personnalis\u00e9s, vous devez donc nous fournir des dessins pour confirmation pendant le processus de production, ou nous vous fournirons des dessins ou des \u00e9chantillons pour confirmer les produits, donc les ventes sont au c\u0153ur de l\u2019attention, et les services professionnels auxiliaires du d\u00e9partement vous sont fournis gratuitement. Vous n\u2019avez pas \u00e0 vous soucier de vos dessins, ni de vos nouveaux produits ou id\u00e9es. Nous pouvons mieux vous fournir les solutions que vous souhaitez. <\/p>\n<p>Nous savons que le c\u0153ur du d\u00e9veloppement \u00e0 long terme d\u2019une entreprise est la qualit\u00e9 du service client, la qualit\u00e9 du produit et le prix. Nous vous proposons des services professionnels et gratuits, ce qui ne signifie pas que nos prix sont \u00e9lev\u00e9s. Vous pouvez nous faire confiance pour votre commande. Nous offrons plus de 10 ans de service d\u2019assurance qualit\u00e9 pour nos produits. Si vous avez des questions, vous pouvez venir communiquer avec nous. <\/p>\n<p>Notre entreprise adh\u00e8re au principe du client d\u2019abord et de la qualit\u00e9 en premier, fournit aux clients un bon d\u00e9veloppement de nouveaux produits et des services associ\u00e9s, progresse avec les clients et d\u00e9veloppe le march\u00e9. Depuis sa cr\u00e9ation, l\u2019entreprise a toujours adh\u00e9r\u00e9 \u00e0 la philosophie commerciale de l\u2019int\u00e9grit\u00e9, et ses performances commerciales n\u2019ont cess\u00e9 d\u2019augmenter, atteignant un d\u00e9veloppement rapide et stable. L\u2019entreprise insiste toujours pour fournir aux clients des produits fiables, accorde une grande importance \u00e0 la gestion de la qualit\u00e9 et \u00e0 la performance en mati\u00e8re de s\u00e9curit\u00e9 des produits. Cr\u00e9ez des b\u00e9n\u00e9fices avec la direction, promouvez le d\u00e9veloppement par l\u2019innovation, survivez avec la qualit\u00e9 et visez l\u2019avenir avec les personnes en premier. <\/p>\n<p>Nous avons une \u00e9quipe et des techniciens tr\u00e8s professionnels et stricts. Pendant le processus de production, nos techniciens contr\u00f4leront strictement la formule et le proc\u00e9d\u00e9 afin de garantir la qualit\u00e9 du produit. Nous l\u2019aurons pendant la production et avant l\u2019emballage apr\u00e8s la production. Inspection tr\u00e8s stricte des produits. La qualit\u00e9 est notre vie. L\u2019ensemble du processus de production, d\u2019emballage et de transport sera soumis \u00e0 un processus tr\u00e8s strict pour contr\u00f4ler la qualit\u00e9 du produit. <\/p>\n\t\t\t\t\t\t\t\t<\/div>\n\t\t\t\t<\/div>\n\t\t<div class=\"elementor-element elementor-element-3f4e9fb3 e-con-full e-flex e-con e-child\" data-id=\"3f4e9fb3\" data-element_type=\"container\" data-e-type=\"container\">\n\t\t\t\t<div class=\"elementor-element elementor-element-bc326bb e-transform elementor-widget elementor-widget-image\" data-id=\"bc326bb\" data-element_type=\"widget\" data-e-type=\"widget\" data-settings=\"{&quot;_transform_scale_effect_hover&quot;:{&quot;unit&quot;:&quot;px&quot;,&quot;size&quot;:1.05,&quot;sizes&quot;:[]},&quot;_transform_scale_effect_hover_tablet&quot;:{&quot;unit&quot;:&quot;px&quot;,&quot;size&quot;:&quot;&quot;,&quot;sizes&quot;:[]},&quot;_transform_scale_effect_hover_mobile&quot;:{&quot;unit&quot;:&quot;px&quot;,&quot;size&quot;:&quot;&quot;,&quot;sizes&quot;:[]}}\" data-widget_type=\"image.default\">\n\t\t\t\t\t\t\t\t\t\t\t\t\t\t\t<img loading=\"lazy\" decoding=\"async\" width=\"821\" height=\"717\" src=\"https:\/\/www.logistictool.com\/wp-content\/uploads\/2025\/05\/Metal-Laundry-Cage-With-Wheel-4.jpg\" class=\"attachment-full size-full wp-image-14346\" alt=\"\" srcset=\"https:\/\/www.logistictool.com\/wp-content\/uploads\/2025\/05\/Metal-Laundry-Cage-With-Wheel-4.jpg 821w, https:\/\/www.logistictool.com\/wp-content\/uploads\/2025\/05\/Metal-Laundry-Cage-With-Wheel-4-300x262.jpg 300w, https:\/\/www.logistictool.com\/wp-content\/uploads\/2025\/05\/Metal-Laundry-Cage-With-Wheel-4-768x671.jpg 768w, https:\/\/www.logistictool.com\/wp-content\/uploads\/2025\/05\/Metal-Laundry-Cage-With-Wheel-4-600x524.jpg 600w\" sizes=\"(max-width: 821px) 100vw, 821px\" \/>\t\t\t\t\t\t\t\t\t\t\t\t\t\t\t<\/div>\n\t\t\t\t<\/div>\n\t\t\t\t\t<\/div>\n\t\t\t\t<\/div>\n\t\t\t\t<\/div>\n\t\t","protected":false},"excerpt":{"rendered":"<p>Description La cage \u00e0 linge m\u00e9tallique avec roues est une partie essentielle de toute activit\u00e9 hospitali\u00e8re ou de l\u2019industrie de la blanchisserie. Ils sont g\u00e9n\u00e9ralement fabriqu\u00e9s en m\u00e9tal et poss\u00e8dent une doublure en feuille de PP pour prot\u00e9ger les v\u00eatements contre les accrochages ou les d\u00e9chirures. La charrette a g\u00e9n\u00e9ralement quatre roues pour une maniabilit\u00e9 [&hellip;]<\/p>\n","protected":false},"featured_media":3534,"comment_status":"closed","ping_status":"closed","template":"","meta":[],"product_brand":[],"product_cat":[160],"product_tag":[],"class_list":{"0":"post-28317","1":"product","2":"type-product","3":"status-publish","4":"has-post-thumbnail","6":"product_cat-cage-a-buanderie","8":"first","9":"instock","10":"shipping-taxable","11":"product-type-simple"},"_links":{"self":[{"href":"https:\/\/www.logistictool.com\/fr\/wp-json\/wp\/v2\/product\/28317","targetHints":{"allow":["GET"]}}],"collection":[{"href":"https:\/\/www.logistictool.com\/fr\/wp-json\/wp\/v2\/product"}],"about":[{"href":"https:\/\/www.logistictool.com\/fr\/wp-json\/wp\/v2\/types\/product"}],"replies":[{"embeddable":true,"href":"https:\/\/www.logistictool.com\/fr\/wp-json\/wp\/v2\/comments?post=28317"}],"version-history":[{"count":0,"href":"https:\/\/www.logistictool.com\/fr\/wp-json\/wp\/v2\/product\/28317\/revisions"}],"wp:featuredmedia":[{"embeddable":true,"href":"https:\/\/www.logistictool.com\/fr\/wp-json\/wp\/v2\/media\/3534"}],"wp:attachment":[{"href":"https:\/\/www.logistictool.com\/fr\/wp-json\/wp\/v2\/media?parent=28317"}],"wp:term":[{"taxonomy":"product_brand","embeddable":true,"href":"https:\/\/www.logistictool.com\/fr\/wp-json\/wp\/v2\/product_brand?post=28317"},{"taxonomy":"product_cat","embeddable":true,"href":"https:\/\/www.logistictool.com\/fr\/wp-json\/wp\/v2\/product_cat?post=28317"},{"taxonomy":"product_tag","embeddable":true,"href":"https:\/\/www.logistictool.com\/fr\/wp-json\/wp\/v2\/product_tag?post=28317"}],"curies":[{"name":"wp","href":"https:\/\/api.w.org\/{rel}","templated":true}]}}