{"id":28327,"date":"2025-05-13T02:25:15","date_gmt":"2025-05-13T02:25:15","guid":{"rendered":"https:\/\/www.logistictool.com\/non%20class\u00e9\/chariot-pliant-a-cage-de-securite-pour-entrepot\/"},"modified":"2025-12-31T15:51:28","modified_gmt":"2025-12-31T15:51:28","slug":"chariot-pliant-a-cage-de-securite-pour-entrepot","status":"publish","type":"product","link":"https:\/\/www.logistictool.com\/fr\/conteneur-a-rouleau-a-4-cotes\/chariot-pliant-a-cage-de-securite-pour-entrepot\/","title":{"rendered":"Chariot pliant \u00e0 cage de s\u00e9curit\u00e9 pour entrep\u00f4t"},"content":{"rendered":"\t\t<div data-elementor-type=\"product-post\" data-elementor-id=\"28327\" class=\"elementor elementor-28327 elementor-3092\" data-elementor-post-type=\"product\">\n\t\t\t\t<div class=\"elementor-element elementor-element-711acf35 e-flex e-con-boxed e-con e-parent\" data-id=\"711acf35\" data-element_type=\"container\" data-e-type=\"container\">\n\t\t\t\t\t<div class=\"e-con-inner\">\n\t\t\t\t<div class=\"elementor-element elementor-element-339ccaf8 elementor-widget elementor-widget-spacer\" data-id=\"339ccaf8\" data-element_type=\"widget\" data-e-type=\"widget\" data-widget_type=\"spacer.default\">\n\t\t\t\t\t\t\t<div class=\"elementor-spacer\">\n\t\t\t<div class=\"elementor-spacer-inner\"><\/div>\n\t\t<\/div>\n\t\t\t\t\t\t<\/div>\n\t\t\t\t\t<\/div>\n\t\t\t\t<\/div>\n\t\t<div class=\"elementor-element elementor-element-6c21c5fc e-flex e-con-boxed e-con e-parent\" data-id=\"6c21c5fc\" data-element_type=\"container\" data-e-type=\"container\">\n\t\t\t\t\t<div class=\"e-con-inner\">\n\t\t\t\t<div class=\"elementor-element elementor-element-26ed5299 elementor-widget elementor-widget-text-editor\" data-id=\"26ed5299\" data-element_type=\"widget\" data-e-type=\"widget\" data-widget_type=\"text-editor.default\">\n\t\t\t\t\t\t\t\t\t<p>Description<\/p>\n\t\t\t\t\t\t\t\t<\/div>\n\t\t\t\t<div class=\"elementor-element elementor-element-6bb03937 elementor-widget-divider--view-line elementor-widget elementor-widget-divider\" data-id=\"6bb03937\" data-element_type=\"widget\" data-e-type=\"widget\" data-widget_type=\"divider.default\">\n\t\t\t\t\t\t\t<div class=\"elementor-divider\">\n\t\t\t<span class=\"elementor-divider-separator\">\n\t\t\t\t\t\t<\/span>\n\t\t<\/div>\n\t\t\t\t\t\t<\/div>\n\t\t\t\t<div class=\"elementor-element elementor-element-713abc6b elementor-widget elementor-widget-text-editor\" data-id=\"713abc6b\" data-element_type=\"widget\" data-e-type=\"widget\" data-widget_type=\"text-editor.default\">\n\t\t\t\t\t\t\t\t\t<p>Le chalet pliant \u00e0 cage de s\u00e9curit\u00e9 pour entrep\u00f4t avec un design en A nestable et une porte \u00e0 ouverture avant. La cage de s\u00e9curit\u00e9 peut facilement \u00eatre imbriqu\u00e9e pour \u00e9conomiser de l\u2019espace de stockage et pendant le transport lorsqu\u2019elle n\u2019est pas utilis\u00e9e. La base et les parois lat\u00e9rales sont toutes \u00e9quip\u00e9es d\u2019un remplissage en maille de 50&#215;50 mm. Le contenant \u00e0 cage de s\u00e9curit\u00e9 poss\u00e8de des poign\u00e9es de pr\u00e9l\u00e8vement pour faciliter la man\u0153uvre et est aussi \u00e9quip\u00e9 d\u2019une \u00e9tag\u00e8re int\u00e9gr\u00e9e pour pouvoir partager le stockage des produits. Le conteneur roulant poss\u00e8de 2 roulettes fixes et 2 pivotantes, toutes \u00e9quip\u00e9es de roues blanches PP de 125 mm. Le poids de la cage de s\u00e9curit\u00e9 est de 54 kg. <\/p>\n<p>Un cadre (\u00e9galement appel\u00e9 cadre \u00ab H \u00bb) se construit en ligne parfaitement droite. <\/p>\n<p>Un excellent gain d\u2019espace quand il n\u2019est pas utilis\u00e9 ou lors du d\u00e9chargement du transport. <\/p>\n<p>Comprend 1 porte battante pleine taille et 2 demi-porte<\/p>\n<p>Des charni\u00e8res arrondies en acier de haute qualit\u00e9 sur toutes les portes et loquets pour une meilleure robustesse et long\u00e9vit\u00e9<\/p>\n<p>Option pour installer plusieurs \u00e9tag\u00e8res fixes ou amovibles<\/p>\n<p>Conception et fabrication de haute qualit\u00e9 avec finition zinc\u00e9e. <\/p>\n<p>Cela maximise l\u2019espace int\u00e9rieur avec le cadre soud\u00e9 \u00e0 l\u2019ext\u00e9rieur de la base. <\/p>\n<p>Fourni enti\u00e8rement assembl\u00e9<\/p>\n\t\t\t\t\t\t\t\t<\/div>\n\t\t\t\t<div class=\"elementor-element elementor-element-4152ff6 elementor-widget elementor-widget-image\" data-id=\"4152ff6\" data-element_type=\"widget\" data-e-type=\"widget\" data-widget_type=\"image.default\">\n\t\t\t\t\t\t\t\t\t\t\t\t\t\t\t<img fetchpriority=\"high\" decoding=\"async\" width=\"800\" height=\"706\" src=\"https:\/\/www.logistictool.com\/wp-content\/uploads\/2025\/05\/Folding-Roll-Cage-Trolley-For-Warehouse-2.jpg\" class=\"attachment-large size-large wp-image-14294\" alt=\"\" srcset=\"https:\/\/www.logistictool.com\/wp-content\/uploads\/2025\/05\/Folding-Roll-Cage-Trolley-For-Warehouse-2.jpg 866w, https:\/\/www.logistictool.com\/wp-content\/uploads\/2025\/05\/Folding-Roll-Cage-Trolley-For-Warehouse-2-300x265.jpg 300w, https:\/\/www.logistictool.com\/wp-content\/uploads\/2025\/05\/Folding-Roll-Cage-Trolley-For-Warehouse-2-768x678.jpg 768w, https:\/\/www.logistictool.com\/wp-content\/uploads\/2025\/05\/Folding-Roll-Cage-Trolley-For-Warehouse-2-600x529.jpg 600w\" sizes=\"(max-width: 800px) 100vw, 800px\" \/>\t\t\t\t\t\t\t\t\t\t\t\t\t\t\t<\/div>\n\t\t\t\t\t<\/div>\n\t\t\t\t<\/div>\n\t\t<div class=\"elementor-element elementor-element-7744eab2 e-flex e-con-boxed e-con e-parent\" data-id=\"7744eab2\" data-element_type=\"container\" data-e-type=\"container\">\n\t\t\t\t\t<div class=\"e-con-inner\">\n\t\t<div class=\"elementor-element elementor-element-61859cdb e-con-full e-flex e-con e-child\" data-id=\"61859cdb\" data-element_type=\"container\" data-e-type=\"container\">\n\t\t\t\t<div class=\"elementor-element elementor-element-c2279c2 elementor-widget elementor-widget-heading\" data-id=\"c2279c2\" data-element_type=\"widget\" data-e-type=\"widget\" data-widget_type=\"heading.default\">\n\t\t\t\t\t<h3 class=\"elementor-heading-title elementor-size-default\">ACTUALIT\u00c9S<\/h3>\t\t\t\t<\/div>\n\t\t\t\t<div class=\"elementor-element elementor-element-49617f1 elementor-widget-divider--view-line_icon elementor-widget-divider--element-align-left elementor-view-default elementor-widget elementor-widget-divider\" data-id=\"49617f1\" data-element_type=\"widget\" data-e-type=\"widget\" data-widget_type=\"divider.default\">\n\t\t\t\t\t\t\t<div class=\"elementor-divider\">\n\t\t\t<span class=\"elementor-divider-separator\">\n\t\t\t\t\t\t\t<div class=\"elementor-icon elementor-divider__element\">\n\t\t\t\t\t<svg aria-hidden=\"true\" class=\"e-font-icon-svg e-fas-square\" viewBox=\"0 0 448 512\" xmlns=\"http:\/\/www.w3.org\/2000\/svg\"><path d=\"M400 32H48C21.5 32 0 53.5 0 80v352c0 26.5 21.5 48 48 48h352c26.5 0 48-21.5 48-48V80c0-26.5-21.5-48-48-48z\"><\/path><\/svg><\/div>\n\t\t\t\t\t\t<\/span>\n\t\t<\/div>\n\t\t\t\t\t\t<\/div>\n\t\t\t\t<div class=\"elementor-element elementor-element-6a1f5393 elementor-widget elementor-widget-text-editor\" data-id=\"6a1f5393\" data-element_type=\"widget\" data-e-type=\"widget\" data-widget_type=\"text-editor.default\">\n\t\t\t\t\t\t\t\t\t<p>Solution &amp; Conception <\/p>\n<p>Nous prenons le temps de comprendre vos besoins et proposons plusieurs solutions adapt\u00e9es \u00e0 votre budget et \u00e0 vos exigences. Ensuite, nous discutons du design et confirmons un dessin avant la production. L\u2019ensemble du processus prend g\u00e9n\u00e9ralement environ trois jours, selon le nombre de questions soulev\u00e9es lors de nos rencontres. <\/p>\n<p>Rapport de processus tout au long de la p\u00e9riode <\/p>\n<p>Nous comprenons qu\u2019une communication rapide est essentielle pour maintenir une bonne relation de travail, et nous nous engageons \u00e0 vous tenir inform\u00e9 de l\u2019\u00e9tat de votre commande \u00e0 chaque \u00e9tape. <\/p>\n<p>De plus, nous communiquerons avec vous en temps utile tout au long du processus, quels que soient les probl\u00e8mes qui surviendront, afin de vous assurer que vous soyez satisfait du produit. <\/p>\n\t\t\t\t\t\t\t\t<\/div>\n\t\t\t\t<\/div>\n\t\t<div class=\"elementor-element elementor-element-1e3eb92e e-con-full e-flex e-con e-child\" data-id=\"1e3eb92e\" data-element_type=\"container\" data-e-type=\"container\">\n\t\t\t\t<div class=\"elementor-element elementor-element-38be1636 e-transform elementor-widget elementor-widget-image\" data-id=\"38be1636\" data-element_type=\"widget\" data-e-type=\"widget\" data-settings=\"{&quot;_transform_scale_effect_hover&quot;:{&quot;unit&quot;:&quot;px&quot;,&quot;size&quot;:1.05,&quot;sizes&quot;:[]},&quot;_transform_scale_effect_hover_tablet&quot;:{&quot;unit&quot;:&quot;px&quot;,&quot;size&quot;:&quot;&quot;,&quot;sizes&quot;:[]},&quot;_transform_scale_effect_hover_mobile&quot;:{&quot;unit&quot;:&quot;px&quot;,&quot;size&quot;:&quot;&quot;,&quot;sizes&quot;:[]}}\" data-widget_type=\"image.default\">\n\t\t\t\t\t\t\t\t\t\t\t\t\t\t\t<img decoding=\"async\" width=\"811\" height=\"771\" src=\"https:\/\/www.logistictool.com\/wp-content\/uploads\/2025\/05\/Folding-Roll-Cage-Trolley-For-Warehouse-1.jpg\" class=\"attachment-full size-full wp-image-14281\" alt=\"\" srcset=\"https:\/\/www.logistictool.com\/wp-content\/uploads\/2025\/05\/Folding-Roll-Cage-Trolley-For-Warehouse-1.jpg 811w, https:\/\/www.logistictool.com\/wp-content\/uploads\/2025\/05\/Folding-Roll-Cage-Trolley-For-Warehouse-1-300x285.jpg 300w, https:\/\/www.logistictool.com\/wp-content\/uploads\/2025\/05\/Folding-Roll-Cage-Trolley-For-Warehouse-1-768x730.jpg 768w, https:\/\/www.logistictool.com\/wp-content\/uploads\/2025\/05\/Folding-Roll-Cage-Trolley-For-Warehouse-1-600x570.jpg 600w\" sizes=\"(max-width: 811px) 100vw, 811px\" \/>\t\t\t\t\t\t\t\t\t\t\t\t\t\t\t<\/div>\n\t\t\t\t<\/div>\n\t\t\t\t\t<\/div>\n\t\t\t\t<\/div>\n\t\t\t\t<\/div>\n\t\t","protected":false},"excerpt":{"rendered":"<p>Description Le chalet pliant \u00e0 cage de s\u00e9curit\u00e9 pour entrep\u00f4t avec un design en A nestable et une porte \u00e0 ouverture avant. La cage de s\u00e9curit\u00e9 peut facilement \u00eatre imbriqu\u00e9e pour \u00e9conomiser de l\u2019espace de stockage et pendant le transport lorsqu\u2019elle n\u2019est pas utilis\u00e9e. La base et les parois lat\u00e9rales sont toutes \u00e9quip\u00e9es d\u2019un remplissage [&hellip;]<\/p>\n","protected":false},"featured_media":3533,"comment_status":"closed","ping_status":"closed","template":"","meta":[],"product_brand":[],"product_cat":[227],"product_tag":[],"class_list":{"0":"post-28327","1":"product","2":"type-product","3":"status-publish","4":"has-post-thumbnail","6":"product_cat-conteneur-a-rouleau-a-4-cotes","8":"first","9":"instock","10":"shipping-taxable","11":"product-type-simple"},"_links":{"self":[{"href":"https:\/\/www.logistictool.com\/fr\/wp-json\/wp\/v2\/product\/28327","targetHints":{"allow":["GET"]}}],"collection":[{"href":"https:\/\/www.logistictool.com\/fr\/wp-json\/wp\/v2\/product"}],"about":[{"href":"https:\/\/www.logistictool.com\/fr\/wp-json\/wp\/v2\/types\/product"}],"replies":[{"embeddable":true,"href":"https:\/\/www.logistictool.com\/fr\/wp-json\/wp\/v2\/comments?post=28327"}],"version-history":[{"count":0,"href":"https:\/\/www.logistictool.com\/fr\/wp-json\/wp\/v2\/product\/28327\/revisions"}],"wp:featuredmedia":[{"embeddable":true,"href":"https:\/\/www.logistictool.com\/fr\/wp-json\/wp\/v2\/media\/3533"}],"wp:attachment":[{"href":"https:\/\/www.logistictool.com\/fr\/wp-json\/wp\/v2\/media?parent=28327"}],"wp:term":[{"taxonomy":"product_brand","embeddable":true,"href":"https:\/\/www.logistictool.com\/fr\/wp-json\/wp\/v2\/product_brand?post=28327"},{"taxonomy":"product_cat","embeddable":true,"href":"https:\/\/www.logistictool.com\/fr\/wp-json\/wp\/v2\/product_cat?post=28327"},{"taxonomy":"product_tag","embeddable":true,"href":"https:\/\/www.logistictool.com\/fr\/wp-json\/wp\/v2\/product_tag?post=28327"}],"curies":[{"name":"wp","href":"https:\/\/api.w.org\/{rel}","templated":true}]}}