{"id":28337,"date":"2025-05-13T03:34:58","date_gmt":"2025-05-13T03:34:58","guid":{"rendered":"https:\/\/www.logistictool.com\/non%20class\u00e9\/cage-a-palettes-metallique\/"},"modified":"2025-12-31T15:52:33","modified_gmt":"2025-12-31T15:52:33","slug":"cage-a-palettes-metallique","status":"publish","type":"product","link":"https:\/\/www.logistictool.com\/fr\/non-categorise\/cage-a-palettes-metallique\/","title":{"rendered":"Cage \u00e0 palettes m\u00e9tallique"},"content":{"rendered":"\t\t<div data-elementor-type=\"product-post\" data-elementor-id=\"28337\" class=\"elementor elementor-28337 elementor-3130\" data-elementor-post-type=\"product\">\n\t\t\t\t<div class=\"elementor-element elementor-element-5360cd08 e-flex e-con-boxed e-con e-parent\" data-id=\"5360cd08\" data-element_type=\"container\" data-e-type=\"container\">\n\t\t\t\t\t<div class=\"e-con-inner\">\n\t\t\t\t<div class=\"elementor-element elementor-element-2e743caa elementor-widget elementor-widget-spacer\" data-id=\"2e743caa\" data-element_type=\"widget\" data-e-type=\"widget\" data-widget_type=\"spacer.default\">\n\t\t\t\t\t\t\t<div class=\"elementor-spacer\">\n\t\t\t<div class=\"elementor-spacer-inner\"><\/div>\n\t\t<\/div>\n\t\t\t\t\t\t<\/div>\n\t\t\t\t\t<\/div>\n\t\t\t\t<\/div>\n\t\t<div class=\"elementor-element elementor-element-33c27e5a e-flex e-con-boxed e-con e-parent\" data-id=\"33c27e5a\" data-element_type=\"container\" data-e-type=\"container\">\n\t\t\t\t\t<div class=\"e-con-inner\">\n\t\t\t\t<div class=\"elementor-element elementor-element-7cc288b0 elementor-widget elementor-widget-text-editor\" data-id=\"7cc288b0\" data-element_type=\"widget\" data-e-type=\"widget\" data-widget_type=\"text-editor.default\">\n\t\t\t\t\t\t\t\t\t<p>Description<\/p>\n\t\t\t\t\t\t\t\t<\/div>\n\t\t\t\t<div class=\"elementor-element elementor-element-2fd69eec elementor-widget-divider--view-line elementor-widget elementor-widget-divider\" data-id=\"2fd69eec\" data-element_type=\"widget\" data-e-type=\"widget\" data-widget_type=\"divider.default\">\n\t\t\t\t\t\t\t<div class=\"elementor-divider\">\n\t\t\t<span class=\"elementor-divider-separator\">\n\t\t\t\t\t\t<\/span>\n\t\t<\/div>\n\t\t\t\t\t\t<\/div>\n\t\t\t\t<div class=\"elementor-element elementor-element-21b2e7f9 elementor-widget elementor-widget-text-editor\" data-id=\"21b2e7f9\" data-element_type=\"widget\" data-e-type=\"widget\" data-widget_type=\"text-editor.default\">\n\t\t\t\t\t\t\t\t\t<p>La cage \u00e0 palettes m\u00e9tallique est un contenant avec un canal Z pour stocker les objets. Parfait pour le rangement, et sa taille peut \u00eatre ajust\u00e9e \u00e0 votre plateau du bas, ce qui signifie que nous pouvons vous fournir la taille que vous souhaitez ! La structure en canal Z de cette cage permet de l\u2019empiler plus stables et en plusieurs couches pour augmenter l\u2019utilisation de l\u2019espace. Cependant, vous n\u2019avez pas \u00e0 vous soucier des tracas de ramasser des objets \u00e0 cause de l\u2019empilement, car son design en demi-porte facilite l\u2019acc\u00e8s aux objets. <\/p>\n\t\t\t\t\t\t\t\t<\/div>\n\t\t\t\t\t<\/div>\n\t\t\t\t<\/div>\n\t\t<div class=\"elementor-element elementor-element-4439ce7e e-flex e-con-boxed e-con e-parent\" data-id=\"4439ce7e\" data-element_type=\"container\" data-e-type=\"container\">\n\t\t\t\t\t<div class=\"e-con-inner\">\n\t\t\t\t<div class=\"elementor-element elementor-element-ba1a9a5 elementor-widget elementor-widget-heading\" data-id=\"ba1a9a5\" data-element_type=\"widget\" data-e-type=\"widget\" data-widget_type=\"heading.default\">\n\t\t\t\t\t<h3 class=\"elementor-heading-title elementor-size-default\">Param\u00e8tres du produit<\/h3>\t\t\t\t<\/div>\n\t\t\t\t<div class=\"elementor-element elementor-element-942a115 elementor-widget-divider--view-line elementor-widget elementor-widget-divider\" data-id=\"942a115\" data-element_type=\"widget\" data-e-type=\"widget\" data-widget_type=\"divider.default\">\n\t\t\t\t\t\t\t<div class=\"elementor-divider\">\n\t\t\t<span class=\"elementor-divider-separator\">\n\t\t\t\t\t\t<\/span>\n\t\t<\/div>\n\t\t\t\t\t\t<\/div>\n\t\t<div class=\"elementor-element elementor-element-a3034d0 e-con-full e-flex e-con e-child\" data-id=\"a3034d0\" data-element_type=\"container\" data-e-type=\"container\">\n\t\t\t\t<div class=\"elementor-element elementor-element-10f64973 elementor-widget__width-initial elementor-widget elementor-widget-text-editor\" data-id=\"10f64973\" data-element_type=\"widget\" data-e-type=\"widget\" data-widget_type=\"text-editor.default\">\n\t\t\t\t\t\t\t\t\t<p>Nom du produit<\/p>\n\t\t\t\t\t\t\t\t<\/div>\n\t\t\t\t<div class=\"elementor-element elementor-element-463573f0 elementor-widget__width-initial elementor-widget elementor-widget-text-editor\" data-id=\"463573f0\" data-element_type=\"widget\" data-e-type=\"widget\" data-widget_type=\"text-editor.default\">\n\t\t\t\t\t\t\t\t\t<p>Cage \u00e0 palettes m\u00e9tallique<\/p>\n\t\t\t\t\t\t\t\t<\/div>\n\t\t\t\t<\/div>\n\t\t<div class=\"elementor-element elementor-element-6f30efed e-con-full e-flex e-con e-child\" data-id=\"6f30efed\" data-element_type=\"container\" data-e-type=\"container\">\n\t\t\t\t<div class=\"elementor-element elementor-element-49290e58 elementor-widget__width-initial elementor-widget elementor-widget-text-editor\" data-id=\"49290e58\" data-element_type=\"widget\" data-e-type=\"widget\" data-widget_type=\"text-editor.default\">\n\t\t\t\t\t\t\t\t\t<p>Dimension ext\u00e9rieure<\/p>\n\t\t\t\t\t\t\t\t<\/div>\n\t\t\t\t<div class=\"elementor-element elementor-element-53cf4b5d elementor-widget__width-initial elementor-widget elementor-widget-text-editor\" data-id=\"53cf4b5d\" data-element_type=\"widget\" data-e-type=\"widget\" data-widget_type=\"text-editor.default\">\n\t\t\t\t\t\t\t\t\t<p>1200x800x1000MM<\/p>\n\t\t\t\t\t\t\t\t<\/div>\n\t\t\t\t<\/div>\n\t\t<div class=\"elementor-element elementor-element-d1ad1af e-con-full e-flex e-con e-child\" data-id=\"d1ad1af\" data-element_type=\"container\" data-e-type=\"container\">\n\t\t\t\t<div class=\"elementor-element elementor-element-67016ba8 elementor-widget__width-initial elementor-widget elementor-widget-text-editor\" data-id=\"67016ba8\" data-element_type=\"widget\" data-e-type=\"widget\" data-widget_type=\"text-editor.default\">\n\t\t\t\t\t\t\t\t\t<p>N.W<\/p>\n\t\t\t\t\t\t\t\t<\/div>\n\t\t\t\t<div class=\"elementor-element elementor-element-4f3d9ac4 elementor-widget__width-initial elementor-widget elementor-widget-text-editor\" data-id=\"4f3d9ac4\" data-element_type=\"widget\" data-e-type=\"widget\" data-widget_type=\"text-editor.default\">\n\t\t\t\t\t\t\t\t\t<p>40kg<\/p>\n\t\t\t\t\t\t\t\t<\/div>\n\t\t\t\t<\/div>\n\t\t<div class=\"elementor-element elementor-element-29c954b0 e-con-full e-flex e-con e-child\" data-id=\"29c954b0\" data-element_type=\"container\" data-e-type=\"container\">\n\t\t\t\t<div class=\"elementor-element elementor-element-23254e32 elementor-widget__width-initial elementor-widget elementor-widget-text-editor\" data-id=\"23254e32\" data-element_type=\"widget\" data-e-type=\"widget\" data-widget_type=\"text-editor.default\">\n\t\t\t\t\t\t\t\t\t<p>charge maximale<\/p>\n\t\t\t\t\t\t\t\t<\/div>\n\t\t\t\t<div class=\"elementor-element elementor-element-3e038625 elementor-widget__width-initial elementor-widget elementor-widget-text-editor\" data-id=\"3e038625\" data-element_type=\"widget\" data-e-type=\"widget\" data-widget_type=\"text-editor.default\">\n\t\t\t\t\t\t\t\t\t<p>800kg<\/p>\n\t\t\t\t\t\t\t\t<\/div>\n\t\t\t\t<\/div>\n\t\t<div class=\"elementor-element elementor-element-68c93830 e-con-full e-flex e-con e-child\" data-id=\"68c93830\" data-element_type=\"container\" data-e-type=\"container\">\n\t\t\t\t<div class=\"elementor-element elementor-element-3fadf657 elementor-widget__width-initial elementor-widget elementor-widget-text-editor\" data-id=\"3fadf657\" data-element_type=\"widget\" data-e-type=\"widget\" data-widget_type=\"text-editor.default\">\n\t\t\t\t\t\t\t\t\t<p>Material<\/p>\n\t\t\t\t\t\t\t\t<\/div>\n\t\t\t\t<div class=\"elementor-element elementor-element-35fbaa8 elementor-widget__width-initial elementor-widget elementor-widget-text-editor\" data-id=\"35fbaa8\" data-element_type=\"widget\" data-e-type=\"widget\" data-widget_type=\"text-editor.default\">\n\t\t\t\t\t\t\t\t\t<p>Acier doux Q235<\/p>\n\t\t\t\t\t\t\t\t<\/div>\n\t\t\t\t<\/div>\n\t\t<div class=\"elementor-element elementor-element-55a7e40 e-con-full e-flex e-con e-child\" data-id=\"55a7e40\" data-element_type=\"container\" data-e-type=\"container\">\n\t\t\t\t<div class=\"elementor-element elementor-element-36c7c50a elementor-widget__width-initial elementor-widget elementor-widget-text-editor\" data-id=\"36c7c50a\" data-element_type=\"widget\" data-e-type=\"widget\" data-widget_type=\"text-editor.default\">\n\t\t\t\t\t\t\t\t\t<p>Finish<\/p>\n\t\t\t\t\t\t\t\t<\/div>\n\t\t\t\t<div class=\"elementor-element elementor-element-1a4240a7 elementor-widget__width-initial elementor-widget elementor-widget-text-editor\" data-id=\"1a4240a7\" data-element_type=\"widget\" data-e-type=\"widget\" data-widget_type=\"text-editor.default\">\n\t\t\t\t\t\t\t\t\t<p>Rev\u00eatement galvanis\u00e9\/poudre zinc\/plong\u00e9e \u00e0 chaud <\/p>\n\t\t\t\t\t\t\t\t<\/div>\n\t\t\t\t<\/div>\n\t\t<div class=\"elementor-element elementor-element-b4b1d8a e-con-full e-flex e-con e-child\" data-id=\"b4b1d8a\" data-element_type=\"container\" data-e-type=\"container\">\n\t\t\t\t<div class=\"elementor-element elementor-element-5789728c elementor-widget__width-initial elementor-widget elementor-widget-text-editor\" data-id=\"5789728c\" data-element_type=\"widget\" data-e-type=\"widget\" data-widget_type=\"text-editor.default\">\n\t\t\t\t\t\t\t\t\t<p>Personnalisation<\/p>\n\t\t\t\t\t\t\t\t<\/div>\n\t\t\t\t<div class=\"elementor-element elementor-element-7f0c913 elementor-widget__width-initial elementor-widget elementor-widget-text-editor\" data-id=\"7f0c913\" data-element_type=\"widget\" data-e-type=\"widget\" data-widget_type=\"text-editor.default\">\n\t\t\t\t\t\t\t\t\t<p>ODM&amp;OEM<\/p>\n\t\t\t\t\t\t\t\t<\/div>\n\t\t\t\t<\/div>\n\t\t<div class=\"elementor-element elementor-element-52db57f7 e-con-full e-flex e-con e-child\" data-id=\"52db57f7\" data-element_type=\"container\" data-e-type=\"container\">\n\t\t\t\t<div class=\"elementor-element elementor-element-787611bd elementor-widget__width-initial elementor-widget elementor-widget-text-editor\" data-id=\"787611bd\" data-element_type=\"widget\" data-e-type=\"widget\" data-widget_type=\"text-editor.default\">\n\t\t\t\t\t\t\t\t\t<p>Lieu d\u2019origine <\/p>\n\t\t\t\t\t\t\t\t<\/div>\n\t\t\t\t<div class=\"elementor-element elementor-element-55e55d96 elementor-widget__width-initial elementor-widget elementor-widget-text-editor\" data-id=\"55e55d96\" data-element_type=\"widget\" data-e-type=\"widget\" data-widget_type=\"text-editor.default\">\n\t\t\t\t\t\t\t\t\t<p>Qingdao, Chine<\/p>\n\t\t\t\t\t\t\t\t<\/div>\n\t\t\t\t<\/div>\n\t\t\t\t\t<\/div>\n\t\t\t\t<\/div>\n\t\t<div class=\"elementor-element elementor-element-544e41c8 e-flex e-con-boxed e-con e-parent\" data-id=\"544e41c8\" data-element_type=\"container\" data-e-type=\"container\">\n\t\t\t\t\t<div class=\"e-con-inner\">\n\t\t\t\t<div class=\"elementor-element elementor-element-38565d47 elementor-widget elementor-widget-heading\" data-id=\"38565d47\" data-element_type=\"widget\" data-e-type=\"widget\" data-widget_type=\"heading.default\">\n\t\t\t\t\t<h2 class=\"elementor-heading-title elementor-size-default\">Fonctionnalit\u00e9s<\/h2>\t\t\t\t<\/div>\n\t\t\t\t<div class=\"elementor-element elementor-element-64bc254f elementor-widget-divider--view-line elementor-widget elementor-widget-divider\" data-id=\"64bc254f\" data-element_type=\"widget\" data-e-type=\"widget\" data-widget_type=\"divider.default\">\n\t\t\t\t\t\t\t<div class=\"elementor-divider\">\n\t\t\t<span class=\"elementor-divider-separator\">\n\t\t\t\t\t\t<\/span>\n\t\t<\/div>\n\t\t\t\t\t\t<\/div>\n\t\t\t\t\t<\/div>\n\t\t\t\t<\/div>\n\t\t<div class=\"elementor-element elementor-element-59de345e e-flex e-con-boxed e-con e-parent\" data-id=\"59de345e\" data-element_type=\"container\" data-e-type=\"container\">\n\t\t\t\t\t<div class=\"e-con-inner\">\n\t\t<div class=\"elementor-element elementor-element-2527c255 e-con-full e-flex e-con e-child\" data-id=\"2527c255\" data-element_type=\"container\" data-e-type=\"container\">\n\t\t<div class=\"elementor-element elementor-element-6d84e248 e-con-full e-flex e-con e-child\" data-id=\"6d84e248\" data-element_type=\"container\" data-e-type=\"container\">\n\t\t\t\t<div class=\"elementor-element elementor-element-46aeb65c elementor-widget elementor-widget-heading\" data-id=\"46aeb65c\" data-element_type=\"widget\" data-e-type=\"widget\" data-widget_type=\"heading.default\">\n\t\t\t\t\t<h2 class=\"elementor-heading-title elementor-size-default\">1<\/h2>\t\t\t\t<\/div>\n\t\t\t\t<div class=\"elementor-element elementor-element-580e05f4 elementor-widget elementor-widget-heading\" data-id=\"580e05f4\" data-element_type=\"widget\" data-e-type=\"widget\" data-widget_type=\"heading.default\">\n\t\t\t\t\t<h3 class=\"elementor-heading-title elementor-size-default\">Durable<\/h3>\t\t\t\t<\/div>\n\t\t\t\t<\/div>\n\t\t<div class=\"elementor-element elementor-element-41cefcee e-con-full e-flex e-con e-child\" data-id=\"41cefcee\" data-element_type=\"container\" data-e-type=\"container\">\n\t\t\t\t<div class=\"elementor-element elementor-element-2ca3fddd elementor-widget elementor-widget-text-editor\" data-id=\"2ca3fddd\" data-element_type=\"widget\" data-e-type=\"widget\" data-widget_type=\"text-editor.default\">\n\t\t\t\t\t\t\t\t\t<p>Cette cage m\u00e9tallique \u00e0 palettes est fabriqu\u00e9e avec des mati\u00e8res premi\u00e8res de haute qualit\u00e9 et est minutieusement inspect\u00e9e pendant le processus de production. La finition finale du placage lui permet de conserver son apparence d\u2019origine en permanence, donc il durera de nombreuses ann\u00e9es tant que vous l\u2019utilisez judicieusement. <\/p>\n\t\t\t\t\t\t\t\t<\/div>\n\t\t\t\t<\/div>\n\t\t\t\t<\/div>\n\t\t<div class=\"elementor-element elementor-element-5c9c1145 e-con-full e-flex e-con e-child\" data-id=\"5c9c1145\" data-element_type=\"container\" data-e-type=\"container\">\n\t\t<div class=\"elementor-element elementor-element-ef0b2da e-con-full e-flex e-con e-child\" data-id=\"ef0b2da\" data-element_type=\"container\" data-e-type=\"container\">\n\t\t\t\t<div class=\"elementor-element elementor-element-42ead87a elementor-widget elementor-widget-heading\" data-id=\"42ead87a\" data-element_type=\"widget\" data-e-type=\"widget\" data-widget_type=\"heading.default\">\n\t\t\t\t\t<h2 class=\"elementor-heading-title elementor-size-default\">2<\/h2>\t\t\t\t<\/div>\n\t\t\t\t<div class=\"elementor-element elementor-element-3999ee59 elementor-widget elementor-widget-heading\" data-id=\"3999ee59\" data-element_type=\"widget\" data-e-type=\"widget\" data-widget_type=\"heading.default\">\n\t\t\t\t\t<h3 class=\"elementor-heading-title elementor-size-default\">Pliable<\/h3>\t\t\t\t<\/div>\n\t\t\t\t<\/div>\n\t\t<div class=\"elementor-element elementor-element-7d9423da e-con-full e-flex e-con e-child\" data-id=\"7d9423da\" data-element_type=\"container\" data-e-type=\"container\">\n\t\t\t\t<div class=\"elementor-element elementor-element-4f0ce441 elementor-widget elementor-widget-text-editor\" data-id=\"4f0ce441\" data-element_type=\"widget\" data-e-type=\"widget\" data-widget_type=\"text-editor.default\">\n\t\t\t\t\t\t\t\t\t<p>La fonction pliable facilite le rangement lorsque vous ne l\u2019utilisez pas et ne prendra pas trop d\u2019espace. <\/p>\n\t\t\t\t\t\t\t\t<\/div>\n\t\t\t\t<\/div>\n\t\t\t\t<\/div>\n\t\t<div class=\"elementor-element elementor-element-62016b29 e-con-full e-flex e-con e-child\" data-id=\"62016b29\" data-element_type=\"container\" data-e-type=\"container\">\n\t\t<div class=\"elementor-element elementor-element-bff14fd e-con-full e-flex e-con e-child\" data-id=\"bff14fd\" data-element_type=\"container\" data-e-type=\"container\">\n\t\t\t\t<div class=\"elementor-element elementor-element-52eb0471 elementor-widget elementor-widget-heading\" data-id=\"52eb0471\" data-element_type=\"widget\" data-e-type=\"widget\" data-widget_type=\"heading.default\">\n\t\t\t\t\t<h2 class=\"elementor-heading-title elementor-size-default\">3<\/h2>\t\t\t\t<\/div>\n\t\t\t\t<div class=\"elementor-element elementor-element-7fcf32d5 elementor-widget elementor-widget-heading\" data-id=\"7fcf32d5\" data-element_type=\"widget\" data-e-type=\"widget\" data-widget_type=\"heading.default\">\n\t\t\t\t\t<h3 class=\"elementor-heading-title elementor-size-default\">Augmenter la capacit\u00e9 de stockage<\/h3>\t\t\t\t<\/div>\n\t\t\t\t<\/div>\n\t\t<div class=\"elementor-element elementor-element-4248c5cc e-con-full e-flex e-con e-child\" data-id=\"4248c5cc\" data-element_type=\"container\" data-e-type=\"container\">\n\t\t\t\t<div class=\"elementor-element elementor-element-46d3928e elementor-widget elementor-widget-text-editor\" data-id=\"46d3928e\" data-element_type=\"widget\" data-e-type=\"widget\" data-widget_type=\"text-editor.default\">\n\t\t\t\t\t\t\t\t\t<p>Il peut stocker un grand nombre d\u2019articles dans votre entrep\u00f4t, et vous pouvez l\u2019empiler et l\u2019utiliser, augmentant consid\u00e9rablement l\u2019espace de stockage de votre entrep\u00f4t. <\/p>\n\t\t\t\t\t\t\t\t<\/div>\n\t\t\t\t<\/div>\n\t\t\t\t<\/div>\n\t\t<div class=\"elementor-element elementor-element-7c4a6ab6 e-con-full e-flex e-con e-child\" data-id=\"7c4a6ab6\" data-element_type=\"container\" data-e-type=\"container\">\n\t\t<div class=\"elementor-element elementor-element-6682fc4a e-con-full e-flex e-con e-child\" data-id=\"6682fc4a\" data-element_type=\"container\" data-e-type=\"container\">\n\t\t\t\t<div class=\"elementor-element elementor-element-3b952c42 elementor-widget elementor-widget-heading\" data-id=\"3b952c42\" data-element_type=\"widget\" data-e-type=\"widget\" data-widget_type=\"heading.default\">\n\t\t\t\t\t<h2 class=\"elementor-heading-title elementor-size-default\">4<\/h2>\t\t\t\t<\/div>\n\t\t\t\t<div class=\"elementor-element elementor-element-42f83032 elementor-widget elementor-widget-heading\" data-id=\"42f83032\" data-element_type=\"widget\" data-e-type=\"widget\" data-widget_type=\"heading.default\">\n\t\t\t\t\t<h3 class=\"elementor-heading-title elementor-size-default\">Diff\u00e9rents designs<\/h3>\t\t\t\t<\/div>\n\t\t\t\t<\/div>\n\t\t<div class=\"elementor-element elementor-element-31638906 e-con-full e-flex e-con e-child\" data-id=\"31638906\" data-element_type=\"container\" data-e-type=\"container\">\n\t\t\t\t<div class=\"elementor-element elementor-element-6aac9269 elementor-widget elementor-widget-text-editor\" data-id=\"6aac9269\" data-element_type=\"widget\" data-e-type=\"widget\" data-widget_type=\"text-editor.default\">\n\t\t\t\t\t\t\t\t\t<p>En plus des tailles, couleurs et finitions pouvant \u00eatre personnalis\u00e9es et modifi\u00e9es selon vos besoins, nous avons plusieurs autres mod\u00e8les parmi lesquels choisir. <\/p>\n\t\t\t\t\t\t\t\t<\/div>\n\t\t\t\t<\/div>\n\t\t\t\t<\/div>\n\t\t\t\t\t<\/div>\n\t\t\t\t<\/div>\n\t\t<div class=\"elementor-element elementor-element-6521547a e-flex e-con-boxed e-con e-parent\" data-id=\"6521547a\" data-element_type=\"container\" data-e-type=\"container\">\n\t\t\t\t\t<div class=\"e-con-inner\">\n\t\t<div class=\"elementor-element elementor-element-3eb4d317 e-con-full e-flex e-con e-child\" data-id=\"3eb4d317\" data-element_type=\"container\" data-e-type=\"container\">\n\t\t\t\t<div class=\"elementor-element elementor-element-5cd38877 elementor-widget elementor-widget-heading\" data-id=\"5cd38877\" data-element_type=\"widget\" data-e-type=\"widget\" data-widget_type=\"heading.default\">\n\t\t\t\t\t<h3 class=\"elementor-heading-title elementor-size-default\">Domaine d\u2019application<\/h3>\t\t\t\t<\/div>\n\t\t\t\t<div class=\"elementor-element elementor-element-786f6cf8 elementor-widget-divider--view-line elementor-widget elementor-widget-divider\" data-id=\"786f6cf8\" data-element_type=\"widget\" data-e-type=\"widget\" data-widget_type=\"divider.default\">\n\t\t\t\t\t\t\t<div class=\"elementor-divider\">\n\t\t\t<span class=\"elementor-divider-separator\">\n\t\t\t\t\t\t<\/span>\n\t\t<\/div>\n\t\t\t\t\t\t<\/div>\n\t\t\t\t<div class=\"elementor-element elementor-element-28a7c39c elementor-widget elementor-widget-spacer\" data-id=\"28a7c39c\" data-element_type=\"widget\" data-e-type=\"widget\" data-widget_type=\"spacer.default\">\n\t\t\t\t\t\t\t<div class=\"elementor-spacer\">\n\t\t\t<div class=\"elementor-spacer-inner\"><\/div>\n\t\t<\/div>\n\t\t\t\t\t\t<\/div>\n\t\t\t\t<div class=\"elementor-element elementor-element-69503aee elementor-widget elementor-widget-text-editor\" data-id=\"69503aee\" data-element_type=\"widget\" data-e-type=\"widget\" data-widget_type=\"text-editor.default\">\n\t\t\t\t\t\t\t\t\t<p>La cage \u00e0 palettes m\u00e9tallique est utilis\u00e9e dans un large \u00e9ventail d\u2019applications, non seulement dans le commerce de d\u00e9tail pour exposer des marchandises, mais aussi dans le secteur logistique, l\u2019agriculture pour stocker le courrier express et les l\u00e9gumes. C\u2019est un moyen tr\u00e8s pratique de stocker quoi que ce soit. <\/p>\n\t\t\t\t\t\t\t\t<\/div>\n\t\t\t\t<\/div>\n\t\t\t\t\t<\/div>\n\t\t\t\t<\/div>\n\t\t\t\t<\/div>\n\t\t","protected":false},"excerpt":{"rendered":"<p>Description La cage \u00e0 palettes m\u00e9tallique est un contenant avec un canal Z pour stocker les objets. Parfait pour le rangement, et sa taille peut \u00eatre ajust\u00e9e \u00e0 votre plateau du bas, ce qui signifie que nous pouvons vous fournir la taille que vous souhaitez ! La structure en canal Z de cette cage permet [&hellip;]<\/p>\n","protected":false},"featured_media":3536,"comment_status":"closed","ping_status":"closed","template":"","meta":[],"product_brand":[],"product_cat":[125],"product_tag":[],"class_list":{"0":"post-28337","1":"product","2":"type-product","3":"status-publish","4":"has-post-thumbnail","6":"product_cat-non-categorise","8":"first","9":"instock","10":"shipping-taxable","11":"product-type-simple"},"_links":{"self":[{"href":"https:\/\/www.logistictool.com\/fr\/wp-json\/wp\/v2\/product\/28337","targetHints":{"allow":["GET"]}}],"collection":[{"href":"https:\/\/www.logistictool.com\/fr\/wp-json\/wp\/v2\/product"}],"about":[{"href":"https:\/\/www.logistictool.com\/fr\/wp-json\/wp\/v2\/types\/product"}],"replies":[{"embeddable":true,"href":"https:\/\/www.logistictool.com\/fr\/wp-json\/wp\/v2\/comments?post=28337"}],"version-history":[{"count":0,"href":"https:\/\/www.logistictool.com\/fr\/wp-json\/wp\/v2\/product\/28337\/revisions"}],"wp:featuredmedia":[{"embeddable":true,"href":"https:\/\/www.logistictool.com\/fr\/wp-json\/wp\/v2\/media\/3536"}],"wp:attachment":[{"href":"https:\/\/www.logistictool.com\/fr\/wp-json\/wp\/v2\/media?parent=28337"}],"wp:term":[{"taxonomy":"product_brand","embeddable":true,"href":"https:\/\/www.logistictool.com\/fr\/wp-json\/wp\/v2\/product_brand?post=28337"},{"taxonomy":"product_cat","embeddable":true,"href":"https:\/\/www.logistictool.com\/fr\/wp-json\/wp\/v2\/product_cat?post=28337"},{"taxonomy":"product_tag","embeddable":true,"href":"https:\/\/www.logistictool.com\/fr\/wp-json\/wp\/v2\/product_tag?post=28337"}],"curies":[{"name":"wp","href":"https:\/\/api.w.org\/{rel}","templated":true}]}}