{"id":28357,"date":"2025-05-13T06:53:11","date_gmt":"2025-05-13T06:53:11","guid":{"rendered":"https:\/\/www.logistictool.com\/non%20class\u00e9\/porte-etageres-en-verre-a-cadre-en-a\/"},"modified":"2025-12-31T15:56:33","modified_gmt":"2025-12-31T15:56:33","slug":"porte-etageres-en-verre-a-cadre-en-a","status":"publish","type":"product","link":"https:\/\/www.logistictool.com\/fr\/rayonnage-a-verre\/porte-etageres-en-verre-a-cadre-en-a\/","title":{"rendered":"Porte-\u00e9tag\u00e8res en verre \u00e0 cadre en A"},"content":{"rendered":"\t\t<div data-elementor-type=\"product-post\" data-elementor-id=\"28357\" class=\"elementor elementor-28357 elementor-3147\" data-elementor-post-type=\"product\">\n\t\t\t\t<div class=\"elementor-element elementor-element-17f3a52 e-flex e-con-boxed e-con e-parent\" data-id=\"17f3a52\" data-element_type=\"container\" data-e-type=\"container\">\n\t\t\t\t\t<div class=\"e-con-inner\">\n\t\t\t\t<div class=\"elementor-element elementor-element-6eff24f1 elementor-widget elementor-widget-spacer\" data-id=\"6eff24f1\" data-element_type=\"widget\" data-e-type=\"widget\" data-widget_type=\"spacer.default\">\n\t\t\t\t\t\t\t<div class=\"elementor-spacer\">\n\t\t\t<div class=\"elementor-spacer-inner\"><\/div>\n\t\t<\/div>\n\t\t\t\t\t\t<\/div>\n\t\t\t\t\t<\/div>\n\t\t\t\t<\/div>\n\t\t<div class=\"elementor-element elementor-element-5d0898ad e-flex e-con-boxed e-con e-parent\" data-id=\"5d0898ad\" data-element_type=\"container\" data-e-type=\"container\">\n\t\t\t\t\t<div class=\"e-con-inner\">\n\t\t\t\t<div class=\"elementor-element elementor-element-76b4a70b elementor-widget elementor-widget-text-editor\" data-id=\"76b4a70b\" data-element_type=\"widget\" data-e-type=\"widget\" data-widget_type=\"text-editor.default\">\n\t\t\t\t\t\t\t\t\t<p>Description<\/p>\n\t\t\t\t\t\t\t\t<\/div>\n\t\t\t\t<div class=\"elementor-element elementor-element-4c4b4572 elementor-widget-divider--view-line elementor-widget elementor-widget-divider\" data-id=\"4c4b4572\" data-element_type=\"widget\" data-e-type=\"widget\" data-widget_type=\"divider.default\">\n\t\t\t\t\t\t\t<div class=\"elementor-divider\">\n\t\t\t<span class=\"elementor-divider-separator\">\n\t\t\t\t\t\t<\/span>\n\t\t<\/div>\n\t\t\t\t\t\t<\/div>\n\t\t\t\t<div class=\"elementor-element elementor-element-7bf357e elementor-widget elementor-widget-text-editor\" data-id=\"7bf357e\" data-element_type=\"widget\" data-e-type=\"widget\" data-widget_type=\"text-editor.default\">\n\t\t\t\t\t\t\t\t\t<p>Notre principal produit est li\u00e9 \u00e0 l\u2019acier, vous pouvez obtenir presque tous les produits chez nous. Nous avons des conteneurs en rouleau, des palettes en rouleaux et des produits en vitrerie \u00e0 cadre A dans notre usine, plus de 100 cha\u00eenes de production et nous r\u00e9alisons tous les produits et processus de production dans notre propre usine. Ainsi, le prix sera tr\u00e8s bas et la qualit\u00e9 tr\u00e8s bonne, envoyez-nous vos dessins pour nous faire conna\u00eetre votre produit, afin que nous puissions vous envoyer votre devis gratuitement. <\/p>\n<p>Vous n\u2019avez pas \u00e0 vous soucier de votre produit, nous vous fournissons presque tous les produits de notre usine, nous vous fournissons \u00e9galement un \u00e9chantillon gratuit avant la commande en gros, nous commencerons votre commande en gros apr\u00e8s que vous ayez confirm\u00e9 l\u2019\u00e9chantillon. Nous vous enverrons des photos et des vid\u00e9os avant de vous envoyer votre \u00e9chantillon. <\/p>\n<p>Les porte-verres \u00e0 monture en A n\u00e9cessitent un technicien tr\u00e8s professionnel, qui peut vous fournir un tr\u00e8s bon prix, mais il convient aussi \u00e0 presque tous les besoins de vos lunettes. <\/p>\n\t\t\t\t\t\t\t\t<\/div>\n\t\t\t\t\t<\/div>\n\t\t\t\t<\/div>\n\t\t<div class=\"elementor-element elementor-element-73055d97 e-flex e-con-boxed e-con e-parent\" data-id=\"73055d97\" data-element_type=\"container\" data-e-type=\"container\">\n\t\t\t\t\t<div class=\"e-con-inner\">\n\t\t\t\t<div class=\"elementor-element elementor-element-ca923e elementor-widget elementor-widget-heading\" data-id=\"ca923e\" data-element_type=\"widget\" data-e-type=\"widget\" data-widget_type=\"heading.default\">\n\t\t\t\t\t<h3 class=\"elementor-heading-title elementor-size-default\">Sp\u00e9cification<\/h3>\t\t\t\t<\/div>\n\t\t\t\t<div class=\"elementor-element elementor-element-50e1d421 elementor-widget-divider--view-line elementor-widget elementor-widget-divider\" data-id=\"50e1d421\" data-element_type=\"widget\" data-e-type=\"widget\" data-widget_type=\"divider.default\">\n\t\t\t\t\t\t\t<div class=\"elementor-divider\">\n\t\t\t<span class=\"elementor-divider-separator\">\n\t\t\t\t\t\t<\/span>\n\t\t<\/div>\n\t\t\t\t\t\t<\/div>\n\t\t<div class=\"elementor-element elementor-element-76d14f3c e-con-full e-flex e-con e-child\" data-id=\"76d14f3c\" data-element_type=\"container\" data-e-type=\"container\">\n\t\t\t\t<div class=\"elementor-element elementor-element-757e32a7 elementor-widget__width-initial elementor-widget elementor-widget-text-editor\" data-id=\"757e32a7\" data-element_type=\"widget\" data-e-type=\"widget\" data-widget_type=\"text-editor.default\">\n\t\t\t\t\t\t\t\t\t<p>Nom du produit<\/p>\n\t\t\t\t\t\t\t\t<\/div>\n\t\t\t\t<div class=\"elementor-element elementor-element-115d24d2 elementor-widget__width-initial elementor-widget elementor-widget-text-editor\" data-id=\"115d24d2\" data-element_type=\"widget\" data-e-type=\"widget\" data-widget_type=\"text-editor.default\">\n\t\t\t\t\t\t\t\t\t<p>Porte-\u00e9ventuels en verre \u00e0 cadre en A<\/p>\n\t\t\t\t\t\t\t\t<\/div>\n\t\t\t\t<\/div>\n\t\t<div class=\"elementor-element elementor-element-22bb0f02 e-con-full e-flex e-con e-child\" data-id=\"22bb0f02\" data-element_type=\"container\" data-e-type=\"container\">\n\t\t\t\t<div class=\"elementor-element elementor-element-6de42dc6 elementor-widget__width-initial elementor-widget elementor-widget-text-editor\" data-id=\"6de42dc6\" data-element_type=\"widget\" data-e-type=\"widget\" data-widget_type=\"text-editor.default\">\n\t\t\t\t\t\t\t\t\t<p>Dimension ext\u00e9rieure<\/p>\n\t\t\t\t\t\t\t\t<\/div>\n\t\t\t\t<div class=\"elementor-element elementor-element-6dd5840c elementor-widget__width-initial elementor-widget elementor-widget-text-editor\" data-id=\"6dd5840c\" data-element_type=\"widget\" data-e-type=\"widget\" data-widget_type=\"text-editor.default\">\n\t\t\t\t\t\t\t\t\t<p>1000*800*850MM<\/p>\n\t\t\t\t\t\t\t\t<\/div>\n\t\t\t\t<\/div>\n\t\t<div class=\"elementor-element elementor-element-480632f7 e-con-full e-flex e-con e-child\" data-id=\"480632f7\" data-element_type=\"container\" data-e-type=\"container\">\n\t\t\t\t<div class=\"elementor-element elementor-element-246bb15 elementor-widget__width-initial elementor-widget elementor-widget-text-editor\" data-id=\"246bb15\" data-element_type=\"widget\" data-e-type=\"widget\" data-widget_type=\"text-editor.default\">\n\t\t\t\t\t\t\t\t\t<p>N.W<\/p>\n\t\t\t\t\t\t\t\t<\/div>\n\t\t\t\t<div class=\"elementor-element elementor-element-590e6c14 elementor-widget__width-initial elementor-widget elementor-widget-text-editor\" data-id=\"590e6c14\" data-element_type=\"widget\" data-e-type=\"widget\" data-widget_type=\"text-editor.default\">\n\t\t\t\t\t\t\t\t\t<p>190kg<\/p>\n\t\t\t\t\t\t\t\t<\/div>\n\t\t\t\t<\/div>\n\t\t<div class=\"elementor-element elementor-element-2d929ea e-con-full e-flex e-con e-child\" data-id=\"2d929ea\" data-element_type=\"container\" data-e-type=\"container\">\n\t\t\t\t<div class=\"elementor-element elementor-element-934e3b elementor-widget__width-initial elementor-widget elementor-widget-text-editor\" data-id=\"934e3b\" data-element_type=\"widget\" data-e-type=\"widget\" data-widget_type=\"text-editor.default\">\n\t\t\t\t\t\t\t\t\t<p>charge maximale<\/p>\n\t\t\t\t\t\t\t\t<\/div>\n\t\t\t\t<div class=\"elementor-element elementor-element-d89500 elementor-widget__width-initial elementor-widget elementor-widget-text-editor\" data-id=\"d89500\" data-element_type=\"widget\" data-e-type=\"widget\" data-widget_type=\"text-editor.default\">\n\t\t\t\t\t\t\t\t\t<p>2000kg<\/p>\n\t\t\t\t\t\t\t\t<\/div>\n\t\t\t\t<\/div>\n\t\t<div class=\"elementor-element elementor-element-a3507d4 e-con-full e-flex e-con e-child\" data-id=\"a3507d4\" data-element_type=\"container\" data-e-type=\"container\">\n\t\t\t\t<div class=\"elementor-element elementor-element-16b1f50 elementor-widget__width-initial elementor-widget elementor-widget-text-editor\" data-id=\"16b1f50\" data-element_type=\"widget\" data-e-type=\"widget\" data-widget_type=\"text-editor.default\">\n\t\t\t\t\t\t\t\t\t<p>Material<\/p>\n\t\t\t\t\t\t\t\t<\/div>\n\t\t\t\t<div class=\"elementor-element elementor-element-21fc8743 elementor-widget__width-initial elementor-widget elementor-widget-text-editor\" data-id=\"21fc8743\" data-element_type=\"widget\" data-e-type=\"widget\" data-widget_type=\"text-editor.default\">\n\t\t\t\t\t\t\t\t\t<p>Acier doux Q235<\/p>\n\t\t\t\t\t\t\t\t<\/div>\n\t\t\t\t<\/div>\n\t\t<div class=\"elementor-element elementor-element-69d85c72 e-con-full e-flex e-con e-child\" data-id=\"69d85c72\" data-element_type=\"container\" data-e-type=\"container\">\n\t\t\t\t<div class=\"elementor-element elementor-element-220019cf elementor-widget__width-initial elementor-widget elementor-widget-text-editor\" data-id=\"220019cf\" data-element_type=\"widget\" data-e-type=\"widget\" data-widget_type=\"text-editor.default\">\n\t\t\t\t\t\t\t\t\t<p>Finish<\/p>\n\t\t\t\t\t\t\t\t<\/div>\n\t\t\t\t<div class=\"elementor-element elementor-element-339c3eba elementor-widget__width-initial elementor-widget elementor-widget-text-editor\" data-id=\"339c3eba\" data-element_type=\"widget\" data-e-type=\"widget\" data-widget_type=\"text-editor.default\">\n\t\t\t\t\t\t\t\t\t<p>Durable galvanis\u00e9<\/p>\n\t\t\t\t\t\t\t\t<\/div>\n\t\t\t\t<\/div>\n\t\t\t\t\t<\/div>\n\t\t\t\t<\/div>\n\t\t<div class=\"elementor-element elementor-element-19f49ede e-flex e-con-boxed e-con e-parent\" data-id=\"19f49ede\" data-element_type=\"container\" data-e-type=\"container\">\n\t\t\t\t\t<div class=\"e-con-inner\">\n\t\t\t\t<div class=\"elementor-element elementor-element-410ed0f elementor-widget elementor-widget-heading\" data-id=\"410ed0f\" data-element_type=\"widget\" data-e-type=\"widget\" data-widget_type=\"heading.default\">\n\t\t\t\t\t<h2 class=\"elementor-heading-title elementor-size-default\">Autres informations<\/h2>\t\t\t\t<\/div>\n\t\t\t\t<div class=\"elementor-element elementor-element-77f0db54 elementor-widget-divider--view-line_icon elementor-widget-divider--element-align-left elementor-view-default elementor-widget elementor-widget-divider\" data-id=\"77f0db54\" data-element_type=\"widget\" data-e-type=\"widget\" data-widget_type=\"divider.default\">\n\t\t\t\t\t\t\t<div class=\"elementor-divider\">\n\t\t\t<span class=\"elementor-divider-separator\">\n\t\t\t\t\t\t\t<div class=\"elementor-icon elementor-divider__element\">\n\t\t\t\t\t<svg aria-hidden=\"true\" class=\"e-font-icon-svg e-fas-square\" viewBox=\"0 0 448 512\" xmlns=\"http:\/\/www.w3.org\/2000\/svg\"><path d=\"M400 32H48C21.5 32 0 53.5 0 80v352c0 26.5 21.5 48 48 48h352c26.5 0 48-21.5 48-48V80c0-26.5-21.5-48-48-48z\"><\/path><\/svg><\/div>\n\t\t\t\t\t\t<\/span>\n\t\t<\/div>\n\t\t\t\t\t\t<\/div>\n\t\t\t\t<div class=\"elementor-element elementor-element-6a97845 elementor-widget elementor-widget-text-editor\" data-id=\"6a97845\" data-element_type=\"widget\" data-e-type=\"widget\" data-widget_type=\"text-editor.default\">\n\t\t\t\t\t\t\t\t\t<p>Nos certificats contiennent CE, FSC, SGS, brevet d\u2019apparence, brevet de mod\u00e8le d\u2019utilit\u00e9, CPC. Notre service est ce que nous avons : une \u00e9quipe et un personnel technique tr\u00e8s professionnels et stricts. Pendant le processus de production, notre \u00e9quipe technique contr\u00f4le strictement la formule et le processus afin de contr\u00f4ler la qualit\u00e9 du produit. Nous l\u2019aurons pendant le processus de production et avant l\u2019emballage apr\u00e8s la production. Inspection tr\u00e8s stricte des produits. \u00ab Contr\u00f4ler le probl\u00e8me avant que le produit ne quitte l\u2019usine \u00bb est notre principe. La qualit\u00e9 est notre vie. L\u2019ensemble du processus de production, d\u2019emballage et d\u2019exp\u00e9dition sera soumis \u00e0 des processus tr\u00e8s stricts pour contr\u00f4ler la qualit\u00e9 du produit. <\/p>\n\t\t\t\t\t\t\t\t<\/div>\n\t\t\t\t<div class=\"elementor-element elementor-element-66d1825d elementor-widget-divider--view-line elementor-widget elementor-widget-divider\" data-id=\"66d1825d\" data-element_type=\"widget\" data-e-type=\"widget\" data-widget_type=\"divider.default\">\n\t\t\t\t\t\t\t<div class=\"elementor-divider\">\n\t\t\t<span class=\"elementor-divider-separator\">\n\t\t\t\t\t\t<\/span>\n\t\t<\/div>\n\t\t\t\t\t\t<\/div>\n\t\t\t\t\t<\/div>\n\t\t\t\t<\/div>\n\t\t\t\t<\/div>\n\t\t","protected":false},"excerpt":{"rendered":"<p>Description Notre principal produit est li\u00e9 \u00e0 l\u2019acier, vous pouvez obtenir presque tous les produits chez nous. Nous avons des conteneurs en rouleau, des palettes en rouleaux et des produits en vitrerie \u00e0 cadre A dans notre usine, plus de 100 cha\u00eenes de production et nous r\u00e9alisons tous les produits et processus de production dans [&hellip;]<\/p>\n","protected":false},"featured_media":3545,"comment_status":"closed","ping_status":"closed","template":"","meta":[],"product_brand":[],"product_cat":[281],"product_tag":[],"class_list":{"0":"post-28357","1":"product","2":"type-product","3":"status-publish","4":"has-post-thumbnail","6":"product_cat-rayonnage-a-verre","8":"first","9":"instock","10":"shipping-taxable","11":"product-type-simple"},"_links":{"self":[{"href":"https:\/\/www.logistictool.com\/fr\/wp-json\/wp\/v2\/product\/28357","targetHints":{"allow":["GET"]}}],"collection":[{"href":"https:\/\/www.logistictool.com\/fr\/wp-json\/wp\/v2\/product"}],"about":[{"href":"https:\/\/www.logistictool.com\/fr\/wp-json\/wp\/v2\/types\/product"}],"replies":[{"embeddable":true,"href":"https:\/\/www.logistictool.com\/fr\/wp-json\/wp\/v2\/comments?post=28357"}],"version-history":[{"count":0,"href":"https:\/\/www.logistictool.com\/fr\/wp-json\/wp\/v2\/product\/28357\/revisions"}],"wp:featuredmedia":[{"embeddable":true,"href":"https:\/\/www.logistictool.com\/fr\/wp-json\/wp\/v2\/media\/3545"}],"wp:attachment":[{"href":"https:\/\/www.logistictool.com\/fr\/wp-json\/wp\/v2\/media?parent=28357"}],"wp:term":[{"taxonomy":"product_brand","embeddable":true,"href":"https:\/\/www.logistictool.com\/fr\/wp-json\/wp\/v2\/product_brand?post=28357"},{"taxonomy":"product_cat","embeddable":true,"href":"https:\/\/www.logistictool.com\/fr\/wp-json\/wp\/v2\/product_cat?post=28357"},{"taxonomy":"product_tag","embeddable":true,"href":"https:\/\/www.logistictool.com\/fr\/wp-json\/wp\/v2\/product_tag?post=28357"}],"curies":[{"name":"wp","href":"https:\/\/api.w.org\/{rel}","templated":true}]}}