{"id":26374,"date":"2025-04-01T07:37:13","date_gmt":"2025-04-01T07:37:13","guid":{"rendered":"https:\/\/www.logistictool.com\/proizvodi\/"},"modified":"2025-08-05T07:43:09","modified_gmt":"2025-08-05T07:43:09","slug":"proizvodi","status":"publish","type":"page","link":"https:\/\/www.logistictool.com\/hr\/proizvodi\/","title":{"rendered":"Proizvodi"},"content":{"rendered":"\t\t<div data-elementor-type=\"wp-page\" data-elementor-id=\"26374\" class=\"elementor elementor-26374 elementor-2183\" data-elementor-post-type=\"page\">\n\t\t\t\t<div class=\"elementor-element elementor-element-4b7fe0bf e-flex e-con-boxed e-con e-parent\" data-id=\"4b7fe0bf\" data-element_type=\"container\" data-e-type=\"container\">\n\t\t\t\t\t<div class=\"e-con-inner\">\n\t\t<div class=\"elementor-element elementor-element-63c7effc e-con-full elementor-hidden-mobile e-flex e-con e-child\" data-id=\"63c7effc\" data-element_type=\"container\" data-e-type=\"container\">\n\t\t\t\t<div class=\"elementor-element elementor-element-56c28150 elementor-widget elementor-widget-heading\" data-id=\"56c28150\" data-element_type=\"widget\" data-e-type=\"widget\" data-widget_type=\"heading.default\">\n\t\t\t\t\t<h3 class=\"elementor-heading-title elementor-size-default\">KATEGORIJE<\/h3>\t\t\t\t<\/div>\n\t\t\t\t<div class=\"elementor-element elementor-element-142f2a25 elementor-widget elementor-widget-template\" data-id=\"142f2a25\" data-element_type=\"widget\" data-e-type=\"widget\" data-widget_type=\"template.default\">\n\t\t\t\t<div class=\"elementor-widget-container\">\n\t\t\t\t\t\t\t<div class=\"elementor-template\">\n\t\t\t\t\t<div data-elementor-type=\"product-archive\" data-elementor-id=\"26035\" class=\"elementor elementor-26035 elementor-628 elementor-628 product\" data-elementor-post-type=\"elementor_library\">\n\t\t\t<div class=\"elementor-element elementor-element-03eb50b e-flex e-con-boxed e-con e-parent\" data-id=\"03eb50b\" data-element_type=\"container\" data-e-type=\"container\">\n\t\t\t\t\t<div class=\"e-con-inner\">\n\t\t\t\t<div class=\"elementor-element elementor-element-b725d9d elementor-widget__width-inherit elementor-nav-menu__text-align-aside elementor-widget elementor-widget-nav-menu\" data-id=\"b725d9d\" data-element_type=\"widget\" data-e-type=\"widget\" data-settings=\"{&quot;layout&quot;:&quot;dropdown&quot;,&quot;submenu_icon&quot;:{&quot;value&quot;:&quot;&lt;svg aria-hidden=\\&quot;true\\&quot; class=\\&quot;e-font-icon-svg e-fas-caret-down\\&quot; viewBox=\\&quot;0 0 320 512\\&quot; xmlns=\\&quot;http:\\\/\\\/www.w3.org\\\/2000\\\/svg\\&quot;&gt;&lt;path d=\\&quot;M31.3 192h257.3c17.8 0 26.7 21.5 14.1 34.1L174.1 354.8c-7.8 7.8-20.5 7.8-28.3 0L17.2 226.1C4.6 213.5 13.5 192 31.3 192z\\&quot;&gt;&lt;\\\/path&gt;&lt;\\\/svg&gt;&quot;,&quot;library&quot;:&quot;fa-solid&quot;}}\" data-widget_type=\"nav-menu.default\">\n\t\t\t\t\t\t\t\t<nav class=\"elementor-nav-menu--dropdown elementor-nav-menu__container\" aria-hidden=\"true\">\n\t\t\t\t<ul id=\"menu-2-b725d9d\" class=\"elementor-nav-menu\"><li class=\"menu-item menu-item-type-post_type menu-item-object-page menu-item-has-children menu-item-2683\"><a href=\"https:\/\/www.logistictool.com\/roll-container\/\" class=\"elementor-item\" tabindex=\"-1\">Kontejner na kota\u010di\u0107e<\/a>\n<ul class=\"sub-menu elementor-nav-menu--dropdown\">\n\t<li class=\"menu-item menu-item-type-post_type menu-item-object-page menu-item-2914\"><a href=\"https:\/\/www.logistictool.com\/roll-container\/2-sided-roll-container\/\" class=\"elementor-sub-item\" tabindex=\"-1\">Dvostrani kontejner s rolama<\/a><\/li>\n\t<li class=\"menu-item menu-item-type-post_type menu-item-object-page menu-item-2915\"><a href=\"https:\/\/www.logistictool.com\/roll-container\/3-sided-roll-container\/\" class=\"elementor-sub-item\" tabindex=\"-1\">Trostrani kontejner s rolama<\/a><\/li>\n\t<li class=\"menu-item menu-item-type-post_type menu-item-object-page menu-item-2916\"><a href=\"https:\/\/www.logistictool.com\/roll-container\/4-sided-roll-container\/\" class=\"elementor-sub-item\" tabindex=\"-1\">Kontejner s rolama s 4 strane<\/a><\/li>\n\t<li class=\"menu-item menu-item-type-post_type menu-item-object-page menu-item-2918\"><a href=\"https:\/\/www.logistictool.com\/roll-container\/security-roll-container\/\" class=\"elementor-sub-item\" tabindex=\"-1\">Sigurnosni kontejner za role<\/a><\/li>\n\t<li class=\"menu-item menu-item-type-post_type menu-item-object-page menu-item-2917\"><a href=\"https:\/\/www.logistictool.com\/roll-container\/laundry-cage\/\" class=\"elementor-sub-item\" tabindex=\"-1\">Kavez za rublje<\/a><\/li>\n<\/ul>\n<\/li>\n<li class=\"menu-item menu-item-type-post_type menu-item-object-page menu-item-2921\"><a href=\"https:\/\/www.logistictool.com\/wire-container\/\" class=\"elementor-item\" tabindex=\"-1\">\u017di\u010dani kontejner<\/a><\/li>\n<li class=\"menu-item menu-item-type-post_type menu-item-object-page menu-item-2911\"><a href=\"https:\/\/www.logistictool.com\/cage-pallet\/\" class=\"elementor-item\" tabindex=\"-1\">Kavezna paleta<\/a><\/li>\n<li class=\"menu-item menu-item-type-post_type menu-item-object-page menu-item-2919\"><a href=\"https:\/\/www.logistictool.com\/stillages\/\" class=\"elementor-item\" tabindex=\"-1\">Stillages<\/a><\/li>\n<li class=\"menu-item menu-item-type-post_type menu-item-object-page menu-item-2913\"><a href=\"https:\/\/www.logistictool.com\/post-pallet\/\" class=\"elementor-item\" tabindex=\"-1\">Post paleta<\/a><\/li>\n<li class=\"menu-item menu-item-type-post_type menu-item-object-page menu-item-2920\"><a href=\"https:\/\/www.logistictool.com\/tire-rack\/\" class=\"elementor-item\" tabindex=\"-1\">Stalak za gume<\/a><\/li>\n<li class=\"menu-item menu-item-type-post_type menu-item-object-page menu-item-2912\"><a href=\"https:\/\/www.logistictool.com\/glass-racking\/\" class=\"elementor-item\" tabindex=\"-1\">Stakleni stalci<\/a><\/li>\n<\/ul>\t\t\t<\/nav>\n\t\t\t\t\t\t<\/div>\n\t\t\t\t\t<\/div>\n\t\t\t\t<\/div>\n\t\t\t\t<\/div>\n\t\t\t\t<\/div>\n\t\t\t\t\t\t<\/div>\n\t\t\t\t<\/div>\n\t\t\t\t<\/div>\n\t\t<div class=\"elementor-element elementor-element-3b8916c3 e-con-full e-flex e-con e-child\" data-id=\"3b8916c3\" data-element_type=\"container\" data-e-type=\"container\">\n\t\t\t\t<div class=\"elementor-element elementor-element-3d97483e elementor-widget elementor-widget-heading\" data-id=\"3d97483e\" data-element_type=\"widget\" data-e-type=\"widget\" data-widget_type=\"heading.default\">\n\t\t\t\t\t<h2 class=\"elementor-heading-title elementor-size-default\">Proizvod<\/h2>\t\t\t\t<\/div>\n\t\t\t\t<div class=\"elementor-element elementor-element-103c671 elementor-widget elementor-widget-kevinchen_category_products\" data-id=\"103c671\" data-element_type=\"widget\" data-e-type=\"widget\" data-widget_type=\"kevinchen_category_products.default\">\n\t\t\t\t<div class=\"elementor-widget-container\">\n\t\t\t\t\t        <div class=\"kevinchen-category-products-widget\" data-widget-id=\"103c671\" data-current-page=\"1\" data-categories=\"59,60,61,62,63,64,65,66,67,68,69,70\" data-products-per-page=\"12\" data-columns=\"3\">\n            <div class=\"kcp-products-container\">\n                                    <div class=\"kcp-products-grid columns-3\">\n                                                                                <div class=\"kcp-product-item\">\n                                <a href=\"https:\/\/www.logistictool.com\/hr\/zicani-kontejner\/zicani-kavezi-za-palete\/\" class=\"kcp-product-link\">\n                                    <div class=\"kcp-product-image-wrapper\">\n                                        <img decoding=\"async\" src=\"https:\/\/www.logistictool.com\/wp-content\/uploads\/2025\/06\/Wire-Pallet-Cages-1-300x300.jpg?wsr\" alt=\"\u017di\u010dani kavezi za palete\" class=\"kcp-product-image\">\n                                    <\/div>\n                                    <h3 class=\"kcp-product-title\">\u017di\u010dani kavezi za palete<\/h3>\n                                <\/a>\n                            <\/div>\n                                                                                <div class=\"kcp-product-item\">\n                                <a href=\"https:\/\/www.logistictool.com\/hr\/zicani-kontejner\/kutija-za-palete-od-zicane-mreze\/\" class=\"kcp-product-link\">\n                                    <div class=\"kcp-product-image-wrapper\">\n                                        <img decoding=\"async\" src=\"https:\/\/www.logistictool.com\/wp-content\/uploads\/2025\/06\/Wire-Mesh-Pallet-Box-1-300x300.jpg?wsr\" alt=\"Kutija za palete od \u017ei\u010dane mre\u017ee\" class=\"kcp-product-image\">\n                                    <\/div>\n                                    <h3 class=\"kcp-product-title\">Kutija za palete od \u017ei\u010dane mre\u017ee<\/h3>\n                                <\/a>\n                            <\/div>\n                                                                                <div class=\"kcp-product-item\">\n                                <a href=\"https:\/\/www.logistictool.com\/hr\/zicani-kontejner\/kavezi-za-skladistenje-zicanih-kontejnera\/\" class=\"kcp-product-link\">\n                                    <div class=\"kcp-product-image-wrapper\">\n                                        <img decoding=\"async\" src=\"https:\/\/www.logistictool.com\/wp-content\/uploads\/2025\/06\/Wire-Container-Storage-Cages-300x300.jpg?wsr\" alt=\"Kavezi za skladi\u0161tenje \u017ei\u010danih kontejnera\" class=\"kcp-product-image\">\n                                    <\/div>\n                                    <h3 class=\"kcp-product-title\">Kavezi za skladi\u0161tenje \u017ei\u010danih kontejnera<\/h3>\n                                <\/a>\n                            <\/div>\n                                                                                <div class=\"kcp-product-item\">\n                                <a href=\"https:\/\/www.logistictool.com\/hr\/zicani-kontejner\/pet-predoblikovani-zicani-spremnik\/\" class=\"kcp-product-link\">\n                                    <div class=\"kcp-product-image-wrapper\">\n                                        <img decoding=\"async\" src=\"https:\/\/www.logistictool.com\/wp-content\/uploads\/2025\/06\/PET-Preform-Wire-Container-1-300x300.jpg?wsr\" alt=\"PET predoblikovani \u017ei\u010dani spremnik\" class=\"kcp-product-image\">\n                                    <\/div>\n                                    <h3 class=\"kcp-product-title\">PET predoblikovani \u017ei\u010dani spremnik<\/h3>\n                                <\/a>\n                            <\/div>\n                                                                                <div class=\"kcp-product-item\">\n                                <a href=\"https:\/\/www.logistictool.com\/hr\/zicani-kontejner\/metalna-kutija-za-pohranu-predoblika-za-kucne-ljubimce\/\" class=\"kcp-product-link\">\n                                    <div class=\"kcp-product-image-wrapper\">\n                                        <img decoding=\"async\" src=\"https:\/\/www.logistictool.com\/wp-content\/uploads\/2025\/06\/Pet-Preform-Storage-Metal-Box-1-300x300.jpg?wsr\" alt=\"Metalna kutija za pohranu predoblika za ku\u0107ne ljubimce\" class=\"kcp-product-image\">\n                                    <\/div>\n                                    <h3 class=\"kcp-product-title\">Metalna kutija za pohranu predoblika za ku\u0107ne ljubimce<\/h3>\n                                <\/a>\n                            <\/div>\n                                                                                <div class=\"kcp-product-item\">\n                                <a href=\"https:\/\/www.logistictool.com\/hr\/zicani-kontejner\/kontejner-od-metalne-zicane-mreze\/\" class=\"kcp-product-link\">\n                                    <div class=\"kcp-product-image-wrapper\">\n                                        <img decoding=\"async\" src=\"https:\/\/www.logistictool.com\/wp-content\/uploads\/2025\/06\/Metal-Wire-Mesh-Container-1-300x300.jpg?wsr\" alt=\"Kontejner od metalne \u017ei\u010dane mre\u017ee\" class=\"kcp-product-image\">\n                                    <\/div>\n                                    <h3 class=\"kcp-product-title\">Kontejner od metalne \u017ei\u010dane mre\u017ee<\/h3>\n                                <\/a>\n                            <\/div>\n                                                                                <div class=\"kcp-product-item\">\n                                <a href=\"https:\/\/www.logistictool.com\/hr\/zicani-kontejner\/mrezasti-kontejner-za-kolica-s-rolo-kavezom\/\" class=\"kcp-product-link\">\n                                    <div class=\"kcp-product-image-wrapper\">\n                                        <img decoding=\"async\" src=\"https:\/\/www.logistictool.com\/wp-content\/uploads\/2025\/06\/Mesh-Roll-Cage-Trolley-Rolling-Cart-Container-1-300x300.jpg?wsr\" alt=\"Mre\u017easti kontejner za kolica s rolo kavezom\" class=\"kcp-product-image\">\n                                    <\/div>\n                                    <h3 class=\"kcp-product-title\">Mre\u017easti kontejner za kolica s rolo kavezom<\/h3>\n                                <\/a>\n                            <\/div>\n                                                                                <div class=\"kcp-product-item\">\n                                <a href=\"https:\/\/www.logistictool.com\/hr\/zicani-kontejner\/industrijski-zicani-kontejneri\/\" class=\"kcp-product-link\">\n                                    <div class=\"kcp-product-image-wrapper\">\n                                        <img decoding=\"async\" src=\"https:\/\/www.logistictool.com\/wp-content\/uploads\/2025\/06\/Industrial-Wire-Containers-1-300x300.jpg?wsr\" alt=\"Industrijski \u017ei\u010dani kontejneri\" class=\"kcp-product-image\">\n                                    <\/div>\n                                    <h3 class=\"kcp-product-title\">Industrijski \u017ei\u010dani kontejneri<\/h3>\n                                <\/a>\n                            <\/div>\n                                                                                <div class=\"kcp-product-item\">\n                                <a href=\"https:\/\/www.logistictool.com\/hr\/zicani-kontejner\/kontejner-od-zicane-mreze-za-teske-uvjete-rada\/\" class=\"kcp-product-link\">\n                                    <div class=\"kcp-product-image-wrapper\">\n                                        <img decoding=\"async\" src=\"https:\/\/www.logistictool.com\/wp-content\/uploads\/2025\/06\/Heavy-Duty-Wire-Mesh-Container-1-300x300.jpg?wsr\" alt=\"Kontejner od \u017ei\u010dane mre\u017ee za te\u0161ke uvjete rada\" class=\"kcp-product-image\">\n                                    <\/div>\n                                    <h3 class=\"kcp-product-title\">Kontejner od \u017ei\u010dane mre\u017ee za te\u0161ke uvjete rada<\/h3>\n                                <\/a>\n                            <\/div>\n                                                                                <div class=\"kcp-product-item\">\n                                <a href=\"https:\/\/www.logistictool.com\/hr\/zicani-kontejner\/spremnik-od-pocincane-zice\/\" class=\"kcp-product-link\">\n                                    <div class=\"kcp-product-image-wrapper\">\n                                        <img decoding=\"async\" src=\"https:\/\/www.logistictool.com\/wp-content\/uploads\/2025\/06\/Galvanized-Wire-Container-1-300x300.jpg?wsr\" alt=\"Spremnik od pocin\u010dane \u017eice\" class=\"kcp-product-image\">\n                                    <\/div>\n                                    <h3 class=\"kcp-product-title\">Spremnik od pocin\u010dane \u017eice<\/h3>\n                                <\/a>\n                            <\/div>\n                                                                                <div class=\"kcp-product-item\">\n                                <a href=\"https:\/\/www.logistictool.com\/hr\/zicani-kontejner\/pocincani-sklopivi-kontejner-od-euro-zice\/\" class=\"kcp-product-link\">\n                                    <div class=\"kcp-product-image-wrapper\">\n                                        <img decoding=\"async\" src=\"https:\/\/www.logistictool.com\/wp-content\/uploads\/2025\/06\/Galvanized-Foldable-Euro-Wire-Container-1-300x300.jpg?wsr\" alt=\"Pocin\u010dani sklopivi kontejner od euro \u017eice\" class=\"kcp-product-image\">\n                                    <\/div>\n                                    <h3 class=\"kcp-product-title\">Pocin\u010dani sklopivi kontejner od euro \u017eice<\/h3>\n                                <\/a>\n                            <\/div>\n                                                                                <div class=\"kcp-product-item\">\n                                <a href=\"https:\/\/www.logistictool.com\/hr\/zicani-kontejner\/sklopivi-spremnik-od-zicane-mreze\/\" class=\"kcp-product-link\">\n                                    <div class=\"kcp-product-image-wrapper\">\n                                        <img decoding=\"async\" src=\"https:\/\/www.logistictool.com\/wp-content\/uploads\/2025\/06\/Folding-Wire-Mesh-Container-1-300x300.jpg?wsr\" alt=\"Sklopivi spremnik od \u017ei\u010dane mre\u017ee\" class=\"kcp-product-image\">\n                                    <\/div>\n                                    <h3 class=\"kcp-product-title\">Sklopivi spremnik od \u017ei\u010dane mre\u017ee<\/h3>\n                                <\/a>\n                            <\/div>\n                                            <\/div>\n                    \n                                            <div class=\"kcp-pagination\">\n                            <div class=\"kcp-pagination-numbers\"><span class=\"kcp-pagination-number current\">1<\/span><a href=\"#\" class=\"kcp-pagination-number\" data-page=\"2\">2<\/a><a href=\"#\" class=\"kcp-pagination-number\" data-page=\"3\">3<\/a><span class=\"kcp-pagination-dots\">&hellip;<\/span><a href=\"#\" class=\"kcp-pagination-number\" data-page=\"10\">10<\/a><\/div><a href=\"#\" class=\"kcp-pagination-next\" data-page=\"2\" aria-label=\"\u4e0b\u4e00\u9875\">&raquo;<\/a>                        <\/div>\n                                        \n                                \n                            <\/div>\n        <\/div>\n        \t\t\t\t<\/div>\n\t\t\t\t<\/div>\n\t\t\t\t<\/div>\n\t\t\t\t\t<\/div>\n\t\t\t\t<\/div>\n\t\t\t\t<\/div>\n\t\t","protected":false},"excerpt":{"rendered":"<p>KATEGORIJE Proizvod Wire Pallet Cages Wire Mesh Pallet Box Wire Container Storage Cages PET Preform Wire Container Pet Preform Storage Metal Box Metal Wire Mesh Container Mesh Roll Cage Trolley Rolling Cart Container Industrial Wire Containers Heavy Duty Wire Mesh Container Galvanized Wire Container Galvanized Foldable Euro Wire Container Folding Wire Mesh Container 123&hellip;10&raquo;<\/p>\n","protected":false},"author":2,"featured_media":0,"parent":0,"menu_order":0,"comment_status":"closed","ping_status":"closed","template":"","meta":{"footnotes":""},"class_list":["post-26374","page","type-page","status-publish","hentry"],"_links":{"self":[{"href":"https:\/\/www.logistictool.com\/hr\/wp-json\/wp\/v2\/pages\/26374","targetHints":{"allow":["GET"]}}],"collection":[{"href":"https:\/\/www.logistictool.com\/hr\/wp-json\/wp\/v2\/pages"}],"about":[{"href":"https:\/\/www.logistictool.com\/hr\/wp-json\/wp\/v2\/types\/page"}],"author":[{"embeddable":true,"href":"https:\/\/www.logistictool.com\/hr\/wp-json\/wp\/v2\/users\/2"}],"replies":[{"embeddable":true,"href":"https:\/\/www.logistictool.com\/hr\/wp-json\/wp\/v2\/comments?post=26374"}],"version-history":[{"count":0,"href":"https:\/\/www.logistictool.com\/hr\/wp-json\/wp\/v2\/pages\/26374\/revisions"}],"wp:attachment":[{"href":"https:\/\/www.logistictool.com\/hr\/wp-json\/wp\/v2\/media?parent=26374"}],"curies":[{"name":"wp","href":"https:\/\/api.w.org\/{rel}","templated":true}]}}