{"id":27142,"date":"2025-05-13T03:25:58","date_gmt":"2025-05-13T03:25:58","guid":{"rendered":"https:\/\/www.logistictool.com\/Bez%20kategorije\/metalni-kavez-za-rublje-s-kotacima\/"},"modified":"2025-11-26T12:54:27","modified_gmt":"2025-11-26T12:54:27","slug":"metalni-kavez-za-rublje-s-kotacima","status":"publish","type":"product","link":"https:\/\/www.logistictool.com\/hr\/kavez-za-pranje-rublja\/metalni-kavez-za-rublje-s-kotacima\/","title":{"rendered":"Metalni kavez za rublje s kota\u010dima"},"content":{"rendered":"\t\t<div data-elementor-type=\"product-post\" data-elementor-id=\"27142\" class=\"elementor elementor-27142 elementor-3118\" data-elementor-post-type=\"product\">\n\t\t\t\t<div class=\"elementor-element elementor-element-6ab83fcf e-flex e-con-boxed e-con e-parent\" data-id=\"6ab83fcf\" data-element_type=\"container\" data-e-type=\"container\">\n\t\t\t\t\t<div class=\"e-con-inner\">\n\t\t\t\t<div class=\"elementor-element elementor-element-62566aa7 elementor-widget elementor-widget-spacer\" data-id=\"62566aa7\" data-element_type=\"widget\" data-e-type=\"widget\" data-widget_type=\"spacer.default\">\n\t\t\t\t\t\t\t<div class=\"elementor-spacer\">\n\t\t\t<div class=\"elementor-spacer-inner\"><\/div>\n\t\t<\/div>\n\t\t\t\t\t\t<\/div>\n\t\t\t\t\t<\/div>\n\t\t\t\t<\/div>\n\t\t<div class=\"elementor-element elementor-element-5573c472 e-flex e-con-boxed e-con e-parent\" data-id=\"5573c472\" data-element_type=\"container\" data-e-type=\"container\">\n\t\t\t\t\t<div class=\"e-con-inner\">\n\t\t\t\t<div class=\"elementor-element elementor-element-4a5b40fd elementor-widget elementor-widget-text-editor\" data-id=\"4a5b40fd\" data-element_type=\"widget\" data-e-type=\"widget\" data-widget_type=\"text-editor.default\">\n\t\t\t\t\t\t\t\t\t<p>Opis<\/p>\n\t\t\t\t\t\t\t\t<\/div>\n\t\t\t\t<div class=\"elementor-element elementor-element-3c1abe68 elementor-widget-divider--view-line elementor-widget elementor-widget-divider\" data-id=\"3c1abe68\" data-element_type=\"widget\" data-e-type=\"widget\" data-widget_type=\"divider.default\">\n\t\t\t\t\t\t\t<div class=\"elementor-divider\">\n\t\t\t<span class=\"elementor-divider-separator\">\n\t\t\t\t\t\t<\/span>\n\t\t<\/div>\n\t\t\t\t\t\t<\/div>\n\t\t\t\t<div class=\"elementor-element elementor-element-7cbbdd03 elementor-widget elementor-widget-text-editor\" data-id=\"7cbbdd03\" data-element_type=\"widget\" data-e-type=\"widget\" data-widget_type=\"text-editor.default\">\n\t\t\t\t\t\t\t\t\t<p>Karakteristike metalnog kaveza za rublje s kota\u010dima<\/p>\n<p>1. Dizajn: odvojivi, nestabilni, pokretni. 2, 3 ili 4 bo\u010dni zid, 2. U\u0161tedite mnogo vi\u0161e prostora za pohranu. 3. Jednostavno sastavljen i razmontirani. 4. Koriste\u0107i pametne i visoke kapacitete optere\u0107enja, s PP\/Nylon PA6, gumenima rijetlima itd. 5. Mo\u017ee se koristiti pametno i pogodno, korisniji za Vas pohranu i logisti\u010dka rje\u0161enja. 6. Povr\u0161ina obrada mo\u017ee biti pra\u0161ak, elektri\u010dno cinkovanje i toplo dip pocinkovano, 3 vrste za opcije.<\/p>\n\t\t\t\t\t\t\t\t<\/div>\n\t\t\t\t\t<\/div>\n\t\t\t\t<\/div>\n\t\t<div class=\"elementor-element elementor-element-7dd313f9 e-flex e-con-boxed e-con e-parent\" data-id=\"7dd313f9\" data-element_type=\"container\" data-e-type=\"container\">\n\t\t\t\t\t<div class=\"e-con-inner\">\n\t\t\t\t<div class=\"elementor-element elementor-element-b9195fe elementor-widget elementor-widget-heading\" data-id=\"b9195fe\" data-element_type=\"widget\" data-e-type=\"widget\" data-widget_type=\"heading.default\">\n\t\t\t\t\t<h3 class=\"elementor-heading-title elementor-size-default\">Parametri proizvoda<\/h3>\t\t\t\t<\/div>\n\t\t\t\t<div class=\"elementor-element elementor-element-f51f669 elementor-widget-divider--view-line elementor-widget elementor-widget-divider\" data-id=\"f51f669\" data-element_type=\"widget\" data-e-type=\"widget\" data-widget_type=\"divider.default\">\n\t\t\t\t\t\t\t<div class=\"elementor-divider\">\n\t\t\t<span class=\"elementor-divider-separator\">\n\t\t\t\t\t\t<\/span>\n\t\t<\/div>\n\t\t\t\t\t\t<\/div>\n\t\t<div class=\"elementor-element elementor-element-5177a4b0 e-con-full e-flex e-con e-child\" data-id=\"5177a4b0\" data-element_type=\"container\" data-e-type=\"container\">\n\t\t\t\t<div class=\"elementor-element elementor-element-31531284 elementor-widget__width-initial elementor-widget elementor-widget-text-editor\" data-id=\"31531284\" data-element_type=\"widget\" data-e-type=\"widget\" data-widget_type=\"text-editor.default\">\n\t\t\t\t\t\t\t\t\t<p>Naziv proizvoda<\/p>\n\t\t\t\t\t\t\t\t<\/div>\n\t\t\t\t<div class=\"elementor-element elementor-element-189c6b2c elementor-widget__width-initial elementor-widget elementor-widget-text-editor\" data-id=\"189c6b2c\" data-element_type=\"widget\" data-e-type=\"widget\" data-widget_type=\"text-editor.default\">\n\t\t\t\t\t\t\t\t\t<p>Metalni kavez za rublje s kota\u010dima<\/p>\n\t\t\t\t\t\t\t\t<\/div>\n\t\t\t\t<\/div>\n\t\t<div class=\"elementor-element elementor-element-4747ac9f e-con-full e-flex e-con e-child\" data-id=\"4747ac9f\" data-element_type=\"container\" data-e-type=\"container\">\n\t\t\t\t<div class=\"elementor-element elementor-element-2d7b89f7 elementor-widget__width-initial elementor-widget elementor-widget-text-editor\" data-id=\"2d7b89f7\" data-element_type=\"widget\" data-e-type=\"widget\" data-widget_type=\"text-editor.default\">\n\t\t\t\t\t\t\t\t\t<p>Vanjska dimenzija<\/p>\n\t\t\t\t\t\t\t\t<\/div>\n\t\t\t\t<div class=\"elementor-element elementor-element-3efe1a70 elementor-widget__width-initial elementor-widget elementor-widget-text-editor\" data-id=\"3efe1a70\" data-element_type=\"widget\" data-e-type=\"widget\" data-widget_type=\"text-editor.default\">\n\t\t\t\t\t\t\t\t\t<p>850 * 600 * 1750 mm<\/p>\n\t\t\t\t\t\t\t\t<\/div>\n\t\t\t\t<\/div>\n\t\t<div class=\"elementor-element elementor-element-6e8aa678 e-con-full e-flex e-con e-child\" data-id=\"6e8aa678\" data-element_type=\"container\" data-e-type=\"container\">\n\t\t\t\t<div class=\"elementor-element elementor-element-34873233 elementor-widget__width-initial elementor-widget elementor-widget-text-editor\" data-id=\"34873233\" data-element_type=\"widget\" data-e-type=\"widget\" data-widget_type=\"text-editor.default\">\n\t\t\t\t\t\t\t\t\t<p>N.W<\/p>\n\t\t\t\t\t\t\t\t<\/div>\n\t\t\t\t<div class=\"elementor-element elementor-element-470e69bf elementor-widget__width-initial elementor-widget elementor-widget-text-editor\" data-id=\"470e69bf\" data-element_type=\"widget\" data-e-type=\"widget\" data-widget_type=\"text-editor.default\">\n\t\t\t\t\t\t\t\t\t<p>30kg<\/p>\n\t\t\t\t\t\t\t\t<\/div>\n\t\t\t\t<\/div>\n\t\t<div class=\"elementor-element elementor-element-11249edc e-con-full e-flex e-con e-child\" data-id=\"11249edc\" data-element_type=\"container\" data-e-type=\"container\">\n\t\t\t\t<div class=\"elementor-element elementor-element-7d181e2d elementor-widget__width-initial elementor-widget elementor-widget-text-editor\" data-id=\"7d181e2d\" data-element_type=\"widget\" data-e-type=\"widget\" data-widget_type=\"text-editor.default\">\n\t\t\t\t\t\t\t\t\t<p>Maksimalno optere\u0107enje<\/p>\n\t\t\t\t\t\t\t\t<\/div>\n\t\t\t\t<div class=\"elementor-element elementor-element-37bd68d6 elementor-widget__width-initial elementor-widget elementor-widget-text-editor\" data-id=\"37bd68d6\" data-element_type=\"widget\" data-e-type=\"widget\" data-widget_type=\"text-editor.default\">\n\t\t\t\t\t\t\t\t\t<p>600kg<\/p>\n\t\t\t\t\t\t\t\t<\/div>\n\t\t\t\t<\/div>\n\t\t<div class=\"elementor-element elementor-element-5cb067ec e-con-full e-flex e-con e-child\" data-id=\"5cb067ec\" data-element_type=\"container\" data-e-type=\"container\">\n\t\t\t\t<div class=\"elementor-element elementor-element-21fe1833 elementor-widget__width-initial elementor-widget elementor-widget-text-editor\" data-id=\"21fe1833\" data-element_type=\"widget\" data-e-type=\"widget\" data-widget_type=\"text-editor.default\">\n\t\t\t\t\t\t\t\t\t<p>Materijal<\/p>\n\t\t\t\t\t\t\t\t<\/div>\n\t\t\t\t<div class=\"elementor-element elementor-element-2ae4fb4 elementor-widget__width-initial elementor-widget elementor-widget-text-editor\" data-id=\"2ae4fb4\" data-element_type=\"widget\" data-e-type=\"widget\" data-widget_type=\"text-editor.default\">\n\t\t\t\t\t\t\t\t\t<p>Blagi \u010delik Q235<\/p>\n\t\t\t\t\t\t\t\t<\/div>\n\t\t\t\t<\/div>\n\t\t<div class=\"elementor-element elementor-element-39f30cd0 e-con-full e-flex e-con e-child\" data-id=\"39f30cd0\" data-element_type=\"container\" data-e-type=\"container\">\n\t\t\t\t<div class=\"elementor-element elementor-element-234fa19c elementor-widget__width-initial elementor-widget elementor-widget-text-editor\" data-id=\"234fa19c\" data-element_type=\"widget\" data-e-type=\"widget\" data-widget_type=\"text-editor.default\">\n\t\t\t\t\t\t\t\t\t<p>Zavr\u0161iti<\/p>\n\t\t\t\t\t\t\t\t<\/div>\n\t\t\t\t<div class=\"elementor-element elementor-element-950b9e elementor-widget__width-initial elementor-widget elementor-widget-text-editor\" data-id=\"950b9e\" data-element_type=\"widget\" data-e-type=\"widget\" data-widget_type=\"text-editor.default\">\n\t\t\t\t\t\t\t\t\t<p>Cink\/toplinski pocin\u010dan\/pra\u0161ni premaznik<\/p>\n\t\t\t\t\t\t\t\t<\/div>\n\t\t\t\t<\/div>\n\t\t<div class=\"elementor-element elementor-element-7807c519 e-con-full e-flex e-con e-child\" data-id=\"7807c519\" data-element_type=\"container\" data-e-type=\"container\">\n\t\t\t\t<div class=\"elementor-element elementor-element-39607186 elementor-widget__width-initial elementor-widget elementor-widget-text-editor\" data-id=\"39607186\" data-element_type=\"widget\" data-e-type=\"widget\" data-widget_type=\"text-editor.default\">\n\t\t\t\t\t\t\t\t\t<p>Prilagodba<\/p>\n\t\t\t\t\t\t\t\t<\/div>\n\t\t\t\t<div class=\"elementor-element elementor-element-5d87ead5 elementor-widget__width-initial elementor-widget elementor-widget-text-editor\" data-id=\"5d87ead5\" data-element_type=\"widget\" data-e-type=\"widget\" data-widget_type=\"text-editor.default\">\n\t\t\t\t\t\t\t\t\t<p>ODM &#038; OEM<\/p>\n\t\t\t\t\t\t\t\t<\/div>\n\t\t\t\t<\/div>\n\t\t<div class=\"elementor-element elementor-element-54acde58 e-con-full e-flex e-con e-child\" data-id=\"54acde58\" data-element_type=\"container\" data-e-type=\"container\">\n\t\t\t\t<div class=\"elementor-element elementor-element-57c9f0d6 elementor-widget__width-initial elementor-widget elementor-widget-text-editor\" data-id=\"57c9f0d6\" data-element_type=\"widget\" data-e-type=\"widget\" data-widget_type=\"text-editor.default\">\n\t\t\t\t\t\t\t\t\t<p>Mjesto podrijetla<\/p>\n\t\t\t\t\t\t\t\t<\/div>\n\t\t\t\t<div class=\"elementor-element elementor-element-62c1896e elementor-widget__width-initial elementor-widget elementor-widget-text-editor\" data-id=\"62c1896e\" data-element_type=\"widget\" data-e-type=\"widget\" data-widget_type=\"text-editor.default\">\n\t\t\t\t\t\t\t\t\t<p>Qingdao, Kina<\/p>\n\t\t\t\t\t\t\t\t<\/div>\n\t\t\t\t<\/div>\n\t\t\t\t\t<\/div>\n\t\t\t\t<\/div>\n\t\t<div class=\"elementor-element elementor-element-1bfb3e8c e-flex e-con-boxed e-con e-parent\" data-id=\"1bfb3e8c\" data-element_type=\"container\" data-e-type=\"container\">\n\t\t\t\t\t<div class=\"e-con-inner\">\n\t\t<div class=\"elementor-element elementor-element-5bc0eaee e-con-full e-flex e-con e-child\" data-id=\"5bc0eaee\" data-element_type=\"container\" data-e-type=\"container\">\n\t\t\t\t<div class=\"elementor-element elementor-element-3e8fb79d elementor-widget-divider--view-line_icon elementor-widget-divider--element-align-left elementor-view-default elementor-widget elementor-widget-divider\" data-id=\"3e8fb79d\" data-element_type=\"widget\" data-e-type=\"widget\" data-widget_type=\"divider.default\">\n\t\t\t\t\t\t\t<div class=\"elementor-divider\">\n\t\t\t<span class=\"elementor-divider-separator\">\n\t\t\t\t\t\t\t<div class=\"elementor-icon elementor-divider__element\">\n\t\t\t\t\t<svg aria-hidden=\"true\" class=\"e-font-icon-svg e-fas-square\" viewBox=\"0 0 448 512\" xmlns=\"http:\/\/www.w3.org\/2000\/svg\"><path d=\"M400 32H48C21.5 32 0 53.5 0 80v352c0 26.5 21.5 48 48 48h352c26.5 0 48-21.5 48-48V80c0-26.5-21.5-48-48-48z\"><\/path><\/svg><\/div>\n\t\t\t\t\t\t<\/span>\n\t\t<\/div>\n\t\t\t\t\t\t<\/div>\n\t\t\t\t<div class=\"elementor-element elementor-element-6a96f90f elementor-widget elementor-widget-text-editor\" data-id=\"6a96f90f\" data-element_type=\"widget\" data-e-type=\"widget\" data-widget_type=\"text-editor.default\">\n\t\t\t\t\t\t\t\t\t<p>1. Prijenosni metalni kavez za rublje&#8211;lako se preklopiti i pomaknuti oko ru\u010dno ili robotom&#8211;\u0161tedjeti puno vi\u0161e skladi\u0161ta, koriste\u0107i pametnu i visoku u\u010dinkovitost<\/p>\n<p>2. Sklapljive postove&#8211;smanjiti tro\u0161kove dostave, \u0161tedjeti prostor tijekom sporijih razdoblja&#8211;ponovno povratiti 80% prostor za skladi\u0161tenje kada preklapljeni\/odvojeni<\/p>\n<p>3. Visokokvalitetna elektri\u010dna cink-plating povr\u0161ine obraditi du\u017ei trajanje.<\/p>\n<p>&#8211;Veliki arc posebne cijevi veli\u010dine i mre\u017ene strukture \u010dine \u010deli\u010dni okvir izdr\u017eljiv i stabilan..<\/p>\n<\/p>\n<p>Na\u0161a tvrtka se uglavnom bavi proizvodnjom, razvojem i proizvodnjom logisti\u010dke opreme prometa, s vi\u0161e od deset godina proizvodnog iskustva. Tvrtka ima proizvodnu povr\u0161inu od 5.000 \u010detvornih metara i vi\u0161e od 60 setova razne opreme.<\/p>\n<p>Predanost smo pru\u017eanju najbolja rje\u0161enja za rukovanje materijala i logisti\u010dke skladi\u0161tenje.<\/p>\n\t\t\t\t\t\t\t\t<\/div>\n\t\t\t\t<\/div>\n\t\t<div class=\"elementor-element elementor-element-48c77b7f e-con-full e-flex e-con e-child\" data-id=\"48c77b7f\" data-element_type=\"container\" data-e-type=\"container\">\n\t\t\t\t<div class=\"elementor-element elementor-element-1945083 e-transform elementor-widget elementor-widget-image\" data-id=\"1945083\" data-element_type=\"widget\" data-e-type=\"widget\" data-settings=\"{&quot;_transform_scale_effect_hover&quot;:{&quot;unit&quot;:&quot;px&quot;,&quot;size&quot;:1.05,&quot;sizes&quot;:[]},&quot;_transform_scale_effect_hover_tablet&quot;:{&quot;unit&quot;:&quot;px&quot;,&quot;size&quot;:&quot;&quot;,&quot;sizes&quot;:[]},&quot;_transform_scale_effect_hover_mobile&quot;:{&quot;unit&quot;:&quot;px&quot;,&quot;size&quot;:&quot;&quot;,&quot;sizes&quot;:[]}}\" data-widget_type=\"image.default\">\n\t\t\t\t\t\t\t\t\t\t\t\t\t\t\t<img fetchpriority=\"high\" decoding=\"async\" width=\"601\" height=\"395\" src=\"https:\/\/www.logistictool.com\/wp-content\/uploads\/2025\/05\/Metal-Laundry-Cage-With-Wheels-1.jpg\" class=\"attachment-full size-full wp-image-14410\" alt=\"\" srcset=\"https:\/\/www.logistictool.com\/wp-content\/uploads\/2025\/05\/Metal-Laundry-Cage-With-Wheels-1.jpg 601w, https:\/\/www.logistictool.com\/wp-content\/uploads\/2025\/05\/Metal-Laundry-Cage-With-Wheels-1-300x197.jpg 300w\" sizes=\"(max-width: 601px) 100vw, 601px\" \/>\t\t\t\t\t\t\t\t\t\t\t\t\t\t\t<\/div>\n\t\t\t\t<\/div>\n\t\t\t\t\t<\/div>\n\t\t\t\t<\/div>\n\t\t\t\t<\/div>\n\t\t","protected":false},"excerpt":{"rendered":"<p>Opis Karakteristike metalnog kaveza za rublje s kota\u010dima 1. Dizajn: odvojivi, nestabilni, pokretni. 2, 3 ili 4 bo\u010dni zid, 2. U\u0161tedite mnogo vi\u0161e prostora za pohranu. 3. Jednostavno sastavljen i razmontirani. 4. Koriste\u0107i pametne i visoke kapacitete optere\u0107enja, s PP\/Nylon PA6, gumenima rijetlima itd. 5. Mo\u017ee se koristiti pametno i pogodno, korisniji za Vas pohranu [&hellip;]<\/p>\n","protected":false},"featured_media":3535,"comment_status":"closed","ping_status":"closed","template":"","meta":[],"product_brand":[],"product_cat":[163],"product_tag":[],"class_list":{"0":"post-27142","1":"product","2":"type-product","3":"status-publish","4":"has-post-thumbnail","6":"product_cat-kavez-za-pranje-rublja","8":"first","9":"instock","10":"shipping-taxable","11":"product-type-simple"},"_links":{"self":[{"href":"https:\/\/www.logistictool.com\/hr\/wp-json\/wp\/v2\/product\/27142","targetHints":{"allow":["GET"]}}],"collection":[{"href":"https:\/\/www.logistictool.com\/hr\/wp-json\/wp\/v2\/product"}],"about":[{"href":"https:\/\/www.logistictool.com\/hr\/wp-json\/wp\/v2\/types\/product"}],"replies":[{"embeddable":true,"href":"https:\/\/www.logistictool.com\/hr\/wp-json\/wp\/v2\/comments?post=27142"}],"version-history":[{"count":0,"href":"https:\/\/www.logistictool.com\/hr\/wp-json\/wp\/v2\/product\/27142\/revisions"}],"wp:featuredmedia":[{"embeddable":true,"href":"https:\/\/www.logistictool.com\/hr\/wp-json\/wp\/v2\/media\/3535"}],"wp:attachment":[{"href":"https:\/\/www.logistictool.com\/hr\/wp-json\/wp\/v2\/media?parent=27142"}],"wp:term":[{"taxonomy":"product_brand","embeddable":true,"href":"https:\/\/www.logistictool.com\/hr\/wp-json\/wp\/v2\/product_brand?post=27142"},{"taxonomy":"product_cat","embeddable":true,"href":"https:\/\/www.logistictool.com\/hr\/wp-json\/wp\/v2\/product_cat?post=27142"},{"taxonomy":"product_tag","embeddable":true,"href":"https:\/\/www.logistictool.com\/hr\/wp-json\/wp\/v2\/product_tag?post=27142"}],"curies":[{"name":"wp","href":"https:\/\/api.w.org\/{rel}","templated":true}]}}