{"id":28318,"date":"2025-05-13T03:17:26","date_gmt":"2025-05-13T03:17:26","guid":{"rendered":"https:\/\/www.logistictool.com\/Bez%20kategorije\/metalni-kavez-za-rublje-s-kotacem\/"},"modified":"2025-12-31T15:50:14","modified_gmt":"2025-12-31T15:50:14","slug":"metalni-kavez-za-rublje-s-kotacem","status":"publish","type":"product","link":"https:\/\/www.logistictool.com\/hr\/kavez-za-pranje-rublja\/metalni-kavez-za-rublje-s-kotacem\/","title":{"rendered":"Metalni kavez za rublje s kota\u010dem"},"content":{"rendered":"\t\t<div data-elementor-type=\"product-post\" data-elementor-id=\"28318\" class=\"elementor elementor-28318 elementor-3107\" data-elementor-post-type=\"product\">\n\t\t\t\t<div class=\"elementor-element elementor-element-436e5b17 e-flex e-con-boxed e-con e-parent\" data-id=\"436e5b17\" data-element_type=\"container\" data-e-type=\"container\">\n\t\t\t\t\t<div class=\"e-con-inner\">\n\t\t\t\t<div class=\"elementor-element elementor-element-19b4f96a elementor-widget elementor-widget-spacer\" data-id=\"19b4f96a\" data-element_type=\"widget\" data-e-type=\"widget\" data-widget_type=\"spacer.default\">\n\t\t\t\t\t\t\t<div class=\"elementor-spacer\">\n\t\t\t<div class=\"elementor-spacer-inner\"><\/div>\n\t\t<\/div>\n\t\t\t\t\t\t<\/div>\n\t\t\t\t\t<\/div>\n\t\t\t\t<\/div>\n\t\t<div class=\"elementor-element elementor-element-65d3276e e-flex e-con-boxed e-con e-parent\" data-id=\"65d3276e\" data-element_type=\"container\" data-e-type=\"container\">\n\t\t\t\t\t<div class=\"e-con-inner\">\n\t\t\t\t<div class=\"elementor-element elementor-element-11bfc9dd elementor-widget elementor-widget-text-editor\" data-id=\"11bfc9dd\" data-element_type=\"widget\" data-e-type=\"widget\" data-widget_type=\"text-editor.default\">\n\t\t\t\t\t\t\t\t\t<p>Opis<\/p>\n\t\t\t\t\t\t\t\t<\/div>\n\t\t\t\t<div class=\"elementor-element elementor-element-56ac60b1 elementor-widget-divider--view-line elementor-widget elementor-widget-divider\" data-id=\"56ac60b1\" data-element_type=\"widget\" data-e-type=\"widget\" data-widget_type=\"divider.default\">\n\t\t\t\t\t\t\t<div class=\"elementor-divider\">\n\t\t\t<span class=\"elementor-divider-separator\">\n\t\t\t\t\t\t<\/span>\n\t\t<\/div>\n\t\t\t\t\t\t<\/div>\n\t\t\t\t<div class=\"elementor-element elementor-element-3c8e351b elementor-widget elementor-widget-text-editor\" data-id=\"3c8e351b\" data-element_type=\"widget\" data-e-type=\"widget\" data-widget_type=\"text-editor.default\">\n\t\t\t\t\t\t\t\t\t<p>Metalni kavez za rublje s kota\u010di\u0107ima neizostavan je dio svake bolnice ili praonice rublja. Obi\u010dno su izra\u0111eni od metala i imaju PP podstavu koja \u0161titi odje\u0107u od zapinjanja ili trganja. Kolica obi\u010dno imaju \u010detiri kota\u010da radi lak\u0161e upravljivosti. Potpuno pocin\u010dana \u010deli\u010dna kavez za rublje s prednjim vratima na \u0161arkama koja su polusklopiva. Metalni kavez za rublje s kota\u010dima je na kota\u010dima i stoga je jednostavan za prijevoz. Dimenzije pokretnog spremnika su 800x720x1800mm. Unutarnje dimenzije su 740x660x1640mm. Ovaj spremnik dolazi s 4 rotiraju\u0107a kota\u010di\u0107a. <\/p>\n<p>Potpuno izra\u0111en od elektro-pocin\u010danog metala, ovaj spremnik je manje podlo\u017ean hr\u0111i<\/p>\n<p>Ovaj spremnik za za\u0161titu mo\u017ee se na va\u0161 zahtjev opremiti bilo kojim kota\u010dem iz na\u0161eg asortimana, poput ko\u010dnice, prikladne za zamrziva\u010d ili oboje. Pogledajte na\u0161u ponudu kota\u010da za sve mogu\u0107nosti. <\/p>\n\t\t\t\t\t\t\t\t<\/div>\n\t\t\t\t<div class=\"elementor-element elementor-element-a836d90 elementor-widget elementor-widget-image\" data-id=\"a836d90\" data-element_type=\"widget\" data-e-type=\"widget\" data-widget_type=\"image.default\">\n\t\t\t\t\t\t\t\t\t\t\t\t\t\t\t<img fetchpriority=\"high\" decoding=\"async\" width=\"800\" height=\"652\" src=\"https:\/\/www.logistictool.com\/wp-content\/uploads\/2025\/05\/Metal-Laundry-Cage-With-Wheel-3.jpg\" class=\"attachment-large size-large wp-image-14358\" alt=\"\" srcset=\"https:\/\/www.logistictool.com\/wp-content\/uploads\/2025\/05\/Metal-Laundry-Cage-With-Wheel-3.jpg 817w, https:\/\/www.logistictool.com\/wp-content\/uploads\/2025\/05\/Metal-Laundry-Cage-With-Wheel-3-300x245.jpg 300w, https:\/\/www.logistictool.com\/wp-content\/uploads\/2025\/05\/Metal-Laundry-Cage-With-Wheel-3-768x626.jpg 768w, https:\/\/www.logistictool.com\/wp-content\/uploads\/2025\/05\/Metal-Laundry-Cage-With-Wheel-3-600x489.jpg 600w\" sizes=\"(max-width: 800px) 100vw, 800px\" \/>\t\t\t\t\t\t\t\t\t\t\t\t\t\t\t<\/div>\n\t\t\t\t<div class=\"elementor-element elementor-element-b9f3d73 elementor-widget elementor-widget-image\" data-id=\"b9f3d73\" data-element_type=\"widget\" data-e-type=\"widget\" data-widget_type=\"image.default\">\n\t\t\t\t\t\t\t\t\t\t\t\t\t\t\t<img decoding=\"async\" width=\"800\" height=\"606\" src=\"https:\/\/www.logistictool.com\/wp-content\/uploads\/2025\/05\/Metal-Laundry-Cage-With-Wheel-2.jpg\" class=\"attachment-large size-large wp-image-14371\" alt=\"\" srcset=\"https:\/\/www.logistictool.com\/wp-content\/uploads\/2025\/05\/Metal-Laundry-Cage-With-Wheel-2.jpg 867w, https:\/\/www.logistictool.com\/wp-content\/uploads\/2025\/05\/Metal-Laundry-Cage-With-Wheel-2-300x227.jpg 300w, https:\/\/www.logistictool.com\/wp-content\/uploads\/2025\/05\/Metal-Laundry-Cage-With-Wheel-2-768x582.jpg 768w, https:\/\/www.logistictool.com\/wp-content\/uploads\/2025\/05\/Metal-Laundry-Cage-With-Wheel-2-600x455.jpg 600w\" sizes=\"(max-width: 800px) 100vw, 800px\" \/>\t\t\t\t\t\t\t\t\t\t\t\t\t\t\t<\/div>\n\t\t\t\t<div class=\"elementor-element elementor-element-1879cb8 elementor-widget elementor-widget-image\" data-id=\"1879cb8\" data-element_type=\"widget\" data-e-type=\"widget\" data-widget_type=\"image.default\">\n\t\t\t\t\t\t\t\t\t\t\t\t\t\t\t<img decoding=\"async\" width=\"800\" height=\"706\" src=\"https:\/\/www.logistictool.com\/wp-content\/uploads\/2025\/05\/Metal-Laundry-Cage-With-Wheel-1.jpg\" class=\"attachment-large size-large wp-image-14384\" alt=\"\" srcset=\"https:\/\/www.logistictool.com\/wp-content\/uploads\/2025\/05\/Metal-Laundry-Cage-With-Wheel-1.jpg 866w, https:\/\/www.logistictool.com\/wp-content\/uploads\/2025\/05\/Metal-Laundry-Cage-With-Wheel-1-300x265.jpg 300w, https:\/\/www.logistictool.com\/wp-content\/uploads\/2025\/05\/Metal-Laundry-Cage-With-Wheel-1-768x678.jpg 768w, https:\/\/www.logistictool.com\/wp-content\/uploads\/2025\/05\/Metal-Laundry-Cage-With-Wheel-1-600x529.jpg 600w\" sizes=\"(max-width: 800px) 100vw, 800px\" \/>\t\t\t\t\t\t\t\t\t\t\t\t\t\t\t<\/div>\n\t\t\t\t\t<\/div>\n\t\t\t\t<\/div>\n\t\t<div class=\"elementor-element elementor-element-47f99c4c e-flex e-con-boxed e-con e-parent\" data-id=\"47f99c4c\" data-element_type=\"container\" data-e-type=\"container\">\n\t\t\t\t\t<div class=\"e-con-inner\">\n\t\t\t\t<div class=\"elementor-element elementor-element-18dfb9b0 elementor-widget elementor-widget-heading\" data-id=\"18dfb9b0\" data-element_type=\"widget\" data-e-type=\"widget\" data-widget_type=\"heading.default\">\n\t\t\t\t\t<h3 class=\"elementor-heading-title elementor-size-default\">Specifikacija proizvoda<\/h3>\t\t\t\t<\/div>\n\t\t\t\t<div class=\"elementor-element elementor-element-3c4c367c elementor-widget-divider--view-line elementor-widget elementor-widget-divider\" data-id=\"3c4c367c\" data-element_type=\"widget\" data-e-type=\"widget\" data-widget_type=\"divider.default\">\n\t\t\t\t\t\t\t<div class=\"elementor-divider\">\n\t\t\t<span class=\"elementor-divider-separator\">\n\t\t\t\t\t\t<\/span>\n\t\t<\/div>\n\t\t\t\t\t\t<\/div>\n\t\t<div class=\"elementor-element elementor-element-206def85 e-con-full e-flex e-con e-child\" data-id=\"206def85\" data-element_type=\"container\" data-e-type=\"container\">\n\t\t\t\t<div class=\"elementor-element elementor-element-477f7d8f elementor-widget__width-initial elementor-widget elementor-widget-text-editor\" data-id=\"477f7d8f\" data-element_type=\"widget\" data-e-type=\"widget\" data-widget_type=\"text-editor.default\">\n\t\t\t\t\t\t\t\t\t<p>Product Name<\/p>\n\t\t\t\t\t\t\t\t<\/div>\n\t\t\t\t<div class=\"elementor-element elementor-element-e846183 elementor-widget__width-initial elementor-widget elementor-widget-text-editor\" data-id=\"e846183\" data-element_type=\"widget\" data-e-type=\"widget\" data-widget_type=\"text-editor.default\">\n\t\t\t\t\t\t\t\t\t<p>Metalni kavez za rublje s kota\u010dima<\/p>\n\t\t\t\t\t\t\t\t<\/div>\n\t\t\t\t<\/div>\n\t\t<div class=\"elementor-element elementor-element-538d7a05 e-con-full e-flex e-con e-child\" data-id=\"538d7a05\" data-element_type=\"container\" data-e-type=\"container\">\n\t\t\t\t<div class=\"elementor-element elementor-element-2bedd5f1 elementor-widget__width-initial elementor-widget elementor-widget-text-editor\" data-id=\"2bedd5f1\" data-element_type=\"widget\" data-e-type=\"widget\" data-widget_type=\"text-editor.default\">\n\t\t\t\t\t\t\t\t\t<p>Vanjska dimenzija<\/p>\n\t\t\t\t\t\t\t\t<\/div>\n\t\t\t\t<div class=\"elementor-element elementor-element-6b00d308 elementor-widget__width-initial elementor-widget elementor-widget-text-editor\" data-id=\"6b00d308\" data-element_type=\"widget\" data-e-type=\"widget\" data-widget_type=\"text-editor.default\">\n\t\t\t\t\t\t\t\t\t<p>800x720x1800MM<\/p>\n\t\t\t\t\t\t\t\t<\/div>\n\t\t\t\t<\/div>\n\t\t<div class=\"elementor-element elementor-element-211aa366 e-con-full e-flex e-con e-child\" data-id=\"211aa366\" data-element_type=\"container\" data-e-type=\"container\">\n\t\t\t\t<div class=\"elementor-element elementor-element-14df8c93 elementor-widget__width-initial elementor-widget elementor-widget-text-editor\" data-id=\"14df8c93\" data-element_type=\"widget\" data-e-type=\"widget\" data-widget_type=\"text-editor.default\">\n\t\t\t\t\t\t\t\t\t<p>N.W<\/p>\n\t\t\t\t\t\t\t\t<\/div>\n\t\t\t\t<div class=\"elementor-element elementor-element-376f78a2 elementor-widget__width-initial elementor-widget elementor-widget-text-editor\" data-id=\"376f78a2\" data-element_type=\"widget\" data-e-type=\"widget\" data-widget_type=\"text-editor.default\">\n\t\t\t\t\t\t\t\t\t<p>40kg<\/p>\n\t\t\t\t\t\t\t\t<\/div>\n\t\t\t\t<\/div>\n\t\t<div class=\"elementor-element elementor-element-40cd5ca3 e-con-full e-flex e-con e-child\" data-id=\"40cd5ca3\" data-element_type=\"container\" data-e-type=\"container\">\n\t\t\t\t<div class=\"elementor-element elementor-element-76da1003 elementor-widget__width-initial elementor-widget elementor-widget-text-editor\" data-id=\"76da1003\" data-element_type=\"widget\" data-e-type=\"widget\" data-widget_type=\"text-editor.default\">\n\t\t\t\t\t\t\t\t\t<p>maximum load<\/p>\n\t\t\t\t\t\t\t\t<\/div>\n\t\t\t\t<div class=\"elementor-element elementor-element-2b8cbf96 elementor-widget__width-initial elementor-widget elementor-widget-text-editor\" data-id=\"2b8cbf96\" data-element_type=\"widget\" data-e-type=\"widget\" data-widget_type=\"text-editor.default\">\n\t\t\t\t\t\t\t\t\t<p>800kg<\/p>\n\t\t\t\t\t\t\t\t<\/div>\n\t\t\t\t<\/div>\n\t\t<div class=\"elementor-element elementor-element-2fb62b4c e-con-full e-flex e-con e-child\" data-id=\"2fb62b4c\" data-element_type=\"container\" data-e-type=\"container\">\n\t\t\t\t<div class=\"elementor-element elementor-element-74519220 elementor-widget__width-initial elementor-widget elementor-widget-text-editor\" data-id=\"74519220\" data-element_type=\"widget\" data-e-type=\"widget\" data-widget_type=\"text-editor.default\">\n\t\t\t\t\t\t\t\t\t<p>Materijal<\/p>\n\t\t\t\t\t\t\t\t<\/div>\n\t\t\t\t<div class=\"elementor-element elementor-element-5fccb798 elementor-widget__width-initial elementor-widget elementor-widget-text-editor\" data-id=\"5fccb798\" data-element_type=\"widget\" data-e-type=\"widget\" data-widget_type=\"text-editor.default\">\n\t\t\t\t\t\t\t\t\t<p>Blagi \u010delik Q235<\/p>\n\t\t\t\t\t\t\t\t<\/div>\n\t\t\t\t<\/div>\n\t\t<div class=\"elementor-element elementor-element-35722b45 e-con-full e-flex e-con e-child\" data-id=\"35722b45\" data-element_type=\"container\" data-e-type=\"container\">\n\t\t\t\t<div class=\"elementor-element elementor-element-28e8eb6f elementor-widget__width-initial elementor-widget elementor-widget-text-editor\" data-id=\"28e8eb6f\" data-element_type=\"widget\" data-e-type=\"widget\" data-widget_type=\"text-editor.default\">\n\t\t\t\t\t\t\t\t\t<p>Finish<\/p>\n\t\t\t\t\t\t\t\t<\/div>\n\t\t\t\t<div class=\"elementor-element elementor-element-7c698fae elementor-widget__width-initial elementor-widget elementor-widget-text-editor\" data-id=\"7c698fae\" data-element_type=\"widget\" data-e-type=\"widget\" data-widget_type=\"text-editor.default\">\n\t\t\t\t\t\t\t\t\t<p>Cink\/vru\u0107e pocin\u010dano\/pra\u0161kasti premaz<\/p>\n\t\t\t\t\t\t\t\t<\/div>\n\t\t\t\t<\/div>\n\t\t\t\t\t<\/div>\n\t\t\t\t<\/div>\n\t\t<div class=\"elementor-element elementor-element-7cb1211 e-flex e-con-boxed e-con e-parent\" data-id=\"7cb1211\" data-element_type=\"container\" data-e-type=\"container\">\n\t\t\t\t\t<div class=\"e-con-inner\">\n\t\t<div class=\"elementor-element elementor-element-673abf79 e-con-full e-flex e-con e-child\" data-id=\"673abf79\" data-element_type=\"container\" data-e-type=\"container\">\n\t\t\t\t<div class=\"elementor-element elementor-element-e24dacd elementor-widget elementor-widget-heading\" data-id=\"e24dacd\" data-element_type=\"widget\" data-e-type=\"widget\" data-widget_type=\"heading.default\">\n\t\t\t\t\t<h3 class=\"elementor-heading-title elementor-size-default\">Informacije o tvrtki<\/h3>\t\t\t\t<\/div>\n\t\t\t\t<div class=\"elementor-element elementor-element-20391d43 elementor-widget-divider--view-line_icon elementor-widget-divider--element-align-left elementor-view-default elementor-widget elementor-widget-divider\" data-id=\"20391d43\" data-element_type=\"widget\" data-e-type=\"widget\" data-widget_type=\"divider.default\">\n\t\t\t\t\t\t\t<div class=\"elementor-divider\">\n\t\t\t<span class=\"elementor-divider-separator\">\n\t\t\t\t\t\t\t<div class=\"elementor-icon elementor-divider__element\">\n\t\t\t\t\t<svg aria-hidden=\"true\" class=\"e-font-icon-svg e-fas-square\" viewBox=\"0 0 448 512\" xmlns=\"http:\/\/www.w3.org\/2000\/svg\"><path d=\"M400 32H48C21.5 32 0 53.5 0 80v352c0 26.5 21.5 48 48 48h352c26.5 0 48-21.5 48-48V80c0-26.5-21.5-48-48-48z\"><\/path><\/svg><\/div>\n\t\t\t\t\t\t<\/span>\n\t\t<\/div>\n\t\t\t\t\t\t<\/div>\n\t\t\t\t<div class=\"elementor-element elementor-element-2bd67c3c elementor-widget elementor-widget-text-editor\" data-id=\"2bd67c3c\" data-element_type=\"widget\" data-e-type=\"widget\" data-widget_type=\"text-editor.default\">\n\t\t\t\t\t\t\t\t\t<p>Dobavlja\u010d smo raznih metalnih proizvoda, uklju\u010duju\u0107i logisti\u010dka kolica, kontejnere za kota\u010de, kaveze za rublje, posude od \u017ei\u010dane mre\u017ee, po\u0161tanske ladice itd., koji se dobro prodaju u Sjedinjenim Dr\u017eavama, Europi i vi\u0161e od 100 zemalja i regija svijeta, poput Japana, jugoisto\u010dne Azije, Oceanije, Afrike itd., u\u017eivaju visoku reputaciju na me\u0111unarodnom tr\u017ei\u0161tu, visoku kvalitetu i nisku cijenu. <\/p>\n<p>Kao \u0161to vam je poznato, svi na\u0161i proizvodi su prilago\u0111eni, pa nam tijekom proizvodnog procesa trebate dostaviti nacrte za potvrdu, ili \u0107emo vam dati crte\u017ee ili uzorke za potvrdu proizvoda, pa je prodaja u prvom planu, a pomo\u0107ne profesionalne usluge odjela pru\u017eaju vam se besplatno. Ne morate brinuti o svojim crte\u017eima, niti o novim proizvodima ili idejama. Mo\u017eemo vam bolje pru\u017eiti rje\u0161enja koja \u017eelite. <\/p>\n<p>Znamo da je sr\u017e dugoro\u010dnog razvoja poduze\u0107a kvaliteta korisni\u010dke podr\u0161ke, kvaliteta proizvoda i cijena. Pru\u017eamo vam profesionalne i besplatne usluge, \u0161to ne zna\u010di da su na\u0161e cijene visoke. Mo\u017eete nam vjerovati s narud\u017ebom. Pru\u017eamo vi\u0161e od 10 godina usluge osiguranja kvalitete za na\u0161e proizvode. Ako imate bilo kakvih pitanja, mo\u017eete nam se javiti. <\/p>\n<p>Na\u0161a tvrtka pridr\u017eava se na\u010dela kupca na prvom mjestu, kvalitete na prvom mjestu, pru\u017ea kupcima kvalitetan razvoj novih proizvoda i povezane usluge, napreduje zajedno s kupcima i razvija tr\u017ei\u0161te. Od svog osnutka, tvrtka se uvijek pridr\u017eavala poslovne filozofije temeljene na integritetu, a njezini prodajni rezultati kontinuirano rastu, posti\u017eu\u0107i brz i stabilan razvoj. Tvrtka uvijek inzistira na pru\u017eanju pouzdanih proizvoda kupcima, pridaje veliku va\u017enost upravljanju kvalitetom i sigurnosti proizvoda. Stvarajte koristi s menad\u017ementom, poticajte razvoj inovacijama, pre\u017eivljavajte kvalitetom i te\u017eite budu\u0107nosti s ljudima na prvom mjestu. <\/p>\n<p>Imamo vrlo profesionalan i strog tim i tehni\u010dare. Tijekom procesa proizvodnje, na\u0161i tehni\u010dari strogo kontroliraju formulu i proces kako bi kontrolirali kvalitetu proizvoda. Imat \u0107emo ga tijekom proizvodnje i prije pakiranja nakon proizvodnje. Vrlo stroga inspekcija proizvoda. Kvaliteta je na\u0161 \u017eivot. Cijeli proces proizvodnje, pakiranja i transporta imat \u0107e vrlo strogi proces kontrole kvalitete proizvoda. <\/p>\n\t\t\t\t\t\t\t\t<\/div>\n\t\t\t\t<\/div>\n\t\t<div class=\"elementor-element elementor-element-3f4e9fb3 e-con-full e-flex e-con e-child\" data-id=\"3f4e9fb3\" data-element_type=\"container\" data-e-type=\"container\">\n\t\t\t\t<div class=\"elementor-element elementor-element-bc326bb e-transform elementor-widget elementor-widget-image\" data-id=\"bc326bb\" data-element_type=\"widget\" data-e-type=\"widget\" data-settings=\"{&quot;_transform_scale_effect_hover&quot;:{&quot;unit&quot;:&quot;px&quot;,&quot;size&quot;:1.05,&quot;sizes&quot;:[]},&quot;_transform_scale_effect_hover_tablet&quot;:{&quot;unit&quot;:&quot;px&quot;,&quot;size&quot;:&quot;&quot;,&quot;sizes&quot;:[]},&quot;_transform_scale_effect_hover_mobile&quot;:{&quot;unit&quot;:&quot;px&quot;,&quot;size&quot;:&quot;&quot;,&quot;sizes&quot;:[]}}\" data-widget_type=\"image.default\">\n\t\t\t\t\t\t\t\t\t\t\t\t\t\t\t<img loading=\"lazy\" decoding=\"async\" width=\"821\" height=\"717\" src=\"https:\/\/www.logistictool.com\/wp-content\/uploads\/2025\/05\/Metal-Laundry-Cage-With-Wheel-4.jpg\" class=\"attachment-full size-full wp-image-14345\" alt=\"\" srcset=\"https:\/\/www.logistictool.com\/wp-content\/uploads\/2025\/05\/Metal-Laundry-Cage-With-Wheel-4.jpg 821w, https:\/\/www.logistictool.com\/wp-content\/uploads\/2025\/05\/Metal-Laundry-Cage-With-Wheel-4-300x262.jpg 300w, https:\/\/www.logistictool.com\/wp-content\/uploads\/2025\/05\/Metal-Laundry-Cage-With-Wheel-4-768x671.jpg 768w, https:\/\/www.logistictool.com\/wp-content\/uploads\/2025\/05\/Metal-Laundry-Cage-With-Wheel-4-600x524.jpg 600w\" sizes=\"(max-width: 821px) 100vw, 821px\" \/>\t\t\t\t\t\t\t\t\t\t\t\t\t\t\t<\/div>\n\t\t\t\t<\/div>\n\t\t\t\t\t<\/div>\n\t\t\t\t<\/div>\n\t\t\t\t<\/div>\n\t\t","protected":false},"excerpt":{"rendered":"<p>Opis Metalni kavez za rublje s kota\u010di\u0107ima neizostavan je dio svake bolnice ili praonice rublja. Obi\u010dno su izra\u0111eni od metala i imaju PP podstavu koja \u0161titi odje\u0107u od zapinjanja ili trganja. Kolica obi\u010dno imaju \u010detiri kota\u010da radi lak\u0161e upravljivosti. Potpuno pocin\u010dana \u010deli\u010dna kavez za rublje s prednjim vratima na \u0161arkama koja su polusklopiva. Metalni kavez [&hellip;]<\/p>\n","protected":false},"featured_media":3534,"comment_status":"closed","ping_status":"closed","template":"","meta":[],"product_brand":[],"product_cat":[163],"product_tag":[],"class_list":{"0":"post-28318","1":"product","2":"type-product","3":"status-publish","4":"has-post-thumbnail","6":"product_cat-kavez-za-pranje-rublja","8":"first","9":"instock","10":"shipping-taxable","11":"product-type-simple"},"_links":{"self":[{"href":"https:\/\/www.logistictool.com\/hr\/wp-json\/wp\/v2\/product\/28318","targetHints":{"allow":["GET"]}}],"collection":[{"href":"https:\/\/www.logistictool.com\/hr\/wp-json\/wp\/v2\/product"}],"about":[{"href":"https:\/\/www.logistictool.com\/hr\/wp-json\/wp\/v2\/types\/product"}],"replies":[{"embeddable":true,"href":"https:\/\/www.logistictool.com\/hr\/wp-json\/wp\/v2\/comments?post=28318"}],"version-history":[{"count":0,"href":"https:\/\/www.logistictool.com\/hr\/wp-json\/wp\/v2\/product\/28318\/revisions"}],"wp:featuredmedia":[{"embeddable":true,"href":"https:\/\/www.logistictool.com\/hr\/wp-json\/wp\/v2\/media\/3534"}],"wp:attachment":[{"href":"https:\/\/www.logistictool.com\/hr\/wp-json\/wp\/v2\/media?parent=28318"}],"wp:term":[{"taxonomy":"product_brand","embeddable":true,"href":"https:\/\/www.logistictool.com\/hr\/wp-json\/wp\/v2\/product_brand?post=28318"},{"taxonomy":"product_cat","embeddable":true,"href":"https:\/\/www.logistictool.com\/hr\/wp-json\/wp\/v2\/product_cat?post=28318"},{"taxonomy":"product_tag","embeddable":true,"href":"https:\/\/www.logistictool.com\/hr\/wp-json\/wp\/v2\/product_tag?post=28318"}],"curies":[{"name":"wp","href":"https:\/\/api.w.org\/{rel}","templated":true}]}}