{"id":28328,"date":"2025-05-13T02:25:15","date_gmt":"2025-05-13T02:25:15","guid":{"rendered":"https:\/\/www.logistictool.com\/Bez%20kategorije\/sklopivi-kavez-za-skladiste\/"},"modified":"2025-12-31T15:51:29","modified_gmt":"2025-12-31T15:51:29","slug":"sklopivi-kavez-za-skladiste","status":"publish","type":"product","link":"https:\/\/www.logistictool.com\/hr\/kontejner-s-rolama-s-4-strane\/sklopivi-kavez-za-skladiste\/","title":{"rendered":"Sklopivi kavez za skladi\u0161te"},"content":{"rendered":"\t\t<div data-elementor-type=\"product-post\" data-elementor-id=\"28328\" class=\"elementor elementor-28328 elementor-3092\" data-elementor-post-type=\"product\">\n\t\t\t\t<div class=\"elementor-element elementor-element-711acf35 e-flex e-con-boxed e-con e-parent\" data-id=\"711acf35\" data-element_type=\"container\" data-e-type=\"container\">\n\t\t\t\t\t<div class=\"e-con-inner\">\n\t\t\t\t<div class=\"elementor-element elementor-element-339ccaf8 elementor-widget elementor-widget-spacer\" data-id=\"339ccaf8\" data-element_type=\"widget\" data-e-type=\"widget\" data-widget_type=\"spacer.default\">\n\t\t\t\t\t\t\t<div class=\"elementor-spacer\">\n\t\t\t<div class=\"elementor-spacer-inner\"><\/div>\n\t\t<\/div>\n\t\t\t\t\t\t<\/div>\n\t\t\t\t\t<\/div>\n\t\t\t\t<\/div>\n\t\t<div class=\"elementor-element elementor-element-6c21c5fc e-flex e-con-boxed e-con e-parent\" data-id=\"6c21c5fc\" data-element_type=\"container\" data-e-type=\"container\">\n\t\t\t\t\t<div class=\"e-con-inner\">\n\t\t\t\t<div class=\"elementor-element elementor-element-26ed5299 elementor-widget elementor-widget-text-editor\" data-id=\"26ed5299\" data-element_type=\"widget\" data-e-type=\"widget\" data-widget_type=\"text-editor.default\">\n\t\t\t\t\t\t\t\t\t<p>Opis<\/p>\n\t\t\t\t\t\t\t\t<\/div>\n\t\t\t\t<div class=\"elementor-element elementor-element-6bb03937 elementor-widget-divider--view-line elementor-widget elementor-widget-divider\" data-id=\"6bb03937\" data-element_type=\"widget\" data-e-type=\"widget\" data-widget_type=\"divider.default\">\n\t\t\t\t\t\t\t<div class=\"elementor-divider\">\n\t\t\t<span class=\"elementor-divider-separator\">\n\t\t\t\t\t\t<\/span>\n\t\t<\/div>\n\t\t\t\t\t\t<\/div>\n\t\t\t\t<div class=\"elementor-element elementor-element-713abc6b elementor-widget elementor-widget-text-editor\" data-id=\"713abc6b\" data-element_type=\"widget\" data-e-type=\"widget\" data-widget_type=\"text-editor.default\">\n\t\t\t\t\t\t\t\t\t<p>Sklopivi kavez za skladi\u0161te s nestabilnim A-okvirom i vratima koja se otvaraju sprijeda. Za\u0161titni kavez se lako mo\u017ee ugnijezditi kako bi se u\u0161tedio prostor u skladi\u0161tu i tijekom transporta kada se ne koristi. Osnovni i bo\u010dni zidovi opremljeni su mre\u017eastim ispunama dimenzija 50x50mm. Kontejner za prevrtanje ima ru\u010dke za lak\u0161e rukovanje, a dolazi i s integriranom policom za pohranu proizvoda. Spremnik za kota\u010de ima 2 fiksna i 2 okretna kota\u010di\u0107a, sva opremljena kota\u010dima od 125 mm White PP. Te\u017eina sigurnosnog kaveza iznosi 54 kg. <\/p>\n<p>Okvir (poznat i kao &#8220;H&#8221; okvir) gnijezdi se u savr\u0161eno ravnoj liniji. <\/p>\n<p>Odli\u010dan u\u0161teda prostora kad se ne koristi ili tijekom transporta bez tereta. <\/p>\n<p>Uklju\u010duje 1 vrata pune veli\u010dine i 2 x poluvrata<\/p>\n<p>Visokokvalitetne zaobljene \u010deli\u010dne \u0161arke na svim vratima i zasunima za bolju \u010dvrsto\u0107u i dugovje\u010dnost<\/p>\n<p>Opcija ugradnje vi\u0161e fiksnih ili uklonjivih polica<\/p>\n<p>Visokokvalitetni dizajn i proizvodnja s cinkom presvu\u010denim zavr\u0161nim slojem. <\/p>\n<p>Maksimizira unutarnji prostor s okvirom zavarenim na vanjsku stranu baze. <\/p>\n<p>Isporu\u010deno potpuno sastavljeno<\/p>\n\t\t\t\t\t\t\t\t<\/div>\n\t\t\t\t<div class=\"elementor-element elementor-element-4152ff6 elementor-widget elementor-widget-image\" data-id=\"4152ff6\" data-element_type=\"widget\" data-e-type=\"widget\" data-widget_type=\"image.default\">\n\t\t\t\t\t\t\t\t\t\t\t\t\t\t\t<img fetchpriority=\"high\" decoding=\"async\" width=\"800\" height=\"706\" src=\"https:\/\/www.logistictool.com\/wp-content\/uploads\/2025\/05\/Folding-Roll-Cage-Trolley-For-Warehouse-2.jpg\" class=\"attachment-large size-large wp-image-14293\" alt=\"\" srcset=\"https:\/\/www.logistictool.com\/wp-content\/uploads\/2025\/05\/Folding-Roll-Cage-Trolley-For-Warehouse-2.jpg 866w, https:\/\/www.logistictool.com\/wp-content\/uploads\/2025\/05\/Folding-Roll-Cage-Trolley-For-Warehouse-2-300x265.jpg 300w, https:\/\/www.logistictool.com\/wp-content\/uploads\/2025\/05\/Folding-Roll-Cage-Trolley-For-Warehouse-2-768x678.jpg 768w, https:\/\/www.logistictool.com\/wp-content\/uploads\/2025\/05\/Folding-Roll-Cage-Trolley-For-Warehouse-2-600x529.jpg 600w\" sizes=\"(max-width: 800px) 100vw, 800px\" \/>\t\t\t\t\t\t\t\t\t\t\t\t\t\t\t<\/div>\n\t\t\t\t\t<\/div>\n\t\t\t\t<\/div>\n\t\t<div class=\"elementor-element elementor-element-7744eab2 e-flex e-con-boxed e-con e-parent\" data-id=\"7744eab2\" data-element_type=\"container\" data-e-type=\"container\">\n\t\t\t\t\t<div class=\"e-con-inner\">\n\t\t<div class=\"elementor-element elementor-element-61859cdb e-con-full e-flex e-con e-child\" data-id=\"61859cdb\" data-element_type=\"container\" data-e-type=\"container\">\n\t\t\t\t<div class=\"elementor-element elementor-element-c2279c2 elementor-widget elementor-widget-heading\" data-id=\"c2279c2\" data-element_type=\"widget\" data-e-type=\"widget\" data-widget_type=\"heading.default\">\n\t\t\t\t\t<h3 class=\"elementor-heading-title elementor-size-default\">VIJESTI<\/h3>\t\t\t\t<\/div>\n\t\t\t\t<div class=\"elementor-element elementor-element-49617f1 elementor-widget-divider--view-line_icon elementor-widget-divider--element-align-left elementor-view-default elementor-widget elementor-widget-divider\" data-id=\"49617f1\" data-element_type=\"widget\" data-e-type=\"widget\" data-widget_type=\"divider.default\">\n\t\t\t\t\t\t\t<div class=\"elementor-divider\">\n\t\t\t<span class=\"elementor-divider-separator\">\n\t\t\t\t\t\t\t<div class=\"elementor-icon elementor-divider__element\">\n\t\t\t\t\t<svg aria-hidden=\"true\" class=\"e-font-icon-svg e-fas-square\" viewBox=\"0 0 448 512\" xmlns=\"http:\/\/www.w3.org\/2000\/svg\"><path d=\"M400 32H48C21.5 32 0 53.5 0 80v352c0 26.5 21.5 48 48 48h352c26.5 0 48-21.5 48-48V80c0-26.5-21.5-48-48-48z\"><\/path><\/svg><\/div>\n\t\t\t\t\t\t<\/span>\n\t\t<\/div>\n\t\t\t\t\t\t<\/div>\n\t\t\t\t<div class=\"elementor-element elementor-element-6a1f5393 elementor-widget elementor-widget-text-editor\" data-id=\"6a1f5393\" data-element_type=\"widget\" data-e-type=\"widget\" data-widget_type=\"text-editor.default\">\n\t\t\t\t\t\t\t\t\t<p>Rje\u0161enja i dizajn<\/p>\n<p>Odvajamo vrijeme da razumijemo va\u0161e potrebe i nudimo nekoliko rje\u0161enja koja odgovaraju va\u0161em bud\u017eetu i potrebama. Zatim raspravljamo o dizajnu i potvr\u0111ujemo crte\u017e prije produkcije. Cijeli proces obi\u010dno traje oko tri dana, ovisno o tome koliko pitanja se postavi tijekom na\u0161ih zajedni\u010dkih sastanaka. <\/p>\n<p>Izvje\u0161taj o procesu kroz cijeli proces<\/p>\n<p>Razumijemo da je pravovremena komunikacija klju\u010dna za odr\u017eavanje dobrog radnog odnosa i predani smo tome da vas na svakom koraku informiramo o statusu va\u0161e narud\u017ebe. <\/p>\n<p>Osim toga, komunicirat \u0107emo s vama pravovremeno tijekom procesa, bez obzira na probleme koji se pojave, kako bismo osigurali da ste zadovoljni proizvodom. <\/p>\n\t\t\t\t\t\t\t\t<\/div>\n\t\t\t\t<\/div>\n\t\t<div class=\"elementor-element elementor-element-1e3eb92e e-con-full e-flex e-con e-child\" data-id=\"1e3eb92e\" data-element_type=\"container\" data-e-type=\"container\">\n\t\t\t\t<div class=\"elementor-element elementor-element-38be1636 e-transform elementor-widget elementor-widget-image\" data-id=\"38be1636\" data-element_type=\"widget\" data-e-type=\"widget\" data-settings=\"{&quot;_transform_scale_effect_hover&quot;:{&quot;unit&quot;:&quot;px&quot;,&quot;size&quot;:1.05,&quot;sizes&quot;:[]},&quot;_transform_scale_effect_hover_tablet&quot;:{&quot;unit&quot;:&quot;px&quot;,&quot;size&quot;:&quot;&quot;,&quot;sizes&quot;:[]},&quot;_transform_scale_effect_hover_mobile&quot;:{&quot;unit&quot;:&quot;px&quot;,&quot;size&quot;:&quot;&quot;,&quot;sizes&quot;:[]}}\" data-widget_type=\"image.default\">\n\t\t\t\t\t\t\t\t\t\t\t\t\t\t\t<img decoding=\"async\" width=\"811\" height=\"771\" src=\"https:\/\/www.logistictool.com\/wp-content\/uploads\/2025\/05\/Folding-Roll-Cage-Trolley-For-Warehouse-1.jpg\" class=\"attachment-full size-full wp-image-14280\" alt=\"\" srcset=\"https:\/\/www.logistictool.com\/wp-content\/uploads\/2025\/05\/Folding-Roll-Cage-Trolley-For-Warehouse-1.jpg 811w, https:\/\/www.logistictool.com\/wp-content\/uploads\/2025\/05\/Folding-Roll-Cage-Trolley-For-Warehouse-1-300x285.jpg 300w, https:\/\/www.logistictool.com\/wp-content\/uploads\/2025\/05\/Folding-Roll-Cage-Trolley-For-Warehouse-1-768x730.jpg 768w, https:\/\/www.logistictool.com\/wp-content\/uploads\/2025\/05\/Folding-Roll-Cage-Trolley-For-Warehouse-1-600x570.jpg 600w\" sizes=\"(max-width: 811px) 100vw, 811px\" \/>\t\t\t\t\t\t\t\t\t\t\t\t\t\t\t<\/div>\n\t\t\t\t<\/div>\n\t\t\t\t\t<\/div>\n\t\t\t\t<\/div>\n\t\t\t\t<\/div>\n\t\t","protected":false},"excerpt":{"rendered":"<p>Opis Sklopivi kavez za skladi\u0161te s nestabilnim A-okvirom i vratima koja se otvaraju sprijeda. Za\u0161titni kavez se lako mo\u017ee ugnijezditi kako bi se u\u0161tedio prostor u skladi\u0161tu i tijekom transporta kada se ne koristi. Osnovni i bo\u010dni zidovi opremljeni su mre\u017eastim ispunama dimenzija 50x50mm. Kontejner za prevrtanje ima ru\u010dke za lak\u0161e rukovanje, a dolazi i [&hellip;]<\/p>\n","protected":false},"featured_media":3533,"comment_status":"closed","ping_status":"closed","template":"","meta":[],"product_brand":[],"product_cat":[228],"product_tag":[],"class_list":{"0":"post-28328","1":"product","2":"type-product","3":"status-publish","4":"has-post-thumbnail","6":"product_cat-kontejner-s-rolama-s-4-strane","8":"first","9":"instock","10":"shipping-taxable","11":"product-type-simple"},"_links":{"self":[{"href":"https:\/\/www.logistictool.com\/hr\/wp-json\/wp\/v2\/product\/28328","targetHints":{"allow":["GET"]}}],"collection":[{"href":"https:\/\/www.logistictool.com\/hr\/wp-json\/wp\/v2\/product"}],"about":[{"href":"https:\/\/www.logistictool.com\/hr\/wp-json\/wp\/v2\/types\/product"}],"replies":[{"embeddable":true,"href":"https:\/\/www.logistictool.com\/hr\/wp-json\/wp\/v2\/comments?post=28328"}],"version-history":[{"count":0,"href":"https:\/\/www.logistictool.com\/hr\/wp-json\/wp\/v2\/product\/28328\/revisions"}],"wp:featuredmedia":[{"embeddable":true,"href":"https:\/\/www.logistictool.com\/hr\/wp-json\/wp\/v2\/media\/3533"}],"wp:attachment":[{"href":"https:\/\/www.logistictool.com\/hr\/wp-json\/wp\/v2\/media?parent=28328"}],"wp:term":[{"taxonomy":"product_brand","embeddable":true,"href":"https:\/\/www.logistictool.com\/hr\/wp-json\/wp\/v2\/product_brand?post=28328"},{"taxonomy":"product_cat","embeddable":true,"href":"https:\/\/www.logistictool.com\/hr\/wp-json\/wp\/v2\/product_cat?post=28328"},{"taxonomy":"product_tag","embeddable":true,"href":"https:\/\/www.logistictool.com\/hr\/wp-json\/wp\/v2\/product_tag?post=28328"}],"curies":[{"name":"wp","href":"https:\/\/api.w.org\/{rel}","templated":true}]}}