{"id":28338,"date":"2025-05-13T03:34:58","date_gmt":"2025-05-13T03:34:58","guid":{"rendered":"https:\/\/www.logistictool.com\/Bez%20kategorije\/metalni-kavez-za-palete\/"},"modified":"2025-12-31T15:52:34","modified_gmt":"2025-12-31T15:52:34","slug":"metalni-kavez-za-palete","status":"publish","type":"product","link":"https:\/\/www.logistictool.com\/hr\/kavezna-paleta\/metalni-kavez-za-palete\/","title":{"rendered":"Metalni kavez za palete"},"content":{"rendered":"\t\t<div data-elementor-type=\"product-post\" data-elementor-id=\"28338\" class=\"elementor elementor-28338 elementor-3130\" data-elementor-post-type=\"product\">\n\t\t\t\t<div class=\"elementor-element elementor-element-5360cd08 e-flex e-con-boxed e-con e-parent\" data-id=\"5360cd08\" data-element_type=\"container\" data-e-type=\"container\">\n\t\t\t\t\t<div class=\"e-con-inner\">\n\t\t\t\t<div class=\"elementor-element elementor-element-2e743caa elementor-widget elementor-widget-spacer\" data-id=\"2e743caa\" data-element_type=\"widget\" data-e-type=\"widget\" data-widget_type=\"spacer.default\">\n\t\t\t\t\t\t\t<div class=\"elementor-spacer\">\n\t\t\t<div class=\"elementor-spacer-inner\"><\/div>\n\t\t<\/div>\n\t\t\t\t\t\t<\/div>\n\t\t\t\t\t<\/div>\n\t\t\t\t<\/div>\n\t\t<div class=\"elementor-element elementor-element-33c27e5a e-flex e-con-boxed e-con e-parent\" data-id=\"33c27e5a\" data-element_type=\"container\" data-e-type=\"container\">\n\t\t\t\t\t<div class=\"e-con-inner\">\n\t\t\t\t<div class=\"elementor-element elementor-element-7cc288b0 elementor-widget elementor-widget-text-editor\" data-id=\"7cc288b0\" data-element_type=\"widget\" data-e-type=\"widget\" data-widget_type=\"text-editor.default\">\n\t\t\t\t\t\t\t\t\t<p>Opis<\/p>\n\t\t\t\t\t\t\t\t<\/div>\n\t\t\t\t<div class=\"elementor-element elementor-element-2fd69eec elementor-widget-divider--view-line elementor-widget elementor-widget-divider\" data-id=\"2fd69eec\" data-element_type=\"widget\" data-e-type=\"widget\" data-widget_type=\"divider.default\">\n\t\t\t\t\t\t\t<div class=\"elementor-divider\">\n\t\t\t<span class=\"elementor-divider-separator\">\n\t\t\t\t\t\t<\/span>\n\t\t<\/div>\n\t\t\t\t\t\t<\/div>\n\t\t\t\t<div class=\"elementor-element elementor-element-21b2e7f9 elementor-widget elementor-widget-text-editor\" data-id=\"21b2e7f9\" data-element_type=\"widget\" data-e-type=\"widget\" data-widget_type=\"text-editor.default\">\n\t\t\t\t\t\t\t\t\t<p>Metalni kavez za palete je spremnik s Z kanalom za spremanje stvari. Savr\u0161eno za pohranu, a veli\u010dina se mo\u017ee prilagoditi donjoj ladici, \u0161to zna\u010di da vam mo\u017eemo ponuditi bilo koju veli\u010dinu koju \u017eelite! Z-kanalna struktura ovog kaveza osigurava da se mo\u017ee stabilnije slagati i u vi\u0161e slojeva kako bi se pove\u0107ala iskori\u0161tenost prostora. Me\u0111utim, ne morate brinuti o gnjava\u017ei oko skupljanja predmeta zbog slaganja, jer polu-vrata omogu\u0107uju jednostavan pristup predmetima. <\/p>\n\t\t\t\t\t\t\t\t<\/div>\n\t\t\t\t\t<\/div>\n\t\t\t\t<\/div>\n\t\t<div class=\"elementor-element elementor-element-4439ce7e e-flex e-con-boxed e-con e-parent\" data-id=\"4439ce7e\" data-element_type=\"container\" data-e-type=\"container\">\n\t\t\t\t\t<div class=\"e-con-inner\">\n\t\t\t\t<div class=\"elementor-element elementor-element-ba1a9a5 elementor-widget elementor-widget-heading\" data-id=\"ba1a9a5\" data-element_type=\"widget\" data-e-type=\"widget\" data-widget_type=\"heading.default\">\n\t\t\t\t\t<h3 class=\"elementor-heading-title elementor-size-default\">Parametri proizvoda<\/h3>\t\t\t\t<\/div>\n\t\t\t\t<div class=\"elementor-element elementor-element-942a115 elementor-widget-divider--view-line elementor-widget elementor-widget-divider\" data-id=\"942a115\" data-element_type=\"widget\" data-e-type=\"widget\" data-widget_type=\"divider.default\">\n\t\t\t\t\t\t\t<div class=\"elementor-divider\">\n\t\t\t<span class=\"elementor-divider-separator\">\n\t\t\t\t\t\t<\/span>\n\t\t<\/div>\n\t\t\t\t\t\t<\/div>\n\t\t<div class=\"elementor-element elementor-element-a3034d0 e-con-full e-flex e-con e-child\" data-id=\"a3034d0\" data-element_type=\"container\" data-e-type=\"container\">\n\t\t\t\t<div class=\"elementor-element elementor-element-10f64973 elementor-widget__width-initial elementor-widget elementor-widget-text-editor\" data-id=\"10f64973\" data-element_type=\"widget\" data-e-type=\"widget\" data-widget_type=\"text-editor.default\">\n\t\t\t\t\t\t\t\t\t<p>Product Name<\/p>\n\t\t\t\t\t\t\t\t<\/div>\n\t\t\t\t<div class=\"elementor-element elementor-element-463573f0 elementor-widget__width-initial elementor-widget elementor-widget-text-editor\" data-id=\"463573f0\" data-element_type=\"widget\" data-e-type=\"widget\" data-widget_type=\"text-editor.default\">\n\t\t\t\t\t\t\t\t\t<p>Metalni kavez za palete<\/p>\n\t\t\t\t\t\t\t\t<\/div>\n\t\t\t\t<\/div>\n\t\t<div class=\"elementor-element elementor-element-6f30efed e-con-full e-flex e-con e-child\" data-id=\"6f30efed\" data-element_type=\"container\" data-e-type=\"container\">\n\t\t\t\t<div class=\"elementor-element elementor-element-49290e58 elementor-widget__width-initial elementor-widget elementor-widget-text-editor\" data-id=\"49290e58\" data-element_type=\"widget\" data-e-type=\"widget\" data-widget_type=\"text-editor.default\">\n\t\t\t\t\t\t\t\t\t<p>Vanjska dimenzija<\/p>\n\t\t\t\t\t\t\t\t<\/div>\n\t\t\t\t<div class=\"elementor-element elementor-element-53cf4b5d elementor-widget__width-initial elementor-widget elementor-widget-text-editor\" data-id=\"53cf4b5d\" data-element_type=\"widget\" data-e-type=\"widget\" data-widget_type=\"text-editor.default\">\n\t\t\t\t\t\t\t\t\t<p>1200x800x1000MM<\/p>\n\t\t\t\t\t\t\t\t<\/div>\n\t\t\t\t<\/div>\n\t\t<div class=\"elementor-element elementor-element-d1ad1af e-con-full e-flex e-con e-child\" data-id=\"d1ad1af\" data-element_type=\"container\" data-e-type=\"container\">\n\t\t\t\t<div class=\"elementor-element elementor-element-67016ba8 elementor-widget__width-initial elementor-widget elementor-widget-text-editor\" data-id=\"67016ba8\" data-element_type=\"widget\" data-e-type=\"widget\" data-widget_type=\"text-editor.default\">\n\t\t\t\t\t\t\t\t\t<p>N.W<\/p>\n\t\t\t\t\t\t\t\t<\/div>\n\t\t\t\t<div class=\"elementor-element elementor-element-4f3d9ac4 elementor-widget__width-initial elementor-widget elementor-widget-text-editor\" data-id=\"4f3d9ac4\" data-element_type=\"widget\" data-e-type=\"widget\" data-widget_type=\"text-editor.default\">\n\t\t\t\t\t\t\t\t\t<p>40kg<\/p>\n\t\t\t\t\t\t\t\t<\/div>\n\t\t\t\t<\/div>\n\t\t<div class=\"elementor-element elementor-element-29c954b0 e-con-full e-flex e-con e-child\" data-id=\"29c954b0\" data-element_type=\"container\" data-e-type=\"container\">\n\t\t\t\t<div class=\"elementor-element elementor-element-23254e32 elementor-widget__width-initial elementor-widget elementor-widget-text-editor\" data-id=\"23254e32\" data-element_type=\"widget\" data-e-type=\"widget\" data-widget_type=\"text-editor.default\">\n\t\t\t\t\t\t\t\t\t<p>maximum load<\/p>\n\t\t\t\t\t\t\t\t<\/div>\n\t\t\t\t<div class=\"elementor-element elementor-element-3e038625 elementor-widget__width-initial elementor-widget elementor-widget-text-editor\" data-id=\"3e038625\" data-element_type=\"widget\" data-e-type=\"widget\" data-widget_type=\"text-editor.default\">\n\t\t\t\t\t\t\t\t\t<p>800kg<\/p>\n\t\t\t\t\t\t\t\t<\/div>\n\t\t\t\t<\/div>\n\t\t<div class=\"elementor-element elementor-element-68c93830 e-con-full e-flex e-con e-child\" data-id=\"68c93830\" data-element_type=\"container\" data-e-type=\"container\">\n\t\t\t\t<div class=\"elementor-element elementor-element-3fadf657 elementor-widget__width-initial elementor-widget elementor-widget-text-editor\" data-id=\"3fadf657\" data-element_type=\"widget\" data-e-type=\"widget\" data-widget_type=\"text-editor.default\">\n\t\t\t\t\t\t\t\t\t<p>Materijal<\/p>\n\t\t\t\t\t\t\t\t<\/div>\n\t\t\t\t<div class=\"elementor-element elementor-element-35fbaa8 elementor-widget__width-initial elementor-widget elementor-widget-text-editor\" data-id=\"35fbaa8\" data-element_type=\"widget\" data-e-type=\"widget\" data-widget_type=\"text-editor.default\">\n\t\t\t\t\t\t\t\t\t<p>Blagi \u010delik Q235<\/p>\n\t\t\t\t\t\t\t\t<\/div>\n\t\t\t\t<\/div>\n\t\t<div class=\"elementor-element elementor-element-55a7e40 e-con-full e-flex e-con e-child\" data-id=\"55a7e40\" data-element_type=\"container\" data-e-type=\"container\">\n\t\t\t\t<div class=\"elementor-element elementor-element-36c7c50a elementor-widget__width-initial elementor-widget elementor-widget-text-editor\" data-id=\"36c7c50a\" data-element_type=\"widget\" data-e-type=\"widget\" data-widget_type=\"text-editor.default\">\n\t\t\t\t\t\t\t\t\t<p>Finish<\/p>\n\t\t\t\t\t\t\t\t<\/div>\n\t\t\t\t<div class=\"elementor-element elementor-element-1a4240a7 elementor-widget__width-initial elementor-widget elementor-widget-text-editor\" data-id=\"1a4240a7\" data-element_type=\"widget\" data-e-type=\"widget\" data-widget_type=\"text-editor.default\">\n\t\t\t\t\t\t\t\t\t<p>Cink\/vru\u0107e pocin\u010dano\/pra\u0161kasti premaz<\/p>\n\t\t\t\t\t\t\t\t<\/div>\n\t\t\t\t<\/div>\n\t\t<div class=\"elementor-element elementor-element-b4b1d8a e-con-full e-flex e-con e-child\" data-id=\"b4b1d8a\" data-element_type=\"container\" data-e-type=\"container\">\n\t\t\t\t<div class=\"elementor-element elementor-element-5789728c elementor-widget__width-initial elementor-widget elementor-widget-text-editor\" data-id=\"5789728c\" data-element_type=\"widget\" data-e-type=\"widget\" data-widget_type=\"text-editor.default\">\n\t\t\t\t\t\t\t\t\t<p>Prilagodba<\/p>\n\t\t\t\t\t\t\t\t<\/div>\n\t\t\t\t<div class=\"elementor-element elementor-element-7f0c913 elementor-widget__width-initial elementor-widget elementor-widget-text-editor\" data-id=\"7f0c913\" data-element_type=\"widget\" data-e-type=\"widget\" data-widget_type=\"text-editor.default\">\n\t\t\t\t\t\t\t\t\t<p>ODM&amp;OEM<\/p>\n\t\t\t\t\t\t\t\t<\/div>\n\t\t\t\t<\/div>\n\t\t<div class=\"elementor-element elementor-element-52db57f7 e-con-full e-flex e-con e-child\" data-id=\"52db57f7\" data-element_type=\"container\" data-e-type=\"container\">\n\t\t\t\t<div class=\"elementor-element elementor-element-787611bd elementor-widget__width-initial elementor-widget elementor-widget-text-editor\" data-id=\"787611bd\" data-element_type=\"widget\" data-e-type=\"widget\" data-widget_type=\"text-editor.default\">\n\t\t\t\t\t\t\t\t\t<p>Mjesto podrijetla<\/p>\n\t\t\t\t\t\t\t\t<\/div>\n\t\t\t\t<div class=\"elementor-element elementor-element-55e55d96 elementor-widget__width-initial elementor-widget elementor-widget-text-editor\" data-id=\"55e55d96\" data-element_type=\"widget\" data-e-type=\"widget\" data-widget_type=\"text-editor.default\">\n\t\t\t\t\t\t\t\t\t<p>Qingdao, Kina<\/p>\n\t\t\t\t\t\t\t\t<\/div>\n\t\t\t\t<\/div>\n\t\t\t\t\t<\/div>\n\t\t\t\t<\/div>\n\t\t<div class=\"elementor-element elementor-element-544e41c8 e-flex e-con-boxed e-con e-parent\" data-id=\"544e41c8\" data-element_type=\"container\" data-e-type=\"container\">\n\t\t\t\t\t<div class=\"e-con-inner\">\n\t\t\t\t<div class=\"elementor-element elementor-element-38565d47 elementor-widget elementor-widget-heading\" data-id=\"38565d47\" data-element_type=\"widget\" data-e-type=\"widget\" data-widget_type=\"heading.default\">\n\t\t\t\t\t<h2 class=\"elementor-heading-title elementor-size-default\">Zna\u010dajke<\/h2>\t\t\t\t<\/div>\n\t\t\t\t<div class=\"elementor-element elementor-element-64bc254f elementor-widget-divider--view-line elementor-widget elementor-widget-divider\" data-id=\"64bc254f\" data-element_type=\"widget\" data-e-type=\"widget\" data-widget_type=\"divider.default\">\n\t\t\t\t\t\t\t<div class=\"elementor-divider\">\n\t\t\t<span class=\"elementor-divider-separator\">\n\t\t\t\t\t\t<\/span>\n\t\t<\/div>\n\t\t\t\t\t\t<\/div>\n\t\t\t\t\t<\/div>\n\t\t\t\t<\/div>\n\t\t<div class=\"elementor-element elementor-element-59de345e e-flex e-con-boxed e-con e-parent\" data-id=\"59de345e\" data-element_type=\"container\" data-e-type=\"container\">\n\t\t\t\t\t<div class=\"e-con-inner\">\n\t\t<div class=\"elementor-element elementor-element-2527c255 e-con-full e-flex e-con e-child\" data-id=\"2527c255\" data-element_type=\"container\" data-e-type=\"container\">\n\t\t<div class=\"elementor-element elementor-element-6d84e248 e-con-full e-flex e-con e-child\" data-id=\"6d84e248\" data-element_type=\"container\" data-e-type=\"container\">\n\t\t\t\t<div class=\"elementor-element elementor-element-46aeb65c elementor-widget elementor-widget-heading\" data-id=\"46aeb65c\" data-element_type=\"widget\" data-e-type=\"widget\" data-widget_type=\"heading.default\">\n\t\t\t\t\t<h2 class=\"elementor-heading-title elementor-size-default\">1<\/h2>\t\t\t\t<\/div>\n\t\t\t\t<div class=\"elementor-element elementor-element-580e05f4 elementor-widget elementor-widget-heading\" data-id=\"580e05f4\" data-element_type=\"widget\" data-e-type=\"widget\" data-widget_type=\"heading.default\">\n\t\t\t\t\t<h3 class=\"elementor-heading-title elementor-size-default\">Izdr\u017eljivost<\/h3>\t\t\t\t<\/div>\n\t\t\t\t<\/div>\n\t\t<div class=\"elementor-element elementor-element-41cefcee e-con-full e-flex e-con e-child\" data-id=\"41cefcee\" data-element_type=\"container\" data-e-type=\"container\">\n\t\t\t\t<div class=\"elementor-element elementor-element-2ca3fddd elementor-widget elementor-widget-text-editor\" data-id=\"2ca3fddd\" data-element_type=\"widget\" data-e-type=\"widget\" data-widget_type=\"text-editor.default\">\n\t\t\t\t\t\t\t\t\t<p>Ovaj metalni kavez za palete izra\u0111en je od visokokvalitetnih sirovina i temeljito se pregledava tijekom proizvodnog procesa. Zavr\u0161na obrada omogu\u0107uje mu da zadr\u017ei svoj izvorni izgled cijelo vrijeme, pa \u0107e trajati mnogo godina ako ga pametno koristite. <\/p>\n\t\t\t\t\t\t\t\t<\/div>\n\t\t\t\t<\/div>\n\t\t\t\t<\/div>\n\t\t<div class=\"elementor-element elementor-element-5c9c1145 e-con-full e-flex e-con e-child\" data-id=\"5c9c1145\" data-element_type=\"container\" data-e-type=\"container\">\n\t\t<div class=\"elementor-element elementor-element-ef0b2da e-con-full e-flex e-con e-child\" data-id=\"ef0b2da\" data-element_type=\"container\" data-e-type=\"container\">\n\t\t\t\t<div class=\"elementor-element elementor-element-42ead87a elementor-widget elementor-widget-heading\" data-id=\"42ead87a\" data-element_type=\"widget\" data-e-type=\"widget\" data-widget_type=\"heading.default\">\n\t\t\t\t\t<h2 class=\"elementor-heading-title elementor-size-default\">2<\/h2>\t\t\t\t<\/div>\n\t\t\t\t<div class=\"elementor-element elementor-element-3999ee59 elementor-widget elementor-widget-heading\" data-id=\"3999ee59\" data-element_type=\"widget\" data-e-type=\"widget\" data-widget_type=\"heading.default\">\n\t\t\t\t\t<h3 class=\"elementor-heading-title elementor-size-default\">Sklopivi<\/h3>\t\t\t\t<\/div>\n\t\t\t\t<\/div>\n\t\t<div class=\"elementor-element elementor-element-7d9423da e-con-full e-flex e-con e-child\" data-id=\"7d9423da\" data-element_type=\"container\" data-e-type=\"container\">\n\t\t\t\t<div class=\"elementor-element elementor-element-4f0ce441 elementor-widget elementor-widget-text-editor\" data-id=\"4f0ce441\" data-element_type=\"widget\" data-e-type=\"widget\" data-widget_type=\"text-editor.default\">\n\t\t\t\t\t\t\t\t\t<p>Preklopna funkcija olak\u0161ava spremanje kad ga ne koristite i ne\u0107e zauzimati previ\u0161e va\u0161eg prostora. <\/p>\n\t\t\t\t\t\t\t\t<\/div>\n\t\t\t\t<\/div>\n\t\t\t\t<\/div>\n\t\t<div class=\"elementor-element elementor-element-62016b29 e-con-full e-flex e-con e-child\" data-id=\"62016b29\" data-element_type=\"container\" data-e-type=\"container\">\n\t\t<div class=\"elementor-element elementor-element-bff14fd e-con-full e-flex e-con e-child\" data-id=\"bff14fd\" data-element_type=\"container\" data-e-type=\"container\">\n\t\t\t\t<div class=\"elementor-element elementor-element-52eb0471 elementor-widget elementor-widget-heading\" data-id=\"52eb0471\" data-element_type=\"widget\" data-e-type=\"widget\" data-widget_type=\"heading.default\">\n\t\t\t\t\t<h2 class=\"elementor-heading-title elementor-size-default\">3<\/h2>\t\t\t\t<\/div>\n\t\t\t\t<div class=\"elementor-element elementor-element-7fcf32d5 elementor-widget elementor-widget-heading\" data-id=\"7fcf32d5\" data-element_type=\"widget\" data-e-type=\"widget\" data-widget_type=\"heading.default\">\n\t\t\t\t\t<h3 class=\"elementor-heading-title elementor-size-default\">Pove\u0107anje kapaciteta pohrane<\/h3>\t\t\t\t<\/div>\n\t\t\t\t<\/div>\n\t\t<div class=\"elementor-element elementor-element-4248c5cc e-con-full e-flex e-con e-child\" data-id=\"4248c5cc\" data-element_type=\"container\" data-e-type=\"container\">\n\t\t\t\t<div class=\"elementor-element elementor-element-46d3928e elementor-widget elementor-widget-text-editor\" data-id=\"46d3928e\" data-element_type=\"widget\" data-e-type=\"widget\" data-widget_type=\"text-editor.default\">\n\t\t\t\t\t\t\t\t\t<p>Mo\u017ee pohraniti velik broj artikala u va\u0161em skladi\u0161tu, a vi ih mo\u017eete slagati i koristiti, \u010dime se znatno pove\u0107ava prostor za pohranu va\u0161eg skladi\u0161ta. <\/p>\n\t\t\t\t\t\t\t\t<\/div>\n\t\t\t\t<\/div>\n\t\t\t\t<\/div>\n\t\t<div class=\"elementor-element elementor-element-7c4a6ab6 e-con-full e-flex e-con e-child\" data-id=\"7c4a6ab6\" data-element_type=\"container\" data-e-type=\"container\">\n\t\t<div class=\"elementor-element elementor-element-6682fc4a e-con-full e-flex e-con e-child\" data-id=\"6682fc4a\" data-element_type=\"container\" data-e-type=\"container\">\n\t\t\t\t<div class=\"elementor-element elementor-element-3b952c42 elementor-widget elementor-widget-heading\" data-id=\"3b952c42\" data-element_type=\"widget\" data-e-type=\"widget\" data-widget_type=\"heading.default\">\n\t\t\t\t\t<h2 class=\"elementor-heading-title elementor-size-default\">4<\/h2>\t\t\t\t<\/div>\n\t\t\t\t<div class=\"elementor-element elementor-element-42f83032 elementor-widget elementor-widget-heading\" data-id=\"42f83032\" data-element_type=\"widget\" data-e-type=\"widget\" data-widget_type=\"heading.default\">\n\t\t\t\t\t<h3 class=\"elementor-heading-title elementor-size-default\">Razli\u010diti dizajni<\/h3>\t\t\t\t<\/div>\n\t\t\t\t<\/div>\n\t\t<div class=\"elementor-element elementor-element-31638906 e-con-full e-flex e-con e-child\" data-id=\"31638906\" data-element_type=\"container\" data-e-type=\"container\">\n\t\t\t\t<div class=\"elementor-element elementor-element-6aac9269 elementor-widget elementor-widget-text-editor\" data-id=\"6aac9269\" data-element_type=\"widget\" data-e-type=\"widget\" data-widget_type=\"text-editor.default\">\n\t\t\t\t\t\t\t\t\t<p>Osim veli\u010dina, boja i zavr\u0161nih obrada koje mo\u017eete prilagoditi i mijenjati prema va\u0161im potrebama, imamo i niz drugih dizajna me\u0111u kojima mo\u017eete birati. <\/p>\n\t\t\t\t\t\t\t\t<\/div>\n\t\t\t\t<\/div>\n\t\t\t\t<\/div>\n\t\t\t\t\t<\/div>\n\t\t\t\t<\/div>\n\t\t<div class=\"elementor-element elementor-element-6521547a e-flex e-con-boxed e-con e-parent\" data-id=\"6521547a\" data-element_type=\"container\" data-e-type=\"container\">\n\t\t\t\t\t<div class=\"e-con-inner\">\n\t\t<div class=\"elementor-element elementor-element-3eb4d317 e-con-full e-flex e-con e-child\" data-id=\"3eb4d317\" data-element_type=\"container\" data-e-type=\"container\">\n\t\t\t\t<div class=\"elementor-element elementor-element-5cd38877 elementor-widget elementor-widget-heading\" data-id=\"5cd38877\" data-element_type=\"widget\" data-e-type=\"widget\" data-widget_type=\"heading.default\">\n\t\t\t\t\t<h3 class=\"elementor-heading-title elementor-size-default\">Podru\u010dje primjene<\/h3>\t\t\t\t<\/div>\n\t\t\t\t<div class=\"elementor-element elementor-element-786f6cf8 elementor-widget-divider--view-line elementor-widget elementor-widget-divider\" data-id=\"786f6cf8\" data-element_type=\"widget\" data-e-type=\"widget\" data-widget_type=\"divider.default\">\n\t\t\t\t\t\t\t<div class=\"elementor-divider\">\n\t\t\t<span class=\"elementor-divider-separator\">\n\t\t\t\t\t\t<\/span>\n\t\t<\/div>\n\t\t\t\t\t\t<\/div>\n\t\t\t\t<div class=\"elementor-element elementor-element-28a7c39c elementor-widget elementor-widget-spacer\" data-id=\"28a7c39c\" data-element_type=\"widget\" data-e-type=\"widget\" data-widget_type=\"spacer.default\">\n\t\t\t\t\t\t\t<div class=\"elementor-spacer\">\n\t\t\t<div class=\"elementor-spacer-inner\"><\/div>\n\t\t<\/div>\n\t\t\t\t\t\t<\/div>\n\t\t\t\t<div class=\"elementor-element elementor-element-69503aee elementor-widget elementor-widget-text-editor\" data-id=\"69503aee\" data-element_type=\"widget\" data-e-type=\"widget\" data-widget_type=\"text-editor.default\">\n\t\t\t\t\t\t\t\t\t<p>Metalni kavez za palete koristi se u \u0161irokom rasponu primjena, ne samo u maloprodaji za izlaganje robe, ve\u0107 i u logistici, poljoprivredi za pohranu ekspresne po\u0161te i povr\u0107a. To je vrlo prakti\u010dan na\u010din za pohranu bilo \u010dega. <\/p>\n\t\t\t\t\t\t\t\t<\/div>\n\t\t\t\t<\/div>\n\t\t\t\t\t<\/div>\n\t\t\t\t<\/div>\n\t\t\t\t<\/div>\n\t\t","protected":false},"excerpt":{"rendered":"<p>Opis Metalni kavez za palete je spremnik s Z kanalom za spremanje stvari. Savr\u0161eno za pohranu, a veli\u010dina se mo\u017ee prilagoditi donjoj ladici, \u0161to zna\u010di da vam mo\u017eemo ponuditi bilo koju veli\u010dinu koju \u017eelite! Z-kanalna struktura ovog kaveza osigurava da se mo\u017ee stabilnije slagati i u vi\u0161e slojeva kako bi se pove\u0107ala iskori\u0161tenost prostora. Me\u0111utim, [&hellip;]<\/p>\n","protected":false},"featured_media":3536,"comment_status":"closed","ping_status":"closed","template":"","meta":[],"product_brand":[],"product_cat":[270],"product_tag":[],"class_list":{"0":"post-28338","1":"product","2":"type-product","3":"status-publish","4":"has-post-thumbnail","6":"product_cat-kavezna-paleta","8":"first","9":"instock","10":"shipping-taxable","11":"product-type-simple"},"_links":{"self":[{"href":"https:\/\/www.logistictool.com\/hr\/wp-json\/wp\/v2\/product\/28338","targetHints":{"allow":["GET"]}}],"collection":[{"href":"https:\/\/www.logistictool.com\/hr\/wp-json\/wp\/v2\/product"}],"about":[{"href":"https:\/\/www.logistictool.com\/hr\/wp-json\/wp\/v2\/types\/product"}],"replies":[{"embeddable":true,"href":"https:\/\/www.logistictool.com\/hr\/wp-json\/wp\/v2\/comments?post=28338"}],"version-history":[{"count":0,"href":"https:\/\/www.logistictool.com\/hr\/wp-json\/wp\/v2\/product\/28338\/revisions"}],"wp:featuredmedia":[{"embeddable":true,"href":"https:\/\/www.logistictool.com\/hr\/wp-json\/wp\/v2\/media\/3536"}],"wp:attachment":[{"href":"https:\/\/www.logistictool.com\/hr\/wp-json\/wp\/v2\/media?parent=28338"}],"wp:term":[{"taxonomy":"product_brand","embeddable":true,"href":"https:\/\/www.logistictool.com\/hr\/wp-json\/wp\/v2\/product_brand?post=28338"},{"taxonomy":"product_cat","embeddable":true,"href":"https:\/\/www.logistictool.com\/hr\/wp-json\/wp\/v2\/product_cat?post=28338"},{"taxonomy":"product_tag","embeddable":true,"href":"https:\/\/www.logistictool.com\/hr\/wp-json\/wp\/v2\/product_tag?post=28338"}],"curies":[{"name":"wp","href":"https:\/\/api.w.org\/{rel}","templated":true}]}}