{"id":28358,"date":"2025-05-13T06:53:11","date_gmt":"2025-05-13T06:53:11","guid":{"rendered":"https:\/\/www.logistictool.com\/Bez%20kategorije\/stakleni-stalak-s-a-okvirom\/"},"modified":"2025-12-31T15:56:33","modified_gmt":"2025-12-31T15:56:33","slug":"stakleni-stalak-s-a-okvirom","status":"publish","type":"product","link":"https:\/\/www.logistictool.com\/hr\/stakleni-stalci\/stakleni-stalak-s-a-okvirom\/","title":{"rendered":"Stakleni stalak s A-okvirom"},"content":{"rendered":"\t\t<div data-elementor-type=\"product-post\" data-elementor-id=\"28358\" class=\"elementor elementor-28358 elementor-3147\" data-elementor-post-type=\"product\">\n\t\t\t\t<div class=\"elementor-element elementor-element-17f3a52 e-flex e-con-boxed e-con e-parent\" data-id=\"17f3a52\" data-element_type=\"container\" data-e-type=\"container\">\n\t\t\t\t\t<div class=\"e-con-inner\">\n\t\t\t\t<div class=\"elementor-element elementor-element-6eff24f1 elementor-widget elementor-widget-spacer\" data-id=\"6eff24f1\" data-element_type=\"widget\" data-e-type=\"widget\" data-widget_type=\"spacer.default\">\n\t\t\t\t\t\t\t<div class=\"elementor-spacer\">\n\t\t\t<div class=\"elementor-spacer-inner\"><\/div>\n\t\t<\/div>\n\t\t\t\t\t\t<\/div>\n\t\t\t\t\t<\/div>\n\t\t\t\t<\/div>\n\t\t<div class=\"elementor-element elementor-element-5d0898ad e-flex e-con-boxed e-con e-parent\" data-id=\"5d0898ad\" data-element_type=\"container\" data-e-type=\"container\">\n\t\t\t\t\t<div class=\"e-con-inner\">\n\t\t\t\t<div class=\"elementor-element elementor-element-76b4a70b elementor-widget elementor-widget-text-editor\" data-id=\"76b4a70b\" data-element_type=\"widget\" data-e-type=\"widget\" data-widget_type=\"text-editor.default\">\n\t\t\t\t\t\t\t\t\t<p>Opis<\/p>\n\t\t\t\t\t\t\t\t<\/div>\n\t\t\t\t<div class=\"elementor-element elementor-element-4c4b4572 elementor-widget-divider--view-line elementor-widget elementor-widget-divider\" data-id=\"4c4b4572\" data-element_type=\"widget\" data-e-type=\"widget\" data-widget_type=\"divider.default\">\n\t\t\t\t\t\t\t<div class=\"elementor-divider\">\n\t\t\t<span class=\"elementor-divider-separator\">\n\t\t\t\t\t\t<\/span>\n\t\t<\/div>\n\t\t\t\t\t\t<\/div>\n\t\t\t\t<div class=\"elementor-element elementor-element-7bf357e elementor-widget elementor-widget-text-editor\" data-id=\"7bf357e\" data-element_type=\"widget\" data-e-type=\"widget\" data-widget_type=\"text-editor.default\">\n\t\t\t\t\t\t\t\t\t<p>Na\u0161 glavni proizvod je vezan uz \u010delik, gotovo sve proizvode mo\u017eete nabaviti od nas. U na\u0161oj tvornici imamo roll kontejnere, roll palete i A-Frame staklene re\u0161etke, imamo vi\u0161e od 100 proizvodnih linija i sve proizvodne procese obavljamo u vlastitoj tvornici. Dakle, cijena \u0107e biti vrlo niska, a kvaliteta vrlo dobra, po\u0161aljite nam svoje crte\u017ee kako bismo bolje upoznali va\u0161 proizvod i mogli slobodno poslati va\u0161u ponudu. <\/p>\n<p>Ne morate brinuti ni o \u010demu od svog proizvoda, isporu\u010dujemo vam gotovo sve proizvode u na\u0161oj tvornici, tako\u0111er vam nudimo besplatne uzorke prije masovne narud\u017ebe, a va\u0161u narud\u017ebu na veliko zapo\u010dinjemo nakon \u0161to potvrdite uzorak. Poslat \u0107emo vam slike i videozapise prije nego \u0161to po\u0161aljete svoj uzorak. <\/p>\n<p>Stalak za staklo u obliku slova A zahtijeva vrlo profesionalnog tehni\u010dara koji vam mo\u017ee ponuditi dobru cijenu, ali mo\u017ee zadovoljiti gotovo sve potrebe va\u0161ih nao\u010dala. <\/p>\n\t\t\t\t\t\t\t\t<\/div>\n\t\t\t\t\t<\/div>\n\t\t\t\t<\/div>\n\t\t<div class=\"elementor-element elementor-element-73055d97 e-flex e-con-boxed e-con e-parent\" data-id=\"73055d97\" data-element_type=\"container\" data-e-type=\"container\">\n\t\t\t\t\t<div class=\"e-con-inner\">\n\t\t\t\t<div class=\"elementor-element elementor-element-ca923e elementor-widget elementor-widget-heading\" data-id=\"ca923e\" data-element_type=\"widget\" data-e-type=\"widget\" data-widget_type=\"heading.default\">\n\t\t\t\t\t<h3 class=\"elementor-heading-title elementor-size-default\">Specifikacija<\/h3>\t\t\t\t<\/div>\n\t\t\t\t<div class=\"elementor-element elementor-element-50e1d421 elementor-widget-divider--view-line elementor-widget elementor-widget-divider\" data-id=\"50e1d421\" data-element_type=\"widget\" data-e-type=\"widget\" data-widget_type=\"divider.default\">\n\t\t\t\t\t\t\t<div class=\"elementor-divider\">\n\t\t\t<span class=\"elementor-divider-separator\">\n\t\t\t\t\t\t<\/span>\n\t\t<\/div>\n\t\t\t\t\t\t<\/div>\n\t\t<div class=\"elementor-element elementor-element-76d14f3c e-con-full e-flex e-con e-child\" data-id=\"76d14f3c\" data-element_type=\"container\" data-e-type=\"container\">\n\t\t\t\t<div class=\"elementor-element elementor-element-757e32a7 elementor-widget__width-initial elementor-widget elementor-widget-text-editor\" data-id=\"757e32a7\" data-element_type=\"widget\" data-e-type=\"widget\" data-widget_type=\"text-editor.default\">\n\t\t\t\t\t\t\t\t\t<p>Product Name<\/p>\n\t\t\t\t\t\t\t\t<\/div>\n\t\t\t\t<div class=\"elementor-element elementor-element-115d24d2 elementor-widget__width-initial elementor-widget elementor-widget-text-editor\" data-id=\"115d24d2\" data-element_type=\"widget\" data-e-type=\"widget\" data-widget_type=\"text-editor.default\">\n\t\t\t\t\t\t\t\t\t<p>Stakleni stalak s A-okvirom<\/p>\n\t\t\t\t\t\t\t\t<\/div>\n\t\t\t\t<\/div>\n\t\t<div class=\"elementor-element elementor-element-22bb0f02 e-con-full e-flex e-con e-child\" data-id=\"22bb0f02\" data-element_type=\"container\" data-e-type=\"container\">\n\t\t\t\t<div class=\"elementor-element elementor-element-6de42dc6 elementor-widget__width-initial elementor-widget elementor-widget-text-editor\" data-id=\"6de42dc6\" data-element_type=\"widget\" data-e-type=\"widget\" data-widget_type=\"text-editor.default\">\n\t\t\t\t\t\t\t\t\t<p>Vanjska dimenzija<\/p>\n\t\t\t\t\t\t\t\t<\/div>\n\t\t\t\t<div class=\"elementor-element elementor-element-6dd5840c elementor-widget__width-initial elementor-widget elementor-widget-text-editor\" data-id=\"6dd5840c\" data-element_type=\"widget\" data-e-type=\"widget\" data-widget_type=\"text-editor.default\">\n\t\t\t\t\t\t\t\t\t<p>1000*800*850MM<\/p>\n\t\t\t\t\t\t\t\t<\/div>\n\t\t\t\t<\/div>\n\t\t<div class=\"elementor-element elementor-element-480632f7 e-con-full e-flex e-con e-child\" data-id=\"480632f7\" data-element_type=\"container\" data-e-type=\"container\">\n\t\t\t\t<div class=\"elementor-element elementor-element-246bb15 elementor-widget__width-initial elementor-widget elementor-widget-text-editor\" data-id=\"246bb15\" data-element_type=\"widget\" data-e-type=\"widget\" data-widget_type=\"text-editor.default\">\n\t\t\t\t\t\t\t\t\t<p>N.W<\/p>\n\t\t\t\t\t\t\t\t<\/div>\n\t\t\t\t<div class=\"elementor-element elementor-element-590e6c14 elementor-widget__width-initial elementor-widget elementor-widget-text-editor\" data-id=\"590e6c14\" data-element_type=\"widget\" data-e-type=\"widget\" data-widget_type=\"text-editor.default\">\n\t\t\t\t\t\t\t\t\t<p>190kg<\/p>\n\t\t\t\t\t\t\t\t<\/div>\n\t\t\t\t<\/div>\n\t\t<div class=\"elementor-element elementor-element-2d929ea e-con-full e-flex e-con e-child\" data-id=\"2d929ea\" data-element_type=\"container\" data-e-type=\"container\">\n\t\t\t\t<div class=\"elementor-element elementor-element-934e3b elementor-widget__width-initial elementor-widget elementor-widget-text-editor\" data-id=\"934e3b\" data-element_type=\"widget\" data-e-type=\"widget\" data-widget_type=\"text-editor.default\">\n\t\t\t\t\t\t\t\t\t<p>maximum load<\/p>\n\t\t\t\t\t\t\t\t<\/div>\n\t\t\t\t<div class=\"elementor-element elementor-element-d89500 elementor-widget__width-initial elementor-widget elementor-widget-text-editor\" data-id=\"d89500\" data-element_type=\"widget\" data-e-type=\"widget\" data-widget_type=\"text-editor.default\">\n\t\t\t\t\t\t\t\t\t<p>2000kg<\/p>\n\t\t\t\t\t\t\t\t<\/div>\n\t\t\t\t<\/div>\n\t\t<div class=\"elementor-element elementor-element-a3507d4 e-con-full e-flex e-con e-child\" data-id=\"a3507d4\" data-element_type=\"container\" data-e-type=\"container\">\n\t\t\t\t<div class=\"elementor-element elementor-element-16b1f50 elementor-widget__width-initial elementor-widget elementor-widget-text-editor\" data-id=\"16b1f50\" data-element_type=\"widget\" data-e-type=\"widget\" data-widget_type=\"text-editor.default\">\n\t\t\t\t\t\t\t\t\t<p>Materijal<\/p>\n\t\t\t\t\t\t\t\t<\/div>\n\t\t\t\t<div class=\"elementor-element elementor-element-21fc8743 elementor-widget__width-initial elementor-widget elementor-widget-text-editor\" data-id=\"21fc8743\" data-element_type=\"widget\" data-e-type=\"widget\" data-widget_type=\"text-editor.default\">\n\t\t\t\t\t\t\t\t\t<p>Blagi \u010delik Q235<\/p>\n\t\t\t\t\t\t\t\t<\/div>\n\t\t\t\t<\/div>\n\t\t<div class=\"elementor-element elementor-element-69d85c72 e-con-full e-flex e-con e-child\" data-id=\"69d85c72\" data-element_type=\"container\" data-e-type=\"container\">\n\t\t\t\t<div class=\"elementor-element elementor-element-220019cf elementor-widget__width-initial elementor-widget elementor-widget-text-editor\" data-id=\"220019cf\" data-element_type=\"widget\" data-e-type=\"widget\" data-widget_type=\"text-editor.default\">\n\t\t\t\t\t\t\t\t\t<p>Finish<\/p>\n\t\t\t\t\t\t\t\t<\/div>\n\t\t\t\t<div class=\"elementor-element elementor-element-339c3eba elementor-widget__width-initial elementor-widget elementor-widget-text-editor\" data-id=\"339c3eba\" data-element_type=\"widget\" data-e-type=\"widget\" data-widget_type=\"text-editor.default\">\n\t\t\t\t\t\t\t\t\t<p>Izdr\u017eljivi pocin\u010dani<\/p>\n\t\t\t\t\t\t\t\t<\/div>\n\t\t\t\t<\/div>\n\t\t\t\t\t<\/div>\n\t\t\t\t<\/div>\n\t\t<div class=\"elementor-element elementor-element-19f49ede e-flex e-con-boxed e-con e-parent\" data-id=\"19f49ede\" data-element_type=\"container\" data-e-type=\"container\">\n\t\t\t\t\t<div class=\"e-con-inner\">\n\t\t\t\t<div class=\"elementor-element elementor-element-410ed0f elementor-widget elementor-widget-heading\" data-id=\"410ed0f\" data-element_type=\"widget\" data-e-type=\"widget\" data-widget_type=\"heading.default\">\n\t\t\t\t\t<h2 class=\"elementor-heading-title elementor-size-default\">Ostale informacije<\/h2>\t\t\t\t<\/div>\n\t\t\t\t<div class=\"elementor-element elementor-element-77f0db54 elementor-widget-divider--view-line_icon elementor-widget-divider--element-align-left elementor-view-default elementor-widget elementor-widget-divider\" data-id=\"77f0db54\" data-element_type=\"widget\" data-e-type=\"widget\" data-widget_type=\"divider.default\">\n\t\t\t\t\t\t\t<div class=\"elementor-divider\">\n\t\t\t<span class=\"elementor-divider-separator\">\n\t\t\t\t\t\t\t<div class=\"elementor-icon elementor-divider__element\">\n\t\t\t\t\t<svg aria-hidden=\"true\" class=\"e-font-icon-svg e-fas-square\" viewBox=\"0 0 448 512\" xmlns=\"http:\/\/www.w3.org\/2000\/svg\"><path d=\"M400 32H48C21.5 32 0 53.5 0 80v352c0 26.5 21.5 48 48 48h352c26.5 0 48-21.5 48-48V80c0-26.5-21.5-48-48-48z\"><\/path><\/svg><\/div>\n\t\t\t\t\t\t<\/span>\n\t\t<\/div>\n\t\t\t\t\t\t<\/div>\n\t\t\t\t<div class=\"elementor-element elementor-element-6a97845 elementor-widget elementor-widget-text-editor\" data-id=\"6a97845\" data-element_type=\"widget\" data-e-type=\"widget\" data-widget_type=\"text-editor.default\">\n\t\t\t\t\t\t\t\t\t<p>Na\u0161i certifikati imaju CE, FSC, SGS, patent za izgled, patent za korisni model, CPC. Na\u0161a usluga je ono \u0161to imamo vrlo profesionalan i strog tim i tehni\u010dko osoblje. Tijekom proizvodnog procesa, na\u0161e tehni\u010dko osoblje strogo kontrolira formulu i proces kako bi kontroliralo kvalitetu proizvoda. Imat \u0107emo ga tijekom procesa proizvodnje i prije pakiranja nakon proizvodnje. Vrlo stroga inspekcija proizvoda. &#8220;Kontrolirati problem prije nego proizvod napusti tvornicu&#8221; je na\u0161 princip. Kvaliteta je na\u0161 \u017eivot. Cijeli proces proizvodnje, pakiranja i otpreme imat \u0107e vrlo stroge procese za kontrolu kvalitete proizvoda. <\/p>\n\t\t\t\t\t\t\t\t<\/div>\n\t\t\t\t<div class=\"elementor-element elementor-element-66d1825d elementor-widget-divider--view-line elementor-widget elementor-widget-divider\" data-id=\"66d1825d\" data-element_type=\"widget\" data-e-type=\"widget\" data-widget_type=\"divider.default\">\n\t\t\t\t\t\t\t<div class=\"elementor-divider\">\n\t\t\t<span class=\"elementor-divider-separator\">\n\t\t\t\t\t\t<\/span>\n\t\t<\/div>\n\t\t\t\t\t\t<\/div>\n\t\t\t\t\t<\/div>\n\t\t\t\t<\/div>\n\t\t\t\t<\/div>\n\t\t","protected":false},"excerpt":{"rendered":"<p>Opis Na\u0161 glavni proizvod je vezan uz \u010delik, gotovo sve proizvode mo\u017eete nabaviti od nas. U na\u0161oj tvornici imamo roll kontejnere, roll palete i A-Frame staklene re\u0161etke, imamo vi\u0161e od 100 proizvodnih linija i sve proizvodne procese obavljamo u vlastitoj tvornici. Dakle, cijena \u0107e biti vrlo niska, a kvaliteta vrlo dobra, po\u0161aljite nam svoje crte\u017ee [&hellip;]<\/p>\n","protected":false},"featured_media":3545,"comment_status":"closed","ping_status":"closed","template":"","meta":[],"product_brand":[],"product_cat":[282],"product_tag":[],"class_list":{"0":"post-28358","1":"product","2":"type-product","3":"status-publish","4":"has-post-thumbnail","6":"product_cat-stakleni-stalci","8":"first","9":"instock","10":"shipping-taxable","11":"product-type-simple"},"_links":{"self":[{"href":"https:\/\/www.logistictool.com\/hr\/wp-json\/wp\/v2\/product\/28358","targetHints":{"allow":["GET"]}}],"collection":[{"href":"https:\/\/www.logistictool.com\/hr\/wp-json\/wp\/v2\/product"}],"about":[{"href":"https:\/\/www.logistictool.com\/hr\/wp-json\/wp\/v2\/types\/product"}],"replies":[{"embeddable":true,"href":"https:\/\/www.logistictool.com\/hr\/wp-json\/wp\/v2\/comments?post=28358"}],"version-history":[{"count":0,"href":"https:\/\/www.logistictool.com\/hr\/wp-json\/wp\/v2\/product\/28358\/revisions"}],"wp:featuredmedia":[{"embeddable":true,"href":"https:\/\/www.logistictool.com\/hr\/wp-json\/wp\/v2\/media\/3545"}],"wp:attachment":[{"href":"https:\/\/www.logistictool.com\/hr\/wp-json\/wp\/v2\/media?parent=28358"}],"wp:term":[{"taxonomy":"product_brand","embeddable":true,"href":"https:\/\/www.logistictool.com\/hr\/wp-json\/wp\/v2\/product_brand?post=28358"},{"taxonomy":"product_cat","embeddable":true,"href":"https:\/\/www.logistictool.com\/hr\/wp-json\/wp\/v2\/product_cat?post=28358"},{"taxonomy":"product_tag","embeddable":true,"href":"https:\/\/www.logistictool.com\/hr\/wp-json\/wp\/v2\/product_tag?post=28358"}],"curies":[{"name":"wp","href":"https:\/\/api.w.org\/{rel}","templated":true}]}}