{"id":28284,"date":"2025-05-12T06:15:21","date_gmt":"2025-05-12T06:15:21","guid":{"rendered":"https:\/\/www.logistictool.com\/senza-categoria\/carrelli-a-gabbia-antirucchio-per-magazzini\/"},"modified":"2025-12-31T15:44:45","modified_gmt":"2025-12-31T15:44:45","slug":"carrelli-a-gabbia-antirucchio-per-magazzini","status":"publish","type":"product","link":"https:\/\/www.logistictool.com\/it\/contenitore-a-rulli-a-3-lati\/carrelli-a-gabbia-antirucchio-per-magazzini\/","title":{"rendered":"Carrelli a gabbia antirucchio per magazzini"},"content":{"rendered":"\t\t<div data-elementor-type=\"product-post\" data-elementor-id=\"28284\" class=\"elementor elementor-28284 elementor-3059\" data-elementor-post-type=\"product\">\n\t\t\t\t<div class=\"elementor-element elementor-element-2bcd7ba0 e-flex e-con-boxed e-con e-parent\" data-id=\"2bcd7ba0\" data-element_type=\"container\" data-e-type=\"container\">\n\t\t\t\t\t<div class=\"e-con-inner\">\n\t\t\t\t<div class=\"elementor-element elementor-element-1a2efbdb elementor-widget elementor-widget-spacer\" data-id=\"1a2efbdb\" data-element_type=\"widget\" data-e-type=\"widget\" data-widget_type=\"spacer.default\">\n\t\t\t\t\t\t\t<div class=\"elementor-spacer\">\n\t\t\t<div class=\"elementor-spacer-inner\"><\/div>\n\t\t<\/div>\n\t\t\t\t\t\t<\/div>\n\t\t\t\t\t<\/div>\n\t\t\t\t<\/div>\n\t\t<div class=\"elementor-element elementor-element-68b058f0 e-flex e-con-boxed e-con e-parent\" data-id=\"68b058f0\" data-element_type=\"container\" data-e-type=\"container\">\n\t\t\t\t\t<div class=\"e-con-inner\">\n\t\t\t\t<div class=\"elementor-element elementor-element-34ca3831 elementor-widget elementor-widget-text-editor\" data-id=\"34ca3831\" data-element_type=\"widget\" data-e-type=\"widget\" data-widget_type=\"text-editor.default\">\n\t\t\t\t\t\t\t\t\t<p>Description<\/p>\n\t\t\t\t\t\t\t\t<\/div>\n\t\t\t\t<div class=\"elementor-element elementor-element-644956d9 elementor-widget-divider--view-line elementor-widget elementor-widget-divider\" data-id=\"644956d9\" data-element_type=\"widget\" data-e-type=\"widget\" data-widget_type=\"divider.default\">\n\t\t\t\t\t\t\t<div class=\"elementor-divider\">\n\t\t\t<span class=\"elementor-divider-separator\">\n\t\t\t\t\t\t<\/span>\n\t\t<\/div>\n\t\t\t\t\t\t<\/div>\n\t\t\t\t<div class=\"elementor-element elementor-element-70c1661a elementor-widget elementor-widget-text-editor\" data-id=\"70c1661a\" data-element_type=\"widget\" data-e-type=\"widget\" data-widget_type=\"text-editor.default\">\n\t\t\t\t\t\t\t\t\t<p>Contenitore in acciaio zincato impilabile in rete metallica, chiamato anche gabbia di sicurezza a raccolta, gabbia a 3 lati o contenitore a 3 lati, che \u00e8 un dispositivo utile per spostare i tuoi beni o merci da un luogo all&#8217;altro. Questa \u00e8 una buona idea per il commercio al dettaglio e il centro di distribuzione. Il contenitore a rotoli pu\u00f2 essere utilizzato in qualsiasi industriale, come supermercato, magazzino, magazzino, officina, ecc. <\/p>\n<p>Quando la gabbia non \u00e8 in uso, basta piegarla e impilarla in un tubo, riducendo di 1\/4 lo spazio di stoccaggio necessario. Le gabbie sono molto rapide e facili da usare, e possono essere considerate molto pi\u00f9 della semplice distribuzione esterna del prodotto. Questi sono eccellenti per il movimento interno di merci e prodotti, oltre che per aiutarti ad aumentare lo spazio di stoccaggio in aree di stoccaggio sovracfatte. Le gabbie possono anche essere utilizzate per aiutare a raccogliere rifiuti e cartoni in eccesso, oltre a rendere il trasporto delle attrezzature espositive rapido, sicuro e protetto. <\/p>\n\t\t\t\t\t\t\t\t<\/div>\n\t\t\t\t\t<\/div>\n\t\t\t\t<\/div>\n\t\t<div class=\"elementor-element elementor-element-42d0aae3 e-flex e-con-boxed e-con e-parent\" data-id=\"42d0aae3\" data-element_type=\"container\" data-e-type=\"container\">\n\t\t\t\t\t<div class=\"e-con-inner\">\n\t\t\t\t<div class=\"elementor-element elementor-element-678003c0 elementor-widget elementor-widget-heading\" data-id=\"678003c0\" data-element_type=\"widget\" data-e-type=\"widget\" data-widget_type=\"heading.default\">\n\t\t\t\t\t<h3 class=\"elementor-heading-title elementor-size-default\">Parametri del prodotto<\/h3>\t\t\t\t<\/div>\n\t\t\t\t<div class=\"elementor-element elementor-element-4a6adfa0 elementor-widget-divider--view-line elementor-widget elementor-widget-divider\" data-id=\"4a6adfa0\" data-element_type=\"widget\" data-e-type=\"widget\" data-widget_type=\"divider.default\">\n\t\t\t\t\t\t\t<div class=\"elementor-divider\">\n\t\t\t<span class=\"elementor-divider-separator\">\n\t\t\t\t\t\t<\/span>\n\t\t<\/div>\n\t\t\t\t\t\t<\/div>\n\t\t<div class=\"elementor-element elementor-element-3a42ba9b e-con-full e-flex e-con e-child\" data-id=\"3a42ba9b\" data-element_type=\"container\" data-e-type=\"container\">\n\t\t\t\t<div class=\"elementor-element elementor-element-6bbd3195 elementor-widget__width-initial elementor-widget elementor-widget-text-editor\" data-id=\"6bbd3195\" data-element_type=\"widget\" data-e-type=\"widget\" data-widget_type=\"text-editor.default\">\n\t\t\t\t\t\t\t\t\t<p>Nome del prodotto<\/p>\n\t\t\t\t\t\t\t\t<\/div>\n\t\t\t\t<div class=\"elementor-element elementor-element-4ad661c5 elementor-widget__width-initial elementor-widget elementor-widget-text-editor\" data-id=\"4ad661c5\" data-element_type=\"widget\" data-e-type=\"widget\" data-widget_type=\"text-editor.default\">\n\t\t\t\t\t\t\t\t\t<p>Roll Cage Trolleys for Warehouses<\/p>\n\t\t\t\t\t\t\t\t<\/div>\n\t\t\t\t<\/div>\n\t\t<div class=\"elementor-element elementor-element-5aaae473 e-con-full e-flex e-con e-child\" data-id=\"5aaae473\" data-element_type=\"container\" data-e-type=\"container\">\n\t\t\t\t<div class=\"elementor-element elementor-element-1b166e37 elementor-widget__width-initial elementor-widget elementor-widget-text-editor\" data-id=\"1b166e37\" data-element_type=\"widget\" data-e-type=\"widget\" data-widget_type=\"text-editor.default\">\n\t\t\t\t\t\t\t\t\t<p>Dimensione esterna<\/p>\n\t\t\t\t\t\t\t\t<\/div>\n\t\t\t\t<div class=\"elementor-element elementor-element-270e83bb elementor-widget__width-initial elementor-widget elementor-widget-text-editor\" data-id=\"270e83bb\" data-element_type=\"widget\" data-e-type=\"widget\" data-widget_type=\"text-editor.default\">\n\t\t\t\t\t\t\t\t\t<p>735*840*1750MM<\/p>\n\t\t\t\t\t\t\t\t<\/div>\n\t\t\t\t<\/div>\n\t\t<div class=\"elementor-element elementor-element-75a6be89 e-con-full e-flex e-con e-child\" data-id=\"75a6be89\" data-element_type=\"container\" data-e-type=\"container\">\n\t\t\t\t<div class=\"elementor-element elementor-element-c3a44ff elementor-widget__width-initial elementor-widget elementor-widget-text-editor\" data-id=\"c3a44ff\" data-element_type=\"widget\" data-e-type=\"widget\" data-widget_type=\"text-editor.default\">\n\t\t\t\t\t\t\t\t\t<p>N.W<\/p>\n\t\t\t\t\t\t\t\t<\/div>\n\t\t\t\t<div class=\"elementor-element elementor-element-5b7f277b elementor-widget__width-initial elementor-widget elementor-widget-text-editor\" data-id=\"5b7f277b\" data-element_type=\"widget\" data-e-type=\"widget\" data-widget_type=\"text-editor.default\">\n\t\t\t\t\t\t\t\t\t<p>40kg<\/p>\n\t\t\t\t\t\t\t\t<\/div>\n\t\t\t\t<\/div>\n\t\t<div class=\"elementor-element elementor-element-6fb97219 e-con-full e-flex e-con e-child\" data-id=\"6fb97219\" data-element_type=\"container\" data-e-type=\"container\">\n\t\t\t\t<div class=\"elementor-element elementor-element-3865f547 elementor-widget__width-initial elementor-widget elementor-widget-text-editor\" data-id=\"3865f547\" data-element_type=\"widget\" data-e-type=\"widget\" data-widget_type=\"text-editor.default\">\n\t\t\t\t\t\t\t\t\t<p>carico massimo<\/p>\n\t\t\t\t\t\t\t\t<\/div>\n\t\t\t\t<div class=\"elementor-element elementor-element-4c2bc729 elementor-widget__width-initial elementor-widget elementor-widget-text-editor\" data-id=\"4c2bc729\" data-element_type=\"widget\" data-e-type=\"widget\" data-widget_type=\"text-editor.default\">\n\t\t\t\t\t\t\t\t\t<p>500kg<\/p>\n\t\t\t\t\t\t\t\t<\/div>\n\t\t\t\t<\/div>\n\t\t<div class=\"elementor-element elementor-element-2ca2b6ff e-con-full e-flex e-con e-child\" data-id=\"2ca2b6ff\" data-element_type=\"container\" data-e-type=\"container\">\n\t\t\t\t<div class=\"elementor-element elementor-element-ade2ce9 elementor-widget__width-initial elementor-widget elementor-widget-text-editor\" data-id=\"ade2ce9\" data-element_type=\"widget\" data-e-type=\"widget\" data-widget_type=\"text-editor.default\">\n\t\t\t\t\t\t\t\t\t<p>Material<\/p>\n\t\t\t\t\t\t\t\t<\/div>\n\t\t\t\t<div class=\"elementor-element elementor-element-64dcf1b0 elementor-widget__width-initial elementor-widget elementor-widget-text-editor\" data-id=\"64dcf1b0\" data-element_type=\"widget\" data-e-type=\"widget\" data-widget_type=\"text-editor.default\">\n\t\t\t\t\t\t\t\t\t<p>Acciaio dolce Q235<\/p>\n\t\t\t\t\t\t\t\t<\/div>\n\t\t\t\t<\/div>\n\t\t<div class=\"elementor-element elementor-element-6c9833cb e-con-full e-flex e-con e-child\" data-id=\"6c9833cb\" data-element_type=\"container\" data-e-type=\"container\">\n\t\t\t\t<div class=\"elementor-element elementor-element-121c7051 elementor-widget__width-initial elementor-widget elementor-widget-text-editor\" data-id=\"121c7051\" data-element_type=\"widget\" data-e-type=\"widget\" data-widget_type=\"text-editor.default\">\n\t\t\t\t\t\t\t\t\t<p>Finish<\/p>\n\t\t\t\t\t\t\t\t<\/div>\n\t\t\t\t<div class=\"elementor-element elementor-element-36a7b2d8 elementor-widget__width-initial elementor-widget elementor-widget-text-editor\" data-id=\"36a7b2d8\" data-element_type=\"widget\" data-e-type=\"widget\" data-widget_type=\"text-editor.default\">\n\t\t\t\t\t\t\t\t\t<p>Zinco\/zinco zincato\/rivestimento a polvere zincato\/a caldo<\/p>\n\t\t\t\t\t\t\t\t<\/div>\n\t\t\t\t<\/div>\n\t\t<div class=\"elementor-element elementor-element-1866a438 e-con-full e-flex e-con e-child\" data-id=\"1866a438\" data-element_type=\"container\" data-e-type=\"container\">\n\t\t\t\t<div class=\"elementor-element elementor-element-14476d75 elementor-widget__width-initial elementor-widget elementor-widget-text-editor\" data-id=\"14476d75\" data-element_type=\"widget\" data-e-type=\"widget\" data-widget_type=\"text-editor.default\">\n\t\t\t\t\t\t\t\t\t<p>Personalizzazione<\/p>\n\t\t\t\t\t\t\t\t<\/div>\n\t\t\t\t<div class=\"elementor-element elementor-element-7ec1b006 elementor-widget__width-initial elementor-widget elementor-widget-text-editor\" data-id=\"7ec1b006\" data-element_type=\"widget\" data-e-type=\"widget\" data-widget_type=\"text-editor.default\">\n\t\t\t\t\t\t\t\t\t<p>ODM&amp;OEM<\/p>\n\t\t\t\t\t\t\t\t<\/div>\n\t\t\t\t<\/div>\n\t\t<div class=\"elementor-element elementor-element-59a89bb6 e-con-full e-flex e-con e-child\" data-id=\"59a89bb6\" data-element_type=\"container\" data-e-type=\"container\">\n\t\t\t\t<div class=\"elementor-element elementor-element-14acfd4b elementor-widget__width-initial elementor-widget elementor-widget-text-editor\" data-id=\"14acfd4b\" data-element_type=\"widget\" data-e-type=\"widget\" data-widget_type=\"text-editor.default\">\n\t\t\t\t\t\t\t\t\t<p>Luogo di origine<\/p>\n\t\t\t\t\t\t\t\t<\/div>\n\t\t\t\t<div class=\"elementor-element elementor-element-50871f3e elementor-widget__width-initial elementor-widget elementor-widget-text-editor\" data-id=\"50871f3e\" data-element_type=\"widget\" data-e-type=\"widget\" data-widget_type=\"text-editor.default\">\n\t\t\t\t\t\t\t\t\t<p>Qingdao, Cina <\/p>\n\t\t\t\t\t\t\t\t<\/div>\n\t\t\t\t<\/div>\n\t\t\t\t\t<\/div>\n\t\t\t\t<\/div>\n\t\t<div class=\"elementor-element elementor-element-6e474e2 e-flex e-con-boxed e-con e-parent\" data-id=\"6e474e2\" data-element_type=\"container\" data-e-type=\"container\">\n\t\t\t\t\t<div class=\"e-con-inner\">\n\t\t\t\t<div class=\"elementor-element elementor-element-d0f366d elementor-widget elementor-widget-heading\" data-id=\"d0f366d\" data-element_type=\"widget\" data-e-type=\"widget\" data-widget_type=\"heading.default\">\n\t\t\t\t\t<h3 class=\"elementor-heading-title elementor-size-default\">Dettagli<\/h3>\t\t\t\t<\/div>\n\t\t\t\t<div class=\"elementor-element elementor-element-853dd47 elementor-widget elementor-widget-image\" data-id=\"853dd47\" data-element_type=\"widget\" data-e-type=\"widget\" data-widget_type=\"image.default\">\n\t\t\t\t\t\t\t\t\t\t\t\t\t\t\t<img fetchpriority=\"high\" decoding=\"async\" width=\"821\" height=\"717\" src=\"https:\/\/www.logistictool.com\/wp-content\/uploads\/2025\/05\/Roll-Cage-Trolleys-For-Warehouses-1.jpg\" class=\"attachment-full size-full wp-image-14127\" alt=\"\" srcset=\"https:\/\/www.logistictool.com\/wp-content\/uploads\/2025\/05\/Roll-Cage-Trolleys-For-Warehouses-1.jpg 821w, https:\/\/www.logistictool.com\/wp-content\/uploads\/2025\/05\/Roll-Cage-Trolleys-For-Warehouses-1-300x262.jpg 300w, https:\/\/www.logistictool.com\/wp-content\/uploads\/2025\/05\/Roll-Cage-Trolleys-For-Warehouses-1-768x671.jpg 768w, https:\/\/www.logistictool.com\/wp-content\/uploads\/2025\/05\/Roll-Cage-Trolleys-For-Warehouses-1-600x524.jpg 600w\" sizes=\"(max-width: 821px) 100vw, 821px\" \/>\t\t\t\t\t\t\t\t\t\t\t\t\t\t\t<\/div>\n\t\t\t\t<div class=\"elementor-element elementor-element-5ce08ba elementor-widget elementor-widget-image\" data-id=\"5ce08ba\" data-element_type=\"widget\" data-e-type=\"widget\" data-widget_type=\"image.default\">\n\t\t\t\t\t\t\t\t\t\t\t\t\t\t\t<img decoding=\"async\" width=\"817\" height=\"666\" src=\"https:\/\/www.logistictool.com\/wp-content\/uploads\/2025\/05\/Roll-Cage-Trolleys-For-Warehouses-2.jpg\" class=\"attachment-full size-full wp-image-14140\" alt=\"\" srcset=\"https:\/\/www.logistictool.com\/wp-content\/uploads\/2025\/05\/Roll-Cage-Trolleys-For-Warehouses-2.jpg 817w, https:\/\/www.logistictool.com\/wp-content\/uploads\/2025\/05\/Roll-Cage-Trolleys-For-Warehouses-2-300x245.jpg 300w, https:\/\/www.logistictool.com\/wp-content\/uploads\/2025\/05\/Roll-Cage-Trolleys-For-Warehouses-2-768x626.jpg 768w, https:\/\/www.logistictool.com\/wp-content\/uploads\/2025\/05\/Roll-Cage-Trolleys-For-Warehouses-2-600x489.jpg 600w\" sizes=\"(max-width: 817px) 100vw, 817px\" \/>\t\t\t\t\t\t\t\t\t\t\t\t\t\t\t<\/div>\n\t\t\t\t\t<\/div>\n\t\t\t\t<\/div>\n\t\t<div class=\"elementor-element elementor-element-2c7394f6 e-flex e-con-boxed e-con e-parent\" data-id=\"2c7394f6\" data-element_type=\"container\" data-e-type=\"container\">\n\t\t\t\t\t<div class=\"e-con-inner\">\n\t\t<div class=\"elementor-element elementor-element-5681fa9f e-con-full e-flex e-con e-child\" data-id=\"5681fa9f\" data-element_type=\"container\" data-e-type=\"container\">\n\t\t\t\t<div class=\"elementor-element elementor-element-2e2a8178 elementor-widget-divider--view-line_icon elementor-widget-divider--element-align-left elementor-view-default elementor-widget elementor-widget-divider\" data-id=\"2e2a8178\" data-element_type=\"widget\" data-e-type=\"widget\" data-widget_type=\"divider.default\">\n\t\t\t\t\t\t\t<div class=\"elementor-divider\">\n\t\t\t<span class=\"elementor-divider-separator\">\n\t\t\t\t\t\t\t<div class=\"elementor-icon elementor-divider__element\">\n\t\t\t\t\t<svg aria-hidden=\"true\" class=\"e-font-icon-svg e-fas-square\" viewBox=\"0 0 448 512\" xmlns=\"http:\/\/www.w3.org\/2000\/svg\"><path d=\"M400 32H48C21.5 32 0 53.5 0 80v352c0 26.5 21.5 48 48 48h352c26.5 0 48-21.5 48-48V80c0-26.5-21.5-48-48-48z\"><\/path><\/svg><\/div>\n\t\t\t\t\t\t<\/span>\n\t\t<\/div>\n\t\t\t\t\t\t<\/div>\n\t\t\t\t<div class=\"elementor-element elementor-element-4a7a6c1e elementor-widget elementor-widget-text-editor\" data-id=\"4a7a6c1e\" data-element_type=\"widget\" data-e-type=\"widget\" data-widget_type=\"text-editor.default\">\n\t\t\t\t\t\t\t\t\t<p>Ecco la gabbia perfetta che manterr\u00e0 tutte le merci nel magazzino sicure e protette e si riveler\u00e0 anche un&#8217;eccellente soluzione di trasporto all&#8217;interno del magazzino. <\/p>\n<p>Questa gabbia a rotoli \u00e8 il mezzo di stoccaggio sicuro. Quindi, oltre all&#8217;efficienza, avrai anche la sicurezza di tutti i beni conservati, il che rende tutto fenomenale. \u00c8 anche molto resistente ed \u00e8 disponibile a prezzi accessibili. <\/p>\n<p>\u00a0<\/p>\n<p>La dimensione esterna \u00e8 W735 x D840 x H1700mm. La capacit\u00e0 di carico pu\u00f2 arrivare fino a 500 KG. La finitura placcata zinco lo mantiene come nuovo e resistente alla corrosione. Puoi anche scegliere la finitura verniciata a polvere, anche con entrambi i trattamenti di finitura. <\/p>\n<p>HT offre molte opzioni per soddisfare le diverse esigenze di personalizzazione. <\/p>\n<p>Con uno o due scaffali in pi\u00f9<\/p>\n<p>La porta con un solo sistema di armadietti e piastra d&#8217;acciaio anteriore<\/p>\n<p>Ruote: PU, Nylon<\/p>\n\t\t\t\t\t\t\t\t<\/div>\n\t\t\t\t<\/div>\n\t\t<div class=\"elementor-element elementor-element-6ed7fc14 e-con-full e-flex e-con e-child\" data-id=\"6ed7fc14\" data-element_type=\"container\" data-e-type=\"container\">\n\t\t\t\t<div class=\"elementor-element elementor-element-5855defc e-transform elementor-widget elementor-widget-image\" data-id=\"5855defc\" data-element_type=\"widget\" data-e-type=\"widget\" data-settings=\"{&quot;_transform_scale_effect_hover&quot;:{&quot;unit&quot;:&quot;px&quot;,&quot;size&quot;:1.05,&quot;sizes&quot;:[]},&quot;_transform_scale_effect_hover_tablet&quot;:{&quot;unit&quot;:&quot;px&quot;,&quot;size&quot;:&quot;&quot;,&quot;sizes&quot;:[]},&quot;_transform_scale_effect_hover_mobile&quot;:{&quot;unit&quot;:&quot;px&quot;,&quot;size&quot;:&quot;&quot;,&quot;sizes&quot;:[]}}\" data-widget_type=\"image.default\">\n\t\t\t\t\t\t\t\t\t\t\t\t\t\t\t<img decoding=\"async\" width=\"811\" height=\"771\" src=\"https:\/\/www.logistictool.com\/wp-content\/uploads\/2025\/05\/Roll-Cage-Trolleys-For-Warehouses-4.jpg\" class=\"attachment-full size-full wp-image-14114\" alt=\"\" srcset=\"https:\/\/www.logistictool.com\/wp-content\/uploads\/2025\/05\/Roll-Cage-Trolleys-For-Warehouses-4.jpg 811w, https:\/\/www.logistictool.com\/wp-content\/uploads\/2025\/05\/Roll-Cage-Trolleys-For-Warehouses-4-300x285.jpg 300w, https:\/\/www.logistictool.com\/wp-content\/uploads\/2025\/05\/Roll-Cage-Trolleys-For-Warehouses-4-768x730.jpg 768w, https:\/\/www.logistictool.com\/wp-content\/uploads\/2025\/05\/Roll-Cage-Trolleys-For-Warehouses-4-600x570.jpg 600w\" sizes=\"(max-width: 811px) 100vw, 811px\" \/>\t\t\t\t\t\t\t\t\t\t\t\t\t\t\t<\/div>\n\t\t\t\t<\/div>\n\t\t\t\t\t<\/div>\n\t\t\t\t<\/div>\n\t\t\t\t<\/div>\n\t\t","protected":false},"excerpt":{"rendered":"<p>Description Contenitore in acciaio zincato impilabile in rete metallica, chiamato anche gabbia di sicurezza a raccolta, gabbia a 3 lati o contenitore a 3 lati, che \u00e8 un dispositivo utile per spostare i tuoi beni o merci da un luogo all&#8217;altro. Questa \u00e8 una buona idea per il commercio al dettaglio e il centro di [&hellip;]<\/p>\n","protected":false},"featured_media":3512,"comment_status":"closed","ping_status":"closed","template":"","meta":[],"product_brand":[],"product_cat":[238],"product_tag":[],"class_list":{"0":"post-28284","1":"product","2":"type-product","3":"status-publish","4":"has-post-thumbnail","6":"product_cat-contenitore-a-rulli-a-3-lati","8":"first","9":"instock","10":"shipping-taxable","11":"product-type-simple"},"_links":{"self":[{"href":"https:\/\/www.logistictool.com\/it\/wp-json\/wp\/v2\/product\/28284","targetHints":{"allow":["GET"]}}],"collection":[{"href":"https:\/\/www.logistictool.com\/it\/wp-json\/wp\/v2\/product"}],"about":[{"href":"https:\/\/www.logistictool.com\/it\/wp-json\/wp\/v2\/types\/product"}],"replies":[{"embeddable":true,"href":"https:\/\/www.logistictool.com\/it\/wp-json\/wp\/v2\/comments?post=28284"}],"version-history":[{"count":0,"href":"https:\/\/www.logistictool.com\/it\/wp-json\/wp\/v2\/product\/28284\/revisions"}],"wp:featuredmedia":[{"embeddable":true,"href":"https:\/\/www.logistictool.com\/it\/wp-json\/wp\/v2\/media\/3512"}],"wp:attachment":[{"href":"https:\/\/www.logistictool.com\/it\/wp-json\/wp\/v2\/media?parent=28284"}],"wp:term":[{"taxonomy":"product_brand","embeddable":true,"href":"https:\/\/www.logistictool.com\/it\/wp-json\/wp\/v2\/product_brand?post=28284"},{"taxonomy":"product_cat","embeddable":true,"href":"https:\/\/www.logistictool.com\/it\/wp-json\/wp\/v2\/product_cat?post=28284"},{"taxonomy":"product_tag","embeddable":true,"href":"https:\/\/www.logistictool.com\/it\/wp-json\/wp\/v2\/product_tag?post=28284"}],"curies":[{"name":"wp","href":"https:\/\/api.w.org\/{rel}","templated":true}]}}