{"id":28315,"date":"2025-05-13T03:17:26","date_gmt":"2025-05-13T03:17:26","guid":{"rendered":"https:\/\/www.logistictool.com\/senza-categoria\/gabbia-metallica-per-la-lavanderia-con-ruota\/"},"modified":"2025-12-31T15:50:13","modified_gmt":"2025-12-31T15:50:13","slug":"gabbia-metallica-per-la-lavanderia-con-ruota","status":"publish","type":"product","link":"https:\/\/www.logistictool.com\/it\/gabbia-per-la-lavanderia\/gabbia-metallica-per-la-lavanderia-con-ruota\/","title":{"rendered":"Gabbia metallica per la lavanderia con ruota"},"content":{"rendered":"\t\t<div data-elementor-type=\"product-post\" data-elementor-id=\"28315\" class=\"elementor elementor-28315 elementor-3107\" data-elementor-post-type=\"product\">\n\t\t\t\t<div class=\"elementor-element elementor-element-436e5b17 e-flex e-con-boxed e-con e-parent\" data-id=\"436e5b17\" data-element_type=\"container\" data-e-type=\"container\">\n\t\t\t\t\t<div class=\"e-con-inner\">\n\t\t\t\t<div class=\"elementor-element elementor-element-19b4f96a elementor-widget elementor-widget-spacer\" data-id=\"19b4f96a\" data-element_type=\"widget\" data-e-type=\"widget\" data-widget_type=\"spacer.default\">\n\t\t\t\t\t\t\t<div class=\"elementor-spacer\">\n\t\t\t<div class=\"elementor-spacer-inner\"><\/div>\n\t\t<\/div>\n\t\t\t\t\t\t<\/div>\n\t\t\t\t\t<\/div>\n\t\t\t\t<\/div>\n\t\t<div class=\"elementor-element elementor-element-65d3276e e-flex e-con-boxed e-con e-parent\" data-id=\"65d3276e\" data-element_type=\"container\" data-e-type=\"container\">\n\t\t\t\t\t<div class=\"e-con-inner\">\n\t\t\t\t<div class=\"elementor-element elementor-element-11bfc9dd elementor-widget elementor-widget-text-editor\" data-id=\"11bfc9dd\" data-element_type=\"widget\" data-e-type=\"widget\" data-widget_type=\"text-editor.default\">\n\t\t\t\t\t\t\t\t\t<p>Description<\/p>\n\t\t\t\t\t\t\t\t<\/div>\n\t\t\t\t<div class=\"elementor-element elementor-element-56ac60b1 elementor-widget-divider--view-line elementor-widget elementor-widget-divider\" data-id=\"56ac60b1\" data-element_type=\"widget\" data-e-type=\"widget\" data-widget_type=\"divider.default\">\n\t\t\t\t\t\t\t<div class=\"elementor-divider\">\n\t\t\t<span class=\"elementor-divider-separator\">\n\t\t\t\t\t\t<\/span>\n\t\t<\/div>\n\t\t\t\t\t\t<\/div>\n\t\t\t\t<div class=\"elementor-element elementor-element-3c8e351b elementor-widget elementor-widget-text-editor\" data-id=\"3c8e351b\" data-element_type=\"widget\" data-e-type=\"widget\" data-widget_type=\"text-editor.default\">\n\t\t\t\t\t\t\t\t\t<p>La gabbia metallica per la lavanderia con ruote \u00e8 una parte essenziale di qualsiasi attivit\u00e0 ospedaliera o dell&#8217;industria della lavanderia. Sono tipicamente realizzati in metallo e hanno una fodera in lastra di PP per proteggere i capi da impigliarsi o strapparsi. Il carrello ha tipicamente quattro ruote per una facile manovrabilit\u00e0. Contenitore per la biancheria completamente in acciaio zincato con cancello anteriore incernierato, semi-pieghevole. La gabbia per la lavanderia in metallo con ruote \u00e8 su ruote ed \u00e8 quindi facile da trasportare. Le dimensioni del contenitore rotante sono 800x720x1800mm. Le dimensioni interne sono 740x660x1640mm. Questo contenitore \u00e8 dotato di 4 ruote giretrici. <\/p>\n<p>Composto interamente da metallo elettrozincato, \u00e8 meno soggetto alla ruggine <\/p>\n<p> Questo contenitore a gabbia di sicurezza pu\u00f2 essere dotato di qualsiasi ruota della nostra gamma su richiesta, come un freno, adatto al freezer o entrambi. Consulta la nostra gamma di ruote per le possibilit\u00e0. <\/p>\n\t\t\t\t\t\t\t\t<\/div>\n\t\t\t\t<div class=\"elementor-element elementor-element-a836d90 elementor-widget elementor-widget-image\" data-id=\"a836d90\" data-element_type=\"widget\" data-e-type=\"widget\" data-widget_type=\"image.default\">\n\t\t\t\t\t\t\t\t\t\t\t\t\t\t\t<img fetchpriority=\"high\" decoding=\"async\" width=\"800\" height=\"652\" src=\"https:\/\/www.logistictool.com\/wp-content\/uploads\/2025\/05\/Metal-Laundry-Cage-With-Wheel-3.jpg\" class=\"attachment-large size-large wp-image-14361\" alt=\"\" srcset=\"https:\/\/www.logistictool.com\/wp-content\/uploads\/2025\/05\/Metal-Laundry-Cage-With-Wheel-3.jpg 817w, https:\/\/www.logistictool.com\/wp-content\/uploads\/2025\/05\/Metal-Laundry-Cage-With-Wheel-3-300x245.jpg 300w, https:\/\/www.logistictool.com\/wp-content\/uploads\/2025\/05\/Metal-Laundry-Cage-With-Wheel-3-768x626.jpg 768w, https:\/\/www.logistictool.com\/wp-content\/uploads\/2025\/05\/Metal-Laundry-Cage-With-Wheel-3-600x489.jpg 600w\" sizes=\"(max-width: 800px) 100vw, 800px\" \/>\t\t\t\t\t\t\t\t\t\t\t\t\t\t\t<\/div>\n\t\t\t\t<div class=\"elementor-element elementor-element-b9f3d73 elementor-widget elementor-widget-image\" data-id=\"b9f3d73\" data-element_type=\"widget\" data-e-type=\"widget\" data-widget_type=\"image.default\">\n\t\t\t\t\t\t\t\t\t\t\t\t\t\t\t<img decoding=\"async\" width=\"800\" height=\"606\" src=\"https:\/\/www.logistictool.com\/wp-content\/uploads\/2025\/05\/Metal-Laundry-Cage-With-Wheel-2.jpg\" class=\"attachment-large size-large wp-image-14374\" alt=\"\" srcset=\"https:\/\/www.logistictool.com\/wp-content\/uploads\/2025\/05\/Metal-Laundry-Cage-With-Wheel-2.jpg 867w, https:\/\/www.logistictool.com\/wp-content\/uploads\/2025\/05\/Metal-Laundry-Cage-With-Wheel-2-300x227.jpg 300w, https:\/\/www.logistictool.com\/wp-content\/uploads\/2025\/05\/Metal-Laundry-Cage-With-Wheel-2-768x582.jpg 768w, https:\/\/www.logistictool.com\/wp-content\/uploads\/2025\/05\/Metal-Laundry-Cage-With-Wheel-2-600x455.jpg 600w\" sizes=\"(max-width: 800px) 100vw, 800px\" \/>\t\t\t\t\t\t\t\t\t\t\t\t\t\t\t<\/div>\n\t\t\t\t<div class=\"elementor-element elementor-element-1879cb8 elementor-widget elementor-widget-image\" data-id=\"1879cb8\" data-element_type=\"widget\" data-e-type=\"widget\" data-widget_type=\"image.default\">\n\t\t\t\t\t\t\t\t\t\t\t\t\t\t\t<img decoding=\"async\" width=\"800\" height=\"706\" src=\"https:\/\/www.logistictool.com\/wp-content\/uploads\/2025\/05\/Metal-Laundry-Cage-With-Wheel-1.jpg\" class=\"attachment-large size-large wp-image-14387\" alt=\"\" srcset=\"https:\/\/www.logistictool.com\/wp-content\/uploads\/2025\/05\/Metal-Laundry-Cage-With-Wheel-1.jpg 866w, https:\/\/www.logistictool.com\/wp-content\/uploads\/2025\/05\/Metal-Laundry-Cage-With-Wheel-1-300x265.jpg 300w, https:\/\/www.logistictool.com\/wp-content\/uploads\/2025\/05\/Metal-Laundry-Cage-With-Wheel-1-768x678.jpg 768w, https:\/\/www.logistictool.com\/wp-content\/uploads\/2025\/05\/Metal-Laundry-Cage-With-Wheel-1-600x529.jpg 600w\" sizes=\"(max-width: 800px) 100vw, 800px\" \/>\t\t\t\t\t\t\t\t\t\t\t\t\t\t\t<\/div>\n\t\t\t\t\t<\/div>\n\t\t\t\t<\/div>\n\t\t<div class=\"elementor-element elementor-element-47f99c4c e-flex e-con-boxed e-con e-parent\" data-id=\"47f99c4c\" data-element_type=\"container\" data-e-type=\"container\">\n\t\t\t\t\t<div class=\"e-con-inner\">\n\t\t\t\t<div class=\"elementor-element elementor-element-18dfb9b0 elementor-widget elementor-widget-heading\" data-id=\"18dfb9b0\" data-element_type=\"widget\" data-e-type=\"widget\" data-widget_type=\"heading.default\">\n\t\t\t\t\t<h3 class=\"elementor-heading-title elementor-size-default\">Specifiche dei prodotti<\/h3>\t\t\t\t<\/div>\n\t\t\t\t<div class=\"elementor-element elementor-element-3c4c367c elementor-widget-divider--view-line elementor-widget elementor-widget-divider\" data-id=\"3c4c367c\" data-element_type=\"widget\" data-e-type=\"widget\" data-widget_type=\"divider.default\">\n\t\t\t\t\t\t\t<div class=\"elementor-divider\">\n\t\t\t<span class=\"elementor-divider-separator\">\n\t\t\t\t\t\t<\/span>\n\t\t<\/div>\n\t\t\t\t\t\t<\/div>\n\t\t<div class=\"elementor-element elementor-element-206def85 e-con-full e-flex e-con e-child\" data-id=\"206def85\" data-element_type=\"container\" data-e-type=\"container\">\n\t\t\t\t<div class=\"elementor-element elementor-element-477f7d8f elementor-widget__width-initial elementor-widget elementor-widget-text-editor\" data-id=\"477f7d8f\" data-element_type=\"widget\" data-e-type=\"widget\" data-widget_type=\"text-editor.default\">\n\t\t\t\t\t\t\t\t\t<p>Nome del prodotto<\/p>\n\t\t\t\t\t\t\t\t<\/div>\n\t\t\t\t<div class=\"elementor-element elementor-element-e846183 elementor-widget__width-initial elementor-widget elementor-widget-text-editor\" data-id=\"e846183\" data-element_type=\"widget\" data-e-type=\"widget\" data-widget_type=\"text-editor.default\">\n\t\t\t\t\t\t\t\t\t<p>Gabbia per lavanderia in metallo con ruote <\/p>\n\t\t\t\t\t\t\t\t<\/div>\n\t\t\t\t<\/div>\n\t\t<div class=\"elementor-element elementor-element-538d7a05 e-con-full e-flex e-con e-child\" data-id=\"538d7a05\" data-element_type=\"container\" data-e-type=\"container\">\n\t\t\t\t<div class=\"elementor-element elementor-element-2bedd5f1 elementor-widget__width-initial elementor-widget elementor-widget-text-editor\" data-id=\"2bedd5f1\" data-element_type=\"widget\" data-e-type=\"widget\" data-widget_type=\"text-editor.default\">\n\t\t\t\t\t\t\t\t\t<p>Dimensione esterna<\/p>\n\t\t\t\t\t\t\t\t<\/div>\n\t\t\t\t<div class=\"elementor-element elementor-element-6b00d308 elementor-widget__width-initial elementor-widget elementor-widget-text-editor\" data-id=\"6b00d308\" data-element_type=\"widget\" data-e-type=\"widget\" data-widget_type=\"text-editor.default\">\n\t\t\t\t\t\t\t\t\t<p>800x720x1800MM<\/p>\n\t\t\t\t\t\t\t\t<\/div>\n\t\t\t\t<\/div>\n\t\t<div class=\"elementor-element elementor-element-211aa366 e-con-full e-flex e-con e-child\" data-id=\"211aa366\" data-element_type=\"container\" data-e-type=\"container\">\n\t\t\t\t<div class=\"elementor-element elementor-element-14df8c93 elementor-widget__width-initial elementor-widget elementor-widget-text-editor\" data-id=\"14df8c93\" data-element_type=\"widget\" data-e-type=\"widget\" data-widget_type=\"text-editor.default\">\n\t\t\t\t\t\t\t\t\t<p>N.W<\/p>\n\t\t\t\t\t\t\t\t<\/div>\n\t\t\t\t<div class=\"elementor-element elementor-element-376f78a2 elementor-widget__width-initial elementor-widget elementor-widget-text-editor\" data-id=\"376f78a2\" data-element_type=\"widget\" data-e-type=\"widget\" data-widget_type=\"text-editor.default\">\n\t\t\t\t\t\t\t\t\t<p>40kg<\/p>\n\t\t\t\t\t\t\t\t<\/div>\n\t\t\t\t<\/div>\n\t\t<div class=\"elementor-element elementor-element-40cd5ca3 e-con-full e-flex e-con e-child\" data-id=\"40cd5ca3\" data-element_type=\"container\" data-e-type=\"container\">\n\t\t\t\t<div class=\"elementor-element elementor-element-76da1003 elementor-widget__width-initial elementor-widget elementor-widget-text-editor\" data-id=\"76da1003\" data-element_type=\"widget\" data-e-type=\"widget\" data-widget_type=\"text-editor.default\">\n\t\t\t\t\t\t\t\t\t<p>carico massimo<\/p>\n\t\t\t\t\t\t\t\t<\/div>\n\t\t\t\t<div class=\"elementor-element elementor-element-2b8cbf96 elementor-widget__width-initial elementor-widget elementor-widget-text-editor\" data-id=\"2b8cbf96\" data-element_type=\"widget\" data-e-type=\"widget\" data-widget_type=\"text-editor.default\">\n\t\t\t\t\t\t\t\t\t<p>800kg<\/p>\n\t\t\t\t\t\t\t\t<\/div>\n\t\t\t\t<\/div>\n\t\t<div class=\"elementor-element elementor-element-2fb62b4c e-con-full e-flex e-con e-child\" data-id=\"2fb62b4c\" data-element_type=\"container\" data-e-type=\"container\">\n\t\t\t\t<div class=\"elementor-element elementor-element-74519220 elementor-widget__width-initial elementor-widget elementor-widget-text-editor\" data-id=\"74519220\" data-element_type=\"widget\" data-e-type=\"widget\" data-widget_type=\"text-editor.default\">\n\t\t\t\t\t\t\t\t\t<p>Material<\/p>\n\t\t\t\t\t\t\t\t<\/div>\n\t\t\t\t<div class=\"elementor-element elementor-element-5fccb798 elementor-widget__width-initial elementor-widget elementor-widget-text-editor\" data-id=\"5fccb798\" data-element_type=\"widget\" data-e-type=\"widget\" data-widget_type=\"text-editor.default\">\n\t\t\t\t\t\t\t\t\t<p>Acciaio dolce Q235<\/p>\n\t\t\t\t\t\t\t\t<\/div>\n\t\t\t\t<\/div>\n\t\t<div class=\"elementor-element elementor-element-35722b45 e-con-full e-flex e-con e-child\" data-id=\"35722b45\" data-element_type=\"container\" data-e-type=\"container\">\n\t\t\t\t<div class=\"elementor-element elementor-element-28e8eb6f elementor-widget__width-initial elementor-widget elementor-widget-text-editor\" data-id=\"28e8eb6f\" data-element_type=\"widget\" data-e-type=\"widget\" data-widget_type=\"text-editor.default\">\n\t\t\t\t\t\t\t\t\t<p>Finish<\/p>\n\t\t\t\t\t\t\t\t<\/div>\n\t\t\t\t<div class=\"elementor-element elementor-element-7c698fae elementor-widget__width-initial elementor-widget elementor-widget-text-editor\" data-id=\"7c698fae\" data-element_type=\"widget\" data-e-type=\"widget\" data-widget_type=\"text-editor.default\">\n\t\t\t\t\t\t\t\t\t<p>Zinco\/zinco zincato\/rivestimento a polvere zincato\/a caldo<\/p>\n\t\t\t\t\t\t\t\t<\/div>\n\t\t\t\t<\/div>\n\t\t\t\t\t<\/div>\n\t\t\t\t<\/div>\n\t\t<div class=\"elementor-element elementor-element-7cb1211 e-flex e-con-boxed e-con e-parent\" data-id=\"7cb1211\" data-element_type=\"container\" data-e-type=\"container\">\n\t\t\t\t\t<div class=\"e-con-inner\">\n\t\t<div class=\"elementor-element elementor-element-673abf79 e-con-full e-flex e-con e-child\" data-id=\"673abf79\" data-element_type=\"container\" data-e-type=\"container\">\n\t\t\t\t<div class=\"elementor-element elementor-element-e24dacd elementor-widget elementor-widget-heading\" data-id=\"e24dacd\" data-element_type=\"widget\" data-e-type=\"widget\" data-widget_type=\"heading.default\">\n\t\t\t\t\t<h3 class=\"elementor-heading-title elementor-size-default\">Informazioni sull&#039;azienda<\/h3>\t\t\t\t<\/div>\n\t\t\t\t<div class=\"elementor-element elementor-element-20391d43 elementor-widget-divider--view-line_icon elementor-widget-divider--element-align-left elementor-view-default elementor-widget elementor-widget-divider\" data-id=\"20391d43\" data-element_type=\"widget\" data-e-type=\"widget\" data-widget_type=\"divider.default\">\n\t\t\t\t\t\t\t<div class=\"elementor-divider\">\n\t\t\t<span class=\"elementor-divider-separator\">\n\t\t\t\t\t\t\t<div class=\"elementor-icon elementor-divider__element\">\n\t\t\t\t\t<svg aria-hidden=\"true\" class=\"e-font-icon-svg e-fas-square\" viewBox=\"0 0 448 512\" xmlns=\"http:\/\/www.w3.org\/2000\/svg\"><path d=\"M400 32H48C21.5 32 0 53.5 0 80v352c0 26.5 21.5 48 48 48h352c26.5 0 48-21.5 48-48V80c0-26.5-21.5-48-48-48z\"><\/path><\/svg><\/div>\n\t\t\t\t\t\t<\/span>\n\t\t<\/div>\n\t\t\t\t\t\t<\/div>\n\t\t\t\t<div class=\"elementor-element elementor-element-2bd67c3c elementor-widget elementor-widget-text-editor\" data-id=\"2bd67c3c\" data-element_type=\"widget\" data-e-type=\"widget\" data-widget_type=\"text-editor.default\">\n\t\t\t\t\t\t\t\t\t<p>Siamo fornitori di vari prodotti in metallo, tra cui carrelli logistici, container a rotelle, gabbie per la lavanderia, contenitori a rete metallica, vassoi postali, ecc., che si vendono bene negli Stati Uniti, in Europa e in pi\u00f9 di 100 paesi e regioni nel mondo, come Giappone, Sud-est asiatico, Oceania, Africa ecc., godendo di alta reputazione sul mercato internazionale, alta qualit\u00e0 e prezzi bassi. <\/p>\n<p>Come conosci, tutti i nostri prodotti sono personalizzati, quindi devi fornirci disegni per conferma durante il processo produttivo, oppure ti forniremo disegni o campioni per confermare i prodotti, quindi le vendite sono il fulcro principale, mentre i servizi professionali ausiliari del dipartimento ti sono offerti gratuitamente. Non devi preoccuparti dei tuoi disegni, n\u00e9 dei tuoi nuovi prodotti o idee. Possiamo offrirti meglio le soluzioni che desideri. <\/p>\n<p>Sappiamo che il fulcro dello sviluppo a lungo termine di un&#8217;azienda \u00e8 la qualit\u00e0 del servizio clienti, la qualit\u00e0 del prodotto e il prezzo. Ti offriamo servizi professionali e gratuiti, il che non significa che i nostri prezzi siano elevati. Puoi fidarti di noi per il tuo ordine. Offriamo oltre 10 anni di servizio di garanzia della qualit\u00e0 per i nostri prodotti. Se avete domande, potete venire a comunicare con noi. <\/p>\n<p>La nostra azienda aderisce al principio del cliente prima e della qualit\u00e0 al primo posto, offre ai clienti buoni sviluppi di nuovi prodotti e servizi correlati, fa progressi insieme ai clienti e sviluppa il mercato. Dalla sua fondazione, l&#8217;azienda ha sempre aderito alla filosofia aziendale basata sull&#8217;integrit\u00e0, e le sue prestazioni di vendita sono continuate a crescere, raggiungendo uno sviluppo rapido e stabile. L&#8217;azienda insiste sempre nel fornire ai clienti prodotti affidabili, attribuendo grande importanza alla gestione della qualit\u00e0 e alle prestazioni di sicurezza dei prodotti. Crea benefici con la gestione, promuovi lo sviluppo con l&#8217;innovazione, sopravvivi con la qualit\u00e0 e punta al futuro con le persone prima di tutto. <\/p>\n<p>Abbiamo un team e tecnici molto professionali e rigorosi. Durante il processo produttivo, i nostri tecnici controlleranno rigorosamente la formula e il processo per verificare la qualit\u00e0 del prodotto. Lo avremo durante la produzione e prima del confezionamento dopo la produzione. Ispezione del prodotto molto rigorosa. La qualit\u00e0 \u00e8 la nostra vita. L&#8217;intero processo di produzione, confezionamento e trasporto avr\u00e0 un processo molto rigoroso per controllare la qualit\u00e0 del prodotto. <\/p>\n\t\t\t\t\t\t\t\t<\/div>\n\t\t\t\t<\/div>\n\t\t<div class=\"elementor-element elementor-element-3f4e9fb3 e-con-full e-flex e-con e-child\" data-id=\"3f4e9fb3\" data-element_type=\"container\" data-e-type=\"container\">\n\t\t\t\t<div class=\"elementor-element elementor-element-bc326bb e-transform elementor-widget elementor-widget-image\" data-id=\"bc326bb\" data-element_type=\"widget\" data-e-type=\"widget\" data-settings=\"{&quot;_transform_scale_effect_hover&quot;:{&quot;unit&quot;:&quot;px&quot;,&quot;size&quot;:1.05,&quot;sizes&quot;:[]},&quot;_transform_scale_effect_hover_tablet&quot;:{&quot;unit&quot;:&quot;px&quot;,&quot;size&quot;:&quot;&quot;,&quot;sizes&quot;:[]},&quot;_transform_scale_effect_hover_mobile&quot;:{&quot;unit&quot;:&quot;px&quot;,&quot;size&quot;:&quot;&quot;,&quot;sizes&quot;:[]}}\" data-widget_type=\"image.default\">\n\t\t\t\t\t\t\t\t\t\t\t\t\t\t\t<img loading=\"lazy\" decoding=\"async\" width=\"821\" height=\"717\" src=\"https:\/\/www.logistictool.com\/wp-content\/uploads\/2025\/05\/Metal-Laundry-Cage-With-Wheel-4.jpg\" class=\"attachment-full size-full wp-image-14348\" alt=\"\" srcset=\"https:\/\/www.logistictool.com\/wp-content\/uploads\/2025\/05\/Metal-Laundry-Cage-With-Wheel-4.jpg 821w, https:\/\/www.logistictool.com\/wp-content\/uploads\/2025\/05\/Metal-Laundry-Cage-With-Wheel-4-300x262.jpg 300w, https:\/\/www.logistictool.com\/wp-content\/uploads\/2025\/05\/Metal-Laundry-Cage-With-Wheel-4-768x671.jpg 768w, https:\/\/www.logistictool.com\/wp-content\/uploads\/2025\/05\/Metal-Laundry-Cage-With-Wheel-4-600x524.jpg 600w\" sizes=\"(max-width: 821px) 100vw, 821px\" \/>\t\t\t\t\t\t\t\t\t\t\t\t\t\t\t<\/div>\n\t\t\t\t<\/div>\n\t\t\t\t\t<\/div>\n\t\t\t\t<\/div>\n\t\t\t\t<\/div>\n\t\t","protected":false},"excerpt":{"rendered":"<p>Description La gabbia metallica per la lavanderia con ruote \u00e8 una parte essenziale di qualsiasi attivit\u00e0 ospedaliera o dell&#8217;industria della lavanderia. Sono tipicamente realizzati in metallo e hanno una fodera in lastra di PP per proteggere i capi da impigliarsi o strapparsi. Il carrello ha tipicamente quattro ruote per una facile manovrabilit\u00e0. Contenitore per la [&hellip;]<\/p>\n","protected":false},"featured_media":3534,"comment_status":"closed","ping_status":"closed","template":"","meta":[],"product_brand":[],"product_cat":[158],"product_tag":[],"class_list":{"0":"post-28315","1":"product","2":"type-product","3":"status-publish","4":"has-post-thumbnail","6":"product_cat-gabbia-per-la-lavanderia","8":"first","9":"instock","10":"shipping-taxable","11":"product-type-simple"},"_links":{"self":[{"href":"https:\/\/www.logistictool.com\/it\/wp-json\/wp\/v2\/product\/28315","targetHints":{"allow":["GET"]}}],"collection":[{"href":"https:\/\/www.logistictool.com\/it\/wp-json\/wp\/v2\/product"}],"about":[{"href":"https:\/\/www.logistictool.com\/it\/wp-json\/wp\/v2\/types\/product"}],"replies":[{"embeddable":true,"href":"https:\/\/www.logistictool.com\/it\/wp-json\/wp\/v2\/comments?post=28315"}],"version-history":[{"count":0,"href":"https:\/\/www.logistictool.com\/it\/wp-json\/wp\/v2\/product\/28315\/revisions"}],"wp:featuredmedia":[{"embeddable":true,"href":"https:\/\/www.logistictool.com\/it\/wp-json\/wp\/v2\/media\/3534"}],"wp:attachment":[{"href":"https:\/\/www.logistictool.com\/it\/wp-json\/wp\/v2\/media?parent=28315"}],"wp:term":[{"taxonomy":"product_brand","embeddable":true,"href":"https:\/\/www.logistictool.com\/it\/wp-json\/wp\/v2\/product_brand?post=28315"},{"taxonomy":"product_cat","embeddable":true,"href":"https:\/\/www.logistictool.com\/it\/wp-json\/wp\/v2\/product_cat?post=28315"},{"taxonomy":"product_tag","embeddable":true,"href":"https:\/\/www.logistictool.com\/it\/wp-json\/wp\/v2\/product_tag?post=28315"}],"curies":[{"name":"wp","href":"https:\/\/api.w.org\/{rel}","templated":true}]}}