{"id":26367,"date":"2025-04-01T07:37:13","date_gmt":"2025-04-01T07:37:13","guid":{"rendered":"https:\/\/www.logistictool.com\/produtos\/"},"modified":"2025-08-05T07:42:50","modified_gmt":"2025-08-05T07:42:50","slug":"produtos","status":"publish","type":"page","link":"https:\/\/www.logistictool.com\/pt-pt\/produtos\/","title":{"rendered":"Produtos"},"content":{"rendered":"\t\t<div data-elementor-type=\"wp-page\" data-elementor-id=\"26367\" class=\"elementor elementor-26367 elementor-2183\" data-elementor-post-type=\"page\">\n\t\t\t\t<div class=\"elementor-element elementor-element-4b7fe0bf e-flex e-con-boxed e-con e-parent\" data-id=\"4b7fe0bf\" data-element_type=\"container\" data-e-type=\"container\">\n\t\t\t\t\t<div class=\"e-con-inner\">\n\t\t<div class=\"elementor-element elementor-element-63c7effc e-con-full elementor-hidden-mobile e-flex e-con e-child\" data-id=\"63c7effc\" data-element_type=\"container\" data-e-type=\"container\">\n\t\t\t\t<div class=\"elementor-element elementor-element-56c28150 elementor-widget elementor-widget-heading\" data-id=\"56c28150\" data-element_type=\"widget\" data-e-type=\"widget\" data-widget_type=\"heading.default\">\n\t\t\t\t\t<h3 class=\"elementor-heading-title elementor-size-default\">CATEGORIAS<\/h3>\t\t\t\t<\/div>\n\t\t\t\t<div class=\"elementor-element elementor-element-142f2a25 elementor-widget elementor-widget-template\" data-id=\"142f2a25\" data-element_type=\"widget\" data-e-type=\"widget\" data-widget_type=\"template.default\">\n\t\t\t\t<div class=\"elementor-widget-container\">\n\t\t\t\t\t\t\t<div class=\"elementor-template\">\n\t\t\t\t\t<div data-elementor-type=\"product-archive\" data-elementor-id=\"26028\" class=\"elementor elementor-26028 elementor-628 elementor-628 product\" data-elementor-post-type=\"elementor_library\">\n\t\t\t<div class=\"elementor-element elementor-element-03eb50b e-flex e-con-boxed e-con e-parent\" data-id=\"03eb50b\" data-element_type=\"container\" data-e-type=\"container\">\n\t\t\t\t\t<div class=\"e-con-inner\">\n\t\t\t\t<div class=\"elementor-element elementor-element-b725d9d elementor-widget__width-inherit elementor-nav-menu__text-align-aside elementor-widget elementor-widget-nav-menu\" data-id=\"b725d9d\" data-element_type=\"widget\" data-e-type=\"widget\" data-settings=\"{&quot;layout&quot;:&quot;dropdown&quot;,&quot;submenu_icon&quot;:{&quot;value&quot;:&quot;&lt;svg aria-hidden=\\&quot;true\\&quot; class=\\&quot;e-font-icon-svg e-fas-caret-down\\&quot; viewBox=\\&quot;0 0 320 512\\&quot; xmlns=\\&quot;http:\\\/\\\/www.w3.org\\\/2000\\\/svg\\&quot;&gt;&lt;path d=\\&quot;M31.3 192h257.3c17.8 0 26.7 21.5 14.1 34.1L174.1 354.8c-7.8 7.8-20.5 7.8-28.3 0L17.2 226.1C4.6 213.5 13.5 192 31.3 192z\\&quot;&gt;&lt;\\\/path&gt;&lt;\\\/svg&gt;&quot;,&quot;library&quot;:&quot;fa-solid&quot;}}\" data-widget_type=\"nav-menu.default\">\n\t\t\t\t\t\t\t\t<nav class=\"elementor-nav-menu--dropdown elementor-nav-menu__container\" aria-hidden=\"true\">\n\t\t\t\t<ul id=\"menu-2-b725d9d\" class=\"elementor-nav-menu\"><li class=\"menu-item menu-item-type-post_type menu-item-object-page menu-item-has-children menu-item-2683\"><a href=\"https:\/\/www.logistictool.com\/roll-container\/\" class=\"elementor-item\" tabindex=\"-1\">Rolo de cont\u00eainer<\/a>\n<ul class=\"sub-menu elementor-nav-menu--dropdown\">\n\t<li class=\"menu-item menu-item-type-post_type menu-item-object-page menu-item-2914\"><a href=\"https:\/\/www.logistictool.com\/roll-container\/2-sided-roll-container\/\" class=\"elementor-sub-item\" tabindex=\"-1\">Recipiente de rolo de 2 lados<\/a><\/li>\n\t<li class=\"menu-item menu-item-type-post_type menu-item-object-page menu-item-2915\"><a href=\"https:\/\/www.logistictool.com\/roll-container\/3-sided-roll-container\/\" class=\"elementor-sub-item\" tabindex=\"-1\">Recipiente de rolo de 3 lados<\/a><\/li>\n\t<li class=\"menu-item menu-item-type-post_type menu-item-object-page menu-item-2916\"><a href=\"https:\/\/www.logistictool.com\/roll-container\/4-sided-roll-container\/\" class=\"elementor-sub-item\" tabindex=\"-1\">Recipiente de rolo de 4 lados<\/a><\/li>\n\t<li class=\"menu-item menu-item-type-post_type menu-item-object-page menu-item-2918\"><a href=\"https:\/\/www.logistictool.com\/roll-container\/security-roll-container\/\" class=\"elementor-sub-item\" tabindex=\"-1\">Rolo de cont\u00eainer de seguran\u00e7a<\/a><\/li>\n\t<li class=\"menu-item menu-item-type-post_type menu-item-object-page menu-item-2917\"><a href=\"https:\/\/www.logistictool.com\/roll-container\/laundry-cage\/\" class=\"elementor-sub-item\" tabindex=\"-1\">Gaiola de lavanderia<\/a><\/li>\n<\/ul>\n<\/li>\n<li class=\"menu-item menu-item-type-post_type menu-item-object-page menu-item-2921\"><a href=\"https:\/\/www.logistictool.com\/wire-container\/\" class=\"elementor-item\" tabindex=\"-1\">Recipiente de arame<\/a><\/li>\n<li class=\"menu-item menu-item-type-post_type menu-item-object-page menu-item-2911\"><a href=\"https:\/\/www.logistictool.com\/cage-pallet\/\" class=\"elementor-item\" tabindex=\"-1\">Gaiola de paletes<\/a><\/li>\n<li class=\"menu-item menu-item-type-post_type menu-item-object-page menu-item-2919\"><a href=\"https:\/\/www.logistictool.com\/stillages\/\" class=\"elementor-item\" tabindex=\"-1\">Estacas<\/a><\/li>\n<li class=\"menu-item menu-item-type-post_type menu-item-object-page menu-item-2913\"><a href=\"https:\/\/www.logistictool.com\/post-pallet\/\" class=\"elementor-item\" tabindex=\"-1\">Palete de correio<\/a><\/li>\n<li class=\"menu-item menu-item-type-post_type menu-item-object-page menu-item-2920\"><a href=\"https:\/\/www.logistictool.com\/tire-rack\/\" class=\"elementor-item\" tabindex=\"-1\">Suporte para pneus<\/a><\/li>\n<li class=\"menu-item menu-item-type-post_type menu-item-object-page menu-item-2912\"><a href=\"https:\/\/www.logistictool.com\/glass-racking\/\" class=\"elementor-item\" tabindex=\"-1\">Prateleiras de vidro<\/a><\/li>\n<\/ul>\t\t\t<\/nav>\n\t\t\t\t\t\t<\/div>\n\t\t\t\t\t<\/div>\n\t\t\t\t<\/div>\n\t\t\t\t<\/div>\n\t\t\t\t<\/div>\n\t\t\t\t\t\t<\/div>\n\t\t\t\t<\/div>\n\t\t\t\t<\/div>\n\t\t<div class=\"elementor-element elementor-element-3b8916c3 e-con-full e-flex e-con e-child\" data-id=\"3b8916c3\" data-element_type=\"container\" data-e-type=\"container\">\n\t\t\t\t<div class=\"elementor-element elementor-element-3d97483e elementor-widget elementor-widget-heading\" data-id=\"3d97483e\" data-element_type=\"widget\" data-e-type=\"widget\" data-widget_type=\"heading.default\">\n\t\t\t\t\t<h2 class=\"elementor-heading-title elementor-size-default\">Produto<\/h2>\t\t\t\t<\/div>\n\t\t\t\t<div class=\"elementor-element elementor-element-103c671 elementor-widget elementor-widget-kevinchen_category_products\" data-id=\"103c671\" data-element_type=\"widget\" data-e-type=\"widget\" data-widget_type=\"kevinchen_category_products.default\">\n\t\t\t\t<div class=\"elementor-widget-container\">\n\t\t\t\t\t        <div class=\"kevinchen-category-products-widget\" data-widget-id=\"103c671\" data-current-page=\"1\" data-categories=\"59,60,61,62,63,64,65,66,67,68,69,70\" data-products-per-page=\"12\" data-columns=\"3\">\n            <div class=\"kcp-products-container\">\n                                    <div class=\"kcp-products-grid columns-3\">\n                                                                                <div class=\"kcp-product-item\">\n                                <a href=\"https:\/\/www.logistictool.com\/pt-pt\/recipiente-de-arame\/gaiolas-de-paletes-de-arame\/\" class=\"kcp-product-link\">\n                                    <div class=\"kcp-product-image-wrapper\">\n                                        <img decoding=\"async\" src=\"https:\/\/www.logistictool.com\/wp-content\/uploads\/2025\/06\/Wire-Pallet-Cages-1-300x300.jpg?wsr\" alt=\"Gaiolas de paletes de arame\" class=\"kcp-product-image\">\n                                    <\/div>\n                                    <h3 class=\"kcp-product-title\">Gaiolas de paletes de arame<\/h3>\n                                <\/a>\n                            <\/div>\n                                                                                <div class=\"kcp-product-item\">\n                                <a href=\"https:\/\/www.logistictool.com\/pt-pt\/recipiente-de-arame\/caixa-de-paletes-de-malha-de-arame\/\" class=\"kcp-product-link\">\n                                    <div class=\"kcp-product-image-wrapper\">\n                                        <img decoding=\"async\" src=\"https:\/\/www.logistictool.com\/wp-content\/uploads\/2025\/06\/Wire-Mesh-Pallet-Box-1-300x300.jpg?wsr\" alt=\"Caixa de paletes de malha de arame\" class=\"kcp-product-image\">\n                                    <\/div>\n                                    <h3 class=\"kcp-product-title\">Caixa de paletes de malha de arame<\/h3>\n                                <\/a>\n                            <\/div>\n                                                                                <div class=\"kcp-product-item\">\n                                <a href=\"https:\/\/www.logistictool.com\/pt-pt\/recipiente-de-arame\/gaiolas-de-armazenamento-de-conteineres-de-arame\/\" class=\"kcp-product-link\">\n                                    <div class=\"kcp-product-image-wrapper\">\n                                        <img decoding=\"async\" src=\"https:\/\/www.logistictool.com\/wp-content\/uploads\/2025\/06\/Wire-Container-Storage-Cages-300x300.jpg?wsr\" alt=\"Gaiolas de armazenamento de cont\u00eaineres de arame\" class=\"kcp-product-image\">\n                                    <\/div>\n                                    <h3 class=\"kcp-product-title\">Gaiolas de armazenamento de cont\u00eaineres de arame<\/h3>\n                                <\/a>\n                            <\/div>\n                                                                                <div class=\"kcp-product-item\">\n                                <a href=\"https:\/\/www.logistictool.com\/pt-pt\/recipiente-de-arame\/recipiente-de-arame-pre-formado-de-pet\/\" class=\"kcp-product-link\">\n                                    <div class=\"kcp-product-image-wrapper\">\n                                        <img decoding=\"async\" src=\"https:\/\/www.logistictool.com\/wp-content\/uploads\/2025\/06\/PET-Preform-Wire-Container-1-300x300.jpg?wsr\" alt=\"Recipiente de arame pr\u00e9-formado de PET\" class=\"kcp-product-image\">\n                                    <\/div>\n                                    <h3 class=\"kcp-product-title\">Recipiente de arame pr\u00e9-formado de PET<\/h3>\n                                <\/a>\n                            <\/div>\n                                                                                <div class=\"kcp-product-item\">\n                                <a href=\"https:\/\/www.logistictool.com\/pt-pt\/recipiente-de-arame\/caixa-de-metal-para-armazenamento-de-pre-formas-para-animais-de-estimacao\/\" class=\"kcp-product-link\">\n                                    <div class=\"kcp-product-image-wrapper\">\n                                        <img decoding=\"async\" src=\"https:\/\/www.logistictool.com\/wp-content\/uploads\/2025\/06\/Pet-Preform-Storage-Metal-Box-1-300x300.jpg?wsr\" alt=\"Caixa de metal para armazenamento de pr\u00e9-formas para animais de estima\u00e7\u00e3o\" class=\"kcp-product-image\">\n                                    <\/div>\n                                    <h3 class=\"kcp-product-title\">Caixa de metal para armazenamento de pr\u00e9-formas para animais de estima\u00e7\u00e3o<\/h3>\n                                <\/a>\n                            <\/div>\n                                                                                <div class=\"kcp-product-item\">\n                                <a href=\"https:\/\/www.logistictool.com\/pt-pt\/recipiente-de-arame\/recipiente-de-malha-de-arame-metalico\/\" class=\"kcp-product-link\">\n                                    <div class=\"kcp-product-image-wrapper\">\n                                        <img decoding=\"async\" src=\"https:\/\/www.logistictool.com\/wp-content\/uploads\/2025\/06\/Metal-Wire-Mesh-Container-1-300x300.jpg?wsr\" alt=\"Recipiente de malha de arame met\u00e1lico\" class=\"kcp-product-image\">\n                                    <\/div>\n                                    <h3 class=\"kcp-product-title\">Recipiente de malha de arame met\u00e1lico<\/h3>\n                                <\/a>\n                            <\/div>\n                                                                                <div class=\"kcp-product-item\">\n                                <a href=\"https:\/\/www.logistictool.com\/pt-pt\/recipiente-de-arame\/carrinho-de-gaiola-de-protecao-de-malha-carrinho-de-transporte-conteiner\/\" class=\"kcp-product-link\">\n                                    <div class=\"kcp-product-image-wrapper\">\n                                        <img decoding=\"async\" src=\"https:\/\/www.logistictool.com\/wp-content\/uploads\/2025\/06\/Mesh-Roll-Cage-Trolley-Rolling-Cart-Container-1-300x300.jpg?wsr\" alt=\"Carrinho de gaiola de prote\u00e7\u00e3o de malha, carrinho de transporte, cont\u00eainer\" class=\"kcp-product-image\">\n                                    <\/div>\n                                    <h3 class=\"kcp-product-title\">Carrinho de gaiola de prote\u00e7\u00e3o de malha, carrinho de transporte, cont\u00eainer<\/h3>\n                                <\/a>\n                            <\/div>\n                                                                                <div class=\"kcp-product-item\">\n                                <a href=\"https:\/\/www.logistictool.com\/pt-pt\/recipiente-de-arame\/recipientes-de-arame-industriais\/\" class=\"kcp-product-link\">\n                                    <div class=\"kcp-product-image-wrapper\">\n                                        <img decoding=\"async\" src=\"https:\/\/www.logistictool.com\/wp-content\/uploads\/2025\/06\/Industrial-Wire-Containers-1-300x300.jpg?wsr\" alt=\"Recipientes de arame industriais\" class=\"kcp-product-image\">\n                                    <\/div>\n                                    <h3 class=\"kcp-product-title\">Recipientes de arame industriais<\/h3>\n                                <\/a>\n                            <\/div>\n                                                                                <div class=\"kcp-product-item\">\n                                <a href=\"https:\/\/www.logistictool.com\/pt-pt\/recipiente-de-arame\/recipiente-de-malha-de-arame-para-servicos-pesados\/\" class=\"kcp-product-link\">\n                                    <div class=\"kcp-product-image-wrapper\">\n                                        <img decoding=\"async\" src=\"https:\/\/www.logistictool.com\/wp-content\/uploads\/2025\/06\/Heavy-Duty-Wire-Mesh-Container-1-300x300.jpg?wsr\" alt=\"Recipiente de malha de arame para servi\u00e7os pesados\" class=\"kcp-product-image\">\n                                    <\/div>\n                                    <h3 class=\"kcp-product-title\">Recipiente de malha de arame para servi\u00e7os pesados<\/h3>\n                                <\/a>\n                            <\/div>\n                                                                                <div class=\"kcp-product-item\">\n                                <a href=\"https:\/\/www.logistictool.com\/pt-pt\/recipiente-de-arame\/recipiente-de-arame-galvanizado\/\" class=\"kcp-product-link\">\n                                    <div class=\"kcp-product-image-wrapper\">\n                                        <img decoding=\"async\" src=\"https:\/\/www.logistictool.com\/wp-content\/uploads\/2025\/06\/Galvanized-Wire-Container-1-300x300.jpg?wsr\" alt=\"Recipiente de arame galvanizado\" class=\"kcp-product-image\">\n                                    <\/div>\n                                    <h3 class=\"kcp-product-title\">Recipiente de arame galvanizado<\/h3>\n                                <\/a>\n                            <\/div>\n                                                                                <div class=\"kcp-product-item\">\n                                <a href=\"https:\/\/www.logistictool.com\/pt-pt\/recipiente-de-arame\/recipiente-de-arame-galvanizado-dobravel-euro\/\" class=\"kcp-product-link\">\n                                    <div class=\"kcp-product-image-wrapper\">\n                                        <img decoding=\"async\" src=\"https:\/\/www.logistictool.com\/wp-content\/uploads\/2025\/06\/Galvanized-Foldable-Euro-Wire-Container-1-300x300.jpg?wsr\" alt=\"Recipiente de arame galvanizado dobr\u00e1vel Euro\" class=\"kcp-product-image\">\n                                    <\/div>\n                                    <h3 class=\"kcp-product-title\">Recipiente de arame galvanizado dobr\u00e1vel Euro<\/h3>\n                                <\/a>\n                            <\/div>\n                                                                                <div class=\"kcp-product-item\">\n                                <a href=\"https:\/\/www.logistictool.com\/pt-pt\/recipiente-de-arame\/recipiente-de-malha-de-arame-dobravel\/\" class=\"kcp-product-link\">\n                                    <div class=\"kcp-product-image-wrapper\">\n                                        <img decoding=\"async\" src=\"https:\/\/www.logistictool.com\/wp-content\/uploads\/2025\/06\/Folding-Wire-Mesh-Container-1-300x300.jpg?wsr\" alt=\"Recipiente de malha de arame dobr\u00e1vel\" class=\"kcp-product-image\">\n                                    <\/div>\n                                    <h3 class=\"kcp-product-title\">Recipiente de malha de arame dobr\u00e1vel<\/h3>\n                                <\/a>\n                            <\/div>\n                                            <\/div>\n                    \n                                            <div class=\"kcp-pagination\">\n                            <div class=\"kcp-pagination-numbers\"><span class=\"kcp-pagination-number current\">1<\/span><a href=\"#\" class=\"kcp-pagination-number\" data-page=\"2\">2<\/a><a href=\"#\" class=\"kcp-pagination-number\" data-page=\"3\">3<\/a><span class=\"kcp-pagination-dots\">&hellip;<\/span><a href=\"#\" class=\"kcp-pagination-number\" data-page=\"10\">10<\/a><\/div><a href=\"#\" class=\"kcp-pagination-next\" data-page=\"2\" aria-label=\"\u4e0b\u4e00\u9875\">&raquo;<\/a>                        <\/div>\n                                        \n                                \n                            <\/div>\n        <\/div>\n        \t\t\t\t<\/div>\n\t\t\t\t<\/div>\n\t\t\t\t<\/div>\n\t\t\t\t\t<\/div>\n\t\t\t\t<\/div>\n\t\t\t\t<\/div>\n\t\t","protected":false},"excerpt":{"rendered":"<p>CATEGORIAS Produto Wire Pallet Cages Wire Mesh Pallet Box Wire Container Storage Cages PET Preform Wire Container Pet Preform Storage Metal Box Metal Wire Mesh Container Mesh Roll Cage Trolley Rolling Cart Container Industrial Wire Containers Heavy Duty Wire Mesh Container Galvanized Wire Container Galvanized Foldable Euro Wire Container Folding Wire Mesh Container 123&hellip;10&raquo;<\/p>\n","protected":false},"author":2,"featured_media":0,"parent":0,"menu_order":0,"comment_status":"closed","ping_status":"closed","template":"","meta":{"footnotes":""},"class_list":["post-26367","page","type-page","status-publish","hentry"],"_links":{"self":[{"href":"https:\/\/www.logistictool.com\/pt-pt\/wp-json\/wp\/v2\/pages\/26367","targetHints":{"allow":["GET"]}}],"collection":[{"href":"https:\/\/www.logistictool.com\/pt-pt\/wp-json\/wp\/v2\/pages"}],"about":[{"href":"https:\/\/www.logistictool.com\/pt-pt\/wp-json\/wp\/v2\/types\/page"}],"author":[{"embeddable":true,"href":"https:\/\/www.logistictool.com\/pt-pt\/wp-json\/wp\/v2\/users\/2"}],"replies":[{"embeddable":true,"href":"https:\/\/www.logistictool.com\/pt-pt\/wp-json\/wp\/v2\/comments?post=26367"}],"version-history":[{"count":0,"href":"https:\/\/www.logistictool.com\/pt-pt\/wp-json\/wp\/v2\/pages\/26367\/revisions"}],"wp:attachment":[{"href":"https:\/\/www.logistictool.com\/pt-pt\/wp-json\/wp\/v2\/media?parent=26367"}],"curies":[{"name":"wp","href":"https:\/\/api.w.org\/{rel}","templated":true}]}}