{"id":27134,"date":"2025-05-13T03:25:58","date_gmt":"2025-05-13T03:25:58","guid":{"rendered":"https:\/\/www.logistictool.com\/sem%20categoria\/gaiola-de-metal-para-lavanderia-com-rodas\/"},"modified":"2025-11-25T08:44:00","modified_gmt":"2025-11-25T08:44:00","slug":"gaiola-de-metal-para-lavanderia-com-rodas","status":"publish","type":"product","link":"https:\/\/www.logistictool.com\/pt-pt\/gaiola-de-lavanderia\/gaiola-de-metal-para-lavanderia-com-rodas\/","title":{"rendered":"Gaiola de metal para lavanderia com rodas"},"content":{"rendered":"\t\t<div data-elementor-type=\"product-post\" data-elementor-id=\"27134\" class=\"elementor elementor-27134 elementor-3118\" data-elementor-post-type=\"product\">\n\t\t\t\t<div class=\"elementor-element elementor-element-6ab83fcf e-flex e-con-boxed e-con e-parent\" data-id=\"6ab83fcf\" data-element_type=\"container\" data-e-type=\"container\">\n\t\t\t\t\t<div class=\"e-con-inner\">\n\t\t\t\t<div class=\"elementor-element elementor-element-62566aa7 elementor-widget elementor-widget-spacer\" data-id=\"62566aa7\" data-element_type=\"widget\" data-e-type=\"widget\" data-widget_type=\"spacer.default\">\n\t\t\t\t\t\t\t<div class=\"elementor-spacer\">\n\t\t\t<div class=\"elementor-spacer-inner\"><\/div>\n\t\t<\/div>\n\t\t\t\t\t\t<\/div>\n\t\t\t\t\t<\/div>\n\t\t\t\t<\/div>\n\t\t<div class=\"elementor-element elementor-element-5573c472 e-flex e-con-boxed e-con e-parent\" data-id=\"5573c472\" data-element_type=\"container\" data-e-type=\"container\">\n\t\t\t\t\t<div class=\"e-con-inner\">\n\t\t\t\t<div class=\"elementor-element elementor-element-4a5b40fd elementor-widget elementor-widget-text-editor\" data-id=\"4a5b40fd\" data-element_type=\"widget\" data-e-type=\"widget\" data-widget_type=\"text-editor.default\">\n\t\t\t\t\t\t\t\t\t<p>ilustrar<\/p>\n\t\t\t\t\t\t\t\t<\/div>\n\t\t\t\t<div class=\"elementor-element elementor-element-3c1abe68 elementor-widget-divider--view-line elementor-widget elementor-widget-divider\" data-id=\"3c1abe68\" data-element_type=\"widget\" data-e-type=\"widget\" data-widget_type=\"divider.default\">\n\t\t\t\t\t\t\t<div class=\"elementor-divider\">\n\t\t\t<span class=\"elementor-divider-separator\">\n\t\t\t\t\t\t<\/span>\n\t\t<\/div>\n\t\t\t\t\t\t<\/div>\n\t\t\t\t<div class=\"elementor-element elementor-element-7cbbdd03 elementor-widget elementor-widget-text-editor\" data-id=\"7cbbdd03\" data-element_type=\"widget\" data-e-type=\"widget\" data-widget_type=\"text-editor.default\">\n\t\t\t\t\t\t\t\t\t<p>Caracter\u00edsticas da gaiola de lavanderia de metal com rodas<\/p>\n<p>1. Design: remov\u00edvel, aninh\u00e1vel e remov\u00edvel. 2, 3 ou 4 paredes laterais, 2. Economize mais espa\u00e7o de armazenamento. F\u00e1cil montar e desmontar. Uso inteligente e alta capacidade de carga, PP\/nylon PA6, rod\u00edzios de borracha, etc. Pode ser usado de forma inteligente e conveniente, o que \u00e9 mais \u00fatil para suas solu\u00e7\u00f5es de armazenamento e log\u00edstica. O tratamento de superf\u00edcie pode ser revestimento de p\u00f3, galvaniza\u00e7\u00e3o el\u00e9trica e galvaniza\u00e7\u00e3o de imers\u00e3o a quente, 3 tipos est\u00e3o dispon\u00edveis.<\/p>\n\t\t\t\t\t\t\t\t<\/div>\n\t\t\t\t\t<\/div>\n\t\t\t\t<\/div>\n\t\t<div class=\"elementor-element elementor-element-7dd313f9 e-flex e-con-boxed e-con e-parent\" data-id=\"7dd313f9\" data-element_type=\"container\" data-e-type=\"container\">\n\t\t\t\t\t<div class=\"e-con-inner\">\n\t\t\t\t<div class=\"elementor-element elementor-element-b9195fe elementor-widget elementor-widget-heading\" data-id=\"b9195fe\" data-element_type=\"widget\" data-e-type=\"widget\" data-widget_type=\"heading.default\">\n\t\t\t\t\t<h3 class=\"elementor-heading-title elementor-size-default\">Par\u00e2metros do produto<\/h3>\t\t\t\t<\/div>\n\t\t\t\t<div class=\"elementor-element elementor-element-f51f669 elementor-widget-divider--view-line elementor-widget elementor-widget-divider\" data-id=\"f51f669\" data-element_type=\"widget\" data-e-type=\"widget\" data-widget_type=\"divider.default\">\n\t\t\t\t\t\t\t<div class=\"elementor-divider\">\n\t\t\t<span class=\"elementor-divider-separator\">\n\t\t\t\t\t\t<\/span>\n\t\t<\/div>\n\t\t\t\t\t\t<\/div>\n\t\t<div class=\"elementor-element elementor-element-5177a4b0 e-con-full e-flex e-con e-child\" data-id=\"5177a4b0\" data-element_type=\"container\" data-e-type=\"container\">\n\t\t\t\t<div class=\"elementor-element elementor-element-31531284 elementor-widget__width-initial elementor-widget elementor-widget-text-editor\" data-id=\"31531284\" data-element_type=\"widget\" data-e-type=\"widget\" data-widget_type=\"text-editor.default\">\n\t\t\t\t\t\t\t\t\t<p>Nome do produto<\/p>\n\t\t\t\t\t\t\t\t<\/div>\n\t\t\t\t<div class=\"elementor-element elementor-element-189c6b2c elementor-widget__width-initial elementor-widget elementor-widget-text-editor\" data-id=\"189c6b2c\" data-element_type=\"widget\" data-e-type=\"widget\" data-widget_type=\"text-editor.default\">\n\t\t\t\t\t\t\t\t\t<p>Gaiola de metal para lavanderia com rodas<\/p>\n\t\t\t\t\t\t\t\t<\/div>\n\t\t\t\t<\/div>\n\t\t<div class=\"elementor-element elementor-element-4747ac9f e-con-full e-flex e-con e-child\" data-id=\"4747ac9f\" data-element_type=\"container\" data-e-type=\"container\">\n\t\t\t\t<div class=\"elementor-element elementor-element-2d7b89f7 elementor-widget__width-initial elementor-widget elementor-widget-text-editor\" data-id=\"2d7b89f7\" data-element_type=\"widget\" data-e-type=\"widget\" data-widget_type=\"text-editor.default\">\n\t\t\t\t\t\t\t\t\t<p>Dimens\u00f5es externas<\/p>\n\t\t\t\t\t\t\t\t<\/div>\n\t\t\t\t<div class=\"elementor-element elementor-element-3efe1a70 elementor-widget__width-initial elementor-widget elementor-widget-text-editor\" data-id=\"3efe1a70\" data-element_type=\"widget\" data-e-type=\"widget\" data-widget_type=\"text-editor.default\">\n\t\t\t\t\t\t\t\t\t<p>850 * 600 * 1750MM<\/p>\n\t\t\t\t\t\t\t\t<\/div>\n\t\t\t\t<\/div>\n\t\t<div class=\"elementor-element elementor-element-6e8aa678 e-con-full e-flex e-con e-child\" data-id=\"6e8aa678\" data-element_type=\"container\" data-e-type=\"container\">\n\t\t\t\t<div class=\"elementor-element elementor-element-34873233 elementor-widget__width-initial elementor-widget elementor-widget-text-editor\" data-id=\"34873233\" data-element_type=\"widget\" data-e-type=\"widget\" data-widget_type=\"text-editor.default\">\n\t\t\t\t\t\t\t\t\t<p>Noroeste<\/p>\n\t\t\t\t\t\t\t\t<\/div>\n\t\t\t\t<div class=\"elementor-element elementor-element-470e69bf elementor-widget__width-initial elementor-widget elementor-widget-text-editor\" data-id=\"470e69bf\" data-element_type=\"widget\" data-e-type=\"widget\" data-widget_type=\"text-editor.default\">\n\t\t\t\t\t\t\t\t\t<p>30 kg<\/p>\n\t\t\t\t\t\t\t\t<\/div>\n\t\t\t\t<\/div>\n\t\t<div class=\"elementor-element elementor-element-11249edc e-con-full e-flex e-con e-child\" data-id=\"11249edc\" data-element_type=\"container\" data-e-type=\"container\">\n\t\t\t\t<div class=\"elementor-element elementor-element-7d181e2d elementor-widget__width-initial elementor-widget elementor-widget-text-editor\" data-id=\"7d181e2d\" data-element_type=\"widget\" data-e-type=\"widget\" data-widget_type=\"text-editor.default\">\n\t\t\t\t\t\t\t\t\t<p>Carga m\u00e1xima<\/p>\n\t\t\t\t\t\t\t\t<\/div>\n\t\t\t\t<div class=\"elementor-element elementor-element-37bd68d6 elementor-widget__width-initial elementor-widget elementor-widget-text-editor\" data-id=\"37bd68d6\" data-element_type=\"widget\" data-e-type=\"widget\" data-widget_type=\"text-editor.default\">\n\t\t\t\t\t\t\t\t\t<p>600 kg<\/p>\n\t\t\t\t\t\t\t\t<\/div>\n\t\t\t\t<\/div>\n\t\t<div class=\"elementor-element elementor-element-5cb067ec e-con-full e-flex e-con e-child\" data-id=\"5cb067ec\" data-element_type=\"container\" data-e-type=\"container\">\n\t\t\t\t<div class=\"elementor-element elementor-element-21fe1833 elementor-widget__width-initial elementor-widget elementor-widget-text-editor\" data-id=\"21fe1833\" data-element_type=\"widget\" data-e-type=\"widget\" data-widget_type=\"text-editor.default\">\n\t\t\t\t\t\t\t\t\t<p>Materiais<\/p>\n\t\t\t\t\t\t\t\t<\/div>\n\t\t\t\t<div class=\"elementor-element elementor-element-2ae4fb4 elementor-widget__width-initial elementor-widget elementor-widget-text-editor\" data-id=\"2ae4fb4\" data-element_type=\"widget\" data-e-type=\"widget\" data-widget_type=\"text-editor.default\">\n\t\t\t\t\t\t\t\t\t<p>A\u00e7o baixo carbono Q235<\/p>\n\t\t\t\t\t\t\t\t<\/div>\n\t\t\t\t<\/div>\n\t\t<div class=\"elementor-element elementor-element-39f30cd0 e-con-full e-flex e-con e-child\" data-id=\"39f30cd0\" data-element_type=\"container\" data-e-type=\"container\">\n\t\t\t\t<div class=\"elementor-element elementor-element-234fa19c elementor-widget__width-initial elementor-widget elementor-widget-text-editor\" data-id=\"234fa19c\" data-element_type=\"widget\" data-e-type=\"widget\" data-widget_type=\"text-editor.default\">\n\t\t\t\t\t\t\t\t\t<p>Completar<\/p>\n\t\t\t\t\t\t\t\t<\/div>\n\t\t\t\t<div class=\"elementor-element elementor-element-950b9e elementor-widget__width-initial elementor-widget elementor-widget-text-editor\" data-id=\"950b9e\" data-element_type=\"widget\" data-e-type=\"widget\" data-widget_type=\"text-editor.default\">\n\t\t\t\t\t\t\t\t\t<p>Zinco\/quente imerso galvanizado\/revestimento em p\u00f3<\/p>\n\t\t\t\t\t\t\t\t<\/div>\n\t\t\t\t<\/div>\n\t\t<div class=\"elementor-element elementor-element-7807c519 e-con-full e-flex e-con e-child\" data-id=\"7807c519\" data-element_type=\"container\" data-e-type=\"container\">\n\t\t\t\t<div class=\"elementor-element elementor-element-39607186 elementor-widget__width-initial elementor-widget elementor-widget-text-editor\" data-id=\"39607186\" data-element_type=\"widget\" data-e-type=\"widget\" data-widget_type=\"text-editor.default\">\n\t\t\t\t\t\t\t\t\t<p>Personalizado<\/p>\n\t\t\t\t\t\t\t\t<\/div>\n\t\t\t\t<div class=\"elementor-element elementor-element-5d87ead5 elementor-widget__width-initial elementor-widget elementor-widget-text-editor\" data-id=\"5d87ead5\" data-element_type=\"widget\" data-e-type=\"widget\" data-widget_type=\"text-editor.default\">\n\t\t\t\t\t\t\t\t\t<p>ODM &#038; OEM<\/p>\n\t\t\t\t\t\t\t\t<\/div>\n\t\t\t\t<\/div>\n\t\t<div class=\"elementor-element elementor-element-54acde58 e-con-full e-flex e-con e-child\" data-id=\"54acde58\" data-element_type=\"container\" data-e-type=\"container\">\n\t\t\t\t<div class=\"elementor-element elementor-element-57c9f0d6 elementor-widget__width-initial elementor-widget elementor-widget-text-editor\" data-id=\"57c9f0d6\" data-element_type=\"widget\" data-e-type=\"widget\" data-widget_type=\"text-editor.default\">\n\t\t\t\t\t\t\t\t\t<p>Origem<\/p>\n\t\t\t\t\t\t\t\t<\/div>\n\t\t\t\t<div class=\"elementor-element elementor-element-62c1896e elementor-widget__width-initial elementor-widget elementor-widget-text-editor\" data-id=\"62c1896e\" data-element_type=\"widget\" data-e-type=\"widget\" data-widget_type=\"text-editor.default\">\n\t\t\t\t\t\t\t\t\t<p>Qingdao, China<\/p>\n\t\t\t\t\t\t\t\t<\/div>\n\t\t\t\t<\/div>\n\t\t\t\t\t<\/div>\n\t\t\t\t<\/div>\n\t\t<div class=\"elementor-element elementor-element-1bfb3e8c e-flex e-con-boxed e-con e-parent\" data-id=\"1bfb3e8c\" data-element_type=\"container\" data-e-type=\"container\">\n\t\t\t\t\t<div class=\"e-con-inner\">\n\t\t<div class=\"elementor-element elementor-element-5bc0eaee e-con-full e-flex e-con e-child\" data-id=\"5bc0eaee\" data-element_type=\"container\" data-e-type=\"container\">\n\t\t\t\t<div class=\"elementor-element elementor-element-3e8fb79d elementor-widget-divider--view-line_icon elementor-widget-divider--element-align-left elementor-view-default elementor-widget elementor-widget-divider\" data-id=\"3e8fb79d\" data-element_type=\"widget\" data-e-type=\"widget\" data-widget_type=\"divider.default\">\n\t\t\t\t\t\t\t<div class=\"elementor-divider\">\n\t\t\t<span class=\"elementor-divider-separator\">\n\t\t\t\t\t\t\t<div class=\"elementor-icon elementor-divider__element\">\n\t\t\t\t\t<svg aria-hidden=\"true\" class=\"e-font-icon-svg e-fas-square\" viewBox=\"0 0 448 512\" xmlns=\"http:\/\/www.w3.org\/2000\/svg\"><path d=\"M400 32H48C21.5 32 0 53.5 0 80v352c0 26.5 21.5 48 48 48h352c26.5 0 48-21.5 48-48V80c0-26.5-21.5-48-48-48z\"><\/path><\/svg><\/div>\n\t\t\t\t\t\t<\/span>\n\t\t<\/div>\n\t\t\t\t\t\t<\/div>\n\t\t\t\t<div class=\"elementor-element elementor-element-6a96f90f elementor-widget elementor-widget-text-editor\" data-id=\"6a96f90f\" data-element_type=\"widget\" data-e-type=\"widget\" data-widget_type=\"text-editor.default\">\n\t\t\t\t\t\t\t\t\t<p>1. Gaiola de lavanderia de metal port\u00e1til-f\u00e1cil de dobrar e mover com a m\u00e3o ou rob\u00f4-salvar mais espa\u00e7o de armaz\u00e9m, usar inteligente e eficiente<\/p>\n<p>2. Colunas dobr\u00e1veis-reduzir os custos de transporte e economizar espa\u00e7o em per\u00edodos mais lentos-recuperar 80% do espa\u00e7o de armazenamento quando dobrado\/desmontado<\/p>\n<p>3. Tratamento de superf\u00edcie galvanizado el\u00e9trico de alta qualidade, vida \u00fatil mais longa.<\/p>\n<p>&#8212;O grande tubo do tamanho especial do arco e a estrutura da malha fazem a estrutura de a\u00e7o dur\u00e1vel e est\u00e1vel..<\/p>\n<\/p>\n<p>Nossa empresa est\u00e1 envolvida principalmente na produ\u00e7\u00e3o, desenvolvimento e fabrica\u00e7\u00e3o de equipamentos de rotatividade log\u00edstica, com mais de dez anos de experi\u00eancia em produ\u00e7\u00e3o. A \u00e1rea de produ\u00e7\u00e3o da empresa \u00e9 de 5.000 metros quadrados e possui mais de 60 conjuntos de v\u00e1rios tipos de equipamentos.<\/p>\n<p>Estamos empenhados em oferecer-lhe as melhores solu\u00e7\u00f5es para manuseio de materiais e armazenamento log\u00edstico.<\/p>\n\t\t\t\t\t\t\t\t<\/div>\n\t\t\t\t<\/div>\n\t\t<div class=\"elementor-element elementor-element-48c77b7f e-con-full e-flex e-con e-child\" data-id=\"48c77b7f\" data-element_type=\"container\" data-e-type=\"container\">\n\t\t\t\t<div class=\"elementor-element elementor-element-1945083 e-transform elementor-widget elementor-widget-image\" data-id=\"1945083\" data-element_type=\"widget\" data-e-type=\"widget\" data-settings=\"{&quot;_transform_scale_effect_hover&quot;:{&quot;unit&quot;:&quot;px&quot;,&quot;size&quot;:1.05,&quot;sizes&quot;:[]},&quot;_transform_scale_effect_hover_tablet&quot;:{&quot;unit&quot;:&quot;px&quot;,&quot;size&quot;:&quot;&quot;,&quot;sizes&quot;:[]},&quot;_transform_scale_effect_hover_mobile&quot;:{&quot;unit&quot;:&quot;px&quot;,&quot;size&quot;:&quot;&quot;,&quot;sizes&quot;:[]}}\" data-widget_type=\"image.default\">\n\t\t\t\t\t\t\t\t\t\t\t\t\t\t\t<img fetchpriority=\"high\" decoding=\"async\" width=\"601\" height=\"395\" src=\"https:\/\/www.logistictool.com\/wp-content\/uploads\/2025\/05\/Metal-Laundry-Cage-With-Wheels-1.jpg\" class=\"attachment-full size-full wp-image-14417\" alt=\"\" srcset=\"https:\/\/www.logistictool.com\/wp-content\/uploads\/2025\/05\/Metal-Laundry-Cage-With-Wheels-1.jpg 601w, https:\/\/www.logistictool.com\/wp-content\/uploads\/2025\/05\/Metal-Laundry-Cage-With-Wheels-1-300x197.jpg 300w\" sizes=\"(max-width: 601px) 100vw, 601px\" \/>\t\t\t\t\t\t\t\t\t\t\t\t\t\t\t<\/div>\n\t\t\t\t<\/div>\n\t\t\t\t\t<\/div>\n\t\t\t\t<\/div>\n\t\t\t\t<\/div>\n\t\t","protected":false},"excerpt":{"rendered":"<p>ilustrar Caracter\u00edsticas da gaiola de lavanderia de metal com rodas 1. Design: remov\u00edvel, aninh\u00e1vel e remov\u00edvel. 2, 3 ou 4 paredes laterais, 2. Economize mais espa\u00e7o de armazenamento. F\u00e1cil montar e desmontar. Uso inteligente e alta capacidade de carga, PP\/nylon PA6, rod\u00edzios de borracha, etc. Pode ser usado de forma inteligente e conveniente, o que [&hellip;]<\/p>\n","protected":false},"featured_media":3535,"comment_status":"closed","ping_status":"closed","template":"","meta":[],"product_brand":[],"product_cat":[155],"product_tag":[],"class_list":{"0":"post-27134","1":"product","2":"type-product","3":"status-publish","4":"has-post-thumbnail","6":"product_cat-gaiola-de-lavanderia","8":"first","9":"instock","10":"shipping-taxable","11":"product-type-simple"},"_links":{"self":[{"href":"https:\/\/www.logistictool.com\/pt-pt\/wp-json\/wp\/v2\/product\/27134","targetHints":{"allow":["GET"]}}],"collection":[{"href":"https:\/\/www.logistictool.com\/pt-pt\/wp-json\/wp\/v2\/product"}],"about":[{"href":"https:\/\/www.logistictool.com\/pt-pt\/wp-json\/wp\/v2\/types\/product"}],"replies":[{"embeddable":true,"href":"https:\/\/www.logistictool.com\/pt-pt\/wp-json\/wp\/v2\/comments?post=27134"}],"version-history":[{"count":0,"href":"https:\/\/www.logistictool.com\/pt-pt\/wp-json\/wp\/v2\/product\/27134\/revisions"}],"wp:featuredmedia":[{"embeddable":true,"href":"https:\/\/www.logistictool.com\/pt-pt\/wp-json\/wp\/v2\/media\/3535"}],"wp:attachment":[{"href":"https:\/\/www.logistictool.com\/pt-pt\/wp-json\/wp\/v2\/media?parent=27134"}],"wp:term":[{"taxonomy":"product_brand","embeddable":true,"href":"https:\/\/www.logistictool.com\/pt-pt\/wp-json\/wp\/v2\/product_brand?post=27134"},{"taxonomy":"product_cat","embeddable":true,"href":"https:\/\/www.logistictool.com\/pt-pt\/wp-json\/wp\/v2\/product_cat?post=27134"},{"taxonomy":"product_tag","embeddable":true,"href":"https:\/\/www.logistictool.com\/pt-pt\/wp-json\/wp\/v2\/product_tag?post=27134"}],"curies":[{"name":"wp","href":"https:\/\/api.w.org\/{rel}","templated":true}]}}