{"id":28280,"date":"2025-05-12T06:15:21","date_gmt":"2025-05-12T06:15:21","guid":{"rendered":"https:\/\/www.logistictool.com\/sem%20categoria\/carrinhos-de-gaiola-de-protecao-para-armazens\/"},"modified":"2025-12-31T15:44:45","modified_gmt":"2025-12-31T15:44:45","slug":"carrinhos-de-gaiola-de-protecao-para-armazens","status":"publish","type":"product","link":"https:\/\/www.logistictool.com\/pt-pt\/recipiente-para-rolo-de-3-lados\/carrinhos-de-gaiola-de-protecao-para-armazens\/","title":{"rendered":"Carrinhos de Gaiola de Prote\u00e7\u00e3o para Armaz\u00e9ns"},"content":{"rendered":"\t\t<div data-elementor-type=\"product-post\" data-elementor-id=\"28280\" class=\"elementor elementor-28280 elementor-3059\" data-elementor-post-type=\"product\">\n\t\t\t\t<div class=\"elementor-element elementor-element-2bcd7ba0 e-flex e-con-boxed e-con e-parent\" data-id=\"2bcd7ba0\" data-element_type=\"container\" data-e-type=\"container\">\n\t\t\t\t\t<div class=\"e-con-inner\">\n\t\t\t\t<div class=\"elementor-element elementor-element-1a2efbdb elementor-widget elementor-widget-spacer\" data-id=\"1a2efbdb\" data-element_type=\"widget\" data-e-type=\"widget\" data-widget_type=\"spacer.default\">\n\t\t\t\t\t\t\t<div class=\"elementor-spacer\">\n\t\t\t<div class=\"elementor-spacer-inner\"><\/div>\n\t\t<\/div>\n\t\t\t\t\t\t<\/div>\n\t\t\t\t\t<\/div>\n\t\t\t\t<\/div>\n\t\t<div class=\"elementor-element elementor-element-68b058f0 e-flex e-con-boxed e-con e-parent\" data-id=\"68b058f0\" data-element_type=\"container\" data-e-type=\"container\">\n\t\t\t\t\t<div class=\"e-con-inner\">\n\t\t\t\t<div class=\"elementor-element elementor-element-34ca3831 elementor-widget elementor-widget-text-editor\" data-id=\"34ca3831\" data-element_type=\"widget\" data-e-type=\"widget\" data-widget_type=\"text-editor.default\">\n\t\t\t\t\t\t\t\t\t<p>Description<\/p>\n\t\t\t\t\t\t\t\t<\/div>\n\t\t\t\t<div class=\"elementor-element elementor-element-644956d9 elementor-widget-divider--view-line elementor-widget elementor-widget-divider\" data-id=\"644956d9\" data-element_type=\"widget\" data-e-type=\"widget\" data-widget_type=\"divider.default\">\n\t\t\t\t\t\t\t<div class=\"elementor-divider\">\n\t\t\t<span class=\"elementor-divider-separator\">\n\t\t\t\t\t\t<\/span>\n\t\t<\/div>\n\t\t\t\t\t\t<\/div>\n\t\t\t\t<div class=\"elementor-element elementor-element-70c1661a elementor-widget elementor-widget-text-editor\" data-id=\"70c1661a\" data-element_type=\"widget\" data-e-type=\"widget\" data-widget_type=\"text-editor.default\">\n\t\t\t\t\t\t\t\t\t<p>Contentor de a\u00e7o galvanizado em malha met\u00e1lica empilh\u00e1vel, tamb\u00e9m chamado de gaiola de prote\u00e7\u00e3o de seguran\u00e7a, gaiola de prote\u00e7\u00e3o de 3 lados ou contentor de rolo de 3 lados, que \u00e9 um equipamento \u00fatil para transportar os seus bens ou mercadorias de um local para outro. Esta \u00e9 uma boa ideia para neg\u00f3cios de retalho e centro de distribui\u00e7\u00e3o. O contentor de rolo pode ser usado em qualquer ind\u00fastria, como supermercado, armaz\u00e9m, stock, oficina, entre outros. <\/p>\n<p>Quando a gaiola n\u00e3o estiver a ser usada, basta dobr\u00e1-la e empilh\u00e1-las num tubo, minimizando o espa\u00e7o de armazenamento necess\u00e1rio para as gaiolas em 1\/4. As gaiolas s\u00e3o muito r\u00e1pidas e f\u00e1ceis de usar, e podem ser consideradas para muito mais do que apenas a distribui\u00e7\u00e3o externa do produto. S\u00e3o excelentes para o transporte interno de mercadorias e produtos, bem como para ajudar a aumentar o espa\u00e7o de armazenamento em \u00e1reas de armazenamento sobrelotadas. As gaiolas tamb\u00e9m podem ser usadas para ajudar a recolher o excesso de res\u00edduos e cart\u00e3o, bem como para tornar o transporte do equipamento de exposi\u00e7\u00e3o r\u00e1pido, seguro e protegido. <\/p>\n\t\t\t\t\t\t\t\t<\/div>\n\t\t\t\t\t<\/div>\n\t\t\t\t<\/div>\n\t\t<div class=\"elementor-element elementor-element-42d0aae3 e-flex e-con-boxed e-con e-parent\" data-id=\"42d0aae3\" data-element_type=\"container\" data-e-type=\"container\">\n\t\t\t\t\t<div class=\"e-con-inner\">\n\t\t\t\t<div class=\"elementor-element elementor-element-678003c0 elementor-widget elementor-widget-heading\" data-id=\"678003c0\" data-element_type=\"widget\" data-e-type=\"widget\" data-widget_type=\"heading.default\">\n\t\t\t\t\t<h3 class=\"elementor-heading-title elementor-size-default\">Par\u00e2metros do Produto<\/h3>\t\t\t\t<\/div>\n\t\t\t\t<div class=\"elementor-element elementor-element-4a6adfa0 elementor-widget-divider--view-line elementor-widget elementor-widget-divider\" data-id=\"4a6adfa0\" data-element_type=\"widget\" data-e-type=\"widget\" data-widget_type=\"divider.default\">\n\t\t\t\t\t\t\t<div class=\"elementor-divider\">\n\t\t\t<span class=\"elementor-divider-separator\">\n\t\t\t\t\t\t<\/span>\n\t\t<\/div>\n\t\t\t\t\t\t<\/div>\n\t\t<div class=\"elementor-element elementor-element-3a42ba9b e-con-full e-flex e-con e-child\" data-id=\"3a42ba9b\" data-element_type=\"container\" data-e-type=\"container\">\n\t\t\t\t<div class=\"elementor-element elementor-element-6bbd3195 elementor-widget__width-initial elementor-widget elementor-widget-text-editor\" data-id=\"6bbd3195\" data-element_type=\"widget\" data-e-type=\"widget\" data-widget_type=\"text-editor.default\">\n\t\t\t\t\t\t\t\t\t<p>Nome do Produto<\/p>\n\t\t\t\t\t\t\t\t<\/div>\n\t\t\t\t<div class=\"elementor-element elementor-element-4ad661c5 elementor-widget__width-initial elementor-widget elementor-widget-text-editor\" data-id=\"4ad661c5\" data-element_type=\"widget\" data-e-type=\"widget\" data-widget_type=\"text-editor.default\">\n\t\t\t\t\t\t\t\t\t<p>Roll Cage Trolleys for Warehouses<\/p>\n\t\t\t\t\t\t\t\t<\/div>\n\t\t\t\t<\/div>\n\t\t<div class=\"elementor-element elementor-element-5aaae473 e-con-full e-flex e-con e-child\" data-id=\"5aaae473\" data-element_type=\"container\" data-e-type=\"container\">\n\t\t\t\t<div class=\"elementor-element elementor-element-1b166e37 elementor-widget__width-initial elementor-widget elementor-widget-text-editor\" data-id=\"1b166e37\" data-element_type=\"widget\" data-e-type=\"widget\" data-widget_type=\"text-editor.default\">\n\t\t\t\t\t\t\t\t\t<p>Dimens\u00e3o Exterior<\/p>\n\t\t\t\t\t\t\t\t<\/div>\n\t\t\t\t<div class=\"elementor-element elementor-element-270e83bb elementor-widget__width-initial elementor-widget elementor-widget-text-editor\" data-id=\"270e83bb\" data-element_type=\"widget\" data-e-type=\"widget\" data-widget_type=\"text-editor.default\">\n\t\t\t\t\t\t\t\t\t<p>735*840*1750MM<\/p>\n\t\t\t\t\t\t\t\t<\/div>\n\t\t\t\t<\/div>\n\t\t<div class=\"elementor-element elementor-element-75a6be89 e-con-full e-flex e-con e-child\" data-id=\"75a6be89\" data-element_type=\"container\" data-e-type=\"container\">\n\t\t\t\t<div class=\"elementor-element elementor-element-c3a44ff elementor-widget__width-initial elementor-widget elementor-widget-text-editor\" data-id=\"c3a44ff\" data-element_type=\"widget\" data-e-type=\"widget\" data-widget_type=\"text-editor.default\">\n\t\t\t\t\t\t\t\t\t<p>N.W<\/p>\n\t\t\t\t\t\t\t\t<\/div>\n\t\t\t\t<div class=\"elementor-element elementor-element-5b7f277b elementor-widget__width-initial elementor-widget elementor-widget-text-editor\" data-id=\"5b7f277b\" data-element_type=\"widget\" data-e-type=\"widget\" data-widget_type=\"text-editor.default\">\n\t\t\t\t\t\t\t\t\t<p>40kg<\/p>\n\t\t\t\t\t\t\t\t<\/div>\n\t\t\t\t<\/div>\n\t\t<div class=\"elementor-element elementor-element-6fb97219 e-con-full e-flex e-con e-child\" data-id=\"6fb97219\" data-element_type=\"container\" data-e-type=\"container\">\n\t\t\t\t<div class=\"elementor-element elementor-element-3865f547 elementor-widget__width-initial elementor-widget elementor-widget-text-editor\" data-id=\"3865f547\" data-element_type=\"widget\" data-e-type=\"widget\" data-widget_type=\"text-editor.default\">\n\t\t\t\t\t\t\t\t\t<p>carga m\u00e1xima<\/p>\n\t\t\t\t\t\t\t\t<\/div>\n\t\t\t\t<div class=\"elementor-element elementor-element-4c2bc729 elementor-widget__width-initial elementor-widget elementor-widget-text-editor\" data-id=\"4c2bc729\" data-element_type=\"widget\" data-e-type=\"widget\" data-widget_type=\"text-editor.default\">\n\t\t\t\t\t\t\t\t\t<p>500kg<\/p>\n\t\t\t\t\t\t\t\t<\/div>\n\t\t\t\t<\/div>\n\t\t<div class=\"elementor-element elementor-element-2ca2b6ff e-con-full e-flex e-con e-child\" data-id=\"2ca2b6ff\" data-element_type=\"container\" data-e-type=\"container\">\n\t\t\t\t<div class=\"elementor-element elementor-element-ade2ce9 elementor-widget__width-initial elementor-widget elementor-widget-text-editor\" data-id=\"ade2ce9\" data-element_type=\"widget\" data-e-type=\"widget\" data-widget_type=\"text-editor.default\">\n\t\t\t\t\t\t\t\t\t<p>Material<\/p>\n\t\t\t\t\t\t\t\t<\/div>\n\t\t\t\t<div class=\"elementor-element elementor-element-64dcf1b0 elementor-widget__width-initial elementor-widget elementor-widget-text-editor\" data-id=\"64dcf1b0\" data-element_type=\"widget\" data-e-type=\"widget\" data-widget_type=\"text-editor.default\">\n\t\t\t\t\t\t\t\t\t<p>A\u00e7o macio Q235<\/p>\n\t\t\t\t\t\t\t\t<\/div>\n\t\t\t\t<\/div>\n\t\t<div class=\"elementor-element elementor-element-6c9833cb e-con-full e-flex e-con e-child\" data-id=\"6c9833cb\" data-element_type=\"container\" data-e-type=\"container\">\n\t\t\t\t<div class=\"elementor-element elementor-element-121c7051 elementor-widget__width-initial elementor-widget elementor-widget-text-editor\" data-id=\"121c7051\" data-element_type=\"widget\" data-e-type=\"widget\" data-widget_type=\"text-editor.default\">\n\t\t\t\t\t\t\t\t\t<p>Finish<\/p>\n\t\t\t\t\t\t\t\t<\/div>\n\t\t\t\t<div class=\"elementor-element elementor-element-36a7b2d8 elementor-widget__width-initial elementor-widget elementor-widget-text-editor\" data-id=\"36a7b2d8\" data-element_type=\"widget\" data-e-type=\"widget\" data-widget_type=\"text-editor.default\">\n\t\t\t\t\t\t\t\t\t<p>Zinco\/revestimento galvanizado\/em p\u00f3 de imers\u00e3o a quente <\/p>\n\t\t\t\t\t\t\t\t<\/div>\n\t\t\t\t<\/div>\n\t\t<div class=\"elementor-element elementor-element-1866a438 e-con-full e-flex e-con e-child\" data-id=\"1866a438\" data-element_type=\"container\" data-e-type=\"container\">\n\t\t\t\t<div class=\"elementor-element elementor-element-14476d75 elementor-widget__width-initial elementor-widget elementor-widget-text-editor\" data-id=\"14476d75\" data-element_type=\"widget\" data-e-type=\"widget\" data-widget_type=\"text-editor.default\">\n\t\t\t\t\t\t\t\t\t<p>Personaliza\u00e7\u00e3o<\/p>\n\t\t\t\t\t\t\t\t<\/div>\n\t\t\t\t<div class=\"elementor-element elementor-element-7ec1b006 elementor-widget__width-initial elementor-widget elementor-widget-text-editor\" data-id=\"7ec1b006\" data-element_type=\"widget\" data-e-type=\"widget\" data-widget_type=\"text-editor.default\">\n\t\t\t\t\t\t\t\t\t<p>ODM&amp;OEM<\/p>\n\t\t\t\t\t\t\t\t<\/div>\n\t\t\t\t<\/div>\n\t\t<div class=\"elementor-element elementor-element-59a89bb6 e-con-full e-flex e-con e-child\" data-id=\"59a89bb6\" data-element_type=\"container\" data-e-type=\"container\">\n\t\t\t\t<div class=\"elementor-element elementor-element-14acfd4b elementor-widget__width-initial elementor-widget elementor-widget-text-editor\" data-id=\"14acfd4b\" data-element_type=\"widget\" data-e-type=\"widget\" data-widget_type=\"text-editor.default\">\n\t\t\t\t\t\t\t\t\t<p>Local de Origem<\/p>\n\t\t\t\t\t\t\t\t<\/div>\n\t\t\t\t<div class=\"elementor-element elementor-element-50871f3e elementor-widget__width-initial elementor-widget elementor-widget-text-editor\" data-id=\"50871f3e\" data-element_type=\"widget\" data-e-type=\"widget\" data-widget_type=\"text-editor.default\">\n\t\t\t\t\t\t\t\t\t<p>Qingdao, China<\/p>\n\t\t\t\t\t\t\t\t<\/div>\n\t\t\t\t<\/div>\n\t\t\t\t\t<\/div>\n\t\t\t\t<\/div>\n\t\t<div class=\"elementor-element elementor-element-6e474e2 e-flex e-con-boxed e-con e-parent\" data-id=\"6e474e2\" data-element_type=\"container\" data-e-type=\"container\">\n\t\t\t\t\t<div class=\"e-con-inner\">\n\t\t\t\t<div class=\"elementor-element elementor-element-d0f366d elementor-widget elementor-widget-heading\" data-id=\"d0f366d\" data-element_type=\"widget\" data-e-type=\"widget\" data-widget_type=\"heading.default\">\n\t\t\t\t\t<h3 class=\"elementor-heading-title elementor-size-default\">Detalhes<\/h3>\t\t\t\t<\/div>\n\t\t\t\t<div class=\"elementor-element elementor-element-853dd47 elementor-widget elementor-widget-image\" data-id=\"853dd47\" data-element_type=\"widget\" data-e-type=\"widget\" data-widget_type=\"image.default\">\n\t\t\t\t\t\t\t\t\t\t\t\t\t\t\t<img fetchpriority=\"high\" decoding=\"async\" width=\"821\" height=\"717\" src=\"https:\/\/www.logistictool.com\/wp-content\/uploads\/2025\/05\/Roll-Cage-Trolleys-For-Warehouses-1.jpg\" class=\"attachment-full size-full wp-image-14131\" alt=\"\" srcset=\"https:\/\/www.logistictool.com\/wp-content\/uploads\/2025\/05\/Roll-Cage-Trolleys-For-Warehouses-1.jpg 821w, https:\/\/www.logistictool.com\/wp-content\/uploads\/2025\/05\/Roll-Cage-Trolleys-For-Warehouses-1-300x262.jpg 300w, https:\/\/www.logistictool.com\/wp-content\/uploads\/2025\/05\/Roll-Cage-Trolleys-For-Warehouses-1-768x671.jpg 768w, https:\/\/www.logistictool.com\/wp-content\/uploads\/2025\/05\/Roll-Cage-Trolleys-For-Warehouses-1-600x524.jpg 600w\" sizes=\"(max-width: 821px) 100vw, 821px\" \/>\t\t\t\t\t\t\t\t\t\t\t\t\t\t\t<\/div>\n\t\t\t\t<div class=\"elementor-element elementor-element-5ce08ba elementor-widget elementor-widget-image\" data-id=\"5ce08ba\" data-element_type=\"widget\" data-e-type=\"widget\" data-widget_type=\"image.default\">\n\t\t\t\t\t\t\t\t\t\t\t\t\t\t\t<img decoding=\"async\" width=\"817\" height=\"666\" src=\"https:\/\/www.logistictool.com\/wp-content\/uploads\/2025\/05\/Roll-Cage-Trolleys-For-Warehouses-2.jpg\" class=\"attachment-full size-full wp-image-14144\" alt=\"\" srcset=\"https:\/\/www.logistictool.com\/wp-content\/uploads\/2025\/05\/Roll-Cage-Trolleys-For-Warehouses-2.jpg 817w, https:\/\/www.logistictool.com\/wp-content\/uploads\/2025\/05\/Roll-Cage-Trolleys-For-Warehouses-2-300x245.jpg 300w, https:\/\/www.logistictool.com\/wp-content\/uploads\/2025\/05\/Roll-Cage-Trolleys-For-Warehouses-2-768x626.jpg 768w, https:\/\/www.logistictool.com\/wp-content\/uploads\/2025\/05\/Roll-Cage-Trolleys-For-Warehouses-2-600x489.jpg 600w\" sizes=\"(max-width: 817px) 100vw, 817px\" \/>\t\t\t\t\t\t\t\t\t\t\t\t\t\t\t<\/div>\n\t\t\t\t\t<\/div>\n\t\t\t\t<\/div>\n\t\t<div class=\"elementor-element elementor-element-2c7394f6 e-flex e-con-boxed e-con e-parent\" data-id=\"2c7394f6\" data-element_type=\"container\" data-e-type=\"container\">\n\t\t\t\t\t<div class=\"e-con-inner\">\n\t\t<div class=\"elementor-element elementor-element-5681fa9f e-con-full e-flex e-con e-child\" data-id=\"5681fa9f\" data-element_type=\"container\" data-e-type=\"container\">\n\t\t\t\t<div class=\"elementor-element elementor-element-2e2a8178 elementor-widget-divider--view-line_icon elementor-widget-divider--element-align-left elementor-view-default elementor-widget elementor-widget-divider\" data-id=\"2e2a8178\" data-element_type=\"widget\" data-e-type=\"widget\" data-widget_type=\"divider.default\">\n\t\t\t\t\t\t\t<div class=\"elementor-divider\">\n\t\t\t<span class=\"elementor-divider-separator\">\n\t\t\t\t\t\t\t<div class=\"elementor-icon elementor-divider__element\">\n\t\t\t\t\t<svg aria-hidden=\"true\" class=\"e-font-icon-svg e-fas-square\" viewBox=\"0 0 448 512\" xmlns=\"http:\/\/www.w3.org\/2000\/svg\"><path d=\"M400 32H48C21.5 32 0 53.5 0 80v352c0 26.5 21.5 48 48 48h352c26.5 0 48-21.5 48-48V80c0-26.5-21.5-48-48-48z\"><\/path><\/svg><\/div>\n\t\t\t\t\t\t<\/span>\n\t\t<\/div>\n\t\t\t\t\t\t<\/div>\n\t\t\t\t<div class=\"elementor-element elementor-element-4a7a6c1e elementor-widget elementor-widget-text-editor\" data-id=\"4a7a6c1e\" data-element_type=\"widget\" data-e-type=\"widget\" data-widget_type=\"text-editor.default\">\n\t\t\t\t\t\t\t\t\t<p>Aqui vem a gaiola perfeita que manter\u00e1 todas as mercadorias do armaz\u00e9m seguras e protegidas e que tamb\u00e9m se revelar\u00e1 uma excelente solu\u00e7\u00e3o de transporte no armaz\u00e9m. <\/p>\n<p>Esta gaiola de rodas \u00e9 o meio de armazenamento seguro. Assim, para al\u00e9m da efici\u00eancia, tamb\u00e9m ter\u00e1 seguran\u00e7a para todos os bens armazenados, o que torna tudo fenomenal. \u00c9 tamb\u00e9m altamente dur\u00e1vel e est\u00e1 dispon\u00edvel em ofertas acess\u00edveis. <\/p>\n<p>\u00a0<\/p>\n<p>O tamanho externo \u00e9 W735 x D840 x H1700mm. A capacidade de carga pode chegar a 500 KG. O acabamento banhado a zinco mant\u00e9m-no com um aspeto brilhante, novo e resistente \u00e0 corros\u00e3o. Tamb\u00e9m pode optar por acabamento com pintura a p\u00f3, at\u00e9 mesmo com ambos os tratamentos de acabamento. <\/p>\n<p>A HT oferece muitas op\u00e7\u00f5es para responder aos diferentes requisitos de personaliza\u00e7\u00e3o. <\/p>\n<p>Com uma ou duas prateleiras extra<\/p>\n<p>A porta com um sistema de cacifos e chapa de a\u00e7o dianteira<\/p>\n<p>Jantes: PU, Nylon<\/p>\n\t\t\t\t\t\t\t\t<\/div>\n\t\t\t\t<\/div>\n\t\t<div class=\"elementor-element elementor-element-6ed7fc14 e-con-full e-flex e-con e-child\" data-id=\"6ed7fc14\" data-element_type=\"container\" data-e-type=\"container\">\n\t\t\t\t<div class=\"elementor-element elementor-element-5855defc e-transform elementor-widget elementor-widget-image\" data-id=\"5855defc\" data-element_type=\"widget\" data-e-type=\"widget\" data-settings=\"{&quot;_transform_scale_effect_hover&quot;:{&quot;unit&quot;:&quot;px&quot;,&quot;size&quot;:1.05,&quot;sizes&quot;:[]},&quot;_transform_scale_effect_hover_tablet&quot;:{&quot;unit&quot;:&quot;px&quot;,&quot;size&quot;:&quot;&quot;,&quot;sizes&quot;:[]},&quot;_transform_scale_effect_hover_mobile&quot;:{&quot;unit&quot;:&quot;px&quot;,&quot;size&quot;:&quot;&quot;,&quot;sizes&quot;:[]}}\" data-widget_type=\"image.default\">\n\t\t\t\t\t\t\t\t\t\t\t\t\t\t\t<img decoding=\"async\" width=\"811\" height=\"771\" src=\"https:\/\/www.logistictool.com\/wp-content\/uploads\/2025\/05\/Roll-Cage-Trolleys-For-Warehouses-4.jpg\" class=\"attachment-full size-full wp-image-14118\" alt=\"\" srcset=\"https:\/\/www.logistictool.com\/wp-content\/uploads\/2025\/05\/Roll-Cage-Trolleys-For-Warehouses-4.jpg 811w, https:\/\/www.logistictool.com\/wp-content\/uploads\/2025\/05\/Roll-Cage-Trolleys-For-Warehouses-4-300x285.jpg 300w, https:\/\/www.logistictool.com\/wp-content\/uploads\/2025\/05\/Roll-Cage-Trolleys-For-Warehouses-4-768x730.jpg 768w, https:\/\/www.logistictool.com\/wp-content\/uploads\/2025\/05\/Roll-Cage-Trolleys-For-Warehouses-4-600x570.jpg 600w\" sizes=\"(max-width: 811px) 100vw, 811px\" \/>\t\t\t\t\t\t\t\t\t\t\t\t\t\t\t<\/div>\n\t\t\t\t<\/div>\n\t\t\t\t\t<\/div>\n\t\t\t\t<\/div>\n\t\t\t\t<\/div>\n\t\t","protected":false},"excerpt":{"rendered":"<p>Description Contentor de a\u00e7o galvanizado em malha met\u00e1lica empilh\u00e1vel, tamb\u00e9m chamado de gaiola de prote\u00e7\u00e3o de seguran\u00e7a, gaiola de prote\u00e7\u00e3o de 3 lados ou contentor de rolo de 3 lados, que \u00e9 um equipamento \u00fatil para transportar os seus bens ou mercadorias de um local para outro. Esta \u00e9 uma boa ideia para neg\u00f3cios de [&hellip;]<\/p>\n","protected":false},"featured_media":3512,"comment_status":"closed","ping_status":"closed","template":"","meta":[],"product_brand":[],"product_cat":[234],"product_tag":[],"class_list":{"0":"post-28280","1":"product","2":"type-product","3":"status-publish","4":"has-post-thumbnail","6":"product_cat-recipiente-para-rolo-de-3-lados","8":"first","9":"instock","10":"shipping-taxable","11":"product-type-simple"},"_links":{"self":[{"href":"https:\/\/www.logistictool.com\/pt-pt\/wp-json\/wp\/v2\/product\/28280","targetHints":{"allow":["GET"]}}],"collection":[{"href":"https:\/\/www.logistictool.com\/pt-pt\/wp-json\/wp\/v2\/product"}],"about":[{"href":"https:\/\/www.logistictool.com\/pt-pt\/wp-json\/wp\/v2\/types\/product"}],"replies":[{"embeddable":true,"href":"https:\/\/www.logistictool.com\/pt-pt\/wp-json\/wp\/v2\/comments?post=28280"}],"version-history":[{"count":0,"href":"https:\/\/www.logistictool.com\/pt-pt\/wp-json\/wp\/v2\/product\/28280\/revisions"}],"wp:featuredmedia":[{"embeddable":true,"href":"https:\/\/www.logistictool.com\/pt-pt\/wp-json\/wp\/v2\/media\/3512"}],"wp:attachment":[{"href":"https:\/\/www.logistictool.com\/pt-pt\/wp-json\/wp\/v2\/media?parent=28280"}],"wp:term":[{"taxonomy":"product_brand","embeddable":true,"href":"https:\/\/www.logistictool.com\/pt-pt\/wp-json\/wp\/v2\/product_brand?post=28280"},{"taxonomy":"product_cat","embeddable":true,"href":"https:\/\/www.logistictool.com\/pt-pt\/wp-json\/wp\/v2\/product_cat?post=28280"},{"taxonomy":"product_tag","embeddable":true,"href":"https:\/\/www.logistictool.com\/pt-pt\/wp-json\/wp\/v2\/product_tag?post=28280"}],"curies":[{"name":"wp","href":"https:\/\/api.w.org\/{rel}","templated":true}]}}