{"id":28321,"date":"2025-05-13T02:25:15","date_gmt":"2025-05-13T02:25:15","guid":{"rendered":"https:\/\/www.logistictool.com\/sem%20categoria\/carrinho-dobravel-de-gaiola-de-protecao-para-armazem\/"},"modified":"2025-12-31T15:50:14","modified_gmt":"2025-12-31T15:50:14","slug":"carrinho-dobravel-de-gaiola-de-protecao-para-armazem","status":"publish","type":"product","link":"https:\/\/www.logistictool.com\/pt-pt\/recipiente-para-rolo-de-4-lados\/carrinho-dobravel-de-gaiola-de-protecao-para-armazem\/","title":{"rendered":"Carrinho Dobr\u00e1vel de Gaiola de Prote\u00e7\u00e3o para Armaz\u00e9m"},"content":{"rendered":"\t\t<div data-elementor-type=\"product-post\" data-elementor-id=\"28321\" class=\"elementor elementor-28321 elementor-3092\" data-elementor-post-type=\"product\">\n\t\t\t\t<div class=\"elementor-element elementor-element-711acf35 e-flex e-con-boxed e-con e-parent\" data-id=\"711acf35\" data-element_type=\"container\" data-e-type=\"container\">\n\t\t\t\t\t<div class=\"e-con-inner\">\n\t\t\t\t<div class=\"elementor-element elementor-element-339ccaf8 elementor-widget elementor-widget-spacer\" data-id=\"339ccaf8\" data-element_type=\"widget\" data-e-type=\"widget\" data-widget_type=\"spacer.default\">\n\t\t\t\t\t\t\t<div class=\"elementor-spacer\">\n\t\t\t<div class=\"elementor-spacer-inner\"><\/div>\n\t\t<\/div>\n\t\t\t\t\t\t<\/div>\n\t\t\t\t\t<\/div>\n\t\t\t\t<\/div>\n\t\t<div class=\"elementor-element elementor-element-6c21c5fc e-flex e-con-boxed e-con e-parent\" data-id=\"6c21c5fc\" data-element_type=\"container\" data-e-type=\"container\">\n\t\t\t\t\t<div class=\"e-con-inner\">\n\t\t\t\t<div class=\"elementor-element elementor-element-26ed5299 elementor-widget elementor-widget-text-editor\" data-id=\"26ed5299\" data-element_type=\"widget\" data-e-type=\"widget\" data-widget_type=\"text-editor.default\">\n\t\t\t\t\t\t\t\t\t<p>Description<\/p>\n\t\t\t\t\t\t\t\t<\/div>\n\t\t\t\t<div class=\"elementor-element elementor-element-6bb03937 elementor-widget-divider--view-line elementor-widget elementor-widget-divider\" data-id=\"6bb03937\" data-element_type=\"widget\" data-e-type=\"widget\" data-widget_type=\"divider.default\">\n\t\t\t\t\t\t\t<div class=\"elementor-divider\">\n\t\t\t<span class=\"elementor-divider-separator\">\n\t\t\t\t\t\t<\/span>\n\t\t<\/div>\n\t\t\t\t\t\t<\/div>\n\t\t\t\t<div class=\"elementor-element elementor-element-713abc6b elementor-widget elementor-widget-text-editor\" data-id=\"713abc6b\" data-element_type=\"widget\" data-e-type=\"widget\" data-widget_type=\"text-editor.default\">\n\t\t\t\t\t\t\t\t\t<p>O Carrinho Dobr\u00e1vel de Gaiola de Prote\u00e7\u00e3o para Armaz\u00e9m com design em A nestable e port\u00e3o frontal de abertura. A gaiola de prote\u00e7\u00e3o pode ser facilmente encaixada para poupar espa\u00e7o no armazenamento e durante o transporte, quando n\u00e3o est\u00e1 em uso. A base e as paredes laterais est\u00e3o todas equipadas com um preenchimento em malha de 50x50mm. O contentor da gaiola de prote\u00e7\u00e3o tem pegadores para facilitar a manobra e tamb\u00e9m vem com uma prateleira integrada para que possa dividir o armazenamento dos produtos. O contentor de rodas tem 2 rodas fixas e 2 girat\u00f3rias, todas equipadas com rodas brancas PP de 125 mm. O peso da gaiola de prote\u00e7\u00e3o \u00e9 de 54 kg. <\/p>\n<p>Uma estrutura (tamb\u00e9m conhecida como estrutura &#8220;H&#8221;) faz o ninho numa linha perfeitamente reta. <\/p>\n<p>Grande poupan\u00e7a espa\u00e7o quando n\u00e3o est\u00e1 em uso ou durante o transporte descarregado. <\/p>\n<p>Inclui 1 porta de basculante de tamanho completo e 2 x meia-porta<\/p>\n<p>Dobradi\u00e7as arredondadas de a\u00e7o de alta qualidade em todas as portas e fechos para maior resist\u00eancia e longevidade<\/p>\n<p>Op\u00e7\u00e3o para instalar v\u00e1rias prateleiras fixas ou remov\u00edveis<\/p>\n<p>Design e fabrico de alta qualidade com acabamento banhado a zinco. <\/p>\n<p>Maximiza o espa\u00e7o interno com a estrutura soldada ao exterior da base. <\/p>\n<p>Fornecido totalmente montado<\/p>\n\t\t\t\t\t\t\t\t<\/div>\n\t\t\t\t<div class=\"elementor-element elementor-element-4152ff6 elementor-widget elementor-widget-image\" data-id=\"4152ff6\" data-element_type=\"widget\" data-e-type=\"widget\" data-widget_type=\"image.default\">\n\t\t\t\t\t\t\t\t\t\t\t\t\t\t\t<img fetchpriority=\"high\" decoding=\"async\" width=\"800\" height=\"706\" src=\"https:\/\/www.logistictool.com\/wp-content\/uploads\/2025\/05\/Folding-Roll-Cage-Trolley-For-Warehouse-2.jpg\" class=\"attachment-large size-large wp-image-14300\" alt=\"\" srcset=\"https:\/\/www.logistictool.com\/wp-content\/uploads\/2025\/05\/Folding-Roll-Cage-Trolley-For-Warehouse-2.jpg 866w, https:\/\/www.logistictool.com\/wp-content\/uploads\/2025\/05\/Folding-Roll-Cage-Trolley-For-Warehouse-2-300x265.jpg 300w, https:\/\/www.logistictool.com\/wp-content\/uploads\/2025\/05\/Folding-Roll-Cage-Trolley-For-Warehouse-2-768x678.jpg 768w, https:\/\/www.logistictool.com\/wp-content\/uploads\/2025\/05\/Folding-Roll-Cage-Trolley-For-Warehouse-2-600x529.jpg 600w\" sizes=\"(max-width: 800px) 100vw, 800px\" \/>\t\t\t\t\t\t\t\t\t\t\t\t\t\t\t<\/div>\n\t\t\t\t\t<\/div>\n\t\t\t\t<\/div>\n\t\t<div class=\"elementor-element elementor-element-7744eab2 e-flex e-con-boxed e-con e-parent\" data-id=\"7744eab2\" data-element_type=\"container\" data-e-type=\"container\">\n\t\t\t\t\t<div class=\"e-con-inner\">\n\t\t<div class=\"elementor-element elementor-element-61859cdb e-con-full e-flex e-con e-child\" data-id=\"61859cdb\" data-element_type=\"container\" data-e-type=\"container\">\n\t\t\t\t<div class=\"elementor-element elementor-element-c2279c2 elementor-widget elementor-widget-heading\" data-id=\"c2279c2\" data-element_type=\"widget\" data-e-type=\"widget\" data-widget_type=\"heading.default\">\n\t\t\t\t\t<h3 class=\"elementor-heading-title elementor-size-default\">NOT\u00cdCIAS<\/h3>\t\t\t\t<\/div>\n\t\t\t\t<div class=\"elementor-element elementor-element-49617f1 elementor-widget-divider--view-line_icon elementor-widget-divider--element-align-left elementor-view-default elementor-widget elementor-widget-divider\" data-id=\"49617f1\" data-element_type=\"widget\" data-e-type=\"widget\" data-widget_type=\"divider.default\">\n\t\t\t\t\t\t\t<div class=\"elementor-divider\">\n\t\t\t<span class=\"elementor-divider-separator\">\n\t\t\t\t\t\t\t<div class=\"elementor-icon elementor-divider__element\">\n\t\t\t\t\t<svg aria-hidden=\"true\" class=\"e-font-icon-svg e-fas-square\" viewBox=\"0 0 448 512\" xmlns=\"http:\/\/www.w3.org\/2000\/svg\"><path d=\"M400 32H48C21.5 32 0 53.5 0 80v352c0 26.5 21.5 48 48 48h352c26.5 0 48-21.5 48-48V80c0-26.5-21.5-48-48-48z\"><\/path><\/svg><\/div>\n\t\t\t\t\t\t<\/span>\n\t\t<\/div>\n\t\t\t\t\t\t<\/div>\n\t\t\t\t<div class=\"elementor-element elementor-element-6a1f5393 elementor-widget elementor-widget-text-editor\" data-id=\"6a1f5393\" data-element_type=\"widget\" data-e-type=\"widget\" data-widget_type=\"text-editor.default\">\n\t\t\t\t\t\t\t\t\t<p>Solution &amp; Design<\/p>\n<p>Dedicamos tempo a compreender as suas necessidades e oferecemos v\u00e1rias solu\u00e7\u00f5es que se ajustam ao seu or\u00e7amento e necessidades. Depois, discutimos o design e confirmamos um desenho antes da produ\u00e7\u00e3o. Todo o processo normalmente demora cerca de tr\u00eas dias, dependendo de quantas perguntas s\u00e3o levantadas durante as nossas reuni\u00f5es. <\/p>\n<p>Relat\u00f3rio de Processo ao longo de todo o processo<\/p>\n<p>Compreendemos que a comunica\u00e7\u00e3o atempada \u00e9 essencial para manter uma boa rela\u00e7\u00e3o de trabalho, e estamos comprometidos em mant\u00ea-lo informado sobre o estado da sua encomenda em todas as etapas. <\/p>\n<p>Al\u00e9m disso, comunicaremos consigo de forma atempada durante o processo, independentemente dos problemas que surjam, para garantir que fica satisfeito com o produto. <\/p>\n\t\t\t\t\t\t\t\t<\/div>\n\t\t\t\t<\/div>\n\t\t<div class=\"elementor-element elementor-element-1e3eb92e e-con-full e-flex e-con e-child\" data-id=\"1e3eb92e\" data-element_type=\"container\" data-e-type=\"container\">\n\t\t\t\t<div class=\"elementor-element elementor-element-38be1636 e-transform elementor-widget elementor-widget-image\" data-id=\"38be1636\" data-element_type=\"widget\" data-e-type=\"widget\" data-settings=\"{&quot;_transform_scale_effect_hover&quot;:{&quot;unit&quot;:&quot;px&quot;,&quot;size&quot;:1.05,&quot;sizes&quot;:[]},&quot;_transform_scale_effect_hover_tablet&quot;:{&quot;unit&quot;:&quot;px&quot;,&quot;size&quot;:&quot;&quot;,&quot;sizes&quot;:[]},&quot;_transform_scale_effect_hover_mobile&quot;:{&quot;unit&quot;:&quot;px&quot;,&quot;size&quot;:&quot;&quot;,&quot;sizes&quot;:[]}}\" data-widget_type=\"image.default\">\n\t\t\t\t\t\t\t\t\t\t\t\t\t\t\t<img decoding=\"async\" width=\"811\" height=\"771\" src=\"https:\/\/www.logistictool.com\/wp-content\/uploads\/2025\/05\/Folding-Roll-Cage-Trolley-For-Warehouse-1.jpg\" class=\"attachment-full size-full wp-image-14287\" alt=\"\" srcset=\"https:\/\/www.logistictool.com\/wp-content\/uploads\/2025\/05\/Folding-Roll-Cage-Trolley-For-Warehouse-1.jpg 811w, https:\/\/www.logistictool.com\/wp-content\/uploads\/2025\/05\/Folding-Roll-Cage-Trolley-For-Warehouse-1-300x285.jpg 300w, https:\/\/www.logistictool.com\/wp-content\/uploads\/2025\/05\/Folding-Roll-Cage-Trolley-For-Warehouse-1-768x730.jpg 768w, https:\/\/www.logistictool.com\/wp-content\/uploads\/2025\/05\/Folding-Roll-Cage-Trolley-For-Warehouse-1-600x570.jpg 600w\" sizes=\"(max-width: 811px) 100vw, 811px\" \/>\t\t\t\t\t\t\t\t\t\t\t\t\t\t\t<\/div>\n\t\t\t\t<\/div>\n\t\t\t\t\t<\/div>\n\t\t\t\t<\/div>\n\t\t\t\t<\/div>\n\t\t","protected":false},"excerpt":{"rendered":"<p>Description O Carrinho Dobr\u00e1vel de Gaiola de Prote\u00e7\u00e3o para Armaz\u00e9m com design em A nestable e port\u00e3o frontal de abertura. A gaiola de prote\u00e7\u00e3o pode ser facilmente encaixada para poupar espa\u00e7o no armazenamento e durante o transporte, quando n\u00e3o est\u00e1 em uso. A base e as paredes laterais est\u00e3o todas equipadas com um preenchimento em [&hellip;]<\/p>\n","protected":false},"featured_media":3533,"comment_status":"closed","ping_status":"closed","template":"","meta":[],"product_brand":[],"product_cat":[221],"product_tag":[],"class_list":{"0":"post-28321","1":"product","2":"type-product","3":"status-publish","4":"has-post-thumbnail","6":"product_cat-recipiente-para-rolo-de-4-lados","8":"first","9":"instock","10":"shipping-taxable","11":"product-type-simple"},"_links":{"self":[{"href":"https:\/\/www.logistictool.com\/pt-pt\/wp-json\/wp\/v2\/product\/28321","targetHints":{"allow":["GET"]}}],"collection":[{"href":"https:\/\/www.logistictool.com\/pt-pt\/wp-json\/wp\/v2\/product"}],"about":[{"href":"https:\/\/www.logistictool.com\/pt-pt\/wp-json\/wp\/v2\/types\/product"}],"replies":[{"embeddable":true,"href":"https:\/\/www.logistictool.com\/pt-pt\/wp-json\/wp\/v2\/comments?post=28321"}],"version-history":[{"count":0,"href":"https:\/\/www.logistictool.com\/pt-pt\/wp-json\/wp\/v2\/product\/28321\/revisions"}],"wp:featuredmedia":[{"embeddable":true,"href":"https:\/\/www.logistictool.com\/pt-pt\/wp-json\/wp\/v2\/media\/3533"}],"wp:attachment":[{"href":"https:\/\/www.logistictool.com\/pt-pt\/wp-json\/wp\/v2\/media?parent=28321"}],"wp:term":[{"taxonomy":"product_brand","embeddable":true,"href":"https:\/\/www.logistictool.com\/pt-pt\/wp-json\/wp\/v2\/product_brand?post=28321"},{"taxonomy":"product_cat","embeddable":true,"href":"https:\/\/www.logistictool.com\/pt-pt\/wp-json\/wp\/v2\/product_cat?post=28321"},{"taxonomy":"product_tag","embeddable":true,"href":"https:\/\/www.logistictool.com\/pt-pt\/wp-json\/wp\/v2\/product_tag?post=28321"}],"curies":[{"name":"wp","href":"https:\/\/api.w.org\/{rel}","templated":true}]}}