{"id":28351,"date":"2025-05-13T06:53:11","date_gmt":"2025-05-13T06:53:11","guid":{"rendered":"https:\/\/www.logistictool.com\/sem%20categoria\/suporte-de-vidro-em-a-frame\/"},"modified":"2025-12-31T15:55:10","modified_gmt":"2025-12-31T15:55:10","slug":"suporte-de-vidro-em-a-frame","status":"publish","type":"product","link":"https:\/\/www.logistictool.com\/pt-pt\/prateleiras-de-vidro\/suporte-de-vidro-em-a-frame\/","title":{"rendered":"Suporte de Vidro em A-Frame"},"content":{"rendered":"\t\t<div data-elementor-type=\"product-post\" data-elementor-id=\"28351\" class=\"elementor elementor-28351 elementor-3147\" data-elementor-post-type=\"product\">\n\t\t\t\t<div class=\"elementor-element elementor-element-17f3a52 e-flex e-con-boxed e-con e-parent\" data-id=\"17f3a52\" data-element_type=\"container\" data-e-type=\"container\">\n\t\t\t\t\t<div class=\"e-con-inner\">\n\t\t\t\t<div class=\"elementor-element elementor-element-6eff24f1 elementor-widget elementor-widget-spacer\" data-id=\"6eff24f1\" data-element_type=\"widget\" data-e-type=\"widget\" data-widget_type=\"spacer.default\">\n\t\t\t\t\t\t\t<div class=\"elementor-spacer\">\n\t\t\t<div class=\"elementor-spacer-inner\"><\/div>\n\t\t<\/div>\n\t\t\t\t\t\t<\/div>\n\t\t\t\t\t<\/div>\n\t\t\t\t<\/div>\n\t\t<div class=\"elementor-element elementor-element-5d0898ad e-flex e-con-boxed e-con e-parent\" data-id=\"5d0898ad\" data-element_type=\"container\" data-e-type=\"container\">\n\t\t\t\t\t<div class=\"e-con-inner\">\n\t\t\t\t<div class=\"elementor-element elementor-element-76b4a70b elementor-widget elementor-widget-text-editor\" data-id=\"76b4a70b\" data-element_type=\"widget\" data-e-type=\"widget\" data-widget_type=\"text-editor.default\">\n\t\t\t\t\t\t\t\t\t<p>Description<\/p>\n\t\t\t\t\t\t\t\t<\/div>\n\t\t\t\t<div class=\"elementor-element elementor-element-4c4b4572 elementor-widget-divider--view-line elementor-widget elementor-widget-divider\" data-id=\"4c4b4572\" data-element_type=\"widget\" data-e-type=\"widget\" data-widget_type=\"divider.default\">\n\t\t\t\t\t\t\t<div class=\"elementor-divider\">\n\t\t\t<span class=\"elementor-divider-separator\">\n\t\t\t\t\t\t<\/span>\n\t\t<\/div>\n\t\t\t\t\t\t<\/div>\n\t\t\t\t<div class=\"elementor-element elementor-element-7bf357e elementor-widget elementor-widget-text-editor\" data-id=\"7bf357e\" data-element_type=\"widget\" data-e-type=\"widget\" data-widget_type=\"text-editor.default\">\n\t\t\t\t\t\t\t\t\t<p>O nosso principal produto est\u00e1 relacionado com o a\u00e7o, pode obter quase todos os produtos connosco. Temos produtos de contentores em rolo, paletes em rolo e A-Frame Glass Rack na nossa f\u00e1brica, temos mais de 100 linhas de produ\u00e7\u00e3o e fazemos todos os produtos e processos de produ\u00e7\u00e3o na nossa pr\u00f3pria f\u00e1brica. Assim, o pre\u00e7o ser\u00e1 muito baixo e a qualidade ser\u00e1 muito boa, enviando-nos os seus desenhos para nos informarmos sobre o seu produto, para que possamos enviar o seu or\u00e7amento gratuitamente. <\/p>\n<p>N\u00e3o precisa de se preocupar com nada do seu produto, fornecemos-lhe quase todos os produtos da nossa f\u00e1brica, tamb\u00e9m lhe fornecemos amostras gr\u00e1tis antes da encomenda em grande quantidade, come\u00e7amos a encomendar em grande quantidade depois de confirmar a amostra. Enviaremos fotografias e v\u00eddeos antes de enviar a sua amostra. <\/p>\n<p>Os A-Frame Glass Rack necessitam de um t\u00e9cnico muito profissional, que possa fornecer-lhe um bom pre\u00e7o, mas tamb\u00e9m seja adequado para quase todas as necessidades dos seus \u00f3culos. <\/p>\n\t\t\t\t\t\t\t\t<\/div>\n\t\t\t\t\t<\/div>\n\t\t\t\t<\/div>\n\t\t<div class=\"elementor-element elementor-element-73055d97 e-flex e-con-boxed e-con e-parent\" data-id=\"73055d97\" data-element_type=\"container\" data-e-type=\"container\">\n\t\t\t\t\t<div class=\"e-con-inner\">\n\t\t\t\t<div class=\"elementor-element elementor-element-ca923e elementor-widget elementor-widget-heading\" data-id=\"ca923e\" data-element_type=\"widget\" data-e-type=\"widget\" data-widget_type=\"heading.default\">\n\t\t\t\t\t<h3 class=\"elementor-heading-title elementor-size-default\">Especifica\u00e7\u00f5es<\/h3>\t\t\t\t<\/div>\n\t\t\t\t<div class=\"elementor-element elementor-element-50e1d421 elementor-widget-divider--view-line elementor-widget elementor-widget-divider\" data-id=\"50e1d421\" data-element_type=\"widget\" data-e-type=\"widget\" data-widget_type=\"divider.default\">\n\t\t\t\t\t\t\t<div class=\"elementor-divider\">\n\t\t\t<span class=\"elementor-divider-separator\">\n\t\t\t\t\t\t<\/span>\n\t\t<\/div>\n\t\t\t\t\t\t<\/div>\n\t\t<div class=\"elementor-element elementor-element-76d14f3c e-con-full e-flex e-con e-child\" data-id=\"76d14f3c\" data-element_type=\"container\" data-e-type=\"container\">\n\t\t\t\t<div class=\"elementor-element elementor-element-757e32a7 elementor-widget__width-initial elementor-widget elementor-widget-text-editor\" data-id=\"757e32a7\" data-element_type=\"widget\" data-e-type=\"widget\" data-widget_type=\"text-editor.default\">\n\t\t\t\t\t\t\t\t\t<p>Nome do Produto<\/p>\n\t\t\t\t\t\t\t\t<\/div>\n\t\t\t\t<div class=\"elementor-element elementor-element-115d24d2 elementor-widget__width-initial elementor-widget elementor-widget-text-editor\" data-id=\"115d24d2\" data-element_type=\"widget\" data-e-type=\"widget\" data-widget_type=\"text-editor.default\">\n\t\t\t\t\t\t\t\t\t<p>Suporte de Vidro em A-Frame<\/p>\n\t\t\t\t\t\t\t\t<\/div>\n\t\t\t\t<\/div>\n\t\t<div class=\"elementor-element elementor-element-22bb0f02 e-con-full e-flex e-con e-child\" data-id=\"22bb0f02\" data-element_type=\"container\" data-e-type=\"container\">\n\t\t\t\t<div class=\"elementor-element elementor-element-6de42dc6 elementor-widget__width-initial elementor-widget elementor-widget-text-editor\" data-id=\"6de42dc6\" data-element_type=\"widget\" data-e-type=\"widget\" data-widget_type=\"text-editor.default\">\n\t\t\t\t\t\t\t\t\t<p>Dimens\u00e3o Exterior<\/p>\n\t\t\t\t\t\t\t\t<\/div>\n\t\t\t\t<div class=\"elementor-element elementor-element-6dd5840c elementor-widget__width-initial elementor-widget elementor-widget-text-editor\" data-id=\"6dd5840c\" data-element_type=\"widget\" data-e-type=\"widget\" data-widget_type=\"text-editor.default\">\n\t\t\t\t\t\t\t\t\t<p>1000*800*850MM<\/p>\n\t\t\t\t\t\t\t\t<\/div>\n\t\t\t\t<\/div>\n\t\t<div class=\"elementor-element elementor-element-480632f7 e-con-full e-flex e-con e-child\" data-id=\"480632f7\" data-element_type=\"container\" data-e-type=\"container\">\n\t\t\t\t<div class=\"elementor-element elementor-element-246bb15 elementor-widget__width-initial elementor-widget elementor-widget-text-editor\" data-id=\"246bb15\" data-element_type=\"widget\" data-e-type=\"widget\" data-widget_type=\"text-editor.default\">\n\t\t\t\t\t\t\t\t\t<p>N.W<\/p>\n\t\t\t\t\t\t\t\t<\/div>\n\t\t\t\t<div class=\"elementor-element elementor-element-590e6c14 elementor-widget__width-initial elementor-widget elementor-widget-text-editor\" data-id=\"590e6c14\" data-element_type=\"widget\" data-e-type=\"widget\" data-widget_type=\"text-editor.default\">\n\t\t\t\t\t\t\t\t\t<p>190kg<\/p>\n\t\t\t\t\t\t\t\t<\/div>\n\t\t\t\t<\/div>\n\t\t<div class=\"elementor-element elementor-element-2d929ea e-con-full e-flex e-con e-child\" data-id=\"2d929ea\" data-element_type=\"container\" data-e-type=\"container\">\n\t\t\t\t<div class=\"elementor-element elementor-element-934e3b elementor-widget__width-initial elementor-widget elementor-widget-text-editor\" data-id=\"934e3b\" data-element_type=\"widget\" data-e-type=\"widget\" data-widget_type=\"text-editor.default\">\n\t\t\t\t\t\t\t\t\t<p>carga m\u00e1xima<\/p>\n\t\t\t\t\t\t\t\t<\/div>\n\t\t\t\t<div class=\"elementor-element elementor-element-d89500 elementor-widget__width-initial elementor-widget elementor-widget-text-editor\" data-id=\"d89500\" data-element_type=\"widget\" data-e-type=\"widget\" data-widget_type=\"text-editor.default\">\n\t\t\t\t\t\t\t\t\t<p>2000kg<\/p>\n\t\t\t\t\t\t\t\t<\/div>\n\t\t\t\t<\/div>\n\t\t<div class=\"elementor-element elementor-element-a3507d4 e-con-full e-flex e-con e-child\" data-id=\"a3507d4\" data-element_type=\"container\" data-e-type=\"container\">\n\t\t\t\t<div class=\"elementor-element elementor-element-16b1f50 elementor-widget__width-initial elementor-widget elementor-widget-text-editor\" data-id=\"16b1f50\" data-element_type=\"widget\" data-e-type=\"widget\" data-widget_type=\"text-editor.default\">\n\t\t\t\t\t\t\t\t\t<p>Material<\/p>\n\t\t\t\t\t\t\t\t<\/div>\n\t\t\t\t<div class=\"elementor-element elementor-element-21fc8743 elementor-widget__width-initial elementor-widget elementor-widget-text-editor\" data-id=\"21fc8743\" data-element_type=\"widget\" data-e-type=\"widget\" data-widget_type=\"text-editor.default\">\n\t\t\t\t\t\t\t\t\t<p>A\u00e7o macio Q235<\/p>\n\t\t\t\t\t\t\t\t<\/div>\n\t\t\t\t<\/div>\n\t\t<div class=\"elementor-element elementor-element-69d85c72 e-con-full e-flex e-con e-child\" data-id=\"69d85c72\" data-element_type=\"container\" data-e-type=\"container\">\n\t\t\t\t<div class=\"elementor-element elementor-element-220019cf elementor-widget__width-initial elementor-widget elementor-widget-text-editor\" data-id=\"220019cf\" data-element_type=\"widget\" data-e-type=\"widget\" data-widget_type=\"text-editor.default\">\n\t\t\t\t\t\t\t\t\t<p>Finish<\/p>\n\t\t\t\t\t\t\t\t<\/div>\n\t\t\t\t<div class=\"elementor-element elementor-element-339c3eba elementor-widget__width-initial elementor-widget elementor-widget-text-editor\" data-id=\"339c3eba\" data-element_type=\"widget\" data-e-type=\"widget\" data-widget_type=\"text-editor.default\">\n\t\t\t\t\t\t\t\t\t<p>Galvanizado dur\u00e1vel <\/p>\n\t\t\t\t\t\t\t\t<\/div>\n\t\t\t\t<\/div>\n\t\t\t\t\t<\/div>\n\t\t\t\t<\/div>\n\t\t<div class=\"elementor-element elementor-element-19f49ede e-flex e-con-boxed e-con e-parent\" data-id=\"19f49ede\" data-element_type=\"container\" data-e-type=\"container\">\n\t\t\t\t\t<div class=\"e-con-inner\">\n\t\t\t\t<div class=\"elementor-element elementor-element-410ed0f elementor-widget elementor-widget-heading\" data-id=\"410ed0f\" data-element_type=\"widget\" data-e-type=\"widget\" data-widget_type=\"heading.default\">\n\t\t\t\t\t<h2 class=\"elementor-heading-title elementor-size-default\">Outras Informa\u00e7\u00f5es<\/h2>\t\t\t\t<\/div>\n\t\t\t\t<div class=\"elementor-element elementor-element-77f0db54 elementor-widget-divider--view-line_icon elementor-widget-divider--element-align-left elementor-view-default elementor-widget elementor-widget-divider\" data-id=\"77f0db54\" data-element_type=\"widget\" data-e-type=\"widget\" data-widget_type=\"divider.default\">\n\t\t\t\t\t\t\t<div class=\"elementor-divider\">\n\t\t\t<span class=\"elementor-divider-separator\">\n\t\t\t\t\t\t\t<div class=\"elementor-icon elementor-divider__element\">\n\t\t\t\t\t<svg aria-hidden=\"true\" class=\"e-font-icon-svg e-fas-square\" viewBox=\"0 0 448 512\" xmlns=\"http:\/\/www.w3.org\/2000\/svg\"><path d=\"M400 32H48C21.5 32 0 53.5 0 80v352c0 26.5 21.5 48 48 48h352c26.5 0 48-21.5 48-48V80c0-26.5-21.5-48-48-48z\"><\/path><\/svg><\/div>\n\t\t\t\t\t\t<\/span>\n\t\t<\/div>\n\t\t\t\t\t\t<\/div>\n\t\t\t\t<div class=\"elementor-element elementor-element-6a97845 elementor-widget elementor-widget-text-editor\" data-id=\"6a97845\" data-element_type=\"widget\" data-e-type=\"widget\" data-widget_type=\"text-editor.default\">\n\t\t\t\t\t\t\t\t\t<p>Os nossos certificados t\u00eam CE, FSC, SGS, patente de apar\u00eancia, patente de modelo de utilidade, CPC. O nosso Servi\u00e7o \u00e9 o que temos \u00e9 uma equipa e equipa t\u00e9cnica muito profissional e rigorosa. Durante o processo de produ\u00e7\u00e3o, a nossa equipa t\u00e9cnica controla rigorosamente a f\u00f3rmula e o processo para controlar a qualidade do produto. Vamos t\u00ea-lo durante o processo de produ\u00e7\u00e3o e antes da embalagem ap\u00f3s a produ\u00e7\u00e3o. Inspe\u00e7\u00e3o de produto muito rigorosa. &#8220;Controlar o problema antes do produto sair da f\u00e1brica&#8221; \u00e9 o nosso princ\u00edpio. A qualidade \u00e9 a nossa vida. Todo o processo de produ\u00e7\u00e3o, embalagem e envio ter\u00e1 processos muito rigorosos para controlar a qualidade do produto. <\/p>\n\t\t\t\t\t\t\t\t<\/div>\n\t\t\t\t<div class=\"elementor-element elementor-element-66d1825d elementor-widget-divider--view-line elementor-widget elementor-widget-divider\" data-id=\"66d1825d\" data-element_type=\"widget\" data-e-type=\"widget\" data-widget_type=\"divider.default\">\n\t\t\t\t\t\t\t<div class=\"elementor-divider\">\n\t\t\t<span class=\"elementor-divider-separator\">\n\t\t\t\t\t\t<\/span>\n\t\t<\/div>\n\t\t\t\t\t\t<\/div>\n\t\t\t\t\t<\/div>\n\t\t\t\t<\/div>\n\t\t\t\t<\/div>\n\t\t","protected":false},"excerpt":{"rendered":"<p>Description O nosso principal produto est\u00e1 relacionado com o a\u00e7o, pode obter quase todos os produtos connosco. Temos produtos de contentores em rolo, paletes em rolo e A-Frame Glass Rack na nossa f\u00e1brica, temos mais de 100 linhas de produ\u00e7\u00e3o e fazemos todos os produtos e processos de produ\u00e7\u00e3o na nossa pr\u00f3pria f\u00e1brica. Assim, o [&hellip;]<\/p>\n","protected":false},"featured_media":3545,"comment_status":"closed","ping_status":"closed","template":"","meta":[],"product_brand":[],"product_cat":[275],"product_tag":[],"class_list":{"0":"post-28351","1":"product","2":"type-product","3":"status-publish","4":"has-post-thumbnail","6":"product_cat-prateleiras-de-vidro","8":"first","9":"instock","10":"shipping-taxable","11":"product-type-simple"},"_links":{"self":[{"href":"https:\/\/www.logistictool.com\/pt-pt\/wp-json\/wp\/v2\/product\/28351","targetHints":{"allow":["GET"]}}],"collection":[{"href":"https:\/\/www.logistictool.com\/pt-pt\/wp-json\/wp\/v2\/product"}],"about":[{"href":"https:\/\/www.logistictool.com\/pt-pt\/wp-json\/wp\/v2\/types\/product"}],"replies":[{"embeddable":true,"href":"https:\/\/www.logistictool.com\/pt-pt\/wp-json\/wp\/v2\/comments?post=28351"}],"version-history":[{"count":0,"href":"https:\/\/www.logistictool.com\/pt-pt\/wp-json\/wp\/v2\/product\/28351\/revisions"}],"wp:featuredmedia":[{"embeddable":true,"href":"https:\/\/www.logistictool.com\/pt-pt\/wp-json\/wp\/v2\/media\/3545"}],"wp:attachment":[{"href":"https:\/\/www.logistictool.com\/pt-pt\/wp-json\/wp\/v2\/media?parent=28351"}],"wp:term":[{"taxonomy":"product_brand","embeddable":true,"href":"https:\/\/www.logistictool.com\/pt-pt\/wp-json\/wp\/v2\/product_brand?post=28351"},{"taxonomy":"product_cat","embeddable":true,"href":"https:\/\/www.logistictool.com\/pt-pt\/wp-json\/wp\/v2\/product_cat?post=28351"},{"taxonomy":"product_tag","embeddable":true,"href":"https:\/\/www.logistictool.com\/pt-pt\/wp-json\/wp\/v2\/product_tag?post=28351"}],"curies":[{"name":"wp","href":"https:\/\/api.w.org\/{rel}","templated":true}]}}