{"id":28361,"date":"2025-05-13T06:58:39","date_gmt":"2025-05-13T06:58:39","guid":{"rendered":"https:\/\/www.logistictool.com\/sem%20categoria\/um-suporte-de-transporte-de-vidro-com-estrutura\/"},"modified":"2025-12-31T15:56:33","modified_gmt":"2025-12-31T15:56:33","slug":"um-suporte-de-transporte-de-vidro-com-estrutura","status":"publish","type":"product","link":"https:\/\/www.logistictool.com\/pt-pt\/prateleiras-de-vidro\/um-suporte-de-transporte-de-vidro-com-estrutura\/","title":{"rendered":"Um Suporte de Transporte de Vidro com Estrutura"},"content":{"rendered":"\t\t<div data-elementor-type=\"product-post\" data-elementor-id=\"28361\" class=\"elementor elementor-28361 elementor-3155\" data-elementor-post-type=\"product\">\n\t\t\t\t<div class=\"elementor-element elementor-element-4ffd8e0c e-flex e-con-boxed e-con e-parent\" data-id=\"4ffd8e0c\" data-element_type=\"container\" data-e-type=\"container\">\n\t\t\t\t\t<div class=\"e-con-inner\">\n\t\t\t\t<div class=\"elementor-element elementor-element-188325bf elementor-widget elementor-widget-spacer\" data-id=\"188325bf\" data-element_type=\"widget\" data-e-type=\"widget\" data-widget_type=\"spacer.default\">\n\t\t\t\t\t\t\t<div class=\"elementor-spacer\">\n\t\t\t<div class=\"elementor-spacer-inner\"><\/div>\n\t\t<\/div>\n\t\t\t\t\t\t<\/div>\n\t\t\t\t\t<\/div>\n\t\t\t\t<\/div>\n\t\t<div class=\"elementor-element elementor-element-4996b7e9 e-flex e-con-boxed e-con e-parent\" data-id=\"4996b7e9\" data-element_type=\"container\" data-e-type=\"container\">\n\t\t\t\t\t<div class=\"e-con-inner\">\n\t\t\t\t<div class=\"elementor-element elementor-element-7c103b72 elementor-widget elementor-widget-text-editor\" data-id=\"7c103b72\" data-element_type=\"widget\" data-e-type=\"widget\" data-widget_type=\"text-editor.default\">\n\t\t\t\t\t\t\t\t\t<p>Description<\/p>\n\t\t\t\t\t\t\t\t<\/div>\n\t\t\t\t<div class=\"elementor-element elementor-element-7abe6928 elementor-widget-divider--view-line elementor-widget elementor-widget-divider\" data-id=\"7abe6928\" data-element_type=\"widget\" data-e-type=\"widget\" data-widget_type=\"divider.default\">\n\t\t\t\t\t\t\t<div class=\"elementor-divider\">\n\t\t\t<span class=\"elementor-divider-separator\">\n\t\t\t\t\t\t<\/span>\n\t\t<\/div>\n\t\t\t\t\t\t<\/div>\n\t\t\t\t<div class=\"elementor-element elementor-element-2eef2158 elementor-widget elementor-widget-text-editor\" data-id=\"2eef2158\" data-element_type=\"widget\" data-e-type=\"widget\" data-widget_type=\"text-editor.default\">\n\t\t\t\t\t\t\t\t\t<p>O suporte de vidro interno em forma de A oferece suportes duplos para armazenamento de vidro, com o vidro assentando em blocos de base elevados na sali\u00eancia, e mantido com postes de correia seguros e blocos de reten\u00e7\u00e3o de vidro sem marcas. O vidro est\u00e1 encostado aos suportes, assentando na base de madeira contraplacada, e mantido com os postes de correia seguros e blocos deslizantes sem marcas. Deixe-nos tratar das suas solu\u00e7\u00f5es internas de transporte de vidro, contacte j\u00e1 um dos nossos membros da equipa de vendas. Desta forma, a capacidade de armazenamento duplica ou os custos de armazenamento s\u00e3o reduzidos para metade de uma s\u00f3 vez. S\u00f3 isto j\u00e1 \u00e9 raz\u00e3o suficiente para mudar para o sistema de transporte de vidro. <\/p>\n\t\t\t\t\t\t\t\t<\/div>\n\t\t\t\t\t<\/div>\n\t\t\t\t<\/div>\n\t\t<div class=\"elementor-element elementor-element-1170ece3 e-flex e-con-boxed e-con e-parent\" data-id=\"1170ece3\" data-element_type=\"container\" data-e-type=\"container\">\n\t\t\t\t\t<div class=\"e-con-inner\">\n\t\t\t\t<div class=\"elementor-element elementor-element-55f011f7 elementor-widget elementor-widget-heading\" data-id=\"55f011f7\" data-element_type=\"widget\" data-e-type=\"widget\" data-widget_type=\"heading.default\">\n\t\t\t\t\t<h3 class=\"elementor-heading-title elementor-size-default\">Par\u00e2metros do Produto<\/h3>\t\t\t\t<\/div>\n\t\t\t\t<div class=\"elementor-element elementor-element-34d7900e elementor-widget-divider--view-line elementor-widget elementor-widget-divider\" data-id=\"34d7900e\" data-element_type=\"widget\" data-e-type=\"widget\" data-widget_type=\"divider.default\">\n\t\t\t\t\t\t\t<div class=\"elementor-divider\">\n\t\t\t<span class=\"elementor-divider-separator\">\n\t\t\t\t\t\t<\/span>\n\t\t<\/div>\n\t\t\t\t\t\t<\/div>\n\t\t<div class=\"elementor-element elementor-element-22bf9349 e-con-full e-flex e-con e-child\" data-id=\"22bf9349\" data-element_type=\"container\" data-e-type=\"container\">\n\t\t\t\t<div class=\"elementor-element elementor-element-36a2724a elementor-widget__width-initial elementor-widget elementor-widget-text-editor\" data-id=\"36a2724a\" data-element_type=\"widget\" data-e-type=\"widget\" data-widget_type=\"text-editor.default\">\n\t\t\t\t\t\t\t\t\t<p>Nome do Produto<\/p>\n\t\t\t\t\t\t\t\t<\/div>\n\t\t\t\t<div class=\"elementor-element elementor-element-65b8d101 elementor-widget__width-initial elementor-widget elementor-widget-text-editor\" data-id=\"65b8d101\" data-element_type=\"widget\" data-e-type=\"widget\" data-widget_type=\"text-editor.default\">\n\t\t\t\t\t\t\t\t\t<p>Um Suporte de Transporte de Vidro com Moldura <\/p>\n\t\t\t\t\t\t\t\t<\/div>\n\t\t\t\t<\/div>\n\t\t<div class=\"elementor-element elementor-element-482bc7 e-con-full e-flex e-con e-child\" data-id=\"482bc7\" data-element_type=\"container\" data-e-type=\"container\">\n\t\t\t\t<div class=\"elementor-element elementor-element-605bfa2 elementor-widget__width-initial elementor-widget elementor-widget-text-editor\" data-id=\"605bfa2\" data-element_type=\"widget\" data-e-type=\"widget\" data-widget_type=\"text-editor.default\">\n\t\t\t\t\t\t\t\t\t<p>Dimens\u00e3o Exterior<\/p>\n\t\t\t\t\t\t\t\t<\/div>\n\t\t\t\t<div class=\"elementor-element elementor-element-3bd55ce6 elementor-widget__width-initial elementor-widget elementor-widget-text-editor\" data-id=\"3bd55ce6\" data-element_type=\"widget\" data-e-type=\"widget\" data-widget_type=\"text-editor.default\">\n\t\t\t\t\t\t\t\t\t<p>1500x1100x1200MM<\/p>\n\t\t\t\t\t\t\t\t<\/div>\n\t\t\t\t<\/div>\n\t\t<div class=\"elementor-element elementor-element-492d1c22 e-con-full e-flex e-con e-child\" data-id=\"492d1c22\" data-element_type=\"container\" data-e-type=\"container\">\n\t\t\t\t<div class=\"elementor-element elementor-element-101c2823 elementor-widget__width-initial elementor-widget elementor-widget-text-editor\" data-id=\"101c2823\" data-element_type=\"widget\" data-e-type=\"widget\" data-widget_type=\"text-editor.default\">\n\t\t\t\t\t\t\t\t\t<p>N.W<\/p>\n\t\t\t\t\t\t\t\t<\/div>\n\t\t\t\t<div class=\"elementor-element elementor-element-76d0605 elementor-widget__width-initial elementor-widget elementor-widget-text-editor\" data-id=\"76d0605\" data-element_type=\"widget\" data-e-type=\"widget\" data-widget_type=\"text-editor.default\">\n\t\t\t\t\t\t\t\t\t<p>196kg<\/p>\n\t\t\t\t\t\t\t\t<\/div>\n\t\t\t\t<\/div>\n\t\t<div class=\"elementor-element elementor-element-6f050f99 e-con-full e-flex e-con e-child\" data-id=\"6f050f99\" data-element_type=\"container\" data-e-type=\"container\">\n\t\t\t\t<div class=\"elementor-element elementor-element-588becff elementor-widget__width-initial elementor-widget elementor-widget-text-editor\" data-id=\"588becff\" data-element_type=\"widget\" data-e-type=\"widget\" data-widget_type=\"text-editor.default\">\n\t\t\t\t\t\t\t\t\t<p>Carga M\u00e1xima<\/p>\n\t\t\t\t\t\t\t\t<\/div>\n\t\t\t\t<div class=\"elementor-element elementor-element-632744be elementor-widget__width-initial elementor-widget elementor-widget-text-editor\" data-id=\"632744be\" data-element_type=\"widget\" data-e-type=\"widget\" data-widget_type=\"text-editor.default\">\n\t\t\t\t\t\t\t\t\t<p>1000kg<\/p>\n\t\t\t\t\t\t\t\t<\/div>\n\t\t\t\t<\/div>\n\t\t<div class=\"elementor-element elementor-element-2548fdad e-con-full e-flex e-con e-child\" data-id=\"2548fdad\" data-element_type=\"container\" data-e-type=\"container\">\n\t\t\t\t<div class=\"elementor-element elementor-element-3c35ad9a elementor-widget__width-initial elementor-widget elementor-widget-text-editor\" data-id=\"3c35ad9a\" data-element_type=\"widget\" data-e-type=\"widget\" data-widget_type=\"text-editor.default\">\n\t\t\t\t\t\t\t\t\t<p>Material<\/p>\n\t\t\t\t\t\t\t\t<\/div>\n\t\t\t\t<div class=\"elementor-element elementor-element-1fd4a29c elementor-widget__width-initial elementor-widget elementor-widget-text-editor\" data-id=\"1fd4a29c\" data-element_type=\"widget\" data-e-type=\"widget\" data-widget_type=\"text-editor.default\">\n\t\t\t\t\t\t\t\t\t<p>A\u00e7o macio Q235<\/p>\n\t\t\t\t\t\t\t\t<\/div>\n\t\t\t\t<\/div>\n\t\t<div class=\"elementor-element elementor-element-6c64c27d e-con-full e-flex e-con e-child\" data-id=\"6c64c27d\" data-element_type=\"container\" data-e-type=\"container\">\n\t\t\t\t<div class=\"elementor-element elementor-element-3f4f6f7f elementor-widget__width-initial elementor-widget elementor-widget-text-editor\" data-id=\"3f4f6f7f\" data-element_type=\"widget\" data-e-type=\"widget\" data-widget_type=\"text-editor.default\">\n\t\t\t\t\t\t\t\t\t<p>Finish<\/p>\n\t\t\t\t\t\t\t\t<\/div>\n\t\t\t\t<div class=\"elementor-element elementor-element-55218025 elementor-widget__width-initial elementor-widget elementor-widget-text-editor\" data-id=\"55218025\" data-element_type=\"widget\" data-e-type=\"widget\" data-widget_type=\"text-editor.default\">\n\t\t\t\t\t\t\t\t\t<p>Galvanizado dur\u00e1vel <\/p>\n\t\t\t\t\t\t\t\t<\/div>\n\t\t\t\t<\/div>\n\t\t<div class=\"elementor-element elementor-element-75ff15d6 e-con-full e-flex e-con e-child\" data-id=\"75ff15d6\" data-element_type=\"container\" data-e-type=\"container\">\n\t\t\t\t<div class=\"elementor-element elementor-element-2e78ee70 elementor-widget__width-initial elementor-widget elementor-widget-text-editor\" data-id=\"2e78ee70\" data-element_type=\"widget\" data-e-type=\"widget\" data-widget_type=\"text-editor.default\">\n\t\t\t\t\t\t\t\t\t<p>Personaliza\u00e7\u00e3o<\/p>\n\t\t\t\t\t\t\t\t<\/div>\n\t\t\t\t<div class=\"elementor-element elementor-element-402a64e1 elementor-widget__width-initial elementor-widget elementor-widget-text-editor\" data-id=\"402a64e1\" data-element_type=\"widget\" data-e-type=\"widget\" data-widget_type=\"text-editor.default\">\n\t\t\t\t\t\t\t\t\t<p>ODM&amp;OEM<\/p>\n\t\t\t\t\t\t\t\t<\/div>\n\t\t\t\t<\/div>\n\t\t<div class=\"elementor-element elementor-element-3d32a6a9 e-con-full e-flex e-con e-child\" data-id=\"3d32a6a9\" data-element_type=\"container\" data-e-type=\"container\">\n\t\t\t\t<div class=\"elementor-element elementor-element-2d656ecc elementor-widget__width-initial elementor-widget elementor-widget-text-editor\" data-id=\"2d656ecc\" data-element_type=\"widget\" data-e-type=\"widget\" data-widget_type=\"text-editor.default\">\n\t\t\t\t\t\t\t\t\t<p>Local de Origem<\/p>\n\t\t\t\t\t\t\t\t<\/div>\n\t\t\t\t<div class=\"elementor-element elementor-element-3377abbb elementor-widget__width-initial elementor-widget elementor-widget-text-editor\" data-id=\"3377abbb\" data-element_type=\"widget\" data-e-type=\"widget\" data-widget_type=\"text-editor.default\">\n\t\t\t\t\t\t\t\t\t<p>Qingdao, China<\/p>\n\t\t\t\t\t\t\t\t<\/div>\n\t\t\t\t<\/div>\n\t\t\t\t\t<\/div>\n\t\t\t\t<\/div>\n\t\t<div class=\"elementor-element elementor-element-413b7430 e-flex e-con-boxed e-con e-parent\" data-id=\"413b7430\" data-element_type=\"container\" data-e-type=\"container\">\n\t\t\t\t\t<div class=\"e-con-inner\">\n\t\t\t\t<div class=\"elementor-element elementor-element-19dee1f9 elementor-widget elementor-widget-heading\" data-id=\"19dee1f9\" data-element_type=\"widget\" data-e-type=\"widget\" data-widget_type=\"heading.default\">\n\t\t\t\t\t<h3 class=\"elementor-heading-title elementor-size-default\">Tempo de espera<\/h3>\t\t\t\t<\/div>\n\t\t\t\t<div class=\"elementor-element elementor-element-5f05a218 elementor-widget-divider--view-line elementor-widget elementor-widget-divider\" data-id=\"5f05a218\" data-element_type=\"widget\" data-e-type=\"widget\" data-widget_type=\"divider.default\">\n\t\t\t\t\t\t\t<div class=\"elementor-divider\">\n\t\t\t<span class=\"elementor-divider-separator\">\n\t\t\t\t\t\t<\/span>\n\t\t<\/div>\n\t\t\t\t\t\t<\/div>\n\t\t\t\t<div class=\"elementor-element elementor-element-41f2262 elementor-widget elementor-widget-text-editor\" data-id=\"41f2262\" data-element_type=\"widget\" data-e-type=\"widget\" data-widget_type=\"text-editor.default\">\n\t\t\t\t\t\t\t\t\t<p>Manteremos sempre a fina tradi\u00e7\u00e3o de justi\u00e7a e autoaperfei\u00e7oamento da na\u00e7\u00e3o chinesa. Ao mesmo tempo, acreditamos firmemente que o win-win \u00e9 a base da coopera\u00e7\u00e3o e que a persist\u00eancia \u00e9 uma qualidade indispens\u00e1vel para o sucesso. <\/p>\n<p>Estaremos sempre comprometidos com a investiga\u00e7\u00e3o e desenvolvimento de novos produtos e com a garantia de qualidade dos produtos originais, correspondendo \u00e0s expectativas do mercado e dos clientes da nossa empresa. E o que esperar dos produtos da nossa empresa. <\/p>\n\t\t\t\t\t\t\t\t<\/div>\n\t\t\t\t\t<\/div>\n\t\t\t\t<\/div>\n\t\t\t\t<\/div>\n\t\t","protected":false},"excerpt":{"rendered":"<p>Description O suporte de vidro interno em forma de A oferece suportes duplos para armazenamento de vidro, com o vidro assentando em blocos de base elevados na sali\u00eancia, e mantido com postes de correia seguros e blocos de reten\u00e7\u00e3o de vidro sem marcas. O vidro est\u00e1 encostado aos suportes, assentando na base de madeira contraplacada, [&hellip;]<\/p>\n","protected":false},"featured_media":3547,"comment_status":"closed","ping_status":"closed","template":"","meta":[],"product_brand":[],"product_cat":[275],"product_tag":[],"class_list":{"0":"post-28361","1":"product","2":"type-product","3":"status-publish","4":"has-post-thumbnail","6":"product_cat-prateleiras-de-vidro","8":"first","9":"instock","10":"shipping-taxable","11":"product-type-simple"},"_links":{"self":[{"href":"https:\/\/www.logistictool.com\/pt-pt\/wp-json\/wp\/v2\/product\/28361","targetHints":{"allow":["GET"]}}],"collection":[{"href":"https:\/\/www.logistictool.com\/pt-pt\/wp-json\/wp\/v2\/product"}],"about":[{"href":"https:\/\/www.logistictool.com\/pt-pt\/wp-json\/wp\/v2\/types\/product"}],"replies":[{"embeddable":true,"href":"https:\/\/www.logistictool.com\/pt-pt\/wp-json\/wp\/v2\/comments?post=28361"}],"version-history":[{"count":0,"href":"https:\/\/www.logistictool.com\/pt-pt\/wp-json\/wp\/v2\/product\/28361\/revisions"}],"wp:featuredmedia":[{"embeddable":true,"href":"https:\/\/www.logistictool.com\/pt-pt\/wp-json\/wp\/v2\/media\/3547"}],"wp:attachment":[{"href":"https:\/\/www.logistictool.com\/pt-pt\/wp-json\/wp\/v2\/media?parent=28361"}],"wp:term":[{"taxonomy":"product_brand","embeddable":true,"href":"https:\/\/www.logistictool.com\/pt-pt\/wp-json\/wp\/v2\/product_brand?post=28361"},{"taxonomy":"product_cat","embeddable":true,"href":"https:\/\/www.logistictool.com\/pt-pt\/wp-json\/wp\/v2\/product_cat?post=28361"},{"taxonomy":"product_tag","embeddable":true,"href":"https:\/\/www.logistictool.com\/pt-pt\/wp-json\/wp\/v2\/product_tag?post=28361"}],"curies":[{"name":"wp","href":"https:\/\/api.w.org\/{rel}","templated":true}]}}