{"id":26317,"date":"2025-04-01T07:37:13","date_gmt":"2025-04-01T07:37:13","guid":{"rendered":"https:\/\/www.logistictool.com\/urunler\/"},"modified":"2025-08-05T07:31:44","modified_gmt":"2025-08-05T07:31:44","slug":"urunler","status":"publish","type":"page","link":"https:\/\/www.logistictool.com\/tr\/urunler\/","title":{"rendered":"\u00dcr\u00fcnler"},"content":{"rendered":"\t\t<div data-elementor-type=\"wp-page\" data-elementor-id=\"26317\" class=\"elementor elementor-26317 elementor-2183\" data-elementor-post-type=\"page\">\n\t\t\t\t<div class=\"elementor-element elementor-element-4b7fe0bf e-flex e-con-boxed e-con e-parent\" data-id=\"4b7fe0bf\" data-element_type=\"container\" data-e-type=\"container\">\n\t\t\t\t\t<div class=\"e-con-inner\">\n\t\t<div class=\"elementor-element elementor-element-63c7effc e-con-full elementor-hidden-mobile e-flex e-con e-child\" data-id=\"63c7effc\" data-element_type=\"container\" data-e-type=\"container\">\n\t\t\t\t<div class=\"elementor-element elementor-element-56c28150 elementor-widget elementor-widget-heading\" data-id=\"56c28150\" data-element_type=\"widget\" data-e-type=\"widget\" data-widget_type=\"heading.default\">\n\t\t\t\t\t<h3 class=\"elementor-heading-title elementor-size-default\">KATEGOR\u0130LER<\/h3>\t\t\t\t<\/div>\n\t\t\t\t<div class=\"elementor-element elementor-element-142f2a25 elementor-widget elementor-widget-template\" data-id=\"142f2a25\" data-element_type=\"widget\" data-e-type=\"widget\" data-widget_type=\"template.default\">\n\t\t\t\t<div class=\"elementor-widget-container\">\n\t\t\t\t\t\t\t<div class=\"elementor-template\">\n\t\t\t\t\t<div data-elementor-type=\"product-archive\" data-elementor-id=\"25976\" class=\"elementor elementor-25976 elementor-628 elementor-628 product\" data-elementor-post-type=\"elementor_library\">\n\t\t\t<div class=\"elementor-element elementor-element-03eb50b e-flex e-con-boxed e-con e-parent\" data-id=\"03eb50b\" data-element_type=\"container\" data-e-type=\"container\">\n\t\t\t\t\t<div class=\"e-con-inner\">\n\t\t\t\t<div class=\"elementor-element elementor-element-b725d9d elementor-widget__width-inherit elementor-nav-menu__text-align-aside elementor-widget elementor-widget-nav-menu\" data-id=\"b725d9d\" data-element_type=\"widget\" data-e-type=\"widget\" data-settings=\"{&quot;layout&quot;:&quot;dropdown&quot;,&quot;submenu_icon&quot;:{&quot;value&quot;:&quot;&lt;svg aria-hidden=\\&quot;true\\&quot; class=\\&quot;e-font-icon-svg e-fas-caret-down\\&quot; viewBox=\\&quot;0 0 320 512\\&quot; xmlns=\\&quot;http:\\\/\\\/www.w3.org\\\/2000\\\/svg\\&quot;&gt;&lt;path d=\\&quot;M31.3 192h257.3c17.8 0 26.7 21.5 14.1 34.1L174.1 354.8c-7.8 7.8-20.5 7.8-28.3 0L17.2 226.1C4.6 213.5 13.5 192 31.3 192z\\&quot;&gt;&lt;\\\/path&gt;&lt;\\\/svg&gt;&quot;,&quot;library&quot;:&quot;fa-solid&quot;}}\" data-widget_type=\"nav-menu.default\">\n\t\t\t\t\t\t\t\t<nav class=\"elementor-nav-menu--dropdown elementor-nav-menu__container\" aria-hidden=\"true\">\n\t\t\t\t<ul id=\"menu-2-b725d9d\" class=\"elementor-nav-menu\"><li class=\"menu-item menu-item-type-post_type menu-item-object-page menu-item-has-children menu-item-2683\"><a href=\"https:\/\/www.logistictool.com\/roll-container\/\" class=\"elementor-item\" tabindex=\"-1\">Rulo Konteyner<\/a>\n<ul class=\"sub-menu elementor-nav-menu--dropdown\">\n\t<li class=\"menu-item menu-item-type-post_type menu-item-object-page menu-item-2914\"><a href=\"https:\/\/www.logistictool.com\/roll-container\/2-sided-roll-container\/\" class=\"elementor-sub-item\" tabindex=\"-1\">2 Tarafl\u0131 Rulo Konteyner<\/a><\/li>\n\t<li class=\"menu-item menu-item-type-post_type menu-item-object-page menu-item-2915\"><a href=\"https:\/\/www.logistictool.com\/roll-container\/3-sided-roll-container\/\" class=\"elementor-sub-item\" tabindex=\"-1\">3 Tarafl\u0131 Rulo Konteyner<\/a><\/li>\n\t<li class=\"menu-item menu-item-type-post_type menu-item-object-page menu-item-2916\"><a href=\"https:\/\/www.logistictool.com\/roll-container\/4-sided-roll-container\/\" class=\"elementor-sub-item\" tabindex=\"-1\">4 Tarafl\u0131 Rulo Konteyner<\/a><\/li>\n\t<li class=\"menu-item menu-item-type-post_type menu-item-object-page menu-item-2918\"><a href=\"https:\/\/www.logistictool.com\/roll-container\/security-roll-container\/\" class=\"elementor-sub-item\" tabindex=\"-1\">G\u00fcvenlik Rulo Konteyneri<\/a><\/li>\n\t<li class=\"menu-item menu-item-type-post_type menu-item-object-page menu-item-2917\"><a href=\"https:\/\/www.logistictool.com\/roll-container\/laundry-cage\/\" class=\"elementor-sub-item\" tabindex=\"-1\">\u00c7ama\u015f\u0131r Kafesi<\/a><\/li>\n<\/ul>\n<\/li>\n<li class=\"menu-item menu-item-type-post_type menu-item-object-page menu-item-2921\"><a href=\"https:\/\/www.logistictool.com\/wire-container\/\" class=\"elementor-item\" tabindex=\"-1\">Tel Konteyner<\/a><\/li>\n<li class=\"menu-item menu-item-type-post_type menu-item-object-page menu-item-2911\"><a href=\"https:\/\/www.logistictool.com\/cage-pallet\/\" class=\"elementor-item\" tabindex=\"-1\">Kafes Palet<\/a><\/li>\n<li class=\"menu-item menu-item-type-post_type menu-item-object-page menu-item-2919\"><a href=\"https:\/\/www.logistictool.com\/stillages\/\" class=\"elementor-item\" tabindex=\"-1\">Damperler<\/a><\/li>\n<li class=\"menu-item menu-item-type-post_type menu-item-object-page menu-item-2913\"><a href=\"https:\/\/www.logistictool.com\/post-pallet\/\" class=\"elementor-item\" tabindex=\"-1\">Posta Paleti<\/a><\/li>\n<li class=\"menu-item menu-item-type-post_type menu-item-object-page menu-item-2920\"><a href=\"https:\/\/www.logistictool.com\/tire-rack\/\" class=\"elementor-item\" tabindex=\"-1\">Lastik Raf\u0131<\/a><\/li>\n<li class=\"menu-item menu-item-type-post_type menu-item-object-page menu-item-2912\"><a href=\"https:\/\/www.logistictool.com\/glass-racking\/\" class=\"elementor-item\" tabindex=\"-1\">Cam Raflar<\/a><\/li>\n<\/ul>\t\t\t<\/nav>\n\t\t\t\t\t\t<\/div>\n\t\t\t\t\t<\/div>\n\t\t\t\t<\/div>\n\t\t\t\t<\/div>\n\t\t\t\t<\/div>\n\t\t\t\t\t\t<\/div>\n\t\t\t\t<\/div>\n\t\t\t\t<\/div>\n\t\t<div class=\"elementor-element elementor-element-3b8916c3 e-con-full e-flex e-con e-child\" data-id=\"3b8916c3\" data-element_type=\"container\" data-e-type=\"container\">\n\t\t\t\t<div class=\"elementor-element elementor-element-3d97483e elementor-widget elementor-widget-heading\" data-id=\"3d97483e\" data-element_type=\"widget\" data-e-type=\"widget\" data-widget_type=\"heading.default\">\n\t\t\t\t\t<h2 class=\"elementor-heading-title elementor-size-default\">\u00dcr\u00fcn<\/h2>\t\t\t\t<\/div>\n\t\t\t\t<div class=\"elementor-element elementor-element-103c671 elementor-widget elementor-widget-kevinchen_category_products\" data-id=\"103c671\" data-element_type=\"widget\" data-e-type=\"widget\" data-widget_type=\"kevinchen_category_products.default\">\n\t\t\t\t<div class=\"elementor-widget-container\">\n\t\t\t\t\t        <div class=\"kevinchen-category-products-widget\" data-widget-id=\"103c671\" data-current-page=\"1\" data-categories=\"59,60,61,62,63,64,65,66,67,68,69,70\" data-products-per-page=\"12\" data-columns=\"3\">\n            <div class=\"kcp-products-container\">\n                                    <div class=\"kcp-products-grid columns-3\">\n                                                                                <div class=\"kcp-product-item\">\n                                <a href=\"https:\/\/www.logistictool.com\/tr\/tel-konteyner\/tel-palet-kafesleri\/\" class=\"kcp-product-link\">\n                                    <div class=\"kcp-product-image-wrapper\">\n                                        <img decoding=\"async\" src=\"https:\/\/www.logistictool.com\/wp-content\/uploads\/2025\/06\/Wire-Pallet-Cages-1-300x300.jpg?wsr\" alt=\"Tel Palet Kafesleri\" class=\"kcp-product-image\">\n                                    <\/div>\n                                    <h3 class=\"kcp-product-title\">Tel Palet Kafesleri<\/h3>\n                                <\/a>\n                            <\/div>\n                                                                                <div class=\"kcp-product-item\">\n                                <a href=\"https:\/\/www.logistictool.com\/tr\/tel-konteyner\/tel-orgu-palet-kutusu\/\" class=\"kcp-product-link\">\n                                    <div class=\"kcp-product-image-wrapper\">\n                                        <img decoding=\"async\" src=\"https:\/\/www.logistictool.com\/wp-content\/uploads\/2025\/06\/Wire-Mesh-Pallet-Box-1-300x300.jpg?wsr\" alt=\"Tel \u00d6rg\u00fc Palet Kutusu\" class=\"kcp-product-image\">\n                                    <\/div>\n                                    <h3 class=\"kcp-product-title\">Tel \u00d6rg\u00fc Palet Kutusu<\/h3>\n                                <\/a>\n                            <\/div>\n                                                                                <div class=\"kcp-product-item\">\n                                <a href=\"https:\/\/www.logistictool.com\/tr\/tel-konteyner\/tel-konteyner-depolama-kafesleri\/\" class=\"kcp-product-link\">\n                                    <div class=\"kcp-product-image-wrapper\">\n                                        <img decoding=\"async\" src=\"https:\/\/www.logistictool.com\/wp-content\/uploads\/2025\/06\/Wire-Container-Storage-Cages-300x300.jpg?wsr\" alt=\"Tel Konteyner Depolama Kafesleri\" class=\"kcp-product-image\">\n                                    <\/div>\n                                    <h3 class=\"kcp-product-title\">Tel Konteyner Depolama Kafesleri<\/h3>\n                                <\/a>\n                            <\/div>\n                                                                                <div class=\"kcp-product-item\">\n                                <a href=\"https:\/\/www.logistictool.com\/tr\/tel-konteyner\/pet-preform-tel-konteyner\/\" class=\"kcp-product-link\">\n                                    <div class=\"kcp-product-image-wrapper\">\n                                        <img decoding=\"async\" src=\"https:\/\/www.logistictool.com\/wp-content\/uploads\/2025\/06\/PET-Preform-Wire-Container-1-300x300.jpg?wsr\" alt=\"PET Preform Tel Konteyner\" class=\"kcp-product-image\">\n                                    <\/div>\n                                    <h3 class=\"kcp-product-title\">PET Preform Tel Konteyner<\/h3>\n                                <\/a>\n                            <\/div>\n                                                                                <div class=\"kcp-product-item\">\n                                <a href=\"https:\/\/www.logistictool.com\/tr\/tel-konteyner\/evcil-hayvan-preform-saklama-metal-kutusu\/\" class=\"kcp-product-link\">\n                                    <div class=\"kcp-product-image-wrapper\">\n                                        <img decoding=\"async\" src=\"https:\/\/www.logistictool.com\/wp-content\/uploads\/2025\/06\/Pet-Preform-Storage-Metal-Box-1-300x300.jpg?wsr\" alt=\"Evcil Hayvan Preform Saklama Metal Kutusu\" class=\"kcp-product-image\">\n                                    <\/div>\n                                    <h3 class=\"kcp-product-title\">Evcil Hayvan Preform Saklama Metal Kutusu<\/h3>\n                                <\/a>\n                            <\/div>\n                                                                                <div class=\"kcp-product-item\">\n                                <a href=\"https:\/\/www.logistictool.com\/tr\/tel-konteyner\/metal-tel-orgu-konteyner\/\" class=\"kcp-product-link\">\n                                    <div class=\"kcp-product-image-wrapper\">\n                                        <img decoding=\"async\" src=\"https:\/\/www.logistictool.com\/wp-content\/uploads\/2025\/06\/Metal-Wire-Mesh-Container-1-300x300.jpg?wsr\" alt=\"Metal Tel \u00d6rg\u00fc Konteyner\" class=\"kcp-product-image\">\n                                    <\/div>\n                                    <h3 class=\"kcp-product-title\">Metal Tel \u00d6rg\u00fc Konteyner<\/h3>\n                                <\/a>\n                            <\/div>\n                                                                                <div class=\"kcp-product-item\">\n                                <a href=\"https:\/\/www.logistictool.com\/tr\/tel-konteyner\/tel-kafesli-tasima-arabasi-tekerlekli-tasima-arabasi-konteyner\/\" class=\"kcp-product-link\">\n                                    <div class=\"kcp-product-image-wrapper\">\n                                        <img decoding=\"async\" src=\"https:\/\/www.logistictool.com\/wp-content\/uploads\/2025\/06\/Mesh-Roll-Cage-Trolley-Rolling-Cart-Container-1-300x300.jpg?wsr\" alt=\"Tel Kafesli Ta\u015f\u0131ma Arabas\u0131 Tekerlekli Ta\u015f\u0131ma Arabas\u0131 Konteyner\" class=\"kcp-product-image\">\n                                    <\/div>\n                                    <h3 class=\"kcp-product-title\">Tel Kafesli Ta\u015f\u0131ma Arabas\u0131 Tekerlekli Ta\u015f\u0131ma Arabas\u0131 Konteyner<\/h3>\n                                <\/a>\n                            <\/div>\n                                                                                <div class=\"kcp-product-item\">\n                                <a href=\"https:\/\/www.logistictool.com\/tr\/tel-konteyner\/endustriyel-tel-konteynerler\/\" class=\"kcp-product-link\">\n                                    <div class=\"kcp-product-image-wrapper\">\n                                        <img decoding=\"async\" src=\"https:\/\/www.logistictool.com\/wp-content\/uploads\/2025\/06\/Industrial-Wire-Containers-1-300x300.jpg?wsr\" alt=\"End\u00fcstriyel Tel Konteynerler\" class=\"kcp-product-image\">\n                                    <\/div>\n                                    <h3 class=\"kcp-product-title\">End\u00fcstriyel Tel Konteynerler<\/h3>\n                                <\/a>\n                            <\/div>\n                                                                                <div class=\"kcp-product-item\">\n                                <a href=\"https:\/\/www.logistictool.com\/tr\/tel-konteyner\/agir-hizmet-tipi-tel-orgu-konteyner\/\" class=\"kcp-product-link\">\n                                    <div class=\"kcp-product-image-wrapper\">\n                                        <img decoding=\"async\" src=\"https:\/\/www.logistictool.com\/wp-content\/uploads\/2025\/06\/Heavy-Duty-Wire-Mesh-Container-1-300x300.jpg?wsr\" alt=\"A\u011f\u0131r Hizmet Tipi Tel \u00d6rg\u00fc Konteyner\" class=\"kcp-product-image\">\n                                    <\/div>\n                                    <h3 class=\"kcp-product-title\">A\u011f\u0131r Hizmet Tipi Tel \u00d6rg\u00fc Konteyner<\/h3>\n                                <\/a>\n                            <\/div>\n                                                                                <div class=\"kcp-product-item\">\n                                <a href=\"https:\/\/www.logistictool.com\/tr\/tel-konteyner\/galvanizli-tel-konteyner\/\" class=\"kcp-product-link\">\n                                    <div class=\"kcp-product-image-wrapper\">\n                                        <img decoding=\"async\" src=\"https:\/\/www.logistictool.com\/wp-content\/uploads\/2025\/06\/Galvanized-Wire-Container-1-300x300.jpg?wsr\" alt=\"Galvanizli Tel Konteyner\" class=\"kcp-product-image\">\n                                    <\/div>\n                                    <h3 class=\"kcp-product-title\">Galvanizli Tel Konteyner<\/h3>\n                                <\/a>\n                            <\/div>\n                                                                                <div class=\"kcp-product-item\">\n                                <a href=\"https:\/\/www.logistictool.com\/tr\/tel-konteyner\/galvanizli-katlanabilir-euro-tel-konteyner\/\" class=\"kcp-product-link\">\n                                    <div class=\"kcp-product-image-wrapper\">\n                                        <img decoding=\"async\" src=\"https:\/\/www.logistictool.com\/wp-content\/uploads\/2025\/06\/Galvanized-Foldable-Euro-Wire-Container-1-300x300.jpg?wsr\" alt=\"Galvanizli Katlanabilir Euro Tel Konteyner\" class=\"kcp-product-image\">\n                                    <\/div>\n                                    <h3 class=\"kcp-product-title\">Galvanizli Katlanabilir Euro Tel Konteyner<\/h3>\n                                <\/a>\n                            <\/div>\n                                                                                <div class=\"kcp-product-item\">\n                                <a href=\"https:\/\/www.logistictool.com\/tr\/tel-konteyner\/katlanir-tel-orgu-konteyner\/\" class=\"kcp-product-link\">\n                                    <div class=\"kcp-product-image-wrapper\">\n                                        <img decoding=\"async\" src=\"https:\/\/www.logistictool.com\/wp-content\/uploads\/2025\/06\/Folding-Wire-Mesh-Container-1-300x300.jpg?wsr\" alt=\"Katlan\u0131r Tel \u00d6rg\u00fc Konteyner\" class=\"kcp-product-image\">\n                                    <\/div>\n                                    <h3 class=\"kcp-product-title\">Katlan\u0131r Tel \u00d6rg\u00fc Konteyner<\/h3>\n                                <\/a>\n                            <\/div>\n                                            <\/div>\n                    \n                                            <div class=\"kcp-pagination\">\n                            <div class=\"kcp-pagination-numbers\"><span class=\"kcp-pagination-number current\">1<\/span><a href=\"#\" class=\"kcp-pagination-number\" data-page=\"2\">2<\/a><a href=\"#\" class=\"kcp-pagination-number\" data-page=\"3\">3<\/a><span class=\"kcp-pagination-dots\">&hellip;<\/span><a href=\"#\" class=\"kcp-pagination-number\" data-page=\"10\">10<\/a><\/div><a href=\"#\" class=\"kcp-pagination-next\" data-page=\"2\" aria-label=\"\u4e0b\u4e00\u9875\">&raquo;<\/a>                        <\/div>\n                                        \n                                \n                            <\/div>\n        <\/div>\n        \t\t\t\t<\/div>\n\t\t\t\t<\/div>\n\t\t\t\t<\/div>\n\t\t\t\t\t<\/div>\n\t\t\t\t<\/div>\n\t\t\t\t<\/div>\n\t\t","protected":false},"excerpt":{"rendered":"<p>KATEGOR\u0130LER \u00dcr\u00fcn Wire Pallet Cages Wire Mesh Pallet Box Wire Container Storage Cages PET Preform Wire Container Pet Preform Storage Metal Box Metal Wire Mesh Container Mesh Roll Cage Trolley Rolling Cart Container Industrial Wire Containers Heavy Duty Wire Mesh Container Galvanized Wire Container Galvanized Foldable Euro Wire Container Folding Wire Mesh Container 123&hellip;10&raquo;<\/p>\n","protected":false},"author":2,"featured_media":0,"parent":0,"menu_order":0,"comment_status":"closed","ping_status":"closed","template":"","meta":{"footnotes":""},"class_list":["post-26317","page","type-page","status-publish","hentry"],"_links":{"self":[{"href":"https:\/\/www.logistictool.com\/tr\/wp-json\/wp\/v2\/pages\/26317","targetHints":{"allow":["GET"]}}],"collection":[{"href":"https:\/\/www.logistictool.com\/tr\/wp-json\/wp\/v2\/pages"}],"about":[{"href":"https:\/\/www.logistictool.com\/tr\/wp-json\/wp\/v2\/types\/page"}],"author":[{"embeddable":true,"href":"https:\/\/www.logistictool.com\/tr\/wp-json\/wp\/v2\/users\/2"}],"replies":[{"embeddable":true,"href":"https:\/\/www.logistictool.com\/tr\/wp-json\/wp\/v2\/comments?post=26317"}],"version-history":[{"count":0,"href":"https:\/\/www.logistictool.com\/tr\/wp-json\/wp\/v2\/pages\/26317\/revisions"}],"wp:attachment":[{"href":"https:\/\/www.logistictool.com\/tr\/wp-json\/wp\/v2\/media?parent=26317"}],"curies":[{"name":"wp","href":"https:\/\/api.w.org\/{rel}","templated":true}]}}