{"id":28193,"date":"2025-05-12T06:15:21","date_gmt":"2025-05-12T06:15:21","guid":{"rendered":"https:\/\/www.logistictool.com\/kategorilenmemis\/depolar-icin-roll-cage-arabalari\/"},"modified":"2025-12-31T15:29:43","modified_gmt":"2025-12-31T15:29:43","slug":"depolar-icin-roll-cage-arabalari","status":"publish","type":"product","link":"https:\/\/www.logistictool.com\/tr\/3-tarafli-rulo-konteyner\/depolar-icin-roll-cage-arabalari\/","title":{"rendered":"Depolar \u0130\u00e7in Roll Cage Arabalar\u0131"},"content":{"rendered":"\t\t<div data-elementor-type=\"product-post\" data-elementor-id=\"28193\" class=\"elementor elementor-28193 elementor-3059\" data-elementor-post-type=\"product\">\n\t\t\t\t<div class=\"elementor-element elementor-element-2bcd7ba0 e-flex e-con-boxed e-con e-parent\" data-id=\"2bcd7ba0\" data-element_type=\"container\" data-e-type=\"container\">\n\t\t\t\t\t<div class=\"e-con-inner\">\n\t\t\t\t<div class=\"elementor-element elementor-element-1a2efbdb elementor-widget elementor-widget-spacer\" data-id=\"1a2efbdb\" data-element_type=\"widget\" data-e-type=\"widget\" data-widget_type=\"spacer.default\">\n\t\t\t\t\t\t\t<div class=\"elementor-spacer\">\n\t\t\t<div class=\"elementor-spacer-inner\"><\/div>\n\t\t<\/div>\n\t\t\t\t\t\t<\/div>\n\t\t\t\t\t<\/div>\n\t\t\t\t<\/div>\n\t\t<div class=\"elementor-element elementor-element-68b058f0 e-flex e-con-boxed e-con e-parent\" data-id=\"68b058f0\" data-element_type=\"container\" data-e-type=\"container\">\n\t\t\t\t\t<div class=\"e-con-inner\">\n\t\t\t\t<div class=\"elementor-element elementor-element-34ca3831 elementor-widget elementor-widget-text-editor\" data-id=\"34ca3831\" data-element_type=\"widget\" data-e-type=\"widget\" data-widget_type=\"text-editor.default\">\n\t\t\t\t\t\t\t\t\t<p>Description<\/p>\n\t\t\t\t\t\t\t\t<\/div>\n\t\t\t\t<div class=\"elementor-element elementor-element-644956d9 elementor-widget-divider--view-line elementor-widget elementor-widget-divider\" data-id=\"644956d9\" data-element_type=\"widget\" data-e-type=\"widget\" data-widget_type=\"divider.default\">\n\t\t\t\t\t\t\t<div class=\"elementor-divider\">\n\t\t\t<span class=\"elementor-divider-separator\">\n\t\t\t\t\t\t<\/span>\n\t\t<\/div>\n\t\t\t\t\t\t<\/div>\n\t\t\t\t<div class=\"elementor-element elementor-element-70c1661a elementor-widget elementor-widget-text-editor\" data-id=\"70c1661a\" data-element_type=\"widget\" data-e-type=\"widget\" data-widget_type=\"text-editor.default\">\n\t\t\t\t\t\t\t\t\t<p>\u00dcst \u00fcstlenebilir \u00c7elik Galvanizli Metal Tel \u00d6rg\u00fcl\u00fc Konteyner, ayn\u0131 zamanda g\u00fcvenlik rulo kafesi, 3 tarafl\u0131 rulo kafesi veya 3 yanl\u0131 rulo konteyner olarak da adland\u0131r\u0131l\u0131r; bu, mallar\u0131n\u0131z\u0131 veya \u00fcr\u00fcnlerinizi bir yerden ba\u015fka bir yere ta\u015f\u0131mak i\u00e7in kullan\u0131\u015fl\u0131 bir ekipmand\u0131r. Bu, perakende i\u015fletmesi ve da\u011f\u0131t\u0131m merkezi i\u00e7in iyi bir fikir. Rulo konteyner, s\u00fcpermarket, depo, stok, at\u00f6lye gibi herhangi bir end\u00fcstriyel yerde kullan\u0131labilir. <\/p>\n<p>Kafes kullan\u0131lmad\u0131\u011f\u0131nda, onu katlay\u0131n ve bir t\u00fcp halinde \u00fcst \u00fcste koyun, b\u00f6ylece kafeslerin depolama alan\u0131 1\/4 oran\u0131nda en aza indirilebilir. Kafesler kullan\u0131m\u0131 \u00e7ok h\u0131zl\u0131 ve kolayd\u0131r ve sadece \u00fcr\u00fcn\u00fcn d\u0131\u015f da\u011f\u0131t\u0131m\u0131ndan \u00e7ok daha fazlas\u0131 i\u00e7in d\u00fc\u015f\u00fcn\u00fclebilir. Bunlar, mal ve \u00fcr\u00fcnlerin i\u00e7 hareketi i\u00e7in m\u00fckemmel, ayr\u0131ca yo\u011fun depo alanlar\u0131nda depolama alan\u0131n\u0131 art\u0131rman\u0131za yard\u0131mc\u0131 oluyor. Kafesler ayr\u0131ca fazla at\u0131k ve karton toplamak i\u00e7in kullan\u0131labilir ve sergi ekipmanlar\u0131n\u0131n h\u0131zl\u0131, g\u00fcvenli ve g\u00fcvenli ta\u015f\u0131nmas\u0131n\u0131 sa\u011flar. <\/p>\n\t\t\t\t\t\t\t\t<\/div>\n\t\t\t\t\t<\/div>\n\t\t\t\t<\/div>\n\t\t<div class=\"elementor-element elementor-element-42d0aae3 e-flex e-con-boxed e-con e-parent\" data-id=\"42d0aae3\" data-element_type=\"container\" data-e-type=\"container\">\n\t\t\t\t\t<div class=\"e-con-inner\">\n\t\t\t\t<div class=\"elementor-element elementor-element-678003c0 elementor-widget elementor-widget-heading\" data-id=\"678003c0\" data-element_type=\"widget\" data-e-type=\"widget\" data-widget_type=\"heading.default\">\n\t\t\t\t\t<h3 class=\"elementor-heading-title elementor-size-default\">\u00dcr\u00fcn Parametreleri<\/h3>\t\t\t\t<\/div>\n\t\t\t\t<div class=\"elementor-element elementor-element-4a6adfa0 elementor-widget-divider--view-line elementor-widget elementor-widget-divider\" data-id=\"4a6adfa0\" data-element_type=\"widget\" data-e-type=\"widget\" data-widget_type=\"divider.default\">\n\t\t\t\t\t\t\t<div class=\"elementor-divider\">\n\t\t\t<span class=\"elementor-divider-separator\">\n\t\t\t\t\t\t<\/span>\n\t\t<\/div>\n\t\t\t\t\t\t<\/div>\n\t\t<div class=\"elementor-element elementor-element-3a42ba9b e-con-full e-flex e-con e-child\" data-id=\"3a42ba9b\" data-element_type=\"container\" data-e-type=\"container\">\n\t\t\t\t<div class=\"elementor-element elementor-element-6bbd3195 elementor-widget__width-initial elementor-widget elementor-widget-text-editor\" data-id=\"6bbd3195\" data-element_type=\"widget\" data-e-type=\"widget\" data-widget_type=\"text-editor.default\">\n\t\t\t\t\t\t\t\t\t<p>Product Name<\/p>\n\t\t\t\t\t\t\t\t<\/div>\n\t\t\t\t<div class=\"elementor-element elementor-element-4ad661c5 elementor-widget__width-initial elementor-widget elementor-widget-text-editor\" data-id=\"4ad661c5\" data-element_type=\"widget\" data-e-type=\"widget\" data-widget_type=\"text-editor.default\">\n\t\t\t\t\t\t\t\t\t<p>Roll Cage Trolleys for Warehouses<\/p>\n\t\t\t\t\t\t\t\t<\/div>\n\t\t\t\t<\/div>\n\t\t<div class=\"elementor-element elementor-element-5aaae473 e-con-full e-flex e-con e-child\" data-id=\"5aaae473\" data-element_type=\"container\" data-e-type=\"container\">\n\t\t\t\t<div class=\"elementor-element elementor-element-1b166e37 elementor-widget__width-initial elementor-widget elementor-widget-text-editor\" data-id=\"1b166e37\" data-element_type=\"widget\" data-e-type=\"widget\" data-widget_type=\"text-editor.default\">\n\t\t\t\t\t\t\t\t\t<p>D\u0131\u015f boyut<\/p>\n\t\t\t\t\t\t\t\t<\/div>\n\t\t\t\t<div class=\"elementor-element elementor-element-270e83bb elementor-widget__width-initial elementor-widget elementor-widget-text-editor\" data-id=\"270e83bb\" data-element_type=\"widget\" data-e-type=\"widget\" data-widget_type=\"text-editor.default\">\n\t\t\t\t\t\t\t\t\t<p>735*840*1750MM<\/p>\n\t\t\t\t\t\t\t\t<\/div>\n\t\t\t\t<\/div>\n\t\t<div class=\"elementor-element elementor-element-75a6be89 e-con-full e-flex e-con e-child\" data-id=\"75a6be89\" data-element_type=\"container\" data-e-type=\"container\">\n\t\t\t\t<div class=\"elementor-element elementor-element-c3a44ff elementor-widget__width-initial elementor-widget elementor-widget-text-editor\" data-id=\"c3a44ff\" data-element_type=\"widget\" data-e-type=\"widget\" data-widget_type=\"text-editor.default\">\n\t\t\t\t\t\t\t\t\t<p>N.W<\/p>\n\t\t\t\t\t\t\t\t<\/div>\n\t\t\t\t<div class=\"elementor-element elementor-element-5b7f277b elementor-widget__width-initial elementor-widget elementor-widget-text-editor\" data-id=\"5b7f277b\" data-element_type=\"widget\" data-e-type=\"widget\" data-widget_type=\"text-editor.default\">\n\t\t\t\t\t\t\t\t\t<p>40kg<\/p>\n\t\t\t\t\t\t\t\t<\/div>\n\t\t\t\t<\/div>\n\t\t<div class=\"elementor-element elementor-element-6fb97219 e-con-full e-flex e-con e-child\" data-id=\"6fb97219\" data-element_type=\"container\" data-e-type=\"container\">\n\t\t\t\t<div class=\"elementor-element elementor-element-3865f547 elementor-widget__width-initial elementor-widget elementor-widget-text-editor\" data-id=\"3865f547\" data-element_type=\"widget\" data-e-type=\"widget\" data-widget_type=\"text-editor.default\">\n\t\t\t\t\t\t\t\t\t<p>maksimum y\u00fck<\/p>\n\t\t\t\t\t\t\t\t<\/div>\n\t\t\t\t<div class=\"elementor-element elementor-element-4c2bc729 elementor-widget__width-initial elementor-widget elementor-widget-text-editor\" data-id=\"4c2bc729\" data-element_type=\"widget\" data-e-type=\"widget\" data-widget_type=\"text-editor.default\">\n\t\t\t\t\t\t\t\t\t<p>500kg<\/p>\n\t\t\t\t\t\t\t\t<\/div>\n\t\t\t\t<\/div>\n\t\t<div class=\"elementor-element elementor-element-2ca2b6ff e-con-full e-flex e-con e-child\" data-id=\"2ca2b6ff\" data-element_type=\"container\" data-e-type=\"container\">\n\t\t\t\t<div class=\"elementor-element elementor-element-ade2ce9 elementor-widget__width-initial elementor-widget elementor-widget-text-editor\" data-id=\"ade2ce9\" data-element_type=\"widget\" data-e-type=\"widget\" data-widget_type=\"text-editor.default\">\n\t\t\t\t\t\t\t\t\t<p>Material<\/p>\n\t\t\t\t\t\t\t\t<\/div>\n\t\t\t\t<div class=\"elementor-element elementor-element-64dcf1b0 elementor-widget__width-initial elementor-widget elementor-widget-text-editor\" data-id=\"64dcf1b0\" data-element_type=\"widget\" data-e-type=\"widget\" data-widget_type=\"text-editor.default\">\n\t\t\t\t\t\t\t\t\t<p>Yumu\u015fak \u00e7elik Q235<\/p>\n\t\t\t\t\t\t\t\t<\/div>\n\t\t\t\t<\/div>\n\t\t<div class=\"elementor-element elementor-element-6c9833cb e-con-full e-flex e-con e-child\" data-id=\"6c9833cb\" data-element_type=\"container\" data-e-type=\"container\">\n\t\t\t\t<div class=\"elementor-element elementor-element-121c7051 elementor-widget__width-initial elementor-widget elementor-widget-text-editor\" data-id=\"121c7051\" data-element_type=\"widget\" data-e-type=\"widget\" data-widget_type=\"text-editor.default\">\n\t\t\t\t\t\t\t\t\t<p>Finish<\/p>\n\t\t\t\t\t\t\t\t<\/div>\n\t\t\t\t<div class=\"elementor-element elementor-element-36a7b2d8 elementor-widget__width-initial elementor-widget elementor-widget-text-editor\" data-id=\"36a7b2d8\" data-element_type=\"widget\" data-e-type=\"widget\" data-widget_type=\"text-editor.default\">\n\t\t\t\t\t\t\t\t\t<p>\u00c7inko\/s\u0131cak dald\u0131rma galvanizli\/toz boya<\/p>\n\t\t\t\t\t\t\t\t<\/div>\n\t\t\t\t<\/div>\n\t\t<div class=\"elementor-element elementor-element-1866a438 e-con-full e-flex e-con e-child\" data-id=\"1866a438\" data-element_type=\"container\" data-e-type=\"container\">\n\t\t\t\t<div class=\"elementor-element elementor-element-14476d75 elementor-widget__width-initial elementor-widget elementor-widget-text-editor\" data-id=\"14476d75\" data-element_type=\"widget\" data-e-type=\"widget\" data-widget_type=\"text-editor.default\">\n\t\t\t\t\t\t\t\t\t<p>Customization<\/p>\n\t\t\t\t\t\t\t\t<\/div>\n\t\t\t\t<div class=\"elementor-element elementor-element-7ec1b006 elementor-widget__width-initial elementor-widget elementor-widget-text-editor\" data-id=\"7ec1b006\" data-element_type=\"widget\" data-e-type=\"widget\" data-widget_type=\"text-editor.default\">\n\t\t\t\t\t\t\t\t\t<p>ODM&amp;OEM<\/p>\n\t\t\t\t\t\t\t\t<\/div>\n\t\t\t\t<\/div>\n\t\t<div class=\"elementor-element elementor-element-59a89bb6 e-con-full e-flex e-con e-child\" data-id=\"59a89bb6\" data-element_type=\"container\" data-e-type=\"container\">\n\t\t\t\t<div class=\"elementor-element elementor-element-14acfd4b elementor-widget__width-initial elementor-widget elementor-widget-text-editor\" data-id=\"14acfd4b\" data-element_type=\"widget\" data-e-type=\"widget\" data-widget_type=\"text-editor.default\">\n\t\t\t\t\t\t\t\t\t<p>K\u00f6ken Yeri<\/p>\n\t\t\t\t\t\t\t\t<\/div>\n\t\t\t\t<div class=\"elementor-element elementor-element-50871f3e elementor-widget__width-initial elementor-widget elementor-widget-text-editor\" data-id=\"50871f3e\" data-element_type=\"widget\" data-e-type=\"widget\" data-widget_type=\"text-editor.default\">\n\t\t\t\t\t\t\t\t\t<p>Qingdao, \u00c7in<\/p>\n\t\t\t\t\t\t\t\t<\/div>\n\t\t\t\t<\/div>\n\t\t\t\t\t<\/div>\n\t\t\t\t<\/div>\n\t\t<div class=\"elementor-element elementor-element-6e474e2 e-flex e-con-boxed e-con e-parent\" data-id=\"6e474e2\" data-element_type=\"container\" data-e-type=\"container\">\n\t\t\t\t\t<div class=\"e-con-inner\">\n\t\t\t\t<div class=\"elementor-element elementor-element-d0f366d elementor-widget elementor-widget-heading\" data-id=\"d0f366d\" data-element_type=\"widget\" data-e-type=\"widget\" data-widget_type=\"heading.default\">\n\t\t\t\t\t<h3 class=\"elementor-heading-title elementor-size-default\">Detaylar<\/h3>\t\t\t\t<\/div>\n\t\t\t\t<div class=\"elementor-element elementor-element-853dd47 elementor-widget elementor-widget-image\" data-id=\"853dd47\" data-element_type=\"widget\" data-e-type=\"widget\" data-widget_type=\"image.default\">\n\t\t\t\t\t\t\t\t\t\t\t\t\t\t\t<img fetchpriority=\"high\" decoding=\"async\" width=\"821\" height=\"717\" src=\"https:\/\/www.logistictool.com\/wp-content\/uploads\/2025\/05\/Roll-Cage-Trolleys-For-Warehouses-1.jpg\" class=\"attachment-full size-full wp-image-14135\" alt=\"\" srcset=\"https:\/\/www.logistictool.com\/wp-content\/uploads\/2025\/05\/Roll-Cage-Trolleys-For-Warehouses-1.jpg 821w, https:\/\/www.logistictool.com\/wp-content\/uploads\/2025\/05\/Roll-Cage-Trolleys-For-Warehouses-1-300x262.jpg 300w, https:\/\/www.logistictool.com\/wp-content\/uploads\/2025\/05\/Roll-Cage-Trolleys-For-Warehouses-1-768x671.jpg 768w, https:\/\/www.logistictool.com\/wp-content\/uploads\/2025\/05\/Roll-Cage-Trolleys-For-Warehouses-1-600x524.jpg 600w\" sizes=\"(max-width: 821px) 100vw, 821px\" \/>\t\t\t\t\t\t\t\t\t\t\t\t\t\t\t<\/div>\n\t\t\t\t<div class=\"elementor-element elementor-element-5ce08ba elementor-widget elementor-widget-image\" data-id=\"5ce08ba\" data-element_type=\"widget\" data-e-type=\"widget\" data-widget_type=\"image.default\">\n\t\t\t\t\t\t\t\t\t\t\t\t\t\t\t<img decoding=\"async\" width=\"817\" height=\"666\" src=\"https:\/\/www.logistictool.com\/wp-content\/uploads\/2025\/05\/Roll-Cage-Trolleys-For-Warehouses-2.jpg\" class=\"attachment-full size-full wp-image-14148\" alt=\"\" srcset=\"https:\/\/www.logistictool.com\/wp-content\/uploads\/2025\/05\/Roll-Cage-Trolleys-For-Warehouses-2.jpg 817w, https:\/\/www.logistictool.com\/wp-content\/uploads\/2025\/05\/Roll-Cage-Trolleys-For-Warehouses-2-300x245.jpg 300w, https:\/\/www.logistictool.com\/wp-content\/uploads\/2025\/05\/Roll-Cage-Trolleys-For-Warehouses-2-768x626.jpg 768w, https:\/\/www.logistictool.com\/wp-content\/uploads\/2025\/05\/Roll-Cage-Trolleys-For-Warehouses-2-600x489.jpg 600w\" sizes=\"(max-width: 817px) 100vw, 817px\" \/>\t\t\t\t\t\t\t\t\t\t\t\t\t\t\t<\/div>\n\t\t\t\t\t<\/div>\n\t\t\t\t<\/div>\n\t\t<div class=\"elementor-element elementor-element-2c7394f6 e-flex e-con-boxed e-con e-parent\" data-id=\"2c7394f6\" data-element_type=\"container\" data-e-type=\"container\">\n\t\t\t\t\t<div class=\"e-con-inner\">\n\t\t<div class=\"elementor-element elementor-element-5681fa9f e-con-full e-flex e-con e-child\" data-id=\"5681fa9f\" data-element_type=\"container\" data-e-type=\"container\">\n\t\t\t\t<div class=\"elementor-element elementor-element-2e2a8178 elementor-widget-divider--view-line_icon elementor-widget-divider--element-align-left elementor-view-default elementor-widget elementor-widget-divider\" data-id=\"2e2a8178\" data-element_type=\"widget\" data-e-type=\"widget\" data-widget_type=\"divider.default\">\n\t\t\t\t\t\t\t<div class=\"elementor-divider\">\n\t\t\t<span class=\"elementor-divider-separator\">\n\t\t\t\t\t\t\t<div class=\"elementor-icon elementor-divider__element\">\n\t\t\t\t\t<svg aria-hidden=\"true\" class=\"e-font-icon-svg e-fas-square\" viewBox=\"0 0 448 512\" xmlns=\"http:\/\/www.w3.org\/2000\/svg\"><path d=\"M400 32H48C21.5 32 0 53.5 0 80v352c0 26.5 21.5 48 48 48h352c26.5 0 48-21.5 48-48V80c0-26.5-21.5-48-48-48z\"><\/path><\/svg><\/div>\n\t\t\t\t\t\t<\/span>\n\t\t<\/div>\n\t\t\t\t\t\t<\/div>\n\t\t\t\t<div class=\"elementor-element elementor-element-4a7a6c1e elementor-widget elementor-widget-text-editor\" data-id=\"4a7a6c1e\" data-element_type=\"widget\" data-e-type=\"widget\" data-widget_type=\"text-editor.default\">\n\t\t\t\t\t\t\t\t\t<p>\u0130\u015fte depodaki t\u00fcm mallar\u0131 g\u00fcvende ve korumada tutacak ve ayn\u0131 zamanda depoda m\u00fckemmel bir ta\u015f\u0131ma \u00e7\u00f6z\u00fcm\u00fc olacak m\u00fckemmel bir kafes geliyor. <\/p>\n<p>Bu tekerlekli kafes, g\u00fcvenli depolama arac\u0131d\u0131r. Bu nedenle, verimlilikle birlikte, depolanan t\u00fcm \u00fcr\u00fcnler i\u00e7in de g\u00fcvence al\u0131rs\u0131n\u0131z ve bu da onu ola\u011fan\u00fcst\u00fc k\u0131lar. Ayr\u0131ca olduk\u00e7a dayan\u0131kl\u0131d\u0131r ve uygun fiyatl\u0131 f\u0131rsatlarda sunulmaktad\u0131r. <\/p>\n<p>\u00a0<\/p>\n<p>D\u0131\u015f boyut W735 x D840 x H1700mm. Y\u00fck kapasitesi 500 KG&#8217;ya kadar ula\u015fabilir. \u00c7inko kaplamal\u0131 kaplamas\u0131 parlak, yeni ve korozyona dayan\u0131kl\u0131 g\u00f6r\u00fcn\u00fcm\u00fcn\u00fc koruyor. Ayr\u0131ca toz boyal\u0131 kaplama se\u00e7ene\u011fini de se\u00e7ebilirsiniz, hatta her iki biti\u015f i\u015flemi de. <\/p>\n<p>HT, \u00f6zelle\u015ftirilmi\u015f \u00fcr\u00fcnlerin farkl\u0131 gereksinimlerine uygun bir\u00e7ok se\u00e7enek sunar. <\/p>\n<p>Bir veya iki ekstra raf ile<\/p>\n<p>Kap\u0131 bir dolap sistemi ve \u00f6n \u00e7elik plaka<\/p>\n<p>Tekerlekler: PU, Naylon<\/p>\n\t\t\t\t\t\t\t\t<\/div>\n\t\t\t\t<\/div>\n\t\t<div class=\"elementor-element elementor-element-6ed7fc14 e-con-full e-flex e-con e-child\" data-id=\"6ed7fc14\" data-element_type=\"container\" data-e-type=\"container\">\n\t\t\t\t<div class=\"elementor-element elementor-element-5855defc e-transform elementor-widget elementor-widget-image\" data-id=\"5855defc\" data-element_type=\"widget\" data-e-type=\"widget\" data-settings=\"{&quot;_transform_scale_effect_hover&quot;:{&quot;unit&quot;:&quot;px&quot;,&quot;size&quot;:1.05,&quot;sizes&quot;:[]},&quot;_transform_scale_effect_hover_tablet&quot;:{&quot;unit&quot;:&quot;px&quot;,&quot;size&quot;:&quot;&quot;,&quot;sizes&quot;:[]},&quot;_transform_scale_effect_hover_mobile&quot;:{&quot;unit&quot;:&quot;px&quot;,&quot;size&quot;:&quot;&quot;,&quot;sizes&quot;:[]}}\" data-widget_type=\"image.default\">\n\t\t\t\t\t\t\t\t\t\t\t\t\t\t\t<img decoding=\"async\" width=\"811\" height=\"771\" src=\"https:\/\/www.logistictool.com\/wp-content\/uploads\/2025\/05\/Roll-Cage-Trolleys-For-Warehouses-4.jpg\" class=\"attachment-full size-full wp-image-14122\" alt=\"\" srcset=\"https:\/\/www.logistictool.com\/wp-content\/uploads\/2025\/05\/Roll-Cage-Trolleys-For-Warehouses-4.jpg 811w, https:\/\/www.logistictool.com\/wp-content\/uploads\/2025\/05\/Roll-Cage-Trolleys-For-Warehouses-4-300x285.jpg 300w, https:\/\/www.logistictool.com\/wp-content\/uploads\/2025\/05\/Roll-Cage-Trolleys-For-Warehouses-4-768x730.jpg 768w, https:\/\/www.logistictool.com\/wp-content\/uploads\/2025\/05\/Roll-Cage-Trolleys-For-Warehouses-4-600x570.jpg 600w\" sizes=\"(max-width: 811px) 100vw, 811px\" \/>\t\t\t\t\t\t\t\t\t\t\t\t\t\t\t<\/div>\n\t\t\t\t<\/div>\n\t\t\t\t\t<\/div>\n\t\t\t\t<\/div>\n\t\t\t\t<\/div>\n\t\t","protected":false},"excerpt":{"rendered":"<p>Description \u00dcst \u00fcstlenebilir \u00c7elik Galvanizli Metal Tel \u00d6rg\u00fcl\u00fc Konteyner, ayn\u0131 zamanda g\u00fcvenlik rulo kafesi, 3 tarafl\u0131 rulo kafesi veya 3 yanl\u0131 rulo konteyner olarak da adland\u0131r\u0131l\u0131r; bu, mallar\u0131n\u0131z\u0131 veya \u00fcr\u00fcnlerinizi bir yerden ba\u015fka bir yere ta\u015f\u0131mak i\u00e7in kullan\u0131\u015fl\u0131 bir ekipmand\u0131r. Bu, perakende i\u015fletmesi ve da\u011f\u0131t\u0131m merkezi i\u00e7in iyi bir fikir. Rulo konteyner, s\u00fcpermarket, depo, stok, [&hellip;]<\/p>\n","protected":false},"featured_media":3512,"comment_status":"closed","ping_status":"closed","template":"","meta":[],"product_brand":[],"product_cat":[230],"product_tag":[],"class_list":{"0":"post-28193","1":"product","2":"type-product","3":"status-publish","4":"has-post-thumbnail","6":"product_cat-3-tarafli-rulo-konteyner","8":"first","9":"instock","10":"shipping-taxable","11":"product-type-simple"},"_links":{"self":[{"href":"https:\/\/www.logistictool.com\/tr\/wp-json\/wp\/v2\/product\/28193","targetHints":{"allow":["GET"]}}],"collection":[{"href":"https:\/\/www.logistictool.com\/tr\/wp-json\/wp\/v2\/product"}],"about":[{"href":"https:\/\/www.logistictool.com\/tr\/wp-json\/wp\/v2\/types\/product"}],"replies":[{"embeddable":true,"href":"https:\/\/www.logistictool.com\/tr\/wp-json\/wp\/v2\/comments?post=28193"}],"version-history":[{"count":0,"href":"https:\/\/www.logistictool.com\/tr\/wp-json\/wp\/v2\/product\/28193\/revisions"}],"wp:featuredmedia":[{"embeddable":true,"href":"https:\/\/www.logistictool.com\/tr\/wp-json\/wp\/v2\/media\/3512"}],"wp:attachment":[{"href":"https:\/\/www.logistictool.com\/tr\/wp-json\/wp\/v2\/media?parent=28193"}],"wp:term":[{"taxonomy":"product_brand","embeddable":true,"href":"https:\/\/www.logistictool.com\/tr\/wp-json\/wp\/v2\/product_brand?post=28193"},{"taxonomy":"product_cat","embeddable":true,"href":"https:\/\/www.logistictool.com\/tr\/wp-json\/wp\/v2\/product_cat?post=28193"},{"taxonomy":"product_tag","embeddable":true,"href":"https:\/\/www.logistictool.com\/tr\/wp-json\/wp\/v2\/product_tag?post=28193"}],"curies":[{"name":"wp","href":"https:\/\/api.w.org\/{rel}","templated":true}]}}