{"id":28205,"date":"2025-05-13T02:25:15","date_gmt":"2025-05-13T02:25:15","guid":{"rendered":"https:\/\/www.logistictool.com\/kategorilenmemis\/depo-icin-katlanabilir-rulo-kafesi-arabasi\/"},"modified":"2025-12-31T15:31:54","modified_gmt":"2025-12-31T15:31:54","slug":"depo-icin-katlanabilir-rulo-kafesi-arabasi","status":"publish","type":"product","link":"https:\/\/www.logistictool.com\/tr\/4-tarafli-rulo-konteyner\/depo-icin-katlanabilir-rulo-kafesi-arabasi\/","title":{"rendered":"Depo \u0130\u00e7in Katlanabilir Rulo Kafesi Arabas\u0131"},"content":{"rendered":"\t\t<div data-elementor-type=\"product-post\" data-elementor-id=\"28205\" class=\"elementor elementor-28205 elementor-3092\" data-elementor-post-type=\"product\">\n\t\t\t\t<div class=\"elementor-element elementor-element-711acf35 e-flex e-con-boxed e-con e-parent\" data-id=\"711acf35\" data-element_type=\"container\" data-e-type=\"container\">\n\t\t\t\t\t<div class=\"e-con-inner\">\n\t\t\t\t<div class=\"elementor-element elementor-element-339ccaf8 elementor-widget elementor-widget-spacer\" data-id=\"339ccaf8\" data-element_type=\"widget\" data-e-type=\"widget\" data-widget_type=\"spacer.default\">\n\t\t\t\t\t\t\t<div class=\"elementor-spacer\">\n\t\t\t<div class=\"elementor-spacer-inner\"><\/div>\n\t\t<\/div>\n\t\t\t\t\t\t<\/div>\n\t\t\t\t\t<\/div>\n\t\t\t\t<\/div>\n\t\t<div class=\"elementor-element elementor-element-6c21c5fc e-flex e-con-boxed e-con e-parent\" data-id=\"6c21c5fc\" data-element_type=\"container\" data-e-type=\"container\">\n\t\t\t\t\t<div class=\"e-con-inner\">\n\t\t\t\t<div class=\"elementor-element elementor-element-26ed5299 elementor-widget elementor-widget-text-editor\" data-id=\"26ed5299\" data-element_type=\"widget\" data-e-type=\"widget\" data-widget_type=\"text-editor.default\">\n\t\t\t\t\t\t\t\t\t<p>Description<\/p>\n\t\t\t\t\t\t\t\t<\/div>\n\t\t\t\t<div class=\"elementor-element elementor-element-6bb03937 elementor-widget-divider--view-line elementor-widget elementor-widget-divider\" data-id=\"6bb03937\" data-element_type=\"widget\" data-e-type=\"widget\" data-widget_type=\"divider.default\">\n\t\t\t\t\t\t\t<div class=\"elementor-divider\">\n\t\t\t<span class=\"elementor-divider-separator\">\n\t\t\t\t\t\t<\/span>\n\t\t<\/div>\n\t\t\t\t\t\t<\/div>\n\t\t\t\t<div class=\"elementor-element elementor-element-713abc6b elementor-widget elementor-widget-text-editor\" data-id=\"713abc6b\" data-element_type=\"widget\" data-e-type=\"widget\" data-widget_type=\"text-editor.default\">\n\t\t\t\t\t\t\t\t\t<p>Depo i\u00e7in Katlanabilir Roll Cage Arabas\u0131, d\u00fczenli bir A-Frame tasar\u0131m\u0131 ve \u00f6n kap\u0131ya sahip. Rulo kafes, depolama ve ta\u015f\u0131ma s\u0131ras\u0131nda kullan\u0131lmad\u0131\u011f\u0131 zamanlarda yer tasarrufu sa\u011flamak i\u00e7in kolayca i\u00e7 i\u00e7e yerle\u015ftirilebilir. Taban ve yan duvarlar 50x50mm bir a\u011f dolgu ile donat\u0131lm\u0131\u015ft\u0131r. Rulo kafes konteynerinde manevra yapmay\u0131 kolayla\u015ft\u0131ran tutamak tutamaklar\u0131 var ve ayr\u0131ca \u00fcr\u00fcnlerin depolamas\u0131n\u0131 b\u00f6lebilmeniz i\u00e7in entegre bir raf ile geliyor. Yuvarlanan konteynerde 2 sabit ve 2 d\u00f6ner tekerlek bulunur ve hepsi 125mm Beyaz PP tekerleklerle donat\u0131lm\u0131\u015ft\u0131r. Rulo kafesinin a\u011f\u0131rl\u0131\u011f\u0131 54kg&#8217;d\u0131r. <\/p>\n<p>Bir \u00e7er\u00e7eve (&#8220;H&#8221; \u00e7er\u00e7evesi olarak da bilinir) tamamen d\u00fcz bir \u00e7izgide yuva olu\u015fturur. <\/p>\n<p>Kullan\u0131lmad\u0131\u011f\u0131nda veya bo\u015falt\u0131lm\u0131\u015f nakliyede harika bir alan tasarrufu. <\/p>\n<p>1 tam boy sal\u0131ncak kap\u0131 ve 2 x yar\u0131m kap\u0131<\/p>\n<p>Dayan\u0131kl\u0131l\u0131k ve \u00f6m\u00fcr i\u00e7in t\u00fcm kap\u0131lar ve mandallarda y\u00fcksek kaliteli yuvarlak \u00e7elik mente\u015feler i\u00e7erir<\/p>\n<p>Birden fazla sabit veya \u00e7\u0131kar\u0131labilir raf\u0131 yerle\u015ftirme se\u00e7ene\u011fi<\/p>\n<p>\u00c7inko kaplamal\u0131 kaplama ile y\u00fcksek kaliteli tasar\u0131m ve \u00fcretim. <\/p>\n<p>\u00c7er\u00e7eve taban\u0131n d\u0131\u015f\u0131na kaynakl\u0131 olarak i\u00e7 alan\u0131 maksimuma \u00e7\u0131kar\u0131r. <\/p>\n<p>Tam montajl\u0131 olarak sa\u011fland\u0131<\/p>\n\t\t\t\t\t\t\t\t<\/div>\n\t\t\t\t<div class=\"elementor-element elementor-element-4152ff6 elementor-widget elementor-widget-image\" data-id=\"4152ff6\" data-element_type=\"widget\" data-e-type=\"widget\" data-widget_type=\"image.default\">\n\t\t\t\t\t\t\t\t\t\t\t\t\t\t\t<img fetchpriority=\"high\" decoding=\"async\" width=\"800\" height=\"706\" src=\"https:\/\/www.logistictool.com\/wp-content\/uploads\/2025\/05\/Folding-Roll-Cage-Trolley-For-Warehouse-2.jpg\" class=\"attachment-large size-large wp-image-14304\" alt=\"\" srcset=\"https:\/\/www.logistictool.com\/wp-content\/uploads\/2025\/05\/Folding-Roll-Cage-Trolley-For-Warehouse-2.jpg 866w, https:\/\/www.logistictool.com\/wp-content\/uploads\/2025\/05\/Folding-Roll-Cage-Trolley-For-Warehouse-2-300x265.jpg 300w, https:\/\/www.logistictool.com\/wp-content\/uploads\/2025\/05\/Folding-Roll-Cage-Trolley-For-Warehouse-2-768x678.jpg 768w, https:\/\/www.logistictool.com\/wp-content\/uploads\/2025\/05\/Folding-Roll-Cage-Trolley-For-Warehouse-2-600x529.jpg 600w\" sizes=\"(max-width: 800px) 100vw, 800px\" \/>\t\t\t\t\t\t\t\t\t\t\t\t\t\t\t<\/div>\n\t\t\t\t\t<\/div>\n\t\t\t\t<\/div>\n\t\t<div class=\"elementor-element elementor-element-7744eab2 e-flex e-con-boxed e-con e-parent\" data-id=\"7744eab2\" data-element_type=\"container\" data-e-type=\"container\">\n\t\t\t\t\t<div class=\"e-con-inner\">\n\t\t<div class=\"elementor-element elementor-element-61859cdb e-con-full e-flex e-con e-child\" data-id=\"61859cdb\" data-element_type=\"container\" data-e-type=\"container\">\n\t\t\t\t<div class=\"elementor-element elementor-element-c2279c2 elementor-widget elementor-widget-heading\" data-id=\"c2279c2\" data-element_type=\"widget\" data-e-type=\"widget\" data-widget_type=\"heading.default\">\n\t\t\t\t\t<h3 class=\"elementor-heading-title elementor-size-default\">HABERLER<\/h3>\t\t\t\t<\/div>\n\t\t\t\t<div class=\"elementor-element elementor-element-49617f1 elementor-widget-divider--view-line_icon elementor-widget-divider--element-align-left elementor-view-default elementor-widget elementor-widget-divider\" data-id=\"49617f1\" data-element_type=\"widget\" data-e-type=\"widget\" data-widget_type=\"divider.default\">\n\t\t\t\t\t\t\t<div class=\"elementor-divider\">\n\t\t\t<span class=\"elementor-divider-separator\">\n\t\t\t\t\t\t\t<div class=\"elementor-icon elementor-divider__element\">\n\t\t\t\t\t<svg aria-hidden=\"true\" class=\"e-font-icon-svg e-fas-square\" viewBox=\"0 0 448 512\" xmlns=\"http:\/\/www.w3.org\/2000\/svg\"><path d=\"M400 32H48C21.5 32 0 53.5 0 80v352c0 26.5 21.5 48 48 48h352c26.5 0 48-21.5 48-48V80c0-26.5-21.5-48-48-48z\"><\/path><\/svg><\/div>\n\t\t\t\t\t\t<\/span>\n\t\t<\/div>\n\t\t\t\t\t\t<\/div>\n\t\t\t\t<div class=\"elementor-element elementor-element-6a1f5393 elementor-widget elementor-widget-text-editor\" data-id=\"6a1f5393\" data-element_type=\"widget\" data-e-type=\"widget\" data-widget_type=\"text-editor.default\">\n\t\t\t\t\t\t\t\t\t<p>\u00c7\u00f6z\u00fcm &amp; Tasar\u0131m<\/p>\n<p>\u0130htiya\u00e7lar\u0131n\u0131z\u0131 anlamak i\u00e7in zaman ay\u0131r\u0131yoruz ve b\u00fct\u00e7enize ve ihtiya\u00e7lar\u0131n\u0131za uygun birka\u00e7 \u00e7\u00f6z\u00fcm sunuyoruz. Sonras\u0131nda tasar\u0131m\u0131 tart\u0131\u015f\u0131yoruz ve prod\u00fcksiyondan \u00f6nce bir \u00e7izim onayl\u0131yoruz. T\u00fcm s\u00fcre\u00e7 genellikle yakla\u015f\u0131k \u00fc\u00e7 g\u00fcn s\u00fcrer, birlikte yap\u0131lan toplant\u0131larda sorulan sorular\u0131n say\u0131s\u0131na ba\u011fl\u0131 olarak de\u011fi\u015fir. <\/p>\n<p>S\u00fcre\u00e7 Raporu Ba\u015ftan Ba\u015f\u0131na<\/p>\n<p>\u0130yi bir \u00e7al\u0131\u015fma ili\u015fkisi s\u00fcrd\u00fcrmek i\u00e7in zaman\u0131nda ileti\u015fimin \u00f6nemli oldu\u011funu anl\u0131yoruz ve sipari\u015finizin durumu hakk\u0131nda her ad\u0131mda sizi bilgilendirmeye kararl\u0131y\u0131z. <\/p>\n<p>Ayr\u0131ca, hangi sorunlar olursa olsun, s\u00fcre\u00e7 boyunca sizinle zaman\u0131nda ileti\u015fim kurarak \u00fcr\u00fcnden memnun kalman\u0131z\u0131 sa\u011flayaca\u011f\u0131z. <\/p>\n\t\t\t\t\t\t\t\t<\/div>\n\t\t\t\t<\/div>\n\t\t<div class=\"elementor-element elementor-element-1e3eb92e e-con-full e-flex e-con e-child\" data-id=\"1e3eb92e\" data-element_type=\"container\" data-e-type=\"container\">\n\t\t\t\t<div class=\"elementor-element elementor-element-38be1636 e-transform elementor-widget elementor-widget-image\" data-id=\"38be1636\" data-element_type=\"widget\" data-e-type=\"widget\" data-settings=\"{&quot;_transform_scale_effect_hover&quot;:{&quot;unit&quot;:&quot;px&quot;,&quot;size&quot;:1.05,&quot;sizes&quot;:[]},&quot;_transform_scale_effect_hover_tablet&quot;:{&quot;unit&quot;:&quot;px&quot;,&quot;size&quot;:&quot;&quot;,&quot;sizes&quot;:[]},&quot;_transform_scale_effect_hover_mobile&quot;:{&quot;unit&quot;:&quot;px&quot;,&quot;size&quot;:&quot;&quot;,&quot;sizes&quot;:[]}}\" data-widget_type=\"image.default\">\n\t\t\t\t\t\t\t\t\t\t\t\t\t\t\t<img decoding=\"async\" width=\"811\" height=\"771\" src=\"https:\/\/www.logistictool.com\/wp-content\/uploads\/2025\/05\/Folding-Roll-Cage-Trolley-For-Warehouse-1.jpg\" class=\"attachment-full size-full wp-image-14291\" alt=\"\" srcset=\"https:\/\/www.logistictool.com\/wp-content\/uploads\/2025\/05\/Folding-Roll-Cage-Trolley-For-Warehouse-1.jpg 811w, https:\/\/www.logistictool.com\/wp-content\/uploads\/2025\/05\/Folding-Roll-Cage-Trolley-For-Warehouse-1-300x285.jpg 300w, https:\/\/www.logistictool.com\/wp-content\/uploads\/2025\/05\/Folding-Roll-Cage-Trolley-For-Warehouse-1-768x730.jpg 768w, https:\/\/www.logistictool.com\/wp-content\/uploads\/2025\/05\/Folding-Roll-Cage-Trolley-For-Warehouse-1-600x570.jpg 600w\" sizes=\"(max-width: 811px) 100vw, 811px\" \/>\t\t\t\t\t\t\t\t\t\t\t\t\t\t\t<\/div>\n\t\t\t\t<\/div>\n\t\t\t\t\t<\/div>\n\t\t\t\t<\/div>\n\t\t\t\t<\/div>\n\t\t","protected":false},"excerpt":{"rendered":"<p>Description Depo i\u00e7in Katlanabilir Roll Cage Arabas\u0131, d\u00fczenli bir A-Frame tasar\u0131m\u0131 ve \u00f6n kap\u0131ya sahip. Rulo kafes, depolama ve ta\u015f\u0131ma s\u0131ras\u0131nda kullan\u0131lmad\u0131\u011f\u0131 zamanlarda yer tasarrufu sa\u011flamak i\u00e7in kolayca i\u00e7 i\u00e7e yerle\u015ftirilebilir. Taban ve yan duvarlar 50x50mm bir a\u011f dolgu ile donat\u0131lm\u0131\u015ft\u0131r. Rulo kafes konteynerinde manevra yapmay\u0131 kolayla\u015ft\u0131ran tutamak tutamaklar\u0131 var ve ayr\u0131ca \u00fcr\u00fcnlerin depolamas\u0131n\u0131 b\u00f6lebilmeniz [&hellip;]<\/p>\n","protected":false},"featured_media":3533,"comment_status":"closed","ping_status":"closed","template":"","meta":[],"product_brand":[],"product_cat":[217],"product_tag":[],"class_list":{"0":"post-28205","1":"product","2":"type-product","3":"status-publish","4":"has-post-thumbnail","6":"product_cat-4-tarafli-rulo-konteyner","8":"first","9":"instock","10":"shipping-taxable","11":"product-type-simple"},"_links":{"self":[{"href":"https:\/\/www.logistictool.com\/tr\/wp-json\/wp\/v2\/product\/28205","targetHints":{"allow":["GET"]}}],"collection":[{"href":"https:\/\/www.logistictool.com\/tr\/wp-json\/wp\/v2\/product"}],"about":[{"href":"https:\/\/www.logistictool.com\/tr\/wp-json\/wp\/v2\/types\/product"}],"replies":[{"embeddable":true,"href":"https:\/\/www.logistictool.com\/tr\/wp-json\/wp\/v2\/comments?post=28205"}],"version-history":[{"count":0,"href":"https:\/\/www.logistictool.com\/tr\/wp-json\/wp\/v2\/product\/28205\/revisions"}],"wp:featuredmedia":[{"embeddable":true,"href":"https:\/\/www.logistictool.com\/tr\/wp-json\/wp\/v2\/media\/3533"}],"wp:attachment":[{"href":"https:\/\/www.logistictool.com\/tr\/wp-json\/wp\/v2\/media?parent=28205"}],"wp:term":[{"taxonomy":"product_brand","embeddable":true,"href":"https:\/\/www.logistictool.com\/tr\/wp-json\/wp\/v2\/product_brand?post=28205"},{"taxonomy":"product_cat","embeddable":true,"href":"https:\/\/www.logistictool.com\/tr\/wp-json\/wp\/v2\/product_cat?post=28205"},{"taxonomy":"product_tag","embeddable":true,"href":"https:\/\/www.logistictool.com\/tr\/wp-json\/wp\/v2\/product_tag?post=28205"}],"curies":[{"name":"wp","href":"https:\/\/api.w.org\/{rel}","templated":true}]}}