{"id":28208,"date":"2025-05-13T03:34:58","date_gmt":"2025-05-13T03:34:58","guid":{"rendered":"https:\/\/www.logistictool.com\/kategorilenmemis\/metal-palet-kafesi\/"},"modified":"2025-12-31T15:31:55","modified_gmt":"2025-12-31T15:31:55","slug":"metal-palet-kafesi","status":"publish","type":"product","link":"https:\/\/www.logistictool.com\/tr\/\u672a\u5206\u7c7b\/metal-palet-kafesi\/","title":{"rendered":"Metal Palet Kafesi"},"content":{"rendered":"\t\t<div data-elementor-type=\"product-post\" data-elementor-id=\"28208\" class=\"elementor elementor-28208 elementor-3130\" data-elementor-post-type=\"product\">\n\t\t\t\t<div class=\"elementor-element elementor-element-5360cd08 e-flex e-con-boxed e-con e-parent\" data-id=\"5360cd08\" data-element_type=\"container\" data-e-type=\"container\">\n\t\t\t\t\t<div class=\"e-con-inner\">\n\t\t\t\t<div class=\"elementor-element elementor-element-2e743caa elementor-widget elementor-widget-spacer\" data-id=\"2e743caa\" data-element_type=\"widget\" data-e-type=\"widget\" data-widget_type=\"spacer.default\">\n\t\t\t\t\t\t\t<div class=\"elementor-spacer\">\n\t\t\t<div class=\"elementor-spacer-inner\"><\/div>\n\t\t<\/div>\n\t\t\t\t\t\t<\/div>\n\t\t\t\t\t<\/div>\n\t\t\t\t<\/div>\n\t\t<div class=\"elementor-element elementor-element-33c27e5a e-flex e-con-boxed e-con e-parent\" data-id=\"33c27e5a\" data-element_type=\"container\" data-e-type=\"container\">\n\t\t\t\t\t<div class=\"e-con-inner\">\n\t\t\t\t<div class=\"elementor-element elementor-element-7cc288b0 elementor-widget elementor-widget-text-editor\" data-id=\"7cc288b0\" data-element_type=\"widget\" data-e-type=\"widget\" data-widget_type=\"text-editor.default\">\n\t\t\t\t\t\t\t\t\t<p>Description<\/p>\n\t\t\t\t\t\t\t\t<\/div>\n\t\t\t\t<div class=\"elementor-element elementor-element-2fd69eec elementor-widget-divider--view-line elementor-widget elementor-widget-divider\" data-id=\"2fd69eec\" data-element_type=\"widget\" data-e-type=\"widget\" data-widget_type=\"divider.default\">\n\t\t\t\t\t\t\t<div class=\"elementor-divider\">\n\t\t\t<span class=\"elementor-divider-separator\">\n\t\t\t\t\t\t<\/span>\n\t\t<\/div>\n\t\t\t\t\t\t<\/div>\n\t\t\t\t<div class=\"elementor-element elementor-element-21b2e7f9 elementor-widget elementor-widget-text-editor\" data-id=\"21b2e7f9\" data-element_type=\"widget\" data-e-type=\"widget\" data-widget_type=\"text-editor.default\">\n\t\t\t\t\t\t\t\t\t<p>Metal Palet Kafesi, e\u015fyalar\u0131 saklamak i\u00e7in Z kanal\u0131 olan bir konteynerdir. Depolama i\u00e7in m\u00fckemmel ve boyutu alt tepsinize g\u00f6re ayarlanabilir, bu da size istedi\u011finiz her boyutu sunabilece\u011fimiz anlam\u0131na geliyor! Bu kafesin Z-kanal yap\u0131s\u0131, alan kullan\u0131m\u0131n\u0131 art\u0131rmak i\u00e7in daha istikrarl\u0131 ve birden fazla katmanl\u0131 olarak \u00fcst \u00fcste y\u0131\u011f\u0131labilmesini sa\u011flar. Ancak, y\u0131\u011fma nedeniyle e\u015fya toplama zahmetinden endi\u015felenmenize gerek yok, \u00e7\u00fcnk\u00fc yar\u0131 kap\u0131 tasar\u0131m\u0131 e\u015fyalara kolayca ula\u015fman\u0131z\u0131 sa\u011fl\u0131yor. <\/p>\n\t\t\t\t\t\t\t\t<\/div>\n\t\t\t\t\t<\/div>\n\t\t\t\t<\/div>\n\t\t<div class=\"elementor-element elementor-element-4439ce7e e-flex e-con-boxed e-con e-parent\" data-id=\"4439ce7e\" data-element_type=\"container\" data-e-type=\"container\">\n\t\t\t\t\t<div class=\"e-con-inner\">\n\t\t\t\t<div class=\"elementor-element elementor-element-ba1a9a5 elementor-widget elementor-widget-heading\" data-id=\"ba1a9a5\" data-element_type=\"widget\" data-e-type=\"widget\" data-widget_type=\"heading.default\">\n\t\t\t\t\t<h3 class=\"elementor-heading-title elementor-size-default\">\u00dcr\u00fcn Parametreleri<\/h3>\t\t\t\t<\/div>\n\t\t\t\t<div class=\"elementor-element elementor-element-942a115 elementor-widget-divider--view-line elementor-widget elementor-widget-divider\" data-id=\"942a115\" data-element_type=\"widget\" data-e-type=\"widget\" data-widget_type=\"divider.default\">\n\t\t\t\t\t\t\t<div class=\"elementor-divider\">\n\t\t\t<span class=\"elementor-divider-separator\">\n\t\t\t\t\t\t<\/span>\n\t\t<\/div>\n\t\t\t\t\t\t<\/div>\n\t\t<div class=\"elementor-element elementor-element-a3034d0 e-con-full e-flex e-con e-child\" data-id=\"a3034d0\" data-element_type=\"container\" data-e-type=\"container\">\n\t\t\t\t<div class=\"elementor-element elementor-element-10f64973 elementor-widget__width-initial elementor-widget elementor-widget-text-editor\" data-id=\"10f64973\" data-element_type=\"widget\" data-e-type=\"widget\" data-widget_type=\"text-editor.default\">\n\t\t\t\t\t\t\t\t\t<p>Product Name<\/p>\n\t\t\t\t\t\t\t\t<\/div>\n\t\t\t\t<div class=\"elementor-element elementor-element-463573f0 elementor-widget__width-initial elementor-widget elementor-widget-text-editor\" data-id=\"463573f0\" data-element_type=\"widget\" data-e-type=\"widget\" data-widget_type=\"text-editor.default\">\n\t\t\t\t\t\t\t\t\t<p>Metal Palet Kafesi<\/p>\n\t\t\t\t\t\t\t\t<\/div>\n\t\t\t\t<\/div>\n\t\t<div class=\"elementor-element elementor-element-6f30efed e-con-full e-flex e-con e-child\" data-id=\"6f30efed\" data-element_type=\"container\" data-e-type=\"container\">\n\t\t\t\t<div class=\"elementor-element elementor-element-49290e58 elementor-widget__width-initial elementor-widget elementor-widget-text-editor\" data-id=\"49290e58\" data-element_type=\"widget\" data-e-type=\"widget\" data-widget_type=\"text-editor.default\">\n\t\t\t\t\t\t\t\t\t<p>D\u0131\u015f boyut<\/p>\n\t\t\t\t\t\t\t\t<\/div>\n\t\t\t\t<div class=\"elementor-element elementor-element-53cf4b5d elementor-widget__width-initial elementor-widget elementor-widget-text-editor\" data-id=\"53cf4b5d\" data-element_type=\"widget\" data-e-type=\"widget\" data-widget_type=\"text-editor.default\">\n\t\t\t\t\t\t\t\t\t<p>1200x800x1000MM<\/p>\n\t\t\t\t\t\t\t\t<\/div>\n\t\t\t\t<\/div>\n\t\t<div class=\"elementor-element elementor-element-d1ad1af e-con-full e-flex e-con e-child\" data-id=\"d1ad1af\" data-element_type=\"container\" data-e-type=\"container\">\n\t\t\t\t<div class=\"elementor-element elementor-element-67016ba8 elementor-widget__width-initial elementor-widget elementor-widget-text-editor\" data-id=\"67016ba8\" data-element_type=\"widget\" data-e-type=\"widget\" data-widget_type=\"text-editor.default\">\n\t\t\t\t\t\t\t\t\t<p>N.W<\/p>\n\t\t\t\t\t\t\t\t<\/div>\n\t\t\t\t<div class=\"elementor-element elementor-element-4f3d9ac4 elementor-widget__width-initial elementor-widget elementor-widget-text-editor\" data-id=\"4f3d9ac4\" data-element_type=\"widget\" data-e-type=\"widget\" data-widget_type=\"text-editor.default\">\n\t\t\t\t\t\t\t\t\t<p>40kg<\/p>\n\t\t\t\t\t\t\t\t<\/div>\n\t\t\t\t<\/div>\n\t\t<div class=\"elementor-element elementor-element-29c954b0 e-con-full e-flex e-con e-child\" data-id=\"29c954b0\" data-element_type=\"container\" data-e-type=\"container\">\n\t\t\t\t<div class=\"elementor-element elementor-element-23254e32 elementor-widget__width-initial elementor-widget elementor-widget-text-editor\" data-id=\"23254e32\" data-element_type=\"widget\" data-e-type=\"widget\" data-widget_type=\"text-editor.default\">\n\t\t\t\t\t\t\t\t\t<p>maksimum y\u00fck<\/p>\n\t\t\t\t\t\t\t\t<\/div>\n\t\t\t\t<div class=\"elementor-element elementor-element-3e038625 elementor-widget__width-initial elementor-widget elementor-widget-text-editor\" data-id=\"3e038625\" data-element_type=\"widget\" data-e-type=\"widget\" data-widget_type=\"text-editor.default\">\n\t\t\t\t\t\t\t\t\t<p>800kg<\/p>\n\t\t\t\t\t\t\t\t<\/div>\n\t\t\t\t<\/div>\n\t\t<div class=\"elementor-element elementor-element-68c93830 e-con-full e-flex e-con e-child\" data-id=\"68c93830\" data-element_type=\"container\" data-e-type=\"container\">\n\t\t\t\t<div class=\"elementor-element elementor-element-3fadf657 elementor-widget__width-initial elementor-widget elementor-widget-text-editor\" data-id=\"3fadf657\" data-element_type=\"widget\" data-e-type=\"widget\" data-widget_type=\"text-editor.default\">\n\t\t\t\t\t\t\t\t\t<p>Material<\/p>\n\t\t\t\t\t\t\t\t<\/div>\n\t\t\t\t<div class=\"elementor-element elementor-element-35fbaa8 elementor-widget__width-initial elementor-widget elementor-widget-text-editor\" data-id=\"35fbaa8\" data-element_type=\"widget\" data-e-type=\"widget\" data-widget_type=\"text-editor.default\">\n\t\t\t\t\t\t\t\t\t<p>Yumu\u015fak \u00e7elik Q235<\/p>\n\t\t\t\t\t\t\t\t<\/div>\n\t\t\t\t<\/div>\n\t\t<div class=\"elementor-element elementor-element-55a7e40 e-con-full e-flex e-con e-child\" data-id=\"55a7e40\" data-element_type=\"container\" data-e-type=\"container\">\n\t\t\t\t<div class=\"elementor-element elementor-element-36c7c50a elementor-widget__width-initial elementor-widget elementor-widget-text-editor\" data-id=\"36c7c50a\" data-element_type=\"widget\" data-e-type=\"widget\" data-widget_type=\"text-editor.default\">\n\t\t\t\t\t\t\t\t\t<p>Finish<\/p>\n\t\t\t\t\t\t\t\t<\/div>\n\t\t\t\t<div class=\"elementor-element elementor-element-1a4240a7 elementor-widget__width-initial elementor-widget elementor-widget-text-editor\" data-id=\"1a4240a7\" data-element_type=\"widget\" data-e-type=\"widget\" data-widget_type=\"text-editor.default\">\n\t\t\t\t\t\t\t\t\t<p>\u00c7inko\/s\u0131cak dald\u0131rma galvanizli\/toz boya<\/p>\n\t\t\t\t\t\t\t\t<\/div>\n\t\t\t\t<\/div>\n\t\t<div class=\"elementor-element elementor-element-b4b1d8a e-con-full e-flex e-con e-child\" data-id=\"b4b1d8a\" data-element_type=\"container\" data-e-type=\"container\">\n\t\t\t\t<div class=\"elementor-element elementor-element-5789728c elementor-widget__width-initial elementor-widget elementor-widget-text-editor\" data-id=\"5789728c\" data-element_type=\"widget\" data-e-type=\"widget\" data-widget_type=\"text-editor.default\">\n\t\t\t\t\t\t\t\t\t<p>Customization<\/p>\n\t\t\t\t\t\t\t\t<\/div>\n\t\t\t\t<div class=\"elementor-element elementor-element-7f0c913 elementor-widget__width-initial elementor-widget elementor-widget-text-editor\" data-id=\"7f0c913\" data-element_type=\"widget\" data-e-type=\"widget\" data-widget_type=\"text-editor.default\">\n\t\t\t\t\t\t\t\t\t<p>ODM&amp;OEM<\/p>\n\t\t\t\t\t\t\t\t<\/div>\n\t\t\t\t<\/div>\n\t\t<div class=\"elementor-element elementor-element-52db57f7 e-con-full e-flex e-con e-child\" data-id=\"52db57f7\" data-element_type=\"container\" data-e-type=\"container\">\n\t\t\t\t<div class=\"elementor-element elementor-element-787611bd elementor-widget__width-initial elementor-widget elementor-widget-text-editor\" data-id=\"787611bd\" data-element_type=\"widget\" data-e-type=\"widget\" data-widget_type=\"text-editor.default\">\n\t\t\t\t\t\t\t\t\t<p>K\u00f6ken Yeri<\/p>\n\t\t\t\t\t\t\t\t<\/div>\n\t\t\t\t<div class=\"elementor-element elementor-element-55e55d96 elementor-widget__width-initial elementor-widget elementor-widget-text-editor\" data-id=\"55e55d96\" data-element_type=\"widget\" data-e-type=\"widget\" data-widget_type=\"text-editor.default\">\n\t\t\t\t\t\t\t\t\t<p>Qingdao, \u00c7in<\/p>\n\t\t\t\t\t\t\t\t<\/div>\n\t\t\t\t<\/div>\n\t\t\t\t\t<\/div>\n\t\t\t\t<\/div>\n\t\t<div class=\"elementor-element elementor-element-544e41c8 e-flex e-con-boxed e-con e-parent\" data-id=\"544e41c8\" data-element_type=\"container\" data-e-type=\"container\">\n\t\t\t\t\t<div class=\"e-con-inner\">\n\t\t\t\t<div class=\"elementor-element elementor-element-38565d47 elementor-widget elementor-widget-heading\" data-id=\"38565d47\" data-element_type=\"widget\" data-e-type=\"widget\" data-widget_type=\"heading.default\">\n\t\t\t\t\t<h2 class=\"elementor-heading-title elementor-size-default\">\u00d6zellikler<\/h2>\t\t\t\t<\/div>\n\t\t\t\t<div class=\"elementor-element elementor-element-64bc254f elementor-widget-divider--view-line elementor-widget elementor-widget-divider\" data-id=\"64bc254f\" data-element_type=\"widget\" data-e-type=\"widget\" data-widget_type=\"divider.default\">\n\t\t\t\t\t\t\t<div class=\"elementor-divider\">\n\t\t\t<span class=\"elementor-divider-separator\">\n\t\t\t\t\t\t<\/span>\n\t\t<\/div>\n\t\t\t\t\t\t<\/div>\n\t\t\t\t\t<\/div>\n\t\t\t\t<\/div>\n\t\t<div class=\"elementor-element elementor-element-59de345e e-flex e-con-boxed e-con e-parent\" data-id=\"59de345e\" data-element_type=\"container\" data-e-type=\"container\">\n\t\t\t\t\t<div class=\"e-con-inner\">\n\t\t<div class=\"elementor-element elementor-element-2527c255 e-con-full e-flex e-con e-child\" data-id=\"2527c255\" data-element_type=\"container\" data-e-type=\"container\">\n\t\t<div class=\"elementor-element elementor-element-6d84e248 e-con-full e-flex e-con e-child\" data-id=\"6d84e248\" data-element_type=\"container\" data-e-type=\"container\">\n\t\t\t\t<div class=\"elementor-element elementor-element-46aeb65c elementor-widget elementor-widget-heading\" data-id=\"46aeb65c\" data-element_type=\"widget\" data-e-type=\"widget\" data-widget_type=\"heading.default\">\n\t\t\t\t\t<h2 class=\"elementor-heading-title elementor-size-default\">1<\/h2>\t\t\t\t<\/div>\n\t\t\t\t<div class=\"elementor-element elementor-element-580e05f4 elementor-widget elementor-widget-heading\" data-id=\"580e05f4\" data-element_type=\"widget\" data-e-type=\"widget\" data-widget_type=\"heading.default\">\n\t\t\t\t\t<h3 class=\"elementor-heading-title elementor-size-default\">Dayan\u0131kl\u0131<\/h3>\t\t\t\t<\/div>\n\t\t\t\t<\/div>\n\t\t<div class=\"elementor-element elementor-element-41cefcee e-con-full e-flex e-con e-child\" data-id=\"41cefcee\" data-element_type=\"container\" data-e-type=\"container\">\n\t\t\t\t<div class=\"elementor-element elementor-element-2ca3fddd elementor-widget elementor-widget-text-editor\" data-id=\"2ca3fddd\" data-element_type=\"widget\" data-e-type=\"widget\" data-widget_type=\"text-editor.default\">\n\t\t\t\t\t\t\t\t\t<p>Bu Metal Palet Kafesi, y\u00fcksek kaliteli hammaddelerle \u00fcretilir ve \u00fcretim s\u00fcrecinde yo\u011fun \u015fekilde denetlenir. Son kaplama kaplamas\u0131, orijinal g\u00f6r\u00fcn\u00fcm\u00fcn\u00fc her zaman korumas\u0131n\u0131 sa\u011flar, bu y\u00fczden ak\u0131ll\u0131ca kullan\u0131rsan\u0131z y\u0131llarca dayan\u0131r. <\/p>\n\t\t\t\t\t\t\t\t<\/div>\n\t\t\t\t<\/div>\n\t\t\t\t<\/div>\n\t\t<div class=\"elementor-element elementor-element-5c9c1145 e-con-full e-flex e-con e-child\" data-id=\"5c9c1145\" data-element_type=\"container\" data-e-type=\"container\">\n\t\t<div class=\"elementor-element elementor-element-ef0b2da e-con-full e-flex e-con e-child\" data-id=\"ef0b2da\" data-element_type=\"container\" data-e-type=\"container\">\n\t\t\t\t<div class=\"elementor-element elementor-element-42ead87a elementor-widget elementor-widget-heading\" data-id=\"42ead87a\" data-element_type=\"widget\" data-e-type=\"widget\" data-widget_type=\"heading.default\">\n\t\t\t\t\t<h2 class=\"elementor-heading-title elementor-size-default\">2<\/h2>\t\t\t\t<\/div>\n\t\t\t\t<div class=\"elementor-element elementor-element-3999ee59 elementor-widget elementor-widget-heading\" data-id=\"3999ee59\" data-element_type=\"widget\" data-e-type=\"widget\" data-widget_type=\"heading.default\">\n\t\t\t\t\t<h3 class=\"elementor-heading-title elementor-size-default\">Katlanabilir<\/h3>\t\t\t\t<\/div>\n\t\t\t\t<\/div>\n\t\t<div class=\"elementor-element elementor-element-7d9423da e-con-full e-flex e-con e-child\" data-id=\"7d9423da\" data-element_type=\"container\" data-e-type=\"container\">\n\t\t\t\t<div class=\"elementor-element elementor-element-4f0ce441 elementor-widget elementor-widget-text-editor\" data-id=\"4f0ce441\" data-element_type=\"widget\" data-e-type=\"widget\" data-widget_type=\"text-editor.default\">\n\t\t\t\t\t\t\t\t\t<p>Katlanabilir \u00f6zellik, kullanmad\u0131\u011f\u0131n\u0131z zamanlarda kolayca saklanmas\u0131n\u0131 sa\u011flar ve \u00e7ok fazla yer kaplamaz. <\/p>\n\t\t\t\t\t\t\t\t<\/div>\n\t\t\t\t<\/div>\n\t\t\t\t<\/div>\n\t\t<div class=\"elementor-element elementor-element-62016b29 e-con-full e-flex e-con e-child\" data-id=\"62016b29\" data-element_type=\"container\" data-e-type=\"container\">\n\t\t<div class=\"elementor-element elementor-element-bff14fd e-con-full e-flex e-con e-child\" data-id=\"bff14fd\" data-element_type=\"container\" data-e-type=\"container\">\n\t\t\t\t<div class=\"elementor-element elementor-element-52eb0471 elementor-widget elementor-widget-heading\" data-id=\"52eb0471\" data-element_type=\"widget\" data-e-type=\"widget\" data-widget_type=\"heading.default\">\n\t\t\t\t\t<h2 class=\"elementor-heading-title elementor-size-default\">3<\/h2>\t\t\t\t<\/div>\n\t\t\t\t<div class=\"elementor-element elementor-element-7fcf32d5 elementor-widget elementor-widget-heading\" data-id=\"7fcf32d5\" data-element_type=\"widget\" data-e-type=\"widget\" data-widget_type=\"heading.default\">\n\t\t\t\t\t<h3 class=\"elementor-heading-title elementor-size-default\">Depolama kapasitesini art\u0131rmak<\/h3>\t\t\t\t<\/div>\n\t\t\t\t<\/div>\n\t\t<div class=\"elementor-element elementor-element-4248c5cc e-con-full e-flex e-con e-child\" data-id=\"4248c5cc\" data-element_type=\"container\" data-e-type=\"container\">\n\t\t\t\t<div class=\"elementor-element elementor-element-46d3928e elementor-widget elementor-widget-text-editor\" data-id=\"46d3928e\" data-element_type=\"widget\" data-e-type=\"widget\" data-widget_type=\"text-editor.default\">\n\t\t\t\t\t\t\t\t\t<p>Depoda \u00e7ok say\u0131da \u00f6\u011fe depolayabilir ve siz de bunlar\u0131 \u00fcst \u00fcste koyup kullanabiliyorsunuz, b\u00f6ylece depo depolama alan\u0131n\u0131z\u0131 b\u00fcy\u00fck \u00f6l\u00e7\u00fcde art\u0131rabilirsiniz. <\/p>\n\t\t\t\t\t\t\t\t<\/div>\n\t\t\t\t<\/div>\n\t\t\t\t<\/div>\n\t\t<div class=\"elementor-element elementor-element-7c4a6ab6 e-con-full e-flex e-con e-child\" data-id=\"7c4a6ab6\" data-element_type=\"container\" data-e-type=\"container\">\n\t\t<div class=\"elementor-element elementor-element-6682fc4a e-con-full e-flex e-con e-child\" data-id=\"6682fc4a\" data-element_type=\"container\" data-e-type=\"container\">\n\t\t\t\t<div class=\"elementor-element elementor-element-3b952c42 elementor-widget elementor-widget-heading\" data-id=\"3b952c42\" data-element_type=\"widget\" data-e-type=\"widget\" data-widget_type=\"heading.default\">\n\t\t\t\t\t<h2 class=\"elementor-heading-title elementor-size-default\">4<\/h2>\t\t\t\t<\/div>\n\t\t\t\t<div class=\"elementor-element elementor-element-42f83032 elementor-widget elementor-widget-heading\" data-id=\"42f83032\" data-element_type=\"widget\" data-e-type=\"widget\" data-widget_type=\"heading.default\">\n\t\t\t\t\t<h3 class=\"elementor-heading-title elementor-size-default\">Farkl\u0131 tasar\u0131mlar<\/h3>\t\t\t\t<\/div>\n\t\t\t\t<\/div>\n\t\t<div class=\"elementor-element elementor-element-31638906 e-con-full e-flex e-con e-child\" data-id=\"31638906\" data-element_type=\"container\" data-e-type=\"container\">\n\t\t\t\t<div class=\"elementor-element elementor-element-6aac9269 elementor-widget elementor-widget-text-editor\" data-id=\"6aac9269\" data-element_type=\"widget\" data-e-type=\"widget\" data-widget_type=\"text-editor.default\">\n\t\t\t\t\t\t\t\t\t<p>\u0130htiya\u00e7lar\u0131n\u0131za g\u00f6re \u00f6zelle\u015ftirilebilip de\u011fi\u015ftirilebilen boyutlar, renkler ve kaplamalar\u0131n yan\u0131 s\u0131ra, se\u00e7ebilece\u011finiz ba\u015fka bir\u00e7ok tasar\u0131m da var. <\/p>\n\t\t\t\t\t\t\t\t<\/div>\n\t\t\t\t<\/div>\n\t\t\t\t<\/div>\n\t\t\t\t\t<\/div>\n\t\t\t\t<\/div>\n\t\t<div class=\"elementor-element elementor-element-6521547a e-flex e-con-boxed e-con e-parent\" data-id=\"6521547a\" data-element_type=\"container\" data-e-type=\"container\">\n\t\t\t\t\t<div class=\"e-con-inner\">\n\t\t<div class=\"elementor-element elementor-element-3eb4d317 e-con-full e-flex e-con e-child\" data-id=\"3eb4d317\" data-element_type=\"container\" data-e-type=\"container\">\n\t\t\t\t<div class=\"elementor-element elementor-element-5cd38877 elementor-widget elementor-widget-heading\" data-id=\"5cd38877\" data-element_type=\"widget\" data-e-type=\"widget\" data-widget_type=\"heading.default\">\n\t\t\t\t\t<h3 class=\"elementor-heading-title elementor-size-default\">Uygulama alan\u0131<\/h3>\t\t\t\t<\/div>\n\t\t\t\t<div class=\"elementor-element elementor-element-786f6cf8 elementor-widget-divider--view-line elementor-widget elementor-widget-divider\" data-id=\"786f6cf8\" data-element_type=\"widget\" data-e-type=\"widget\" data-widget_type=\"divider.default\">\n\t\t\t\t\t\t\t<div class=\"elementor-divider\">\n\t\t\t<span class=\"elementor-divider-separator\">\n\t\t\t\t\t\t<\/span>\n\t\t<\/div>\n\t\t\t\t\t\t<\/div>\n\t\t\t\t<div class=\"elementor-element elementor-element-28a7c39c elementor-widget elementor-widget-spacer\" data-id=\"28a7c39c\" data-element_type=\"widget\" data-e-type=\"widget\" data-widget_type=\"spacer.default\">\n\t\t\t\t\t\t\t<div class=\"elementor-spacer\">\n\t\t\t<div class=\"elementor-spacer-inner\"><\/div>\n\t\t<\/div>\n\t\t\t\t\t\t<\/div>\n\t\t\t\t<div class=\"elementor-element elementor-element-69503aee elementor-widget elementor-widget-text-editor\" data-id=\"69503aee\" data-element_type=\"widget\" data-e-type=\"widget\" data-widget_type=\"text-editor.default\">\n\t\t\t\t\t\t\t\t\t<p>Metal Palet Kafesi, sadece perakende sekt\u00f6r\u00fcnde mallar\u0131n sergilenmesi i\u00e7in de\u011fil, ayn\u0131 zamanda lojistik sekt\u00f6r\u00fcnde, tar\u0131mda ekspres posta ve sebzelerin depolanmas\u0131 i\u00e7in de \u00e7ok \u00e7e\u015fitli uygulamalarda kullan\u0131lmaktad\u0131r. Her \u015feyi saklamak i\u00e7in \u00e7ok pratik bir yol. <\/p>\n\t\t\t\t\t\t\t\t<\/div>\n\t\t\t\t<\/div>\n\t\t\t\t\t<\/div>\n\t\t\t\t<\/div>\n\t\t\t\t<\/div>\n\t\t","protected":false},"excerpt":{"rendered":"<p>Description Metal Palet Kafesi, e\u015fyalar\u0131 saklamak i\u00e7in Z kanal\u0131 olan bir konteynerdir. Depolama i\u00e7in m\u00fckemmel ve boyutu alt tepsinize g\u00f6re ayarlanabilir, bu da size istedi\u011finiz her boyutu sunabilece\u011fimiz anlam\u0131na geliyor! Bu kafesin Z-kanal yap\u0131s\u0131, alan kullan\u0131m\u0131n\u0131 art\u0131rmak i\u00e7in daha istikrarl\u0131 ve birden fazla katmanl\u0131 olarak \u00fcst \u00fcste y\u0131\u011f\u0131labilmesini sa\u011flar. Ancak, y\u0131\u011fma nedeniyle e\u015fya toplama zahmetinden [&hellip;]<\/p>\n","protected":false},"featured_media":3536,"comment_status":"closed","ping_status":"closed","template":"","meta":[],"product_brand":[],"product_cat":[123],"product_tag":[],"class_list":{"0":"post-28208","1":"product","2":"type-product","3":"status-publish","4":"has-post-thumbnail","6":"product_cat-123","8":"first","9":"instock","10":"shipping-taxable","11":"product-type-simple"},"_links":{"self":[{"href":"https:\/\/www.logistictool.com\/tr\/wp-json\/wp\/v2\/product\/28208","targetHints":{"allow":["GET"]}}],"collection":[{"href":"https:\/\/www.logistictool.com\/tr\/wp-json\/wp\/v2\/product"}],"about":[{"href":"https:\/\/www.logistictool.com\/tr\/wp-json\/wp\/v2\/types\/product"}],"replies":[{"embeddable":true,"href":"https:\/\/www.logistictool.com\/tr\/wp-json\/wp\/v2\/comments?post=28208"}],"version-history":[{"count":0,"href":"https:\/\/www.logistictool.com\/tr\/wp-json\/wp\/v2\/product\/28208\/revisions"}],"wp:featuredmedia":[{"embeddable":true,"href":"https:\/\/www.logistictool.com\/tr\/wp-json\/wp\/v2\/media\/3536"}],"wp:attachment":[{"href":"https:\/\/www.logistictool.com\/tr\/wp-json\/wp\/v2\/media?parent=28208"}],"wp:term":[{"taxonomy":"product_brand","embeddable":true,"href":"https:\/\/www.logistictool.com\/tr\/wp-json\/wp\/v2\/product_brand?post=28208"},{"taxonomy":"product_cat","embeddable":true,"href":"https:\/\/www.logistictool.com\/tr\/wp-json\/wp\/v2\/product_cat?post=28208"},{"taxonomy":"product_tag","embeddable":true,"href":"https:\/\/www.logistictool.com\/tr\/wp-json\/wp\/v2\/product_tag?post=28208"}],"curies":[{"name":"wp","href":"https:\/\/api.w.org\/{rel}","templated":true}]}}