{"id":28214,"date":"2025-05-13T06:53:11","date_gmt":"2025-05-13T06:53:11","guid":{"rendered":"https:\/\/www.logistictool.com\/kategorilenmemis\/a-frame-cam-rafi\/"},"modified":"2025-12-31T15:33:40","modified_gmt":"2025-12-31T15:33:40","slug":"a-frame-cam-rafi","status":"publish","type":"product","link":"https:\/\/www.logistictool.com\/tr\/cam-rafi\/a-frame-cam-rafi\/","title":{"rendered":"A-Frame Cam Raf\u0131"},"content":{"rendered":"\t\t<div data-elementor-type=\"product-post\" data-elementor-id=\"28214\" class=\"elementor elementor-28214 elementor-3147\" data-elementor-post-type=\"product\">\n\t\t\t\t<div class=\"elementor-element elementor-element-17f3a52 e-flex e-con-boxed e-con e-parent\" data-id=\"17f3a52\" data-element_type=\"container\" data-e-type=\"container\">\n\t\t\t\t\t<div class=\"e-con-inner\">\n\t\t\t\t<div class=\"elementor-element elementor-element-6eff24f1 elementor-widget elementor-widget-spacer\" data-id=\"6eff24f1\" data-element_type=\"widget\" data-e-type=\"widget\" data-widget_type=\"spacer.default\">\n\t\t\t\t\t\t\t<div class=\"elementor-spacer\">\n\t\t\t<div class=\"elementor-spacer-inner\"><\/div>\n\t\t<\/div>\n\t\t\t\t\t\t<\/div>\n\t\t\t\t\t<\/div>\n\t\t\t\t<\/div>\n\t\t<div class=\"elementor-element elementor-element-5d0898ad e-flex e-con-boxed e-con e-parent\" data-id=\"5d0898ad\" data-element_type=\"container\" data-e-type=\"container\">\n\t\t\t\t\t<div class=\"e-con-inner\">\n\t\t\t\t<div class=\"elementor-element elementor-element-76b4a70b elementor-widget elementor-widget-text-editor\" data-id=\"76b4a70b\" data-element_type=\"widget\" data-e-type=\"widget\" data-widget_type=\"text-editor.default\">\n\t\t\t\t\t\t\t\t\t<p>Description<\/p>\n\t\t\t\t\t\t\t\t<\/div>\n\t\t\t\t<div class=\"elementor-element elementor-element-4c4b4572 elementor-widget-divider--view-line elementor-widget elementor-widget-divider\" data-id=\"4c4b4572\" data-element_type=\"widget\" data-e-type=\"widget\" data-widget_type=\"divider.default\">\n\t\t\t\t\t\t\t<div class=\"elementor-divider\">\n\t\t\t<span class=\"elementor-divider-separator\">\n\t\t\t\t\t\t<\/span>\n\t\t<\/div>\n\t\t\t\t\t\t<\/div>\n\t\t\t\t<div class=\"elementor-element elementor-element-7bf357e elementor-widget elementor-widget-text-editor\" data-id=\"7bf357e\" data-element_type=\"widget\" data-e-type=\"widget\" data-widget_type=\"text-editor.default\">\n\t\t\t\t\t\t\t\t\t<p>Ana \u00fcr\u00fcn\u00fcm\u00fcz \u00e7elikle ilgili, neredeyse t\u00fcm \u00fcr\u00fcnleri bizden alabilirsiniz. Fabrikam\u0131zda rulo konteyner, rulo palet ve A-Frame Cam Rack \u00fcr\u00fcnlerimiz var, 100&#8217;den fazla \u00fcretim hatt\u0131m\u0131z var ve t\u00fcm \u00fcr\u00fcn ve \u00fcretim s\u00fcre\u00e7lerini kendi fabrikam\u0131zda ger\u00e7ekle\u015ftiriyoruz. Fiyat \u00e7ok d\u00fc\u015f\u00fck ve kalite \u00e7ok iyi olacak, \u00e7izimlerinizi bize g\u00f6ndererek \u00fcr\u00fcn\u00fcn\u00fcz\u00fc daha iyi tan\u0131mam\u0131z\u0131 sa\u011flayaca\u011f\u0131z, b\u00f6ylece teklifinizi \u00fccretsiz g\u00f6nderebiliriz. <\/p>\n<p>\u00dcr\u00fcn\u00fcn\u00fcz\u00fcn hi\u00e7bir \u015feyi i\u00e7in endi\u015felenmenize gerek yok, fabrikam\u0131zda neredeyse t\u00fcm \u00fcr\u00fcnleri size sa\u011fl\u0131yoruz, toplu sipari\u015f vermeden \u00f6nce \u00fccretsiz numune sa\u011fl\u0131yoruz, numuneyi onaylad\u0131ktan sonra toplu sipari\u015f \u00fcr\u00fcn\u00fcn\u00fcze ba\u015flar\u0131z. Numunenizi g\u00f6ndermeden \u00f6nce size foto\u011fraf ve video g\u00f6nderece\u011fiz. <\/p>\n<p>A-Frame Cam Raf\u0131 \u00e7ok profesyonel bir teknik \u00e7al\u0131\u015fana ihtiya\u00e7 duyar; ne olursa olsun size \u00e7ok iyi fiyat sunabilir, ancak g\u00f6zl\u00fcklerinizin neredeyse t\u00fcm ihtiya\u00e7lar\u0131 i\u00e7in de uygundur. <\/p>\n\t\t\t\t\t\t\t\t<\/div>\n\t\t\t\t\t<\/div>\n\t\t\t\t<\/div>\n\t\t<div class=\"elementor-element elementor-element-73055d97 e-flex e-con-boxed e-con e-parent\" data-id=\"73055d97\" data-element_type=\"container\" data-e-type=\"container\">\n\t\t\t\t\t<div class=\"e-con-inner\">\n\t\t\t\t<div class=\"elementor-element elementor-element-ca923e elementor-widget elementor-widget-heading\" data-id=\"ca923e\" data-element_type=\"widget\" data-e-type=\"widget\" data-widget_type=\"heading.default\">\n\t\t\t\t\t<h3 class=\"elementor-heading-title elementor-size-default\">Teknik \u00f6zellikler<\/h3>\t\t\t\t<\/div>\n\t\t\t\t<div class=\"elementor-element elementor-element-50e1d421 elementor-widget-divider--view-line elementor-widget elementor-widget-divider\" data-id=\"50e1d421\" data-element_type=\"widget\" data-e-type=\"widget\" data-widget_type=\"divider.default\">\n\t\t\t\t\t\t\t<div class=\"elementor-divider\">\n\t\t\t<span class=\"elementor-divider-separator\">\n\t\t\t\t\t\t<\/span>\n\t\t<\/div>\n\t\t\t\t\t\t<\/div>\n\t\t<div class=\"elementor-element elementor-element-76d14f3c e-con-full e-flex e-con e-child\" data-id=\"76d14f3c\" data-element_type=\"container\" data-e-type=\"container\">\n\t\t\t\t<div class=\"elementor-element elementor-element-757e32a7 elementor-widget__width-initial elementor-widget elementor-widget-text-editor\" data-id=\"757e32a7\" data-element_type=\"widget\" data-e-type=\"widget\" data-widget_type=\"text-editor.default\">\n\t\t\t\t\t\t\t\t\t<p>Product Name<\/p>\n\t\t\t\t\t\t\t\t<\/div>\n\t\t\t\t<div class=\"elementor-element elementor-element-115d24d2 elementor-widget__width-initial elementor-widget elementor-widget-text-editor\" data-id=\"115d24d2\" data-element_type=\"widget\" data-e-type=\"widget\" data-widget_type=\"text-editor.default\">\n\t\t\t\t\t\t\t\t\t<p>A-Frame Cam Rack<\/p>\n\t\t\t\t\t\t\t\t<\/div>\n\t\t\t\t<\/div>\n\t\t<div class=\"elementor-element elementor-element-22bb0f02 e-con-full e-flex e-con e-child\" data-id=\"22bb0f02\" data-element_type=\"container\" data-e-type=\"container\">\n\t\t\t\t<div class=\"elementor-element elementor-element-6de42dc6 elementor-widget__width-initial elementor-widget elementor-widget-text-editor\" data-id=\"6de42dc6\" data-element_type=\"widget\" data-e-type=\"widget\" data-widget_type=\"text-editor.default\">\n\t\t\t\t\t\t\t\t\t<p>D\u0131\u015f boyut<\/p>\n\t\t\t\t\t\t\t\t<\/div>\n\t\t\t\t<div class=\"elementor-element elementor-element-6dd5840c elementor-widget__width-initial elementor-widget elementor-widget-text-editor\" data-id=\"6dd5840c\" data-element_type=\"widget\" data-e-type=\"widget\" data-widget_type=\"text-editor.default\">\n\t\t\t\t\t\t\t\t\t<p>1000*800*850MM<\/p>\n\t\t\t\t\t\t\t\t<\/div>\n\t\t\t\t<\/div>\n\t\t<div class=\"elementor-element elementor-element-480632f7 e-con-full e-flex e-con e-child\" data-id=\"480632f7\" data-element_type=\"container\" data-e-type=\"container\">\n\t\t\t\t<div class=\"elementor-element elementor-element-246bb15 elementor-widget__width-initial elementor-widget elementor-widget-text-editor\" data-id=\"246bb15\" data-element_type=\"widget\" data-e-type=\"widget\" data-widget_type=\"text-editor.default\">\n\t\t\t\t\t\t\t\t\t<p>N.W<\/p>\n\t\t\t\t\t\t\t\t<\/div>\n\t\t\t\t<div class=\"elementor-element elementor-element-590e6c14 elementor-widget__width-initial elementor-widget elementor-widget-text-editor\" data-id=\"590e6c14\" data-element_type=\"widget\" data-e-type=\"widget\" data-widget_type=\"text-editor.default\">\n\t\t\t\t\t\t\t\t\t<p>190kg<\/p>\n\t\t\t\t\t\t\t\t<\/div>\n\t\t\t\t<\/div>\n\t\t<div class=\"elementor-element elementor-element-2d929ea e-con-full e-flex e-con e-child\" data-id=\"2d929ea\" data-element_type=\"container\" data-e-type=\"container\">\n\t\t\t\t<div class=\"elementor-element elementor-element-934e3b elementor-widget__width-initial elementor-widget elementor-widget-text-editor\" data-id=\"934e3b\" data-element_type=\"widget\" data-e-type=\"widget\" data-widget_type=\"text-editor.default\">\n\t\t\t\t\t\t\t\t\t<p>maksimum y\u00fck<\/p>\n\t\t\t\t\t\t\t\t<\/div>\n\t\t\t\t<div class=\"elementor-element elementor-element-d89500 elementor-widget__width-initial elementor-widget elementor-widget-text-editor\" data-id=\"d89500\" data-element_type=\"widget\" data-e-type=\"widget\" data-widget_type=\"text-editor.default\">\n\t\t\t\t\t\t\t\t\t<p>2000kg<\/p>\n\t\t\t\t\t\t\t\t<\/div>\n\t\t\t\t<\/div>\n\t\t<div class=\"elementor-element elementor-element-a3507d4 e-con-full e-flex e-con e-child\" data-id=\"a3507d4\" data-element_type=\"container\" data-e-type=\"container\">\n\t\t\t\t<div class=\"elementor-element elementor-element-16b1f50 elementor-widget__width-initial elementor-widget elementor-widget-text-editor\" data-id=\"16b1f50\" data-element_type=\"widget\" data-e-type=\"widget\" data-widget_type=\"text-editor.default\">\n\t\t\t\t\t\t\t\t\t<p>Material<\/p>\n\t\t\t\t\t\t\t\t<\/div>\n\t\t\t\t<div class=\"elementor-element elementor-element-21fc8743 elementor-widget__width-initial elementor-widget elementor-widget-text-editor\" data-id=\"21fc8743\" data-element_type=\"widget\" data-e-type=\"widget\" data-widget_type=\"text-editor.default\">\n\t\t\t\t\t\t\t\t\t<p>Yumu\u015fak \u00e7elik Q235<\/p>\n\t\t\t\t\t\t\t\t<\/div>\n\t\t\t\t<\/div>\n\t\t<div class=\"elementor-element elementor-element-69d85c72 e-con-full e-flex e-con e-child\" data-id=\"69d85c72\" data-element_type=\"container\" data-e-type=\"container\">\n\t\t\t\t<div class=\"elementor-element elementor-element-220019cf elementor-widget__width-initial elementor-widget elementor-widget-text-editor\" data-id=\"220019cf\" data-element_type=\"widget\" data-e-type=\"widget\" data-widget_type=\"text-editor.default\">\n\t\t\t\t\t\t\t\t\t<p>Finish<\/p>\n\t\t\t\t\t\t\t\t<\/div>\n\t\t\t\t<div class=\"elementor-element elementor-element-339c3eba elementor-widget__width-initial elementor-widget elementor-widget-text-editor\" data-id=\"339c3eba\" data-element_type=\"widget\" data-e-type=\"widget\" data-widget_type=\"text-editor.default\">\n\t\t\t\t\t\t\t\t\t<p>Dayan\u0131kl\u0131 galvanizli<\/p>\n\t\t\t\t\t\t\t\t<\/div>\n\t\t\t\t<\/div>\n\t\t\t\t\t<\/div>\n\t\t\t\t<\/div>\n\t\t<div class=\"elementor-element elementor-element-19f49ede e-flex e-con-boxed e-con e-parent\" data-id=\"19f49ede\" data-element_type=\"container\" data-e-type=\"container\">\n\t\t\t\t\t<div class=\"e-con-inner\">\n\t\t\t\t<div class=\"elementor-element elementor-element-410ed0f elementor-widget elementor-widget-heading\" data-id=\"410ed0f\" data-element_type=\"widget\" data-e-type=\"widget\" data-widget_type=\"heading.default\">\n\t\t\t\t\t<h2 class=\"elementor-heading-title elementor-size-default\">Di\u011fer Bilgiler<\/h2>\t\t\t\t<\/div>\n\t\t\t\t<div class=\"elementor-element elementor-element-77f0db54 elementor-widget-divider--view-line_icon elementor-widget-divider--element-align-left elementor-view-default elementor-widget elementor-widget-divider\" data-id=\"77f0db54\" data-element_type=\"widget\" data-e-type=\"widget\" data-widget_type=\"divider.default\">\n\t\t\t\t\t\t\t<div class=\"elementor-divider\">\n\t\t\t<span class=\"elementor-divider-separator\">\n\t\t\t\t\t\t\t<div class=\"elementor-icon elementor-divider__element\">\n\t\t\t\t\t<svg aria-hidden=\"true\" class=\"e-font-icon-svg e-fas-square\" viewBox=\"0 0 448 512\" xmlns=\"http:\/\/www.w3.org\/2000\/svg\"><path d=\"M400 32H48C21.5 32 0 53.5 0 80v352c0 26.5 21.5 48 48 48h352c26.5 0 48-21.5 48-48V80c0-26.5-21.5-48-48-48z\"><\/path><\/svg><\/div>\n\t\t\t\t\t\t<\/span>\n\t\t<\/div>\n\t\t\t\t\t\t<\/div>\n\t\t\t\t<div class=\"elementor-element elementor-element-6a97845 elementor-widget elementor-widget-text-editor\" data-id=\"6a97845\" data-element_type=\"widget\" data-e-type=\"widget\" data-widget_type=\"text-editor.default\">\n\t\t\t\t\t\t\t\t\t<p>Sertifikam\u0131zda CE, FSC, SGS, G\u00f6r\u00fcn\u00fcm patenti, Fayda modeli patenti, CPC bulunmaktad\u0131r. Hizmetimiz \u00e7ok profesyonel ve kat\u0131 bir ekip ile teknik personelimiz var. \u00dcretim s\u00fcrecinde, teknik ekibimiz form\u00fcl\u00fc ve s\u00fcreci s\u0131k\u0131 bir \u015fekilde kontrol ederek \u00fcr\u00fcn\u00fcn kalitesini kontrol edecektir. \u00dcretim s\u00fcrecinde ve \u00fcretimden sonra paketlemeden \u00f6nce kullanaca\u011f\u0131z. \u00c7ok s\u0131k\u0131 \u00fcr\u00fcn denetimi. &#8220;\u00dcr\u00fcn fabrikadan \u00e7\u0131kmadan \u00f6nce sorunu kontrol etmek&#8221; bizim ilkemizdir. Kalite hayat\u0131m\u0131zd\u0131r. T\u00fcm \u00fcretim, paketleme ve g\u00f6nderim s\u00fcre\u00e7leri, \u00fcr\u00fcn kalitesini kontrol etmek i\u00e7in \u00e7ok s\u0131k\u0131 s\u00fcre\u00e7lere sahip olacakt\u0131r. <\/p>\n\t\t\t\t\t\t\t\t<\/div>\n\t\t\t\t<div class=\"elementor-element elementor-element-66d1825d elementor-widget-divider--view-line elementor-widget elementor-widget-divider\" data-id=\"66d1825d\" data-element_type=\"widget\" data-e-type=\"widget\" data-widget_type=\"divider.default\">\n\t\t\t\t\t\t\t<div class=\"elementor-divider\">\n\t\t\t<span class=\"elementor-divider-separator\">\n\t\t\t\t\t\t<\/span>\n\t\t<\/div>\n\t\t\t\t\t\t<\/div>\n\t\t\t\t\t<\/div>\n\t\t\t\t<\/div>\n\t\t\t\t<\/div>\n\t\t","protected":false},"excerpt":{"rendered":"<p>Description Ana \u00fcr\u00fcn\u00fcm\u00fcz \u00e7elikle ilgili, neredeyse t\u00fcm \u00fcr\u00fcnleri bizden alabilirsiniz. Fabrikam\u0131zda rulo konteyner, rulo palet ve A-Frame Cam Rack \u00fcr\u00fcnlerimiz var, 100&#8217;den fazla \u00fcretim hatt\u0131m\u0131z var ve t\u00fcm \u00fcr\u00fcn ve \u00fcretim s\u00fcre\u00e7lerini kendi fabrikam\u0131zda ger\u00e7ekle\u015ftiriyoruz. Fiyat \u00e7ok d\u00fc\u015f\u00fck ve kalite \u00e7ok iyi olacak, \u00e7izimlerinizi bize g\u00f6ndererek \u00fcr\u00fcn\u00fcn\u00fcz\u00fc daha iyi tan\u0131mam\u0131z\u0131 sa\u011flayaca\u011f\u0131z, b\u00f6ylece teklifinizi \u00fccretsiz g\u00f6nderebiliriz. [&hellip;]<\/p>\n","protected":false},"featured_media":3545,"comment_status":"closed","ping_status":"closed","template":"","meta":[],"product_brand":[],"product_cat":[271],"product_tag":[],"class_list":{"0":"post-28214","1":"product","2":"type-product","3":"status-publish","4":"has-post-thumbnail","6":"product_cat-cam-rafi","8":"first","9":"instock","10":"shipping-taxable","11":"product-type-simple"},"_links":{"self":[{"href":"https:\/\/www.logistictool.com\/tr\/wp-json\/wp\/v2\/product\/28214","targetHints":{"allow":["GET"]}}],"collection":[{"href":"https:\/\/www.logistictool.com\/tr\/wp-json\/wp\/v2\/product"}],"about":[{"href":"https:\/\/www.logistictool.com\/tr\/wp-json\/wp\/v2\/types\/product"}],"replies":[{"embeddable":true,"href":"https:\/\/www.logistictool.com\/tr\/wp-json\/wp\/v2\/comments?post=28214"}],"version-history":[{"count":0,"href":"https:\/\/www.logistictool.com\/tr\/wp-json\/wp\/v2\/product\/28214\/revisions"}],"wp:featuredmedia":[{"embeddable":true,"href":"https:\/\/www.logistictool.com\/tr\/wp-json\/wp\/v2\/media\/3545"}],"wp:attachment":[{"href":"https:\/\/www.logistictool.com\/tr\/wp-json\/wp\/v2\/media?parent=28214"}],"wp:term":[{"taxonomy":"product_brand","embeddable":true,"href":"https:\/\/www.logistictool.com\/tr\/wp-json\/wp\/v2\/product_brand?post=28214"},{"taxonomy":"product_cat","embeddable":true,"href":"https:\/\/www.logistictool.com\/tr\/wp-json\/wp\/v2\/product_cat?post=28214"},{"taxonomy":"product_tag","embeddable":true,"href":"https:\/\/www.logistictool.com\/tr\/wp-json\/wp\/v2\/product_tag?post=28214"}],"curies":[{"name":"wp","href":"https:\/\/api.w.org\/{rel}","templated":true}]}}