{"id":28217,"date":"2025-05-13T06:58:39","date_gmt":"2025-05-13T06:58:39","guid":{"rendered":"https:\/\/www.logistictool.com\/kategorilenmemis\/bir-cerceve-cam-tasima-rafi\/"},"modified":"2025-12-31T15:33:41","modified_gmt":"2025-12-31T15:33:41","slug":"bir-cerceve-cam-tasima-rafi","status":"publish","type":"product","link":"https:\/\/www.logistictool.com\/tr\/cam-rafi\/bir-cerceve-cam-tasima-rafi\/","title":{"rendered":"Bir \u00c7er\u00e7eve Cam Ta\u015f\u0131ma Raf\u0131"},"content":{"rendered":"\t\t<div data-elementor-type=\"product-post\" data-elementor-id=\"28217\" class=\"elementor elementor-28217 elementor-3155\" data-elementor-post-type=\"product\">\n\t\t\t\t<div class=\"elementor-element elementor-element-4ffd8e0c e-flex e-con-boxed e-con e-parent\" data-id=\"4ffd8e0c\" data-element_type=\"container\" data-e-type=\"container\">\n\t\t\t\t\t<div class=\"e-con-inner\">\n\t\t\t\t<div class=\"elementor-element elementor-element-188325bf elementor-widget elementor-widget-spacer\" data-id=\"188325bf\" data-element_type=\"widget\" data-e-type=\"widget\" data-widget_type=\"spacer.default\">\n\t\t\t\t\t\t\t<div class=\"elementor-spacer\">\n\t\t\t<div class=\"elementor-spacer-inner\"><\/div>\n\t\t<\/div>\n\t\t\t\t\t\t<\/div>\n\t\t\t\t\t<\/div>\n\t\t\t\t<\/div>\n\t\t<div class=\"elementor-element elementor-element-4996b7e9 e-flex e-con-boxed e-con e-parent\" data-id=\"4996b7e9\" data-element_type=\"container\" data-e-type=\"container\">\n\t\t\t\t\t<div class=\"e-con-inner\">\n\t\t\t\t<div class=\"elementor-element elementor-element-7c103b72 elementor-widget elementor-widget-text-editor\" data-id=\"7c103b72\" data-element_type=\"widget\" data-e-type=\"widget\" data-widget_type=\"text-editor.default\">\n\t\t\t\t\t\t\t\t\t<p>Description<\/p>\n\t\t\t\t\t\t\t\t<\/div>\n\t\t\t\t<div class=\"elementor-element elementor-element-7abe6928 elementor-widget-divider--view-line elementor-widget elementor-widget-divider\" data-id=\"7abe6928\" data-element_type=\"widget\" data-e-type=\"widget\" data-widget_type=\"divider.default\">\n\t\t\t\t\t\t\t<div class=\"elementor-divider\">\n\t\t\t<span class=\"elementor-divider-separator\">\n\t\t\t\t\t\t<\/span>\n\t\t<\/div>\n\t\t\t\t\t\t<\/div>\n\t\t\t\t<div class=\"elementor-element elementor-element-2eef2158 elementor-widget elementor-widget-text-editor\" data-id=\"2eef2158\" data-element_type=\"widget\" data-e-type=\"widget\" data-widget_type=\"text-editor.default\">\n\t\t\t\t\t\t\t\t\t<p>\u0130\u00e7 A-\u00e7er\u00e7eveli cam raf, cam depolama i\u00e7in \u00e7ift raf sa\u011flar; cam, \u00e7\u0131k\u0131nt\u0131daki y\u00fckseltilmi\u015f taban bloklar \u00fczerinde durur ve g\u00fcvenli kay\u0131\u015f direkleri ile i\u015faret etmeyen cam tutma bloklar\u0131yla tutulur. Cam, ta\u015f\u0131y\u0131c\u0131lara yaslanm\u0131\u015f, sert ah\u015fap kontrplak ah\u015fap taban\u0131n \u00fczerine oturmu\u015f ve g\u00fcvenli kay\u0131\u015f direkleri ile kayd\u0131rmayan, i\u015faret b\u0131rakmayan kayma bloklarla tutulmu\u015ftur. Bizim i\u00e7 cam ta\u015f\u0131ma \u00e7\u00f6z\u00fcmlerinizle ilgilenmemize izin verin, \u015fimdi sat\u0131\u015f ekibimizden biriyle ileti\u015fime ge\u00e7in. Bu \u015fekilde, depolama kapasitesi bir kerede iki kat\u0131na \u00e7\u0131kar veya depolama maliyetleri yar\u0131ya indirilir. Bu tek ba\u015f\u0131na cam ta\u015f\u0131ma sistemine ge\u00e7mek i\u00e7in yeterli sebep. <\/p>\n\t\t\t\t\t\t\t\t<\/div>\n\t\t\t\t\t<\/div>\n\t\t\t\t<\/div>\n\t\t<div class=\"elementor-element elementor-element-1170ece3 e-flex e-con-boxed e-con e-parent\" data-id=\"1170ece3\" data-element_type=\"container\" data-e-type=\"container\">\n\t\t\t\t\t<div class=\"e-con-inner\">\n\t\t\t\t<div class=\"elementor-element elementor-element-55f011f7 elementor-widget elementor-widget-heading\" data-id=\"55f011f7\" data-element_type=\"widget\" data-e-type=\"widget\" data-widget_type=\"heading.default\">\n\t\t\t\t\t<h3 class=\"elementor-heading-title elementor-size-default\">\u00dcr\u00fcn Parametreleri<\/h3>\t\t\t\t<\/div>\n\t\t\t\t<div class=\"elementor-element elementor-element-34d7900e elementor-widget-divider--view-line elementor-widget elementor-widget-divider\" data-id=\"34d7900e\" data-element_type=\"widget\" data-e-type=\"widget\" data-widget_type=\"divider.default\">\n\t\t\t\t\t\t\t<div class=\"elementor-divider\">\n\t\t\t<span class=\"elementor-divider-separator\">\n\t\t\t\t\t\t<\/span>\n\t\t<\/div>\n\t\t\t\t\t\t<\/div>\n\t\t<div class=\"elementor-element elementor-element-22bf9349 e-con-full e-flex e-con e-child\" data-id=\"22bf9349\" data-element_type=\"container\" data-e-type=\"container\">\n\t\t\t\t<div class=\"elementor-element elementor-element-36a2724a elementor-widget__width-initial elementor-widget elementor-widget-text-editor\" data-id=\"36a2724a\" data-element_type=\"widget\" data-e-type=\"widget\" data-widget_type=\"text-editor.default\">\n\t\t\t\t\t\t\t\t\t<p>Product Name<\/p>\n\t\t\t\t\t\t\t\t<\/div>\n\t\t\t\t<div class=\"elementor-element elementor-element-65b8d101 elementor-widget__width-initial elementor-widget elementor-widget-text-editor\" data-id=\"65b8d101\" data-element_type=\"widget\" data-e-type=\"widget\" data-widget_type=\"text-editor.default\">\n\t\t\t\t\t\t\t\t\t<p>Bir \u00c7er\u00e7eve Cam Ta\u015f\u0131ma Raf\u0131<\/p>\n\t\t\t\t\t\t\t\t<\/div>\n\t\t\t\t<\/div>\n\t\t<div class=\"elementor-element elementor-element-482bc7 e-con-full e-flex e-con e-child\" data-id=\"482bc7\" data-element_type=\"container\" data-e-type=\"container\">\n\t\t\t\t<div class=\"elementor-element elementor-element-605bfa2 elementor-widget__width-initial elementor-widget elementor-widget-text-editor\" data-id=\"605bfa2\" data-element_type=\"widget\" data-e-type=\"widget\" data-widget_type=\"text-editor.default\">\n\t\t\t\t\t\t\t\t\t<p>D\u0131\u015f boyut<\/p>\n\t\t\t\t\t\t\t\t<\/div>\n\t\t\t\t<div class=\"elementor-element elementor-element-3bd55ce6 elementor-widget__width-initial elementor-widget elementor-widget-text-editor\" data-id=\"3bd55ce6\" data-element_type=\"widget\" data-e-type=\"widget\" data-widget_type=\"text-editor.default\">\n\t\t\t\t\t\t\t\t\t<p>1500x1100x1200MM<\/p>\n\t\t\t\t\t\t\t\t<\/div>\n\t\t\t\t<\/div>\n\t\t<div class=\"elementor-element elementor-element-492d1c22 e-con-full e-flex e-con e-child\" data-id=\"492d1c22\" data-element_type=\"container\" data-e-type=\"container\">\n\t\t\t\t<div class=\"elementor-element elementor-element-101c2823 elementor-widget__width-initial elementor-widget elementor-widget-text-editor\" data-id=\"101c2823\" data-element_type=\"widget\" data-e-type=\"widget\" data-widget_type=\"text-editor.default\">\n\t\t\t\t\t\t\t\t\t<p>N.W<\/p>\n\t\t\t\t\t\t\t\t<\/div>\n\t\t\t\t<div class=\"elementor-element elementor-element-76d0605 elementor-widget__width-initial elementor-widget elementor-widget-text-editor\" data-id=\"76d0605\" data-element_type=\"widget\" data-e-type=\"widget\" data-widget_type=\"text-editor.default\">\n\t\t\t\t\t\t\t\t\t<p>196kg<\/p>\n\t\t\t\t\t\t\t\t<\/div>\n\t\t\t\t<\/div>\n\t\t<div class=\"elementor-element elementor-element-6f050f99 e-con-full e-flex e-con e-child\" data-id=\"6f050f99\" data-element_type=\"container\" data-e-type=\"container\">\n\t\t\t\t<div class=\"elementor-element elementor-element-588becff elementor-widget__width-initial elementor-widget elementor-widget-text-editor\" data-id=\"588becff\" data-element_type=\"widget\" data-e-type=\"widget\" data-widget_type=\"text-editor.default\">\n\t\t\t\t\t\t\t\t\t<p>Maximum Load<\/p>\n\t\t\t\t\t\t\t\t<\/div>\n\t\t\t\t<div class=\"elementor-element elementor-element-632744be elementor-widget__width-initial elementor-widget elementor-widget-text-editor\" data-id=\"632744be\" data-element_type=\"widget\" data-e-type=\"widget\" data-widget_type=\"text-editor.default\">\n\t\t\t\t\t\t\t\t\t<p>1000kg<\/p>\n\t\t\t\t\t\t\t\t<\/div>\n\t\t\t\t<\/div>\n\t\t<div class=\"elementor-element elementor-element-2548fdad e-con-full e-flex e-con e-child\" data-id=\"2548fdad\" data-element_type=\"container\" data-e-type=\"container\">\n\t\t\t\t<div class=\"elementor-element elementor-element-3c35ad9a elementor-widget__width-initial elementor-widget elementor-widget-text-editor\" data-id=\"3c35ad9a\" data-element_type=\"widget\" data-e-type=\"widget\" data-widget_type=\"text-editor.default\">\n\t\t\t\t\t\t\t\t\t<p>Material<\/p>\n\t\t\t\t\t\t\t\t<\/div>\n\t\t\t\t<div class=\"elementor-element elementor-element-1fd4a29c elementor-widget__width-initial elementor-widget elementor-widget-text-editor\" data-id=\"1fd4a29c\" data-element_type=\"widget\" data-e-type=\"widget\" data-widget_type=\"text-editor.default\">\n\t\t\t\t\t\t\t\t\t<p>Yumu\u015fak \u00e7elik Q235<\/p>\n\t\t\t\t\t\t\t\t<\/div>\n\t\t\t\t<\/div>\n\t\t<div class=\"elementor-element elementor-element-6c64c27d e-con-full e-flex e-con e-child\" data-id=\"6c64c27d\" data-element_type=\"container\" data-e-type=\"container\">\n\t\t\t\t<div class=\"elementor-element elementor-element-3f4f6f7f elementor-widget__width-initial elementor-widget elementor-widget-text-editor\" data-id=\"3f4f6f7f\" data-element_type=\"widget\" data-e-type=\"widget\" data-widget_type=\"text-editor.default\">\n\t\t\t\t\t\t\t\t\t<p>Finish<\/p>\n\t\t\t\t\t\t\t\t<\/div>\n\t\t\t\t<div class=\"elementor-element elementor-element-55218025 elementor-widget__width-initial elementor-widget elementor-widget-text-editor\" data-id=\"55218025\" data-element_type=\"widget\" data-e-type=\"widget\" data-widget_type=\"text-editor.default\">\n\t\t\t\t\t\t\t\t\t<p>Dayan\u0131kl\u0131 galvanizli<\/p>\n\t\t\t\t\t\t\t\t<\/div>\n\t\t\t\t<\/div>\n\t\t<div class=\"elementor-element elementor-element-75ff15d6 e-con-full e-flex e-con e-child\" data-id=\"75ff15d6\" data-element_type=\"container\" data-e-type=\"container\">\n\t\t\t\t<div class=\"elementor-element elementor-element-2e78ee70 elementor-widget__width-initial elementor-widget elementor-widget-text-editor\" data-id=\"2e78ee70\" data-element_type=\"widget\" data-e-type=\"widget\" data-widget_type=\"text-editor.default\">\n\t\t\t\t\t\t\t\t\t<p>Customization<\/p>\n\t\t\t\t\t\t\t\t<\/div>\n\t\t\t\t<div class=\"elementor-element elementor-element-402a64e1 elementor-widget__width-initial elementor-widget elementor-widget-text-editor\" data-id=\"402a64e1\" data-element_type=\"widget\" data-e-type=\"widget\" data-widget_type=\"text-editor.default\">\n\t\t\t\t\t\t\t\t\t<p>ODM&amp;OEM<\/p>\n\t\t\t\t\t\t\t\t<\/div>\n\t\t\t\t<\/div>\n\t\t<div class=\"elementor-element elementor-element-3d32a6a9 e-con-full e-flex e-con e-child\" data-id=\"3d32a6a9\" data-element_type=\"container\" data-e-type=\"container\">\n\t\t\t\t<div class=\"elementor-element elementor-element-2d656ecc elementor-widget__width-initial elementor-widget elementor-widget-text-editor\" data-id=\"2d656ecc\" data-element_type=\"widget\" data-e-type=\"widget\" data-widget_type=\"text-editor.default\">\n\t\t\t\t\t\t\t\t\t<p>K\u00f6ken Yeri<\/p>\n\t\t\t\t\t\t\t\t<\/div>\n\t\t\t\t<div class=\"elementor-element elementor-element-3377abbb elementor-widget__width-initial elementor-widget elementor-widget-text-editor\" data-id=\"3377abbb\" data-element_type=\"widget\" data-e-type=\"widget\" data-widget_type=\"text-editor.default\">\n\t\t\t\t\t\t\t\t\t<p>Qingdao, \u00c7in<\/p>\n\t\t\t\t\t\t\t\t<\/div>\n\t\t\t\t<\/div>\n\t\t\t\t\t<\/div>\n\t\t\t\t<\/div>\n\t\t<div class=\"elementor-element elementor-element-413b7430 e-flex e-con-boxed e-con e-parent\" data-id=\"413b7430\" data-element_type=\"container\" data-e-type=\"container\">\n\t\t\t\t\t<div class=\"e-con-inner\">\n\t\t\t\t<div class=\"elementor-element elementor-element-19dee1f9 elementor-widget elementor-widget-heading\" data-id=\"19dee1f9\" data-element_type=\"widget\" data-e-type=\"widget\" data-widget_type=\"heading.default\">\n\t\t\t\t\t<h3 class=\"elementor-heading-title elementor-size-default\">Sa\u011flama s\u00fcresi<\/h3>\t\t\t\t<\/div>\n\t\t\t\t<div class=\"elementor-element elementor-element-5f05a218 elementor-widget-divider--view-line elementor-widget elementor-widget-divider\" data-id=\"5f05a218\" data-element_type=\"widget\" data-e-type=\"widget\" data-widget_type=\"divider.default\">\n\t\t\t\t\t\t\t<div class=\"elementor-divider\">\n\t\t\t<span class=\"elementor-divider-separator\">\n\t\t\t\t\t\t<\/span>\n\t\t<\/div>\n\t\t\t\t\t\t<\/div>\n\t\t\t\t<div class=\"elementor-element elementor-element-41f2262 elementor-widget elementor-widget-text-editor\" data-id=\"41f2262\" data-element_type=\"widget\" data-e-type=\"widget\" data-widget_type=\"text-editor.default\">\n\t\t\t\t\t\t\t\t\t<p>\u00c7in ulusunun do\u011fru ve kendini geli\u015ftirme gelene\u011fini her zaman s\u00fcrd\u00fcrece\u011fiz. Ayn\u0131 zamanda, kazan-kazan yakla\u015f\u0131m\u0131n\u0131n i\u015f birli\u011finin temel ta\u015f\u0131 oldu\u011funa ve azmin ba\u015far\u0131 i\u00e7in vazge\u00e7ilmez bir \u00f6zellik oldu\u011funa kesinlikle inan\u0131yoruz. <\/p>\n<p>Her zaman yeni \u00fcr\u00fcnlerin ara\u015ft\u0131rma ve geli\u015ftirme \u00e7al\u0131\u015fmas\u0131na, orijinal \u00fcr\u00fcnlerin kalite g\u00fcvencesine ba\u011fl\u0131 olaca\u011f\u0131z ve \u015firketimizin pazar ve m\u00fc\u015fterilerinin beklentilerini kar\u015f\u0131layaca\u011f\u0131z. Ve \u015firketimizin \u00fcr\u00fcnlerinden ne beklenebilece\u011fini. <\/p>\n\t\t\t\t\t\t\t\t<\/div>\n\t\t\t\t\t<\/div>\n\t\t\t\t<\/div>\n\t\t\t\t<\/div>\n\t\t","protected":false},"excerpt":{"rendered":"<p>Description \u0130\u00e7 A-\u00e7er\u00e7eveli cam raf, cam depolama i\u00e7in \u00e7ift raf sa\u011flar; cam, \u00e7\u0131k\u0131nt\u0131daki y\u00fckseltilmi\u015f taban bloklar \u00fczerinde durur ve g\u00fcvenli kay\u0131\u015f direkleri ile i\u015faret etmeyen cam tutma bloklar\u0131yla tutulur. Cam, ta\u015f\u0131y\u0131c\u0131lara yaslanm\u0131\u015f, sert ah\u015fap kontrplak ah\u015fap taban\u0131n \u00fczerine oturmu\u015f ve g\u00fcvenli kay\u0131\u015f direkleri ile kayd\u0131rmayan, i\u015faret b\u0131rakmayan kayma bloklarla tutulmu\u015ftur. Bizim i\u00e7 cam ta\u015f\u0131ma \u00e7\u00f6z\u00fcmlerinizle [&hellip;]<\/p>\n","protected":false},"featured_media":3547,"comment_status":"closed","ping_status":"closed","template":"","meta":[],"product_brand":[],"product_cat":[271],"product_tag":[],"class_list":{"0":"post-28217","1":"product","2":"type-product","3":"status-publish","4":"has-post-thumbnail","6":"product_cat-cam-rafi","8":"first","9":"instock","10":"shipping-taxable","11":"product-type-simple"},"_links":{"self":[{"href":"https:\/\/www.logistictool.com\/tr\/wp-json\/wp\/v2\/product\/28217","targetHints":{"allow":["GET"]}}],"collection":[{"href":"https:\/\/www.logistictool.com\/tr\/wp-json\/wp\/v2\/product"}],"about":[{"href":"https:\/\/www.logistictool.com\/tr\/wp-json\/wp\/v2\/types\/product"}],"replies":[{"embeddable":true,"href":"https:\/\/www.logistictool.com\/tr\/wp-json\/wp\/v2\/comments?post=28217"}],"version-history":[{"count":0,"href":"https:\/\/www.logistictool.com\/tr\/wp-json\/wp\/v2\/product\/28217\/revisions"}],"wp:featuredmedia":[{"embeddable":true,"href":"https:\/\/www.logistictool.com\/tr\/wp-json\/wp\/v2\/media\/3547"}],"wp:attachment":[{"href":"https:\/\/www.logistictool.com\/tr\/wp-json\/wp\/v2\/media?parent=28217"}],"wp:term":[{"taxonomy":"product_brand","embeddable":true,"href":"https:\/\/www.logistictool.com\/tr\/wp-json\/wp\/v2\/product_brand?post=28217"},{"taxonomy":"product_cat","embeddable":true,"href":"https:\/\/www.logistictool.com\/tr\/wp-json\/wp\/v2\/product_cat?post=28217"},{"taxonomy":"product_tag","embeddable":true,"href":"https:\/\/www.logistictool.com\/tr\/wp-json\/wp\/v2\/product_tag?post=28217"}],"curies":[{"name":"wp","href":"https:\/\/api.w.org\/{rel}","templated":true}]}}